{"id":322,"date":"2012-07-11T18:34:38","date_gmt":"2012-07-11T16:34:38","guid":{"rendered":"http:\/\/beta.lossburg-schoemberg.de\/?page_id=322"},"modified":"2012-12-29T16:00:19","modified_gmt":"2012-12-29T15:00:19","slug":"vordersteinwald","status":"publish","type":"page","link":"https:\/\/lossburg-schoemberg.de\/index.php\/ort\/vordersteinwald\/","title":{"rendered":"Vordersteinwald"},"content":{"rendered":"<p>Der Weiler Vordersteinwald liegt an der Stra\u00dfe zwischen Sch\u00f6mberg und Freudenstadt. Vordersteinwald ist etwas h\u00f6her gelegen als Sch\u00f6mberg, deshalb ist die Loipe schneesicherer und l\u00e4nger befahrbar als in Sch\u00f6mberg.<\/p>\n<p>&nbsp;<\/p>\n<p>Bis 1721 waren noch keine Wohnh\u00e4user im Steinwald vorhanden. Die damals im Forbachtal betriebenen Schmelz\u00f6fen ben\u00f6tigten gr\u00f6\u00dfere Mengen Holzkohle. Deshalb wurden im Staatsforst Steinwald Kohlenmeiler errichtet. Jakob Rauser zimmerte 1722 eine Blockh\u00fctte f\u00fcr seine Familie und das Kleinvieh. Ab 1744 wird eine Kolonie Steinwald als Filial von Sch\u00f6mberg erw\u00e4hnt. In Waldlichtungen, die von den Holzhauern geschaffen wurden, entstanden die Weiler Hintersteinwald, Mittelsteinwald und Vordersteinwald. In Hintersteinwald stehen heute keine Geb\u00e4ude mehr.<\/p>\n<p>&nbsp;<\/p>\n<ul>\n<li>\u00a0Vordersteinwald hat direkt an der Stra\u00dfe gelegen den <a href=\"http:\/\/www.gasthof-steinwald.de\/\" target=\"_blank\">Gasthof Steinwald<\/a> mit G\u00e4stezimmern und Kegelbahn<\/li>\n<li>Seit 2005 hat Vordersteinwald eine Vesperstube<\/li>\n<li>Hier in Vordersteinwald gibt es auch sch\u00f6ne Privath\u00e4user teilweise mit G\u00e4stezimmern, z.B. Haus Rehfuss<\/li>\n<li>Im Winter f\u00fchrt eine gut gespurte Loipe vom Skifernwanderweg Nordschwarzwald durch Steinwald<\/li>\n<li>Vordersteinwald ist seit 2000 an die Abwasserversorgung angeschlossen<\/li>\n<li>Vordersteinwald hat einen Gewerbebetrieb (Rohrleitungsbau)<\/li>\n<\/ul>\n<p>&nbsp;<\/p>\n<p style=\"text-align: center;\"><iframe loading=\"lazy\" src=\"https:\/\/maps.google.de\/maps?f=q&amp;source=s_q&amp;hl=de&amp;geocode=&amp;q=Vordersteinwald,+Lo%C3%9Fburg&amp;aq=0&amp;oq=V,+Lo%C3%9Fburg&amp;sll=48.393422,8.381474&amp;sspn=0.011142,0.027874&amp;t=h&amp;ie=UTF8&amp;hq=&amp;hnear=Vordersteinwald,+Lo%C3%9Fburg&amp;ll=48.430112,8.396301&amp;spn=0.027337,0.054932&amp;z=14&amp;iwloc=A&amp;output=embed\" height=\"480\" width=\"640\" frameborder=\"0\" marginwidth=\"0\" marginheight=\"0\" scrolling=\"no\"><\/iframe><br \/>\n<small><a style=\"color: #0000ff; text-align: left;\" href=\"https:\/\/maps.google.de\/maps?f=q&amp;source=embed&amp;hl=de&amp;geocode=&amp;q=Vordersteinwald,+Lo%C3%9Fburg&amp;aq=0&amp;oq=V,+Lo%C3%9Fburg&amp;sll=48.393422,8.381474&amp;sspn=0.011142,0.027874&amp;t=h&amp;ie=UTF8&amp;hq=&amp;hnear=Vordersteinwald,+Lo%C3%9Fburg&amp;ll=48.430112,8.396301&amp;spn=0.027337,0.054932&amp;z=14&amp;iwloc=A\" target=\"blank\">Gr\u00f6\u00dfere Kartenansicht<\/a><\/small><\/p>\n","protected":false},"excerpt":{"rendered":"<p>Der Weiler Vordersteinwald liegt an der Stra\u00dfe zwischen Sch\u00f6mberg und Freudenstadt. Vordersteinwald ist etwas h\u00f6her gelegen als Sch\u00f6mberg, deshalb ist die Loipe schneesicherer und l\u00e4nger befahrbar als in Sch\u00f6mberg. &nbsp; Bis 1721 waren noch keine Wohnh\u00e4user im Steinwald vorhanden. Die damals im Forbachtal betriebenen Schmelz\u00f6fen ben\u00f6tigten gr\u00f6\u00dfere Mengen Holzkohle. Deshalb wurden im Staatsforst Steinwald Kohlenmeiler &hellip; <\/p>\n<p><a class=\"more-link btn\" href=\"https:\/\/lossburg-schoemberg.de\/index.php\/ort\/vordersteinwald\/\">Weiterlesen<\/a><\/p>\n","protected":false},"author":1,"featured_media":0,"parent":7,"menu_order":6,"comment_status":"open","ping_status":"closed","template":"","meta":{"footnotes":""},"class_list":["post-322","page","type-page","status-publish","hentry","nodate","item-wrap"],"_links":{"self":[{"href":"https:\/\/lossburg-schoemberg.de\/index.php\/wp-json\/wp\/v2\/pages\/322","targetHints":{"allow":["GET"]}}],"collection":[{"href":"https:\/\/lossburg-schoemberg.de\/index.php\/wp-json\/wp\/v2\/pages"}],"about":[{"href":"https:\/\/lossburg-schoemberg.de\/index.php\/wp-json\/wp\/v2\/types\/page"}],"author":[{"embeddable":true,"href":"https:\/\/lossburg-schoemberg.de\/index.php\/wp-json\/wp\/v2\/users\/1"}],"replies":[{"embeddable":true,"href":"https:\/\/lossburg-schoemberg.de\/index.php\/wp-json\/wp\/v2\/comments?post=322"}],"version-history":[{"count":12,"href":"https:\/\/lossburg-schoemberg.de\/index.php\/wp-json\/wp\/v2\/pages\/322\/revisions"}],"predecessor-version":[{"id":1411,"href":"https:\/\/lossburg-schoemberg.de\/index.php\/wp-json\/wp\/v2\/pages\/322\/revisions\/1411"}],"up":[{"embeddable":true,"href":"https:\/\/lossburg-schoemberg.de\/index.php\/wp-json\/wp\/v2\/pages\/7"}],"wp:attachment":[{"href":"https:\/\/lossburg-schoemberg.de\/index.php\/wp-json\/wp\/v2\/media?parent=322"}],"curies":[{"name":"wp","href":"https:\/\/api.w.org\/{rel}","templated":true}]}}