{"id":3210,"date":"2016-02-19T17:38:28","date_gmt":"2016-02-19T16:38:28","guid":{"rendered":"http:\/\/lossburg-schoemberg.de\/?page_id=3210"},"modified":"2023-01-29T18:13:37","modified_gmt":"2023-01-29T17:13:37","slug":"2016-2","status":"publish","type":"page","link":"https:\/\/lossburg-schoemberg.de\/index.php\/ort\/blockhuette\/2016-2\/","title":{"rendered":"H\u00fctte 2016"},"content":{"rendered":"<table class=\" aligncenter\">\n<tbody>\n<tr>\n<td colspan=\"4\">\n<h2>\u00a0 Fertigstellung 2016<\/h2>\n<\/td>\n<\/tr>\n<tr>\n<td colspan=\"4\">\u00a0Gleich im Januar konnten wir in der H\u00fctte ein Helferfest feiern<\/td>\n<\/tr>\n<tr>\n<td colspan=\"3\">\n<p><div id=\"attachment_3197\" style=\"width: 300px\" class=\"wp-caption aligncenter\"><a href=\"http:\/\/lossburg-schoemberg.de\/wp-content\/uploads\/2014\/05\/Helfer-1.jpg\" rel=\"attachment wp-att-3197\"><img loading=\"lazy\" decoding=\"async\" aria-describedby=\"caption-attachment-3197\" class=\"size-medium wp-image-3197\" src=\"http:\/\/lossburg-schoemberg.de\/wp-content\/uploads\/2014\/05\/Helfer-1-300x200.jpg\" alt=\"Helferfest, im Januar 2016 Am Tag des Helferfestes gab es au\u00dfergew\u00f6hnlich viel Neuschnee, so dass nur grob die H\u00e4lfte der geladenen Helfer kommen konnten An der Stelle, vielen Dank an alle Helfer!\" width=\"300\" height=\"200\" srcset=\"https:\/\/lossburg-schoemberg.de\/wp-content\/uploads\/2014\/05\/Helfer-1-300x200.jpg 300w, https:\/\/lossburg-schoemberg.de\/wp-content\/uploads\/2014\/05\/Helfer-1-768x512.jpg 768w, https:\/\/lossburg-schoemberg.de\/wp-content\/uploads\/2014\/05\/Helfer-1-1024x683.jpg 1024w\" sizes=\"auto, (max-width: 300px) 100vw, 300px\" \/><\/a><p id=\"caption-attachment-3197\" class=\"wp-caption-text\">Helferfest, im Januar 2016<br \/>Am Tag des Helferfestes gab es au\u00dfergew\u00f6hnlich viel Neuschnee, so dass nur grob die H\u00e4lfte der geladenen Helfer kommen konnten<br \/>An der Stelle, vielen Dank an alle Helfer!<\/p><\/div><\/td>\n<td>\n<p><div id=\"attachment_3196\" style=\"width: 300px\" class=\"wp-caption aligncenter\"><a href=\"http:\/\/lossburg-schoemberg.de\/wp-content\/uploads\/2014\/05\/DSC00362.jpg\" rel=\"attachment wp-att-3196\"><img loading=\"lazy\" decoding=\"async\" aria-describedby=\"caption-attachment-3196\" class=\"wp-image-3196 size-medium\" src=\"http:\/\/lossburg-schoemberg.de\/wp-content\/uploads\/2014\/05\/DSC00362-300x200.jpg\" alt=\"\" width=\"300\" height=\"200\" srcset=\"https:\/\/lossburg-schoemberg.de\/wp-content\/uploads\/2014\/05\/DSC00362-300x200.jpg 300w, https:\/\/lossburg-schoemberg.de\/wp-content\/uploads\/2014\/05\/DSC00362-768x512.jpg 768w, https:\/\/lossburg-schoemberg.de\/wp-content\/uploads\/2014\/05\/DSC00362-1024x683.jpg 1024w\" sizes=\"auto, (max-width: 300px) 100vw, 300px\" \/><\/a><p id=\"caption-attachment-3196\" class=\"wp-caption-text\">Die H\u00fctte von vorne bei Nacht im Januar 2016. Innen- und Au\u00dfenbeleuchtung ist fertig<\/p><\/div><\/td>\n<\/tr>\n<tr>\n<td colspan=\"3\">\n<p><div id=\"attachment_3194\" style=\"width: 300px\" class=\"wp-caption aligncenter\"><a href=\"http:\/\/lossburg-schoemberg.de\/wp-content\/uploads\/2014\/05\/DSC00357.jpg\" rel=\"attachment wp-att-3194\"><img loading=\"lazy\" decoding=\"async\" aria-describedby=\"caption-attachment-3194\" class=\"size-medium wp-image-3194\" src=\"http:\/\/lossburg-schoemberg.de\/wp-content\/uploads\/2014\/05\/DSC00357-300x200.jpg\" alt=\"Das Damen WC. noch ohne Trennw\u00e4nde\" width=\"300\" height=\"200\" srcset=\"https:\/\/lossburg-schoemberg.de\/wp-content\/uploads\/2014\/05\/DSC00357-300x200.jpg 300w, https:\/\/lossburg-schoemberg.de\/wp-content\/uploads\/2014\/05\/DSC00357-768x512.jpg 768w, https:\/\/lossburg-schoemberg.de\/wp-content\/uploads\/2014\/05\/DSC00357-1024x683.jpg 1024w\" sizes=\"auto, (max-width: 300px) 100vw, 300px\" \/><\/a><p id=\"caption-attachment-3194\" class=\"wp-caption-text\">Das Damen WC. noch ohne Trennw\u00e4nde<\/p><\/div><\/td>\n<td>\n<p><div id=\"attachment_3193\" style=\"width: 300px\" class=\"wp-caption aligncenter\"><a href=\"http:\/\/lossburg-schoemberg.de\/wp-content\/uploads\/2014\/05\/DSC00356.jpg\" rel=\"attachment wp-att-3193\"><img loading=\"lazy\" decoding=\"async\" aria-describedby=\"caption-attachment-3193\" class=\"size-medium wp-image-3193\" src=\"http:\/\/lossburg-schoemberg.de\/wp-content\/uploads\/2014\/05\/DSC00356-300x200.jpg\" alt=\"Das Herren WC, auch noch ohne Trennw\u00e4nde\" width=\"300\" height=\"200\" srcset=\"https:\/\/lossburg-schoemberg.de\/wp-content\/uploads\/2014\/05\/DSC00356-300x200.jpg 300w, https:\/\/lossburg-schoemberg.de\/wp-content\/uploads\/2014\/05\/DSC00356-768x512.jpg 768w, https:\/\/lossburg-schoemberg.de\/wp-content\/uploads\/2014\/05\/DSC00356-1024x683.jpg 1024w\" sizes=\"auto, (max-width: 300px) 100vw, 300px\" \/><\/a><p id=\"caption-attachment-3193\" class=\"wp-caption-text\">Das Herren WC, auch noch ohne Trennw\u00e4nde<\/p><\/div><\/td>\n<\/tr>\n<tr>\n<td colspan=\"3\">\n<p><div id=\"attachment_3199\" style=\"width: 200px\" class=\"wp-caption aligncenter\"><a href=\"http:\/\/lossburg-schoemberg.de\/wp-content\/uploads\/2014\/05\/Damen-WC-1.jpg\" rel=\"attachment wp-att-3199\"><img loading=\"lazy\" decoding=\"async\" aria-describedby=\"caption-attachment-3199\" class=\"size-medium wp-image-3199\" src=\"http:\/\/lossburg-schoemberg.de\/wp-content\/uploads\/2014\/05\/Damen-WC-1-200x300.jpg\" alt=\"Damen WC mit Trennw\u00e4nden und T\u00fcren\" width=\"200\" height=\"300\" srcset=\"https:\/\/lossburg-schoemberg.de\/wp-content\/uploads\/2014\/05\/Damen-WC-1-200x300.jpg 200w, https:\/\/lossburg-schoemberg.de\/wp-content\/uploads\/2014\/05\/Damen-WC-1.jpg 584w\" sizes=\"auto, (max-width: 200px) 100vw, 200px\" \/><\/a><p id=\"caption-attachment-3199\" class=\"wp-caption-text\">Damen WC mit Trennw\u00e4nden und T\u00fcren<\/p><\/div><\/td>\n<td>\n<p><div id=\"attachment_3200\" style=\"width: 200px\" class=\"wp-caption aligncenter\"><a href=\"http:\/\/lossburg-schoemberg.de\/wp-content\/uploads\/2014\/05\/Herren-WC-1.jpg\" rel=\"attachment wp-att-3200\"><img loading=\"lazy\" decoding=\"async\" aria-describedby=\"caption-attachment-3200\" class=\"size-medium wp-image-3200\" src=\"http:\/\/lossburg-schoemberg.de\/wp-content\/uploads\/2014\/05\/Herren-WC-1-200x300.jpg\" alt=\"Herren WC, auch mit Trennw\u00e4nden und T\u00fcren\" width=\"200\" height=\"300\" srcset=\"https:\/\/lossburg-schoemberg.de\/wp-content\/uploads\/2014\/05\/Herren-WC-1-200x300.jpg 200w, https:\/\/lossburg-schoemberg.de\/wp-content\/uploads\/2014\/05\/Herren-WC-1.jpg 584w\" sizes=\"auto, (max-width: 200px) 100vw, 200px\" \/><\/a><p id=\"caption-attachment-3200\" class=\"wp-caption-text\">Herren WC, auch mit Trennw\u00e4nden und T\u00fcren<\/p><\/div><\/td>\n<\/tr>\n<tr>\n<td colspan=\"3\">\n<p><div id=\"attachment_3150\" style=\"width: 300px\" class=\"wp-caption aligncenter\"><a href=\"http:\/\/lossburg-schoemberg.de\/wp-content\/uploads\/2014\/05\/Feb16Eiszapfen.jpg\" rel=\"attachment wp-att-3150\"><img loading=\"lazy\" decoding=\"async\" aria-describedby=\"caption-attachment-3150\" class=\"size-medium wp-image-3150\" src=\"http:\/\/lossburg-schoemberg.de\/wp-content\/uploads\/2014\/05\/Feb16Eiszapfen-300x195.jpg\" alt=\"Februar 2016 Leicht verschneit mit Eiszapfen an der Dachrinne\" width=\"300\" height=\"195\" srcset=\"https:\/\/lossburg-schoemberg.de\/wp-content\/uploads\/2014\/05\/Feb16Eiszapfen-300x195.jpg 300w, https:\/\/lossburg-schoemberg.de\/wp-content\/uploads\/2014\/05\/Feb16Eiszapfen-768x498.jpg 768w, https:\/\/lossburg-schoemberg.de\/wp-content\/uploads\/2014\/05\/Feb16Eiszapfen.jpg 876w\" sizes=\"auto, (max-width: 300px) 100vw, 300px\" \/><\/a><p id=\"caption-attachment-3150\" class=\"wp-caption-text\">Februar 2016<br \/>Leicht verschneit mit Eiszapfen an der Dachrinne<\/p><\/div><\/td>\n<td>\n<p><div id=\"attachment_3149\" style=\"width: 300px\" class=\"wp-caption aligncenter\"><a href=\"http:\/\/lossburg-schoemberg.de\/wp-content\/uploads\/2014\/05\/Eiszapfen.jpg\" rel=\"attachment wp-att-3149\"><img loading=\"lazy\" decoding=\"async\" aria-describedby=\"caption-attachment-3149\" class=\"size-medium wp-image-3149\" src=\"http:\/\/lossburg-schoemberg.de\/wp-content\/uploads\/2014\/05\/Eiszapfen-300x200.jpg\" alt=\"Vorplatz im Eingangsbereich\" width=\"300\" height=\"200\" srcset=\"https:\/\/lossburg-schoemberg.de\/wp-content\/uploads\/2014\/05\/Eiszapfen-300x200.jpg 300w, https:\/\/lossburg-schoemberg.de\/wp-content\/uploads\/2014\/05\/Eiszapfen-768x512.jpg 768w, https:\/\/lossburg-schoemberg.de\/wp-content\/uploads\/2014\/05\/Eiszapfen.jpg 876w\" sizes=\"auto, (max-width: 300px) 100vw, 300px\" \/><\/a><p id=\"caption-attachment-3149\" class=\"wp-caption-text\">Vorplatz im Eingangsbereich<\/p><\/div><\/td>\n<\/tr>\n<tr>\n<td colspan=\"3\">\n<div class=\"mceTemp\"><\/div>\n<p><div id=\"attachment_3549\" style=\"width: 300px\" class=\"wp-caption aligncenter\"><a href=\"http:\/\/lossburg-schoemberg.de\/wp-content\/uploads\/2016\/02\/Aussen1.jpg\"><img loading=\"lazy\" decoding=\"async\" aria-describedby=\"caption-attachment-3549\" class=\"size-medium wp-image-3549\" src=\"http:\/\/lossburg-schoemberg.de\/wp-content\/uploads\/2016\/02\/Aussen1-300x222.jpg\" alt=\"Aussen mit Bank\" width=\"300\" height=\"222\" srcset=\"https:\/\/lossburg-schoemberg.de\/wp-content\/uploads\/2016\/02\/Aussen1-300x222.jpg 300w, https:\/\/lossburg-schoemberg.de\/wp-content\/uploads\/2016\/02\/Aussen1-768x567.jpg 768w, https:\/\/lossburg-schoemberg.de\/wp-content\/uploads\/2016\/02\/Aussen1-1024x756.jpg 1024w, https:\/\/lossburg-schoemberg.de\/wp-content\/uploads\/2016\/02\/Aussen1.jpg 1496w\" sizes=\"auto, (max-width: 300px) 100vw, 300px\" \/><\/a><p id=\"caption-attachment-3549\" class=\"wp-caption-text\">Aussen mit Bank<\/p><\/div><\/td>\n<td>\n<p><div id=\"attachment_3550\" style=\"width: 300px\" class=\"wp-caption aligncenter\"><a href=\"http:\/\/lossburg-schoemberg.de\/wp-content\/uploads\/2016\/02\/Grill.jpg\"><img loading=\"lazy\" decoding=\"async\" aria-describedby=\"caption-attachment-3550\" class=\"size-medium wp-image-3550\" src=\"http:\/\/lossburg-schoemberg.de\/wp-content\/uploads\/2016\/02\/Grill-300x221.jpg\" alt=\"Aussen mit Grillplatz\" width=\"300\" height=\"221\" srcset=\"https:\/\/lossburg-schoemberg.de\/wp-content\/uploads\/2016\/02\/Grill-300x221.jpg 300w, https:\/\/lossburg-schoemberg.de\/wp-content\/uploads\/2016\/02\/Grill-768x565.jpg 768w, https:\/\/lossburg-schoemberg.de\/wp-content\/uploads\/2016\/02\/Grill-1024x754.jpg 1024w, https:\/\/lossburg-schoemberg.de\/wp-content\/uploads\/2016\/02\/Grill.jpg 1224w\" sizes=\"auto, (max-width: 300px) 100vw, 300px\" \/><\/a><p id=\"caption-attachment-3550\" class=\"wp-caption-text\">Aussen mit Grillplatz<\/p><\/div><\/td>\n<\/tr>\n<tr>\n<td colspan=\"3\">\n<div class=\"mceTemp\"><\/div>\n<p><div id=\"attachment_3551\" style=\"width: 300px\" class=\"wp-caption aligncenter\"><a href=\"http:\/\/lossburg-schoemberg.de\/wp-content\/uploads\/2016\/02\/75Plaetze.jpg\"><img loading=\"lazy\" decoding=\"async\" aria-describedby=\"caption-attachment-3551\" class=\"size-medium wp-image-3551\" src=\"http:\/\/lossburg-schoemberg.de\/wp-content\/uploads\/2016\/02\/75Plaetze-300x200.jpg\" alt=\"Gestuhlt f\u00fcr 75 Pl\u00e4tze\" width=\"300\" height=\"200\" srcset=\"https:\/\/lossburg-schoemberg.de\/wp-content\/uploads\/2016\/02\/75Plaetze-300x200.jpg 300w, https:\/\/lossburg-schoemberg.de\/wp-content\/uploads\/2016\/02\/75Plaetze.jpg 384w\" sizes=\"auto, (max-width: 300px) 100vw, 300px\" \/><\/a><p id=\"caption-attachment-3551\" class=\"wp-caption-text\">Gestuhlt f\u00fcr 75 Pl\u00e4tze<\/p><\/div><\/td>\n<td>\n<p><div id=\"attachment_3552\" style=\"width: 300px\" class=\"wp-caption aligncenter\"><a href=\"http:\/\/lossburg-schoemberg.de\/wp-content\/uploads\/2016\/02\/Tische-innen3.jpg\"><img loading=\"lazy\" decoding=\"async\" aria-describedby=\"caption-attachment-3552\" class=\"size-medium wp-image-3552\" src=\"http:\/\/lossburg-schoemberg.de\/wp-content\/uploads\/2016\/02\/Tische-innen3-300x200.jpg\" alt=\"Platz f\u00fcr Laufwege und Getr\u00e4nke\" width=\"300\" height=\"200\" srcset=\"https:\/\/lossburg-schoemberg.de\/wp-content\/uploads\/2016\/02\/Tische-innen3-300x200.jpg 300w, https:\/\/lossburg-schoemberg.de\/wp-content\/uploads\/2016\/02\/Tische-innen3.jpg 384w\" sizes=\"auto, (max-width: 300px) 100vw, 300px\" \/><\/a><p id=\"caption-attachment-3552\" class=\"wp-caption-text\">Platz f\u00fcr Laufwege und Getr\u00e4nke<\/p><\/div><\/td>\n<\/tr>\n<\/tbody>\n<\/table>\n<p>&nbsp;<\/p>\n","protected":false},"excerpt":{"rendered":"<p>\u00a0 Fertigstellung 2016 \u00a0Gleich im Januar konnten wir in der H\u00fctte ein Helferfest feiern &nbsp;<\/p>\n","protected":false},"author":2,"featured_media":3196,"parent":3204,"menu_order":46,"comment_status":"closed","ping_status":"closed","template":"","meta":{"footnotes":""},"class_list":["post-3210","page","type-page","status-publish","has-post-thumbnail","hentry","nodate","item-wrap"],"_links":{"self":[{"href":"https:\/\/lossburg-schoemberg.de\/index.php\/wp-json\/wp\/v2\/pages\/3210","targetHints":{"allow":["GET"]}}],"collection":[{"href":"https:\/\/lossburg-schoemberg.de\/index.php\/wp-json\/wp\/v2\/pages"}],"about":[{"href":"https:\/\/lossburg-schoemberg.de\/index.php\/wp-json\/wp\/v2\/types\/page"}],"author":[{"embeddable":true,"href":"https:\/\/lossburg-schoemberg.de\/index.php\/wp-json\/wp\/v2\/users\/2"}],"replies":[{"embeddable":true,"href":"https:\/\/lossburg-schoemberg.de\/index.php\/wp-json\/wp\/v2\/comments?post=3210"}],"version-history":[{"count":6,"href":"https:\/\/lossburg-schoemberg.de\/index.php\/wp-json\/wp\/v2\/pages\/3210\/revisions"}],"predecessor-version":[{"id":3553,"href":"https:\/\/lossburg-schoemberg.de\/index.php\/wp-json\/wp\/v2\/pages\/3210\/revisions\/3553"}],"up":[{"embeddable":true,"href":"https:\/\/lossburg-schoemberg.de\/index.php\/wp-json\/wp\/v2\/pages\/3204"}],"wp:featuredmedia":[{"embeddable":true,"href":"https:\/\/lossburg-schoemberg.de\/index.php\/wp-json\/wp\/v2\/media\/3196"}],"wp:attachment":[{"href":"https:\/\/lossburg-schoemberg.de\/index.php\/wp-json\/wp\/v2\/media?parent=3210"}],"curies":[{"name":"wp","href":"https:\/\/api.w.org\/{rel}","templated":true}]}}