{"id":320,"date":"2012-07-11T18:35:04","date_gmt":"2012-07-11T16:35:04","guid":{"rendered":"http:\/\/beta.lossburg-schoemberg.de\/?page_id=320"},"modified":"2012-12-29T15:53:53","modified_gmt":"2012-12-29T14:53:53","slug":"hinterroetenberg","status":"publish","type":"page","link":"https:\/\/lossburg-schoemberg.de\/index.php\/ort\/hinterroetenberg\/","title":{"rendered":"Hinterr\u00f6tenberg"},"content":{"rendered":"<p>Traumhaft mitten im Wald gelegen zwischen Sch\u00f6mberg und dem Trinkwasserspeicher \u201e<a href=\"http:\/\/de.wikipedia.org\/wiki\/Talsperre_Kleine_Kinzig\" target=\"_blank\">Kleine Kinzig<\/a>\u201c.<\/p>\n<p>Seit Jahrhunderten Sitz von zwei ansehnlichen Hofg\u00fctern:\u00a0<a href=\"http:\/\/www.gutshof-armbruster.de\/\" target=\"_blank\">Gutshof Armbruster<\/a> und <a href=\"http:\/\/www.walterhof.de\/\" target=\"_blank\">Walterhof<\/a>.<\/p>\n<p>Beide mit gro\u00dfem Waldbesitz, Landwirtschaft, Ferienwohnungen, eigener Quelle usw.<\/p>\n<p>Die beiden H\u00f6fe betreiben heute zusammen eine computergesteuerte Abwasserkl\u00e4ranlage.<\/p>\n<p>Jeder Hof betreibt eine Photovoltaikanlage, die mehr Strom erzeugt, als in Hinterr\u00f6tenberg ben\u00f6tigt wird.<\/p>\n<p>&nbsp;<\/p>\n<table>\n<tbody>\n<tr>\n<td style=\"width: 50%;\"><strong>Gutshof Armbruster Hinterr\u00f6tenberg<\/strong><\/p>\n<p>Der \u00e4ltere der beiden Gutsh\u00f6fe in Hinterr\u00f6tenberg wird heute von der Familie Armbruster bewirtschaftet.Bietet eine gro\u00dfe Vielfalt an Aktivit\u00e4ten:<\/p>\n<ul>\n<li>Moderner Forstbetrieb<\/li>\n<li>Eigene Jagd<\/li>\n<li>Landwirtschaft mit \u00f6kologischem Landbau<\/li>\n<li>Verkauf von selbst erzeugtem Rindfleisch<\/li>\n<li>4-Sterne Ferienwohnungen<\/li>\n<li>Viel mehr Infos unter <a href=\"http:\/\/www.gutshof-armbruster.de\/\" target=\"_blank\">Gutshof-Armbruster.de<\/a><\/li>\n<\/ul>\n<p>&nbsp;<\/td>\n<td><a href=\"http:\/\/beta.lossburg-schoemberg.de\/wp-content\/uploads\/2012\/12\/hofarmbruster.jpg\"><img loading=\"lazy\" decoding=\"async\" class=\"aligncenter size-medium wp-image-1269\" alt=\"Hof Armbruster\" src=\"http:\/\/beta.lossburg-schoemberg.de\/wp-content\/uploads\/2012\/12\/hofarmbruster-300x205.jpg\" width=\"300\" height=\"205\" srcset=\"https:\/\/lossburg-schoemberg.de\/wp-content\/uploads\/2012\/12\/hofarmbruster-300x205.jpg 300w, https:\/\/lossburg-schoemberg.de\/wp-content\/uploads\/2012\/12\/hofarmbruster.jpg 350w\" sizes=\"auto, (max-width: 300px) 100vw, 300px\" \/><\/a><\/td>\n<\/tr>\n<tr>\n<td><strong>Walterhof Hinterr\u00f6tenberg<\/strong><\/p>\n<p>Der Walterhof ist der j\u00fcngere der beiden H\u00f6fe in Hinterr\u00f6tenberg. Er ist seit vielen Generationen im Besitz der Familie Walter. Der Hof wurde 1985 vom damaligen Bundeskanzler Dr. Helmut Kohl mit Delegation besucht. Herr Dr. Kohl und ein Jahr sp\u00e4ter Johannes Rau folgten einer Einladung, um sich vom Waldsterben im Schwarzwald ein Bild zu machen.<\/p>\n<p>Bietet eine gro\u00dfe Vielfalt an Aktivit\u00e4ten z.B.:<\/p>\n<ul>\n<li>Moderner Forstbetrieb<\/li>\n<li>Eigene Jagd<\/li>\n<li>moderne Pferde-Offenstallhaltung<\/li>\n<li>Landwirtschaft<\/li>\n<li>Ferien auf dem Bauernhof mit vielen<\/li>\n<li>Qualit\u00e4tsauszeichnungen<\/li>\n<li>Ferienwohnung mit 5-Sternen<\/li>\n<li>Schnapsbrennerei mit echten Spezialit\u00e4ten<\/li>\n<li>Sammlung alter Forstwerkzeuge und Forstger\u00e4te<\/li>\n<li>Ausgangspunkt f\u00fcr \u201e<a href=\"http:\/\/www.abenteuer-schwarzwald.de\/\" target=\"_blank\">Schwarzwald-Guide<\/a>\u201c-F\u00fchrungen<\/li>\n<li>Viel mehr Infos und Urlaubs-ABC unter <a href=\"http:\/\/www.walterhof.de\/\" target=\"_blank\">Walterhof.de<\/a><\/li>\n<\/ul>\n<\/td>\n<td><a href=\"http:\/\/beta.lossburg-schoemberg.de\/wp-content\/uploads\/2012\/07\/Walterhof2008.jpg\"><img loading=\"lazy\" decoding=\"async\" class=\"aligncenter size-medium wp-image-1393\" alt=\"Walterhof2008\" src=\"http:\/\/beta.lossburg-schoemberg.de\/wp-content\/uploads\/2012\/07\/Walterhof2008-300x231.jpg\" width=\"300\" height=\"231\" srcset=\"https:\/\/lossburg-schoemberg.de\/wp-content\/uploads\/2012\/07\/Walterhof2008-300x231.jpg 300w, https:\/\/lossburg-schoemberg.de\/wp-content\/uploads\/2012\/07\/Walterhof2008.jpg 370w\" sizes=\"auto, (max-width: 300px) 100vw, 300px\" \/><\/a><\/td>\n<\/tr>\n<\/tbody>\n<\/table>\n<p style=\"text-align: center;\"><iframe loading=\"lazy\" src=\"https:\/\/maps.google.de\/maps?f=q&amp;source=s_q&amp;hl=de&amp;geocode=&amp;q=Hinterr%C3%B6tenberg,+Lo%C3%9Fburg&amp;aq=0&amp;oq=Hinte,+Lo%C3%9Fburg&amp;sll=48.394006,8.408103&amp;sspn=0.011142,0.027874&amp;t=h&amp;ie=UTF8&amp;hq=&amp;hnear=Hinterr%C3%B6tenberg,+72290+Lo%C3%9Fburg,+Karlsruhe,+Baden-W%C3%BCrttemberg&amp;ll=48.394961,8.385315&amp;spn=0.027356,0.054932&amp;z=14&amp;output=embed\" height=\"480\" width=\"640\" frameborder=\"0\" marginwidth=\"0\" marginheight=\"0\" scrolling=\"no\"><\/iframe><br \/>\n<small><a style=\"color: #0000ff; text-align: left;\" href=\"https:\/\/maps.google.de\/maps?f=q&amp;source=embed&amp;hl=de&amp;geocode=&amp;q=Hinterr%C3%B6tenberg,+Lo%C3%9Fburg&amp;aq=0&amp;oq=Hinte,+Lo%C3%9Fburg&amp;sll=48.394006,8.408103&amp;sspn=0.011142,0.027874&amp;t=h&amp;ie=UTF8&amp;hq=&amp;hnear=Hinterr%C3%B6tenberg,+72290+Lo%C3%9Fburg,+Karlsruhe,+Baden-W%C3%BCrttemberg&amp;ll=48.394961,8.385315&amp;spn=0.027356,0.054932&amp;z=14\">Gr\u00f6\u00dfere Kartenansicht<\/a><\/small><\/p>\n","protected":false},"excerpt":{"rendered":"<p>Traumhaft mitten im Wald gelegen zwischen Sch\u00f6mberg und dem Trinkwasserspeicher \u201eKleine Kinzig\u201c. Seit Jahrhunderten Sitz von zwei ansehnlichen Hofg\u00fctern:\u00a0Gutshof Armbruster und Walterhof. Beide mit gro\u00dfem Waldbesitz, Landwirtschaft, Ferienwohnungen, eigener Quelle usw. Die beiden H\u00f6fe betreiben heute zusammen eine computergesteuerte Abwasserkl\u00e4ranlage. Jeder Hof betreibt eine Photovoltaikanlage, die mehr Strom erzeugt, als in Hinterr\u00f6tenberg ben\u00f6tigt wird. &nbsp; &hellip; <\/p>\n<p><a class=\"more-link btn\" href=\"https:\/\/lossburg-schoemberg.de\/index.php\/ort\/hinterroetenberg\/\">Weiterlesen<\/a><\/p>\n","protected":false},"author":1,"featured_media":0,"parent":7,"menu_order":5,"comment_status":"open","ping_status":"closed","template":"","meta":{"footnotes":""},"class_list":["post-320","page","type-page","status-publish","hentry","nodate","item-wrap"],"_links":{"self":[{"href":"https:\/\/lossburg-schoemberg.de\/index.php\/wp-json\/wp\/v2\/pages\/320","targetHints":{"allow":["GET"]}}],"collection":[{"href":"https:\/\/lossburg-schoemberg.de\/index.php\/wp-json\/wp\/v2\/pages"}],"about":[{"href":"https:\/\/lossburg-schoemberg.de\/index.php\/wp-json\/wp\/v2\/types\/page"}],"author":[{"embeddable":true,"href":"https:\/\/lossburg-schoemberg.de\/index.php\/wp-json\/wp\/v2\/users\/1"}],"replies":[{"embeddable":true,"href":"https:\/\/lossburg-schoemberg.de\/index.php\/wp-json\/wp\/v2\/comments?post=320"}],"version-history":[{"count":19,"href":"https:\/\/lossburg-schoemberg.de\/index.php\/wp-json\/wp\/v2\/pages\/320\/revisions"}],"predecessor-version":[{"id":1403,"href":"https:\/\/lossburg-schoemberg.de\/index.php\/wp-json\/wp\/v2\/pages\/320\/revisions\/1403"}],"up":[{"embeddable":true,"href":"https:\/\/lossburg-schoemberg.de\/index.php\/wp-json\/wp\/v2\/pages\/7"}],"wp:attachment":[{"href":"https:\/\/lossburg-schoemberg.de\/index.php\/wp-json\/wp\/v2\/media?parent=320"}],"curies":[{"name":"wp","href":"https:\/\/api.w.org\/{rel}","templated":true}]}}