{"id":318,"date":"2012-07-11T18:34:52","date_gmt":"2012-07-11T16:34:52","guid":{"rendered":"http:\/\/beta.lossburg-schoemberg.de\/?page_id=318"},"modified":"2012-12-29T15:40:30","modified_gmt":"2012-12-29T14:40:30","slug":"hardthoefle","status":"publish","type":"page","link":"https:\/\/lossburg-schoemberg.de\/index.php\/ort\/hardthoefle\/","title":{"rendered":"Hardth\u00f6fle"},"content":{"rendered":"<table>\n<tbody>\n<tr>\n<td style=\"width: 50%; text-align: center;\" colspan=\"2\">Liegt etwas au\u00dferhalb der Ortsmitte, aber\u00a0in derselben Waldlichtung wie Sch\u00f6mberg. Von hier hat man einen wundersch\u00f6nen Blick\u00a0ins Ehlenbogener Tal.<\/td>\n<\/tr>\n<tr>\n<td>Hier lebte <a href=\"http:\/\/de.wikipedia.org\/wiki\/Fritz_Leonhardt\" target=\"_blank\">Professor Fritz Leonhardt<\/a><\/p>\n<p>Architekt und Statiker<\/p>\n<p>Erbauer des Stuttgarter Fernsehturms<\/p>\n<p>Mehr \u00fcber Fritz Leonhardt auf dieser Seite: <a title=\"Ber\u00fchmte B\u00fcrger\" href=\"http:\/\/beta.lossburg-schoemberg.de\/index.php\/ort\/beruehmte-buerger\/\">Ber\u00fchmte B\u00fcrger<\/a><\/td>\n<td><a href=\"http:\/\/beta.lossburg-schoemberg.de\/wp-content\/uploads\/2012\/07\/leonhardt_1.jpg\"><img loading=\"lazy\" decoding=\"async\" class=\"aligncenter size-full wp-image-1370\" alt=\"leonhardt_1\" src=\"http:\/\/beta.lossburg-schoemberg.de\/wp-content\/uploads\/2012\/07\/leonhardt_1.jpg\" width=\"137\" height=\"203\" \/><\/a><\/td>\n<\/tr>\n<\/tbody>\n<\/table>\n<p style=\"text-align: center;\"><iframe loading=\"lazy\" src=\"https:\/\/maps.google.de\/maps?f=q&amp;source=s_q&amp;hl=de&amp;geocode=&amp;q=Hardth%C3%B6fle,+Lo%C3%9Fburg&amp;aq=0&amp;oq=hardt+Lo%C3%9Fburg&amp;sll=48.389489,8.416418&amp;sspn=0.005571,0.013937&amp;t=h&amp;ie=UTF8&amp;hq=&amp;hnear=Hardth%C3%B6fle,+Sch%C3%B6mberg+72290+Lo%C3%9Fburg,+Karlsruhe,+Baden-W%C3%BCrttemberg&amp;ll=48.395189,8.407545&amp;spn=0.027356,0.054932&amp;z=14&amp;iwloc=A&amp;output=embed\" height=\"480\" width=\"640\" frameborder=\"0\" marginwidth=\"0\" marginheight=\"0\" scrolling=\"no\"><\/iframe><br \/>\n<small><a style=\"color: #0000ff; text-align: left;\" href=\"https:\/\/maps.google.de\/maps?f=q&amp;source=embed&amp;hl=de&amp;geocode=&amp;q=Hardth%C3%B6fle,+Lo%C3%9Fburg&amp;aq=0&amp;oq=hardt+Lo%C3%9Fburg&amp;sll=48.389489,8.416418&amp;sspn=0.005571,0.013937&amp;t=h&amp;ie=UTF8&amp;hq=&amp;hnear=Hardth%C3%B6fle,+Sch%C3%B6mberg+72290+Lo%C3%9Fburg,+Karlsruhe,+Baden-W%C3%BCrttemberg&amp;ll=48.395189,8.407545&amp;spn=0.027356,0.054932&amp;z=14&amp;iwloc=A\" target=\"blank\">Gr\u00f6\u00dfere Kartenansicht<\/a><\/small><\/p>\n","protected":false},"excerpt":{"rendered":"<p>Liegt etwas au\u00dferhalb der Ortsmitte, aber\u00a0in derselben Waldlichtung wie Sch\u00f6mberg. Von hier hat man einen wundersch\u00f6nen Blick\u00a0ins Ehlenbogener Tal. Hier lebte Professor Fritz Leonhardt Architekt und Statiker Erbauer des Stuttgarter Fernsehturms Mehr \u00fcber Fritz Leonhardt auf dieser Seite: Ber\u00fchmte B\u00fcrger Gr\u00f6\u00dfere Kartenansicht<\/p>\n","protected":false},"author":1,"featured_media":0,"parent":7,"menu_order":4,"comment_status":"open","ping_status":"closed","template":"","meta":{"footnotes":""},"class_list":["post-318","page","type-page","status-publish","hentry","nodate","item-wrap"],"_links":{"self":[{"href":"https:\/\/lossburg-schoemberg.de\/index.php\/wp-json\/wp\/v2\/pages\/318","targetHints":{"allow":["GET"]}}],"collection":[{"href":"https:\/\/lossburg-schoemberg.de\/index.php\/wp-json\/wp\/v2\/pages"}],"about":[{"href":"https:\/\/lossburg-schoemberg.de\/index.php\/wp-json\/wp\/v2\/types\/page"}],"author":[{"embeddable":true,"href":"https:\/\/lossburg-schoemberg.de\/index.php\/wp-json\/wp\/v2\/users\/1"}],"replies":[{"embeddable":true,"href":"https:\/\/lossburg-schoemberg.de\/index.php\/wp-json\/wp\/v2\/comments?post=318"}],"version-history":[{"count":15,"href":"https:\/\/lossburg-schoemberg.de\/index.php\/wp-json\/wp\/v2\/pages\/318\/revisions"}],"predecessor-version":[{"id":1369,"href":"https:\/\/lossburg-schoemberg.de\/index.php\/wp-json\/wp\/v2\/pages\/318\/revisions\/1369"}],"up":[{"embeddable":true,"href":"https:\/\/lossburg-schoemberg.de\/index.php\/wp-json\/wp\/v2\/pages\/7"}],"wp:attachment":[{"href":"https:\/\/lossburg-schoemberg.de\/index.php\/wp-json\/wp\/v2\/media?parent=318"}],"curies":[{"name":"wp","href":"https:\/\/api.w.org\/{rel}","templated":true}]}}