{"id":316,"date":"2012-07-11T18:33:01","date_gmt":"2012-07-11T16:33:01","guid":{"rendered":"http:\/\/beta.lossburg-schoemberg.de\/?page_id=316"},"modified":"2012-12-29T15:28:57","modified_gmt":"2012-12-29T14:28:57","slug":"blumenhof","status":"publish","type":"page","link":"https:\/\/lossburg-schoemberg.de\/index.php\/ort\/blumenhof\/","title":{"rendered":"Blumenhof"},"content":{"rendered":"<table>\n<tbody>\n<tr>\n<td style=\"width: 50%;\"><span style=\"color: #2c2b2b; font-size: 12px; line-height: 18px; background-color: #ffffff;\" data-mce-mark=\"1\">Die zwei Blumenh\u00f6fe, die von den Familien Armbruster und Eberhardt bewirtschaftet werden, betreiben beide noch Landwirtschaft. Der Hof der Familie\u00a0<\/span><a style=\"font-size: 12px; line-height: 18px; background-color: #ffffff;\" href=\"http:\/\/de2.netpure.de\/cgi-bin\/baseportal.pl?htx=\/lossburg\/verzeichnis\/verzeichnis_lang&amp;Id==103\">Eberhardt<\/a><span style=\"color: #2c2b2b; font-size: 12px; line-height: 18px; background-color: #ffffff;\" data-mce-mark=\"1\">\u00a0beherbergt auch Ferieng\u00e4ste.<\/span><\/td>\n<td><a href=\"http:\/\/beta.lossburg-schoemberg.de\/wp-content\/uploads\/2012\/07\/blumenhof1.jpg\"><img loading=\"lazy\" decoding=\"async\" class=\"aligncenter size-full wp-image-1344\" alt=\"Blumenhof\" src=\"http:\/\/beta.lossburg-schoemberg.de\/wp-content\/uploads\/2012\/07\/blumenhof1.jpg\" width=\"230\" height=\"141\" \/><\/a><\/td>\n<\/tr>\n<tr>\n<td><\/td>\n<td style=\"text-align: center;\">\n<address>\u00a0Hof der Familie Eberhardt<\/address>\n<\/td>\n<\/tr>\n<tr>\n<td>Hier lebte bis zu seinem Tod 1984\u00a0Professor <a href=\"http:\/\/de.wikipedia.org\/wiki\/Klaus_Mehnert\" target=\"blank\">Klaus Mehnert<\/a><\/p>\n<p>Politischer Journalist und Buchautor<\/p>\n<p>Mehr \u00fcber Klaus Mehnert auf dieser Seite: <a title=\"Ber\u00fchmte B\u00fcrger\" href=\"http:\/\/beta.lossburg-schoemberg.de\/index.php\/ort\/beruehmte-buerger\/\">Ber\u00fchmte B\u00fcrger<\/a><\/td>\n<td><a href=\"http:\/\/beta.lossburg-schoemberg.de\/wp-content\/uploads\/2012\/07\/mehnert.jpg\"><img loading=\"lazy\" decoding=\"async\" class=\"aligncenter size-full wp-image-1362\" alt=\"Mehnert\" src=\"http:\/\/beta.lossburg-schoemberg.de\/wp-content\/uploads\/2012\/07\/mehnert.jpg\" width=\"140\" height=\"200\" \/><\/a><\/td>\n<\/tr>\n<\/tbody>\n<\/table>\n<p style=\"text-align: center;\"><iframe loading=\"lazy\" src=\"https:\/\/maps.google.de\/maps?f=q&amp;source=s_q&amp;hl=de&amp;geocode=&amp;q=Blumenhofstra%C3%9Fe+74,+Lo%C3%9Fburg&amp;aq=&amp;sll=48.389247,8.416386&amp;sspn=0.011143,0.027874&amp;t=h&amp;g=Blumenhofstra%C3%9Fe+76,+Lo%C3%9Fburg&amp;ie=UTF8&amp;hq=&amp;hnear=Blumenhofstra%C3%9Fe+74,+Sch%C3%B6mberg+72290+Lo%C3%9Fburg,+Karlsruhe,+Baden-W%C3%BCrttemberg&amp;ll=48.396214,8.406429&amp;spn=0.027355,0.054932&amp;z=14&amp;iwloc=A&amp;output=embed\" height=\"480\" width=\"640\" frameborder=\"0\" marginwidth=\"0\" marginheight=\"0\" scrolling=\"no\"><\/iframe><br \/>\n<small><a style=\"color: #0000ff; text-align: left;\" href=\"https:\/\/maps.google.de\/maps?f=q&amp;source=embed&amp;hl=de&amp;geocode=&amp;q=Blumenhofstra%C3%9Fe+74,+Lo%C3%9Fburg&amp;aq=&amp;sll=48.389247,8.416386&amp;sspn=0.011143,0.027874&amp;t=h&amp;g=Blumenhofstra%C3%9Fe+76,+Lo%C3%9Fburg&amp;ie=UTF8&amp;hq=&amp;hnear=Blumenhofstra%C3%9Fe+74,+Sch%C3%B6mberg+72290+Lo%C3%9Fburg,+Karlsruhe,+Baden-W%C3%BCrttemberg&amp;ll=48.396214,8.406429&amp;spn=0.027355,0.054932&amp;z=14&amp;iwloc=A\" target=\"blank\">Gr\u00f6\u00dfere Kartenansicht<\/a><\/small><\/p>\n","protected":false},"excerpt":{"rendered":"<p>Die zwei Blumenh\u00f6fe, die von den Familien Armbruster und Eberhardt bewirtschaftet werden, betreiben beide noch Landwirtschaft. Der Hof der Familie\u00a0Eberhardt\u00a0beherbergt auch Ferieng\u00e4ste. \u00a0Hof der Familie Eberhardt Hier lebte bis zu seinem Tod 1984\u00a0Professor Klaus Mehnert Politischer Journalist und Buchautor Mehr \u00fcber Klaus Mehnert auf dieser Seite: Ber\u00fchmte B\u00fcrger Gr\u00f6\u00dfere Kartenansicht<\/p>\n","protected":false},"author":1,"featured_media":0,"parent":7,"menu_order":3,"comment_status":"open","ping_status":"closed","template":"","meta":{"footnotes":""},"class_list":["post-316","page","type-page","status-publish","hentry","nodate","item-wrap"],"_links":{"self":[{"href":"https:\/\/lossburg-schoemberg.de\/index.php\/wp-json\/wp\/v2\/pages\/316","targetHints":{"allow":["GET"]}}],"collection":[{"href":"https:\/\/lossburg-schoemberg.de\/index.php\/wp-json\/wp\/v2\/pages"}],"about":[{"href":"https:\/\/lossburg-schoemberg.de\/index.php\/wp-json\/wp\/v2\/types\/page"}],"author":[{"embeddable":true,"href":"https:\/\/lossburg-schoemberg.de\/index.php\/wp-json\/wp\/v2\/users\/1"}],"replies":[{"embeddable":true,"href":"https:\/\/lossburg-schoemberg.de\/index.php\/wp-json\/wp\/v2\/comments?post=316"}],"version-history":[{"count":25,"href":"https:\/\/lossburg-schoemberg.de\/index.php\/wp-json\/wp\/v2\/pages\/316\/revisions"}],"predecessor-version":[{"id":1377,"href":"https:\/\/lossburg-schoemberg.de\/index.php\/wp-json\/wp\/v2\/pages\/316\/revisions\/1377"}],"up":[{"embeddable":true,"href":"https:\/\/lossburg-schoemberg.de\/index.php\/wp-json\/wp\/v2\/pages\/7"}],"wp:attachment":[{"href":"https:\/\/lossburg-schoemberg.de\/index.php\/wp-json\/wp\/v2\/media?parent=316"}],"curies":[{"name":"wp","href":"https:\/\/api.w.org\/{rel}","templated":true}]}}