{"id":314,"date":"2012-07-11T18:32:35","date_gmt":"2012-07-11T16:32:35","guid":{"rendered":"http:\/\/beta.lossburg-schoemberg.de\/?page_id=314"},"modified":"2012-12-29T15:39:33","modified_gmt":"2012-12-29T14:39:33","slug":"sehenswuerdigkeiten","status":"publish","type":"page","link":"https:\/\/lossburg-schoemberg.de\/index.php\/ort\/sehenswuerdigkeiten\/","title":{"rendered":"Sehensw\u00fcrdigkeiten"},"content":{"rendered":"<table>\n<tbody>\n<tr>\n<td><a href=\"http:\/\/beta.lossburg-schoemberg.de\/wp-content\/uploads\/2012\/07\/wappen1.jpg\"><img loading=\"lazy\" decoding=\"async\" class=\"size-full wp-image-1240 aligncenter\" alt=\"wappen1\" src=\"http:\/\/beta.lossburg-schoemberg.de\/wp-content\/uploads\/2012\/07\/wappen1.jpg\" width=\"256\" height=\"304\" srcset=\"https:\/\/lossburg-schoemberg.de\/wp-content\/uploads\/2012\/07\/wappen1.jpg 256w, https:\/\/lossburg-schoemberg.de\/wp-content\/uploads\/2012\/07\/wappen1-252x300.jpg 252w\" sizes=\"auto, (max-width: 256px) 100vw, 256px\" \/><\/a><\/td>\n<td><a href=\"http:\/\/beta.lossburg-schoemberg.de\/wp-content\/uploads\/2012\/07\/waldspielplatz.jpg\"><img loading=\"lazy\" decoding=\"async\" class=\"size-full wp-image-1239 aligncenter\" alt=\"Waldspielplatz\" src=\"http:\/\/beta.lossburg-schoemberg.de\/wp-content\/uploads\/2012\/07\/waldspielplatz.jpg\" width=\"331\" height=\"255\" srcset=\"https:\/\/lossburg-schoemberg.de\/wp-content\/uploads\/2012\/07\/waldspielplatz.jpg 331w, https:\/\/lossburg-schoemberg.de\/wp-content\/uploads\/2012\/07\/waldspielplatz-300x231.jpg 300w\" sizes=\"auto, (max-width: 331px) 100vw, 331px\" \/><\/a><\/td>\n<\/tr>\n<tr>\n<td style=\"text-align: center;\">\n<address>Zwischen Kirche und Rathaus ist ein kleiner Park angelegt mit Wasserspiel, Spazierwegen, Sitzb\u00e4nken und eingepflanztem Wappen von Sch\u00f6mberg<\/address>\n<\/td>\n<td style=\"text-align: center;\">\n<address>Der Waldspielplatz in Sch\u00f6mberg ist eine gr\u00fcne Idylle<\/address>\n<\/td>\n<\/tr>\n<tr>\n<td><a href=\"http:\/\/beta.lossburg-schoemberg.de\/wp-content\/uploads\/2012\/07\/Riesentannen.jpg\"><img loading=\"lazy\" decoding=\"async\" class=\"size-medium wp-image-1238 aligncenter\" alt=\"Riesentannen\" src=\"http:\/\/beta.lossburg-schoemberg.de\/wp-content\/uploads\/2012\/07\/Riesentannen-225x300.jpg\" width=\"225\" height=\"300\" srcset=\"https:\/\/lossburg-schoemberg.de\/wp-content\/uploads\/2012\/07\/Riesentannen-225x300.jpg 225w, https:\/\/lossburg-schoemberg.de\/wp-content\/uploads\/2012\/07\/Riesentannen.jpg 400w\" sizes=\"auto, (max-width: 225px) 100vw, 225px\" \/><\/a><\/td>\n<td><a href=\"http:\/\/beta.lossburg-schoemberg.de\/wp-content\/uploads\/2012\/07\/Bruecklestanne.jpg\"><img loading=\"lazy\" decoding=\"async\" class=\"size-medium wp-image-1237 aligncenter\" alt=\"Bruecklestanne\" src=\"http:\/\/beta.lossburg-schoemberg.de\/wp-content\/uploads\/2012\/07\/Bruecklestanne-225x300.jpg\" width=\"225\" height=\"300\" srcset=\"https:\/\/lossburg-schoemberg.de\/wp-content\/uploads\/2012\/07\/Bruecklestanne-225x300.jpg 225w, https:\/\/lossburg-schoemberg.de\/wp-content\/uploads\/2012\/07\/Bruecklestanne.jpg 400w\" sizes=\"auto, (max-width: 225px) 100vw, 225px\" \/><\/a><\/td>\n<\/tr>\n<tr>\n<td>\n<address style=\"text-align: center;\">Die drei Riesentannen<\/address>\n<address style=\"text-align: center;\">Im Stiftungswald nahe des &#8222;Heuplatzes&#8220; stehen die wohl gr\u00f6\u00dften Tannen in Kreis Freudenstadt. Sie sind ca. 45m hoch und ca. 300 Jahre alt.<\/address>\n<\/td>\n<td style=\"text-align: center;\">\n<address>An der Stra\u00dfe Richtung Hinterr\u00f6tenberg steht die &#8222;WalterSchmid-Tanne&#8220;, gegen\u00fcber am &#8222;Br\u00fcckle&#8220;, die\u00a0&#8222;Br\u00fcckles-Tanne&#8220;<\/address>\n<\/td>\n<\/tr>\n<\/tbody>\n<\/table>\n","protected":false},"excerpt":{"rendered":"<p>Zwischen Kirche und Rathaus ist ein kleiner Park angelegt mit Wasserspiel, Spazierwegen, Sitzb\u00e4nken und eingepflanztem Wappen von Sch\u00f6mberg Der Waldspielplatz in Sch\u00f6mberg ist eine gr\u00fcne Idylle Die drei Riesentannen Im Stiftungswald nahe des &#8222;Heuplatzes&#8220; stehen die wohl gr\u00f6\u00dften Tannen in Kreis Freudenstadt. Sie sind ca. 45m hoch und ca. 300 Jahre alt. An der Stra\u00dfe &hellip; <\/p>\n<p><a class=\"more-link btn\" href=\"https:\/\/lossburg-schoemberg.de\/index.php\/ort\/sehenswuerdigkeiten\/\">Weiterlesen<\/a><\/p>\n","protected":false},"author":1,"featured_media":1240,"parent":7,"menu_order":2,"comment_status":"open","ping_status":"closed","template":"","meta":{"footnotes":""},"class_list":["post-314","page","type-page","status-publish","has-post-thumbnail","hentry","nodate","item-wrap"],"_links":{"self":[{"href":"https:\/\/lossburg-schoemberg.de\/index.php\/wp-json\/wp\/v2\/pages\/314","targetHints":{"allow":["GET"]}}],"collection":[{"href":"https:\/\/lossburg-schoemberg.de\/index.php\/wp-json\/wp\/v2\/pages"}],"about":[{"href":"https:\/\/lossburg-schoemberg.de\/index.php\/wp-json\/wp\/v2\/types\/page"}],"author":[{"embeddable":true,"href":"https:\/\/lossburg-schoemberg.de\/index.php\/wp-json\/wp\/v2\/users\/1"}],"replies":[{"embeddable":true,"href":"https:\/\/lossburg-schoemberg.de\/index.php\/wp-json\/wp\/v2\/comments?post=314"}],"version-history":[{"count":15,"href":"https:\/\/lossburg-schoemberg.de\/index.php\/wp-json\/wp\/v2\/pages\/314\/revisions"}],"predecessor-version":[{"id":1387,"href":"https:\/\/lossburg-schoemberg.de\/index.php\/wp-json\/wp\/v2\/pages\/314\/revisions\/1387"}],"up":[{"embeddable":true,"href":"https:\/\/lossburg-schoemberg.de\/index.php\/wp-json\/wp\/v2\/pages\/7"}],"wp:featuredmedia":[{"embeddable":true,"href":"https:\/\/lossburg-schoemberg.de\/index.php\/wp-json\/wp\/v2\/media\/1240"}],"wp:attachment":[{"href":"https:\/\/lossburg-schoemberg.de\/index.php\/wp-json\/wp\/v2\/media?parent=314"}],"curies":[{"name":"wp","href":"https:\/\/api.w.org\/{rel}","templated":true}]}}