{"id":3082,"date":"2015-11-06T19:12:30","date_gmt":"2015-11-06T18:12:30","guid":{"rendered":"http:\/\/lossburg-schoemberg.de\/?page_id=3082"},"modified":"2015-11-07T20:58:17","modified_gmt":"2015-11-07T19:58:17","slug":"herbstausflug-2015","status":"publish","type":"page","link":"https:\/\/lossburg-schoemberg.de\/index.php\/einrichtungen\/dorfgemeinschaft\/herbstausflug-2015\/","title":{"rendered":"Herbstausflug 2015"},"content":{"rendered":"<table style=\"height: 1903px;\" width=\"710\">\n<tbody>\n<tr>\n<td rowspan=\"6\">\n<h4>Herbstausflug der Dorfgemeinschaft<\/h4>\n<p>&nbsp;<\/p>\n<p>Am Samstagmorgen kurz vor 8<\/p>\n<p>wurde am Rathaus geredet und gelacht.<\/p>\n<p>Die Vorfreude auf den Herbstausflug war gro\u00df<\/p>\n<p>und mit Vergn\u00fcgen ging die Fahrt los.<\/p>\n<p>&nbsp;<\/p>\n<p>Gro\u00df und Klein \u2013 der Bus war voll.<\/p>\n<p>Das Programm war ja auch wirklich toll.<\/p>\n<p>An den Bodensee sollte es geh\u2019n &#8211;<\/p>\n<p>dieses Ziel ist immer sch\u00f6n.<\/p>\n<p>&nbsp;<\/p>\n<p>Im Bus herrschte Stimmung und wie im Flug verging die Zeit.<\/p>\n<p>Schnell war der Rastplatz im Hegau erreicht.<\/p>\n<p>Und bei diesem ersten Halt<\/p>\n<p>war dann auch der Sekt sch\u00f6n kalt.<\/p>\n<p>&nbsp;<\/p>\n<p>Traditionell gab es Brezeln und Sekt &#8211;<\/p>\n<p>das ist\u2019s was morgens um 10 einfach schmeckt.<\/p>\n<p>Die Kinder durften noch auf dem Spielplatz toben<\/p>\n<p>und die Erwachsenen die grandiose Aussicht loben.<\/p>\n<p>&nbsp;<\/p>\n<p>Nach kurzer Weiterfahrt waren wir dann am Ziel;<\/p>\n<p>der n\u00e4chste Programmpunkt allen gefiel.<\/p>\n<p>Ein \u201eeigenes\u201c Boot lag f\u00fcr uns bereit &#8211;<\/p>\n<p>aufs Wasser hinaus fuhren wir weit.<\/p>\n<p>&nbsp;<\/p>\n<p>Der Bodensee in seiner Pracht<\/p>\n<p>und die Sonne, die dazu lacht<\/p>\n<p>-eine Postkartenidylle pur anzusehen.<\/p>\n<p>Da wollte man ungern an Land zur\u00fcck gehen.<\/p>\n<p>&nbsp;<\/p>\n<p>Das Schiff zog eine gro\u00dfe Runde<\/p>\n<p>und nach einer guten Stunde<\/p>\n<p>hie\u00df es: \u201eWir legen wieder in Allensbach an<\/p>\n<p>-damit es weitergehen kann!\u201c<\/p>\n<p>&nbsp;<\/p>\n<p>Besucht wurde der Tier- und Freizeitpark;<\/p>\n<p>das fanden vor allem die J\u00fcngsten echt stark.<\/p>\n<p>Doch ob alt oder jung \u2013 es gab viel zu schauen<\/p>\n<p>vom B\u00e4ren bis hin zu des Falken Klauen.<\/p>\n<p>&nbsp;<\/p>\n<p>Wildschwein und Luchs, Reh und Pfau,<\/p>\n<p>mit Ziegen ein St\u00fcck des Weges gehen,<\/p>\n<p>und beobachtete man ganz genau<\/p>\n<p>so konnte man die kleinen Frischlinge sehen.<\/p>\n<p>&nbsp;<\/p>\n<p>Den Kindern gefiel es zu klettern, h\u00fcpfen, rutschen und toben;<\/p>\n<p>die Erwachsenen blieben da lieber auf dem Boden<\/p>\n<p>und genossen das Spektakel bei Kaffee und Kuchen<\/p>\n<p>um sp\u00e4ter noch die Falknerei zu besuchen.<\/p>\n<p>Es kam der Abend, wir stiegen in den Bus ein<\/p>\n<p>und fuhren auf dem schnellsten Weg heim.<\/p>\n<p>In Sch\u00f6mberg ging es dann noch voll Wonne<\/p>\n<p>zum gem\u00fctlichen Abschluss ins Gasthaus \u201eSonne\u201c.<\/p>\n<p>&nbsp;<\/p>\n<p>Text in Gedichtform von Diana Armbruster<\/td>\n<td><a href=\"http:\/\/lossburg-schoemberg.de\/wp-content\/uploads\/2015\/11\/Herbstausflug3.jpg\"><img loading=\"lazy\" decoding=\"async\" class=\"alignleft wp-image-3085\" src=\"http:\/\/lossburg-schoemberg.de\/wp-content\/uploads\/2015\/11\/Herbstausflug3.jpg\" alt=\"Herbstausflug3\" width=\"390\" height=\"292\" srcset=\"https:\/\/lossburg-schoemberg.de\/wp-content\/uploads\/2015\/11\/Herbstausflug3.jpg 1920w, https:\/\/lossburg-schoemberg.de\/wp-content\/uploads\/2015\/11\/Herbstausflug3-300x225.jpg 300w, https:\/\/lossburg-schoemberg.de\/wp-content\/uploads\/2015\/11\/Herbstausflug3-1024x768.jpg 1024w\" sizes=\"auto, (max-width: 390px) 100vw, 390px\" \/><\/a><\/td>\n<\/tr>\n<tr>\n<td>\u00a0<a href=\"http:\/\/lossburg-schoemberg.de\/wp-content\/uploads\/2015\/11\/Herbstausflug5.jpg\"><img loading=\"lazy\" decoding=\"async\" class=\"alignleft wp-image-3087\" src=\"http:\/\/lossburg-schoemberg.de\/wp-content\/uploads\/2015\/11\/Herbstausflug5.jpg\" alt=\"Herbstausflug5\" width=\"390\" height=\"293\" srcset=\"https:\/\/lossburg-schoemberg.de\/wp-content\/uploads\/2015\/11\/Herbstausflug5.jpg 1920w, https:\/\/lossburg-schoemberg.de\/wp-content\/uploads\/2015\/11\/Herbstausflug5-300x225.jpg 300w, https:\/\/lossburg-schoemberg.de\/wp-content\/uploads\/2015\/11\/Herbstausflug5-1024x768.jpg 1024w\" sizes=\"auto, (max-width: 390px) 100vw, 390px\" \/><\/a><\/td>\n<\/tr>\n<tr>\n<td>\u00a0<a href=\"http:\/\/lossburg-schoemberg.de\/wp-content\/uploads\/2015\/11\/Herbstausflug2.jpg\"><img loading=\"lazy\" decoding=\"async\" class=\"alignleft wp-image-3084\" src=\"http:\/\/lossburg-schoemberg.de\/wp-content\/uploads\/2015\/11\/Herbstausflug2.jpg\" alt=\"Herbstausflug2\" width=\"390\" height=\"261\" srcset=\"https:\/\/lossburg-schoemberg.de\/wp-content\/uploads\/2015\/11\/Herbstausflug2.jpg 1920w, https:\/\/lossburg-schoemberg.de\/wp-content\/uploads\/2015\/11\/Herbstausflug2-300x201.jpg 300w, https:\/\/lossburg-schoemberg.de\/wp-content\/uploads\/2015\/11\/Herbstausflug2-1024x685.jpg 1024w\" sizes=\"auto, (max-width: 390px) 100vw, 390px\" \/><\/a><\/td>\n<\/tr>\n<tr>\n<td>\u00a0<a href=\"http:\/\/lossburg-schoemberg.de\/wp-content\/uploads\/2015\/11\/Herbstausflug1.jpg\"><img loading=\"lazy\" decoding=\"async\" class=\"alignleft wp-image-3083\" src=\"http:\/\/lossburg-schoemberg.de\/wp-content\/uploads\/2015\/11\/Herbstausflug1.jpg\" alt=\"Herbstausflug1\" width=\"390\" height=\"261\" srcset=\"https:\/\/lossburg-schoemberg.de\/wp-content\/uploads\/2015\/11\/Herbstausflug1.jpg 1920w, https:\/\/lossburg-schoemberg.de\/wp-content\/uploads\/2015\/11\/Herbstausflug1-300x201.jpg 300w, https:\/\/lossburg-schoemberg.de\/wp-content\/uploads\/2015\/11\/Herbstausflug1-1024x685.jpg 1024w\" sizes=\"auto, (max-width: 390px) 100vw, 390px\" \/><\/a><\/td>\n<\/tr>\n<tr>\n<td>\u00a0<a href=\"http:\/\/lossburg-schoemberg.de\/wp-content\/uploads\/2015\/11\/Herbstausflug4.jpg\"><img loading=\"lazy\" decoding=\"async\" class=\"alignleft wp-image-3086\" src=\"http:\/\/lossburg-schoemberg.de\/wp-content\/uploads\/2015\/11\/Herbstausflug4.jpg\" alt=\"Herbstausflug4\" width=\"391\" height=\"293\" srcset=\"https:\/\/lossburg-schoemberg.de\/wp-content\/uploads\/2015\/11\/Herbstausflug4.jpg 1920w, https:\/\/lossburg-schoemberg.de\/wp-content\/uploads\/2015\/11\/Herbstausflug4-300x225.jpg 300w, https:\/\/lossburg-schoemberg.de\/wp-content\/uploads\/2015\/11\/Herbstausflug4-1024x768.jpg 1024w\" sizes=\"auto, (max-width: 391px) 100vw, 391px\" \/><\/a><\/td>\n<\/tr>\n<tr>\n<td>\u00a0<a href=\"http:\/\/lossburg-schoemberg.de\/wp-content\/uploads\/2015\/11\/Herbstausflug6.jpg\"><img loading=\"lazy\" decoding=\"async\" class=\"alignleft wp-image-3088\" src=\"http:\/\/lossburg-schoemberg.de\/wp-content\/uploads\/2015\/11\/Herbstausflug6.jpg\" alt=\"Herbstausflug6\" width=\"391\" height=\"293\" srcset=\"https:\/\/lossburg-schoemberg.de\/wp-content\/uploads\/2015\/11\/Herbstausflug6.jpg 1920w, https:\/\/lossburg-schoemberg.de\/wp-content\/uploads\/2015\/11\/Herbstausflug6-300x225.jpg 300w, https:\/\/lossburg-schoemberg.de\/wp-content\/uploads\/2015\/11\/Herbstausflug6-1024x768.jpg 1024w\" sizes=\"auto, (max-width: 391px) 100vw, 391px\" \/><\/a><\/td>\n<\/tr>\n<\/tbody>\n<\/table>\n","protected":false},"excerpt":{"rendered":"<p>Herbstausflug der Dorfgemeinschaft &nbsp; Am Samstagmorgen kurz vor 8 wurde am Rathaus geredet und gelacht. Die Vorfreude auf den Herbstausflug war gro\u00df und mit Vergn\u00fcgen ging die Fahrt los. &nbsp; Gro\u00df und Klein \u2013 der Bus war voll. Das Programm war ja auch wirklich toll. An den Bodensee sollte es geh\u2019n &#8211; dieses Ziel ist &hellip; <\/p>\n<p><a class=\"more-link btn\" href=\"https:\/\/lossburg-schoemberg.de\/index.php\/einrichtungen\/dorfgemeinschaft\/herbstausflug-2015\/\">Weiterlesen<\/a><\/p>\n","protected":false},"author":1,"featured_media":0,"parent":352,"menu_order":30,"comment_status":"closed","ping_status":"closed","template":"","meta":{"footnotes":""},"class_list":["post-3082","page","type-page","status-publish","hentry","nodate","item-wrap"],"_links":{"self":[{"href":"https:\/\/lossburg-schoemberg.de\/index.php\/wp-json\/wp\/v2\/pages\/3082","targetHints":{"allow":["GET"]}}],"collection":[{"href":"https:\/\/lossburg-schoemberg.de\/index.php\/wp-json\/wp\/v2\/pages"}],"about":[{"href":"https:\/\/lossburg-schoemberg.de\/index.php\/wp-json\/wp\/v2\/types\/page"}],"author":[{"embeddable":true,"href":"https:\/\/lossburg-schoemberg.de\/index.php\/wp-json\/wp\/v2\/users\/1"}],"replies":[{"embeddable":true,"href":"https:\/\/lossburg-schoemberg.de\/index.php\/wp-json\/wp\/v2\/comments?post=3082"}],"version-history":[{"count":6,"href":"https:\/\/lossburg-schoemberg.de\/index.php\/wp-json\/wp\/v2\/pages\/3082\/revisions"}],"predecessor-version":[{"id":3105,"href":"https:\/\/lossburg-schoemberg.de\/index.php\/wp-json\/wp\/v2\/pages\/3082\/revisions\/3105"}],"up":[{"embeddable":true,"href":"https:\/\/lossburg-schoemberg.de\/index.php\/wp-json\/wp\/v2\/pages\/352"}],"wp:attachment":[{"href":"https:\/\/lossburg-schoemberg.de\/index.php\/wp-json\/wp\/v2\/media?parent=3082"}],"curies":[{"name":"wp","href":"https:\/\/api.w.org\/{rel}","templated":true}]}}