{"id":3015,"date":"2015-05-14T22:20:45","date_gmt":"2015-05-14T20:20:45","guid":{"rendered":"http:\/\/lossburg-schoemberg.de\/?page_id=3015"},"modified":"2015-05-14T22:20:45","modified_gmt":"2015-05-14T20:20:45","slug":"verleihung-der-sportabzeichen-fuer-2014","status":"publish","type":"page","link":"https:\/\/lossburg-schoemberg.de\/index.php\/einrichtungen\/jugendsportgruppe\/verleihung-der-sportabzeichen-fuer-2014\/","title":{"rendered":"Verleihung der Sportabzeichen f\u00fcr 2014"},"content":{"rendered":"<p><strong>Auch im Jahr 2014 war die Sch\u00f6mberger Jugendsportgruppe wieder sehr aktiv.<\/strong><\/p>\n<p>Die Verleihung der Sportabzeichen fand beim B\u00fcrgernachmittag im Februar im B\u00fcrger- und G\u00e4stehaus in Sch\u00f6mberg statt.<\/p>\n<p>Die Leiterin de Jugendsportgruppe Anja Eberhardt hat das Jahr \u00fcber die Trainings durchgef\u00fchrt, die Abnahmepr\u00fcfungen organisiert und auch die Verleihung der Sportabzeichen vorbereitet.<br \/>\nSch\u00f6mbergs\u00b4s Ortsvorsteher Kurt Winter hat die Ehrungen vorgenommen.<\/p>\n<p>Im Jahr 2014 haben 13 Kinder und Jugendliche, sowie 7 Erwachsene das Deutsche Sportabzeichen erfolgreich absolviert.<\/p>\n<p>Deutsche Jugendsportabzeichen in Silber:<br \/>\nWeibliche Jugend:\u00a0\u00a0\u00a0\u00a0\u00a0\u00a0\u00a0 S. Reith,\u00a0 M Schmidt<br \/>\nM\u00e4nnliche Jugend:\u00a0\u00a0\u00a0\u00a0\u00a0\u00a0\u00a0 L. Jung,\u00a0 L Jung<\/p>\n<p>Deutsche Jugendsportabzeichen in Gold:<br \/>\nWeibliche Jugend: \u00a0\u00a0\u00a0\u00a0\u00a0\u00a0\u00a0 M. Armbruster,\u00a0 T. Armbruster,\u00a0 A. Di Biase,\u00a0 S. Eberhardt,\u00a0 A. Siegel<br \/>\nM\u00e4nnliche Jugend:\u00a0\u00a0\u00a0\u00a0\u00a0\u00a0\u00a0 T. Armbruster,\u00a0 J. Eberhardt,\u00a0 J. Schleh,\u00a0 N. Schmidt<\/p>\n<p>Deutsches Sportabzeichen (Erwachsene) in Silber:<br \/>\nWeiblich:\u00a0\u00a0\u00a0\u00a0\u00a0\u00a0\u00a0\u00a0\u00a0\u00a0\u00a0\u00a0\u00a0\u00a0\u00a0\u00a0\u00a0\u00a0\u00a0\u00a0\u00a0\u00a0\u00a0\u00a0 R. Di Biase<br \/>\nM\u00e4nnlich: \u00a0\u00a0\u00a0\u00a0\u00a0\u00a0\u00a0 \u00a0 \u00a0 \u00a0 \u00a0 \u00a0 \u00a0 \u00a0\u00a0 G. Echle<\/p>\n<p>Deutsches Sportabzeichen (Erwachsene) in Gold:<br \/>\nWeiblich:\u00a0\u00a0\u00a0\u00a0\u00a0\u00a0\u00a0\u00a0 \u00a0 \u00a0 \u00a0 \u00a0 \u00a0 \u00a0 \u00a0 \u00a0 A. Eberhardt<br \/>\nM\u00e4nnlich: \u00a0\u00a0\u00a0\u00a0\u00a0\u00a0\u00a0\u00a0\u00a0\u00a0\u00a0\u00a0\u00a0\u00a0\u00a0\u00a0\u00a0\u00a0\u00a0\u00a0\u00a0\u00a0 U. Armbruster,\u00a0 M. Eberhardt,\u00a0 M. Schleh,\u00a0 U. Schmidt<\/p>\n<p>&nbsp;<\/p>\n<p>Auf dem Bild die anwesenden Sportler, links die Leiterin Anja Eberhardt, 2. v. Links Ortsvorsteher Kurt Winter<\/p>\n<p><a href=\"http:\/\/lossburg-schoemberg.de\/wp-content\/uploads\/2015\/05\/Jugendsport15.jpg\"><img loading=\"lazy\" decoding=\"async\" class=\"alignleft size-full wp-image-3016\" src=\"http:\/\/lossburg-schoemberg.de\/wp-content\/uploads\/2015\/05\/Jugendsport15.jpg\" alt=\"Jugendsport15\" width=\"1024\" height=\"665\" srcset=\"https:\/\/lossburg-schoemberg.de\/wp-content\/uploads\/2015\/05\/Jugendsport15.jpg 1024w, https:\/\/lossburg-schoemberg.de\/wp-content\/uploads\/2015\/05\/Jugendsport15-300x195.jpg 300w\" sizes=\"auto, (max-width: 1024px) 100vw, 1024px\" \/><\/a><\/p>\n<p>&nbsp;<\/p>\n","protected":false},"excerpt":{"rendered":"<p>Auch im Jahr 2014 war die Sch\u00f6mberger Jugendsportgruppe wieder sehr aktiv. Die Verleihung der Sportabzeichen fand beim B\u00fcrgernachmittag im Februar im B\u00fcrger- und G\u00e4stehaus in Sch\u00f6mberg statt. Die Leiterin de Jugendsportgruppe Anja Eberhardt hat das Jahr \u00fcber die Trainings durchgef\u00fchrt, die Abnahmepr\u00fcfungen organisiert und auch die Verleihung der Sportabzeichen vorbereitet. Sch\u00f6mbergs\u00b4s Ortsvorsteher Kurt Winter hat &hellip; <\/p>\n<p><a class=\"more-link btn\" href=\"https:\/\/lossburg-schoemberg.de\/index.php\/einrichtungen\/jugendsportgruppe\/verleihung-der-sportabzeichen-fuer-2014\/\">Weiterlesen<\/a><\/p>\n","protected":false},"author":1,"featured_media":3016,"parent":354,"menu_order":25,"comment_status":"open","ping_status":"open","template":"","meta":{"footnotes":""},"class_list":["post-3015","page","type-page","status-publish","has-post-thumbnail","hentry","nodate","item-wrap"],"_links":{"self":[{"href":"https:\/\/lossburg-schoemberg.de\/index.php\/wp-json\/wp\/v2\/pages\/3015","targetHints":{"allow":["GET"]}}],"collection":[{"href":"https:\/\/lossburg-schoemberg.de\/index.php\/wp-json\/wp\/v2\/pages"}],"about":[{"href":"https:\/\/lossburg-schoemberg.de\/index.php\/wp-json\/wp\/v2\/types\/page"}],"author":[{"embeddable":true,"href":"https:\/\/lossburg-schoemberg.de\/index.php\/wp-json\/wp\/v2\/users\/1"}],"replies":[{"embeddable":true,"href":"https:\/\/lossburg-schoemberg.de\/index.php\/wp-json\/wp\/v2\/comments?post=3015"}],"version-history":[{"count":1,"href":"https:\/\/lossburg-schoemberg.de\/index.php\/wp-json\/wp\/v2\/pages\/3015\/revisions"}],"predecessor-version":[{"id":3017,"href":"https:\/\/lossburg-schoemberg.de\/index.php\/wp-json\/wp\/v2\/pages\/3015\/revisions\/3017"}],"up":[{"embeddable":true,"href":"https:\/\/lossburg-schoemberg.de\/index.php\/wp-json\/wp\/v2\/pages\/354"}],"wp:featuredmedia":[{"embeddable":true,"href":"https:\/\/lossburg-schoemberg.de\/index.php\/wp-json\/wp\/v2\/media\/3016"}],"wp:attachment":[{"href":"https:\/\/lossburg-schoemberg.de\/index.php\/wp-json\/wp\/v2\/media?parent=3015"}],"curies":[{"name":"wp","href":"https:\/\/api.w.org\/{rel}","templated":true}]}}