{"id":3011,"date":"2015-05-07T21:08:19","date_gmt":"2015-05-07T19:08:19","guid":{"rendered":"http:\/\/lossburg-schoemberg.de\/?page_id=3011"},"modified":"2016-12-16T21:37:07","modified_gmt":"2016-12-16T20:37:07","slug":"schoene-doerfer-im-suedwesten","status":"publish","type":"page","link":"https:\/\/lossburg-schoemberg.de\/index.php\/rueckblick\/2015-2\/schoene-doerfer-im-suedwesten\/","title":{"rendered":"&#8222;Sch\u00f6ne D\u00f6rfer im S\u00fcdwesten&#8220;"},"content":{"rendered":"<p>In Sch\u00f6mberg war ein Fernsehteam von SWR um Aufnahmen von Dorf zu machen.<\/p>\n<p>Die Sendung &#8222;Sch\u00f6ne D\u00f6rfer im S\u00fcdwesten&#8220; wurde am 15. Mai 2015 jeweils um 21:00 Uhr mit einer L\u00e4nge von 45 Minuten ausgestrahlt. Sch\u00f6mberg war eines von 15 D\u00f6rfern, das in der Sendung vorgestellt wurde.<\/p>\n<p><a title=\"Sch\u00f6ne D\u00f6rfer im S\u00fcdwesten\" href=\"http:\/\/swrmediathek.de\/player.htm?show=d475eb30-fae5-11e4-8248-0026b975f2e6\" target=\"_blank\">Hier der Link zur SWR Mediathek<\/a><\/p>\n<p>Ber Beitrag von Sch\u00f6mberg liegt zwischen der 07:03 und 10:18 Minute.<\/p>\n<p>Unter anderem wird auch die Arbeit an der neuen Blockh\u00fctte gezeigt.<\/p>\n<p>&nbsp;<\/p>\n","protected":false},"excerpt":{"rendered":"<p>In Sch\u00f6mberg war ein Fernsehteam von SWR um Aufnahmen von Dorf zu machen. Die Sendung &#8222;Sch\u00f6ne D\u00f6rfer im S\u00fcdwesten&#8220; wurde am 15. Mai 2015 jeweils um 21:00 Uhr mit einer L\u00e4nge von 45 Minuten ausgestrahlt. Sch\u00f6mberg war eines von 15 D\u00f6rfern, das in der Sendung vorgestellt wurde. Hier der Link zur SWR Mediathek Ber Beitrag &hellip; <\/p>\n<p><a class=\"more-link btn\" href=\"https:\/\/lossburg-schoemberg.de\/index.php\/rueckblick\/2015-2\/schoene-doerfer-im-suedwesten\/\">Weiterlesen<\/a><\/p>\n","protected":false},"author":1,"featured_media":3012,"parent":3223,"menu_order":20,"comment_status":"open","ping_status":"open","template":"","meta":{"footnotes":""},"class_list":["post-3011","page","type-page","status-publish","has-post-thumbnail","hentry","nodate","item-wrap"],"_links":{"self":[{"href":"https:\/\/lossburg-schoemberg.de\/index.php\/wp-json\/wp\/v2\/pages\/3011","targetHints":{"allow":["GET"]}}],"collection":[{"href":"https:\/\/lossburg-schoemberg.de\/index.php\/wp-json\/wp\/v2\/pages"}],"about":[{"href":"https:\/\/lossburg-schoemberg.de\/index.php\/wp-json\/wp\/v2\/types\/page"}],"author":[{"embeddable":true,"href":"https:\/\/lossburg-schoemberg.de\/index.php\/wp-json\/wp\/v2\/users\/1"}],"replies":[{"embeddable":true,"href":"https:\/\/lossburg-schoemberg.de\/index.php\/wp-json\/wp\/v2\/comments?post=3011"}],"version-history":[{"count":5,"href":"https:\/\/lossburg-schoemberg.de\/index.php\/wp-json\/wp\/v2\/pages\/3011\/revisions"}],"predecessor-version":[{"id":3235,"href":"https:\/\/lossburg-schoemberg.de\/index.php\/wp-json\/wp\/v2\/pages\/3011\/revisions\/3235"}],"up":[{"embeddable":true,"href":"https:\/\/lossburg-schoemberg.de\/index.php\/wp-json\/wp\/v2\/pages\/3223"}],"wp:featuredmedia":[{"embeddable":true,"href":"https:\/\/lossburg-schoemberg.de\/index.php\/wp-json\/wp\/v2\/media\/3012"}],"wp:attachment":[{"href":"https:\/\/lossburg-schoemberg.de\/index.php\/wp-json\/wp\/v2\/media?parent=3011"}],"curies":[{"name":"wp","href":"https:\/\/api.w.org\/{rel}","templated":true}]}}