{"id":2808,"date":"2014-12-16T23:16:00","date_gmt":"2014-12-16T22:16:00","guid":{"rendered":"http:\/\/lossburg-schoemberg.de\/?page_id=2808"},"modified":"2018-02-18T21:21:32","modified_gmt":"2018-02-18T20:21:32","slug":"sonnwendfeier-2015","status":"publish","type":"page","link":"https:\/\/lossburg-schoemberg.de\/index.php\/rueckblick\/2017-2\/sonnwendfeier-2015\/","title":{"rendered":"Sonnwendfeier 2017"},"content":{"rendered":"<p>Am Wochenende um den Tag der Sommersonnenwende ist in Sch\u00f6mberg die Sommwendfeier.<\/p>\n<p>Ausgerichtet wurde die Sonnwendfeier diesmal von der Dorfgemeinschaft Sch\u00f6mberg.<br \/>\nSie ist, wie immer am &#8222;Spielplatz oberer Wald&#8220; Blockh\u00fctte.<br \/>\nEs ist ein Sommerfest f\u00fcr alle, nach Einbruch der Dunkelheit wird ein gro\u00dfer Scheiterhaufen Holz abgebrannt.<\/p>\n<table>\n<tbody>\n<tr>\n<td>\n<p><div id=\"attachment_3727\" style=\"width: 300px\" class=\"wp-caption alignleft\"><a href=\"http:\/\/lossburg-schoemberg.de\/wp-content\/uploads\/2014\/12\/Sonnwend1.jpg\"><img loading=\"lazy\" decoding=\"async\" aria-describedby=\"caption-attachment-3727\" class=\"size-medium wp-image-3727\" src=\"http:\/\/lossburg-schoemberg.de\/wp-content\/uploads\/2014\/12\/Sonnwend1-300x230.jpg\" alt=\"\" width=\"300\" height=\"230\" srcset=\"https:\/\/lossburg-schoemberg.de\/wp-content\/uploads\/2014\/12\/Sonnwend1-300x230.jpg 300w, https:\/\/lossburg-schoemberg.de\/wp-content\/uploads\/2014\/12\/Sonnwend1-768x588.jpg 768w, https:\/\/lossburg-schoemberg.de\/wp-content\/uploads\/2014\/12\/Sonnwend1-1024x783.jpg 1024w, https:\/\/lossburg-schoemberg.de\/wp-content\/uploads\/2014\/12\/Sonnwend1.jpg 1920w\" sizes=\"auto, (max-width: 300px) 100vw, 300px\" \/><\/a><p id=\"caption-attachment-3727\" class=\"wp-caption-text\">Blockh\u00fctte mit Grillplatz<\/p><\/div><\/td>\n<td>\n<p><div id=\"attachment_3730\" style=\"width: 300px\" class=\"wp-caption alignleft\"><a href=\"http:\/\/lossburg-schoemberg.de\/wp-content\/uploads\/2014\/12\/Sonnwend4.jpg\"><img loading=\"lazy\" decoding=\"async\" aria-describedby=\"caption-attachment-3730\" class=\"size-medium wp-image-3730\" src=\"http:\/\/lossburg-schoemberg.de\/wp-content\/uploads\/2014\/12\/Sonnwend4-300x225.jpg\" alt=\"\" width=\"300\" height=\"225\" srcset=\"https:\/\/lossburg-schoemberg.de\/wp-content\/uploads\/2014\/12\/Sonnwend4-300x225.jpg 300w, https:\/\/lossburg-schoemberg.de\/wp-content\/uploads\/2014\/12\/Sonnwend4-768x576.jpg 768w, https:\/\/lossburg-schoemberg.de\/wp-content\/uploads\/2014\/12\/Sonnwend4-1024x768.jpg 1024w, https:\/\/lossburg-schoemberg.de\/wp-content\/uploads\/2014\/12\/Sonnwend4.jpg 1920w\" sizes=\"auto, (max-width: 300px) 100vw, 300px\" \/><\/a><p id=\"caption-attachment-3730\" class=\"wp-caption-text\">Blick von der Altenburgstr. in Richtung Hinterr\u00f6tenberg<\/p><\/div><\/td>\n<\/tr>\n<tr>\n<td><a href=\"http:\/\/lossburg-schoemberg.de\/wp-content\/uploads\/2014\/12\/Sonnwend2.jpg\"><img loading=\"lazy\" decoding=\"async\" class=\"alignleft size-medium wp-image-3728\" src=\"http:\/\/lossburg-schoemberg.de\/wp-content\/uploads\/2014\/12\/Sonnwend2-300x225.jpg\" alt=\"\" width=\"300\" height=\"225\" srcset=\"https:\/\/lossburg-schoemberg.de\/wp-content\/uploads\/2014\/12\/Sonnwend2-300x225.jpg 300w, https:\/\/lossburg-schoemberg.de\/wp-content\/uploads\/2014\/12\/Sonnwend2-768x576.jpg 768w, https:\/\/lossburg-schoemberg.de\/wp-content\/uploads\/2014\/12\/Sonnwend2-1024x768.jpg 1024w, https:\/\/lossburg-schoemberg.de\/wp-content\/uploads\/2014\/12\/Sonnwend2.jpg 1920w\" sizes=\"auto, (max-width: 300px) 100vw, 300px\" \/><\/a><\/td>\n<td><a href=\"http:\/\/lossburg-schoemberg.de\/wp-content\/uploads\/2014\/12\/Sonnwend3.jpg\"><img loading=\"lazy\" decoding=\"async\" class=\"alignleft size-medium wp-image-3729\" src=\"http:\/\/lossburg-schoemberg.de\/wp-content\/uploads\/2014\/12\/Sonnwend3-300x225.jpg\" alt=\"\" width=\"300\" height=\"225\" srcset=\"https:\/\/lossburg-schoemberg.de\/wp-content\/uploads\/2014\/12\/Sonnwend3-300x225.jpg 300w, https:\/\/lossburg-schoemberg.de\/wp-content\/uploads\/2014\/12\/Sonnwend3-768x576.jpg 768w, https:\/\/lossburg-schoemberg.de\/wp-content\/uploads\/2014\/12\/Sonnwend3-1024x768.jpg 1024w, https:\/\/lossburg-schoemberg.de\/wp-content\/uploads\/2014\/12\/Sonnwend3.jpg 1920w\" sizes=\"auto, (max-width: 300px) 100vw, 300px\" \/><\/a><\/td>\n<\/tr>\n<\/tbody>\n<\/table>\n","protected":false},"excerpt":{"rendered":"<p>Am Wochenende um den Tag der Sommersonnenwende ist in Sch\u00f6mberg die Sommwendfeier. Ausgerichtet wurde die Sonnwendfeier diesmal von der Dorfgemeinschaft Sch\u00f6mberg. Sie ist, wie immer am &#8222;Spielplatz oberer Wald&#8220; Blockh\u00fctte. Es ist ein Sommerfest f\u00fcr alle, nach Einbruch der Dunkelheit wird ein gro\u00dfer Scheiterhaufen Holz abgebrannt.<\/p>\n","protected":false},"author":1,"featured_media":2624,"parent":3612,"menu_order":25,"comment_status":"open","ping_status":"open","template":"","meta":{"footnotes":""},"class_list":["post-2808","page","type-page","status-publish","has-post-thumbnail","hentry","nodate","item-wrap"],"_links":{"self":[{"href":"https:\/\/lossburg-schoemberg.de\/index.php\/wp-json\/wp\/v2\/pages\/2808","targetHints":{"allow":["GET"]}}],"collection":[{"href":"https:\/\/lossburg-schoemberg.de\/index.php\/wp-json\/wp\/v2\/pages"}],"about":[{"href":"https:\/\/lossburg-schoemberg.de\/index.php\/wp-json\/wp\/v2\/types\/page"}],"author":[{"embeddable":true,"href":"https:\/\/lossburg-schoemberg.de\/index.php\/wp-json\/wp\/v2\/users\/1"}],"replies":[{"embeddable":true,"href":"https:\/\/lossburg-schoemberg.de\/index.php\/wp-json\/wp\/v2\/comments?post=2808"}],"version-history":[{"count":9,"href":"https:\/\/lossburg-schoemberg.de\/index.php\/wp-json\/wp\/v2\/pages\/2808\/revisions"}],"predecessor-version":[{"id":3731,"href":"https:\/\/lossburg-schoemberg.de\/index.php\/wp-json\/wp\/v2\/pages\/2808\/revisions\/3731"}],"up":[{"embeddable":true,"href":"https:\/\/lossburg-schoemberg.de\/index.php\/wp-json\/wp\/v2\/pages\/3612"}],"wp:featuredmedia":[{"embeddable":true,"href":"https:\/\/lossburg-schoemberg.de\/index.php\/wp-json\/wp\/v2\/media\/2624"}],"wp:attachment":[{"href":"https:\/\/lossburg-schoemberg.de\/index.php\/wp-json\/wp\/v2\/media?parent=2808"}],"curies":[{"name":"wp","href":"https:\/\/api.w.org\/{rel}","templated":true}]}}