{"id":2753,"date":"2014-11-19T20:48:12","date_gmt":"2014-11-19T19:48:12","guid":{"rendered":"http:\/\/lossburg-schoemberg.de\/?page_id=2753"},"modified":"2016-12-16T21:34:13","modified_gmt":"2016-12-16T20:34:13","slug":"gemeindeforum-2014","status":"publish","type":"page","link":"https:\/\/lossburg-schoemberg.de\/index.php\/rueckblick\/2014-2\/gemeindeforum-2014\/","title":{"rendered":"Gemeindeforum 2014"},"content":{"rendered":"<h3><strong>Visitation der evangelischen Kirchengemeinden Sch\u00f6mberg\/Oberehlenbogen und Reinerzau<\/strong><\/h3>\n<p>Einen bunten Strau\u00df Gemeindeleben und eine feste Wand, gebaut aus Gemeindegruppen pr\u00e4sentierten und entdeckten die Kirchengemeinden Reinerzau und Sch\u00f6mberg am 7.November anl\u00e4sslich ihres Gemeindeforums. Die \u00f6ffentliche Veranstaltung der Kirchengemeinden im Gemeindehaus Reinerzau fand im Rahmen der Gemeindevisitation durch Dekan Trick aus Freudenstadt statt und hatte zum Ziel die Innen- und Au\u00dfenwahrnehmung der Gemeinde festzuhalten.<br \/>\nSo pr\u00e4sentierten sich zun\u00e4chst s\u00e4mtliche Gruppen der beiden durch die gemeinsame Pfarrstelle von Pfarrer Martin Frank geeinten Gemeinden und entfesselten ein wahres Feuerwerk an Fr\u00f6hlichkeit, Lebendigkeit und Vielfalt. Von den Kindergruppen bis zum Senioren-Nachmittag, vom Frauen-Fr\u00fchst\u00fcck bis zum Weltgebetstag stellten sich s\u00e4mtliche Gruppen auf die unterschiedlichsten Arten vor und machten allen Anwesenden bewusst, wie breit gef\u00e4chert das Angebot der Kirche ist und wie fest verankert sie in vielen Lebensbereichen der Gemeindemitglieder ist.<br \/>\nUm die sonst f\u00fcr alle in der Gemeinde Engagierten eher unbekannte Au\u00dfenwahrnehmung zu erfragen, waren zum Gemeindeforum auch Vertreter der politischen Gemeinde und anderer Orts-Vereine geladen und gebeten worden, eine Pflanze auszusuchen, die in ihren Augen das Wesen der Kirchengemeinde repr\u00e4sentiert. Gleich zwei Mal wurde die Linde auserkoren, als Sinnbild f\u00fcr einen starken und gro\u00dfen Baum, der meist in der Ortsmitte anzutreffen ist und zum Treffpunkt und Schutz von Menschen wird.<br \/>\nDer dritte Teil der Veranstaltung schlie\u00dflich war der Innenwahrnehmung gewidmet. In vier Gruppen versuchten die Teilnehmer herauszufinden, was ihrer Ansicht nach in ihrer Gemeinde funktioniert und was die Zukunft f\u00fcr die Kirchengemeinde bringen wird. Angesichts der f\u00fcr 2018 geplanten Aufl\u00f6sung der Pfarrstelle waren die Zukunftsaussichten der Diskutierenden eher von Skepsis gepr\u00e4gt, als gelingend in der Gegenwart wurden aber vor allem die zahlreichen Angebote der Gemeinden und die Hilfsbereitschaft untereinander genannt.<br \/>\nF\u00fcr alle Besucher aber auch f\u00fcr die Vortragenden selbst wurde der Abend zu einer Momentaufnahme des vielf\u00e4ltigen Gemeindelebens, und so ging man mit dem guten Gef\u00fchl nachhause, Teil einer lebendigen und bunten Gemeinde zu sein.<br \/>\nBericht: Annette Weidenbach<br \/>\nBilder: Dietmar Weigold<\/p>\n<table>\n<tbody>\n<tr>\n<td><a href=\"http:\/\/lossburg-schoemberg.de\/wp-content\/uploads\/2014\/11\/Gemeindeforum1.jpg\"><img loading=\"lazy\" decoding=\"async\" class=\"alignleft wp-image-2754\" src=\"http:\/\/lossburg-schoemberg.de\/wp-content\/uploads\/2014\/11\/Gemeindeforum1.jpg\" alt=\"Gemeindeforum1\" width=\"350\" height=\"212\" srcset=\"https:\/\/lossburg-schoemberg.de\/wp-content\/uploads\/2014\/11\/Gemeindeforum1.jpg 1024w, https:\/\/lossburg-schoemberg.de\/wp-content\/uploads\/2014\/11\/Gemeindeforum1-300x181.jpg 300w\" sizes=\"auto, (max-width: 350px) 100vw, 350px\" \/><\/a><\/td>\n<td><a href=\"http:\/\/lossburg-schoemberg.de\/wp-content\/uploads\/2014\/11\/Gemeindeforum4.jpg\"><img loading=\"lazy\" decoding=\"async\" class=\"wp-image-2757 aligncenter\" src=\"http:\/\/lossburg-schoemberg.de\/wp-content\/uploads\/2014\/11\/Gemeindeforum4.jpg\" alt=\"Gemeindeforum4\" width=\"280\" height=\"239\" srcset=\"https:\/\/lossburg-schoemberg.de\/wp-content\/uploads\/2014\/11\/Gemeindeforum4.jpg 1024w, https:\/\/lossburg-schoemberg.de\/wp-content\/uploads\/2014\/11\/Gemeindeforum4-300x256.jpg 300w\" sizes=\"auto, (max-width: 280px) 100vw, 280px\" \/><\/a><\/td>\n<\/tr>\n<tr>\n<td><a href=\"http:\/\/lossburg-schoemberg.de\/wp-content\/uploads\/2014\/11\/Gemeindeforum3.jpg\"><img loading=\"lazy\" decoding=\"async\" class=\"alignleft wp-image-2756\" src=\"http:\/\/lossburg-schoemberg.de\/wp-content\/uploads\/2014\/11\/Gemeindeforum3.jpg\" alt=\"Gemeindeforum3\" width=\"350\" height=\"211\" srcset=\"https:\/\/lossburg-schoemberg.de\/wp-content\/uploads\/2014\/11\/Gemeindeforum3.jpg 1024w, https:\/\/lossburg-schoemberg.de\/wp-content\/uploads\/2014\/11\/Gemeindeforum3-300x180.jpg 300w\" sizes=\"auto, (max-width: 350px) 100vw, 350px\" \/><\/a><\/td>\n<td><a href=\"http:\/\/lossburg-schoemberg.de\/wp-content\/uploads\/2014\/11\/Gemeindeforum2.jpg\"><img loading=\"lazy\" decoding=\"async\" class=\"alignleft wp-image-2755\" src=\"http:\/\/lossburg-schoemberg.de\/wp-content\/uploads\/2014\/11\/Gemeindeforum2.jpg\" alt=\"Gemeindeforum2\" width=\"320\" height=\"167\" srcset=\"https:\/\/lossburg-schoemberg.de\/wp-content\/uploads\/2014\/11\/Gemeindeforum2.jpg 1024w, https:\/\/lossburg-schoemberg.de\/wp-content\/uploads\/2014\/11\/Gemeindeforum2-300x156.jpg 300w\" sizes=\"auto, (max-width: 320px) 100vw, 320px\" \/><\/a><\/td>\n<\/tr>\n<\/tbody>\n<\/table>\n","protected":false},"excerpt":{"rendered":"<p>Visitation der evangelischen Kirchengemeinden Sch\u00f6mberg\/Oberehlenbogen und Reinerzau Einen bunten Strau\u00df Gemeindeleben und eine feste Wand, gebaut aus Gemeindegruppen pr\u00e4sentierten und entdeckten die Kirchengemeinden Reinerzau und Sch\u00f6mberg am 7.November anl\u00e4sslich ihres Gemeindeforums. Die \u00f6ffentliche Veranstaltung der Kirchengemeinden im Gemeindehaus Reinerzau fand im Rahmen der Gemeindevisitation durch Dekan Trick aus Freudenstadt statt und hatte zum Ziel die &hellip; <\/p>\n<p><a class=\"more-link btn\" href=\"https:\/\/lossburg-schoemberg.de\/index.php\/rueckblick\/2014-2\/gemeindeforum-2014\/\">Weiterlesen<\/a><\/p>\n","protected":false},"author":1,"featured_media":2754,"parent":2523,"menu_order":30,"comment_status":"open","ping_status":"open","template":"","meta":{"footnotes":""},"class_list":["post-2753","page","type-page","status-publish","has-post-thumbnail","hentry","nodate","item-wrap"],"_links":{"self":[{"href":"https:\/\/lossburg-schoemberg.de\/index.php\/wp-json\/wp\/v2\/pages\/2753","targetHints":{"allow":["GET"]}}],"collection":[{"href":"https:\/\/lossburg-schoemberg.de\/index.php\/wp-json\/wp\/v2\/pages"}],"about":[{"href":"https:\/\/lossburg-schoemberg.de\/index.php\/wp-json\/wp\/v2\/types\/page"}],"author":[{"embeddable":true,"href":"https:\/\/lossburg-schoemberg.de\/index.php\/wp-json\/wp\/v2\/users\/1"}],"replies":[{"embeddable":true,"href":"https:\/\/lossburg-schoemberg.de\/index.php\/wp-json\/wp\/v2\/comments?post=2753"}],"version-history":[{"count":2,"href":"https:\/\/lossburg-schoemberg.de\/index.php\/wp-json\/wp\/v2\/pages\/2753\/revisions"}],"predecessor-version":[{"id":2759,"href":"https:\/\/lossburg-schoemberg.de\/index.php\/wp-json\/wp\/v2\/pages\/2753\/revisions\/2759"}],"up":[{"embeddable":true,"href":"https:\/\/lossburg-schoemberg.de\/index.php\/wp-json\/wp\/v2\/pages\/2523"}],"wp:featuredmedia":[{"embeddable":true,"href":"https:\/\/lossburg-schoemberg.de\/index.php\/wp-json\/wp\/v2\/media\/2754"}],"wp:attachment":[{"href":"https:\/\/lossburg-schoemberg.de\/index.php\/wp-json\/wp\/v2\/media?parent=2753"}],"curies":[{"name":"wp","href":"https:\/\/api.w.org\/{rel}","templated":true}]}}