{"id":2722,"date":"2014-11-08T17:37:25","date_gmt":"2014-11-08T16:37:25","guid":{"rendered":"http:\/\/lossburg-schoemberg.de\/?page_id=2722"},"modified":"2024-06-30T09:59:40","modified_gmt":"2024-06-30T07:59:40","slug":"solhof","status":"publish","type":"page","link":"https:\/\/lossburg-schoemberg.de\/index.php\/gastronomie\/solhof\/","title":{"rendered":"Solhof Sch\u00f6mberg"},"content":{"rendered":"<div class=\"entry-content clearfix\">\n<h4><a href=\"http:\/\/lossburg-schoemberg.de\/wp-content\/uploads\/2014\/11\/Logo17.jpg\"><img loading=\"lazy\" decoding=\"async\" class=\"alignleft wp-image-3659\" src=\"http:\/\/lossburg-schoemberg.de\/wp-content\/uploads\/2014\/11\/Logo17.jpg\" alt=\"\" width=\"160\" height=\"160\" srcset=\"https:\/\/lossburg-schoemberg.de\/wp-content\/uploads\/2014\/11\/Logo17.jpg 300w, https:\/\/lossburg-schoemberg.de\/wp-content\/uploads\/2014\/11\/Logo17-125x125.jpg 125w\" sizes=\"auto, (max-width: 160px) 100vw, 160px\" \/><\/a><a href=\"http:\/\/lossburg-schoemberg.de\/wp-content\/uploads\/2014\/11\/Solhof6.jpg\"><img loading=\"lazy\" decoding=\"async\" class=\"wp-image-3669 alignright\" src=\"http:\/\/lossburg-schoemberg.de\/wp-content\/uploads\/2014\/11\/Solhof6-295x300.jpg\" alt=\"\" width=\"157\" height=\"160\" srcset=\"https:\/\/lossburg-schoemberg.de\/wp-content\/uploads\/2014\/11\/Solhof6-295x300.jpg 295w, https:\/\/lossburg-schoemberg.de\/wp-content\/uploads\/2014\/11\/Solhof6-768x782.jpg 768w, https:\/\/lossburg-schoemberg.de\/wp-content\/uploads\/2014\/11\/Solhof6-1006x1024.jpg 1006w, https:\/\/lossburg-schoemberg.de\/wp-content\/uploads\/2014\/11\/Solhof6.jpg 1920w\" sizes=\"auto, (max-width: 157px) 100vw, 157px\" \/><\/a><\/h4>\n<h4 style=\"text-align: center;\">Landgasthof Solhof Sch\u00f6mberg<\/h4>\n<p style=\"text-align: center;\">Lorin und Christian H\u00fcbner<br \/>\nSch\u00f6mberg<br \/>\nOrtsstra\u00dfe 43<br \/>\n72290 Lo\u00dfburg<br \/>\nTel. 07446 1246<\/p>\n<p style=\"text-align: center;\"><a href=\"http:\/\/www.solhof.de\" target=\"_blank\" rel=\"noopener noreferrer\">Solhof im Internet, in Facebook<\/a><\/p>\n<p>&nbsp;<\/p>\n<h3>Herzlich willkommen im Gasthof Solhof in Sch\u00f6mberg<\/h3>\n<p>Der Gasthof Solhof bietet<\/p>\n<ul>\n<li>Famili\u00e4re Atmosph\u00e4re<\/li>\n<li>Gem\u00fctliches Restaurant mit mehrfach ausgezeichneter K\u00fcche<\/li>\n<li>Sch\u00f6ner Biergarten<\/li>\n<li>Catering<\/li>\n<li>Behagliche Landhauszimmer mit Dusche, WC, TV und Balkon<\/li>\n<li>Aufzug im Haus<\/li>\n<li>Vielf\u00e4ltige Ausflugsziele und Freizeitangebote in der n\u00e4heren Umgebung (Freudenstadt, 9 km)<\/li>\n<\/ul>\n<p><strong>K\u00fcchenzeiten<\/strong><br \/>\n<strong>Mittwoch, Donnerstag, Freitag<\/strong><br \/>\nvon 17.00 Uhr bis 20.30 Uhr<br \/>\n<strong>Samstag<\/strong><br \/>\nvon 11.30 Uhr bis 14.00 Uhr und 17.00 Uhr bis 20.30 Uhr<br \/>\n<strong>Sonntag<\/strong><br \/>\nvon 11.30 Uhr bis 14.00 Uhr und 17.10 Uhr bis 20.00 Uhr<\/p>\n<\/div>\n<table class=\" aligncenter\">\n<tbody>\n<tr>\n<td style=\"text-align: center;\"><a href=\"http:\/\/lossburg-schoemberg.de\/wp-content\/uploads\/2014\/11\/Solhof3.jpg\"><img loading=\"lazy\" decoding=\"async\" class=\"aligncenter wp-image-3667\" src=\"http:\/\/lossburg-schoemberg.de\/wp-content\/uploads\/2014\/11\/Solhof3-300x198.jpg\" alt=\"\" width=\"320\" height=\"211\" srcset=\"https:\/\/lossburg-schoemberg.de\/wp-content\/uploads\/2014\/11\/Solhof3-300x198.jpg 300w, https:\/\/lossburg-schoemberg.de\/wp-content\/uploads\/2014\/11\/Solhof3-768x507.jpg 768w, https:\/\/lossburg-schoemberg.de\/wp-content\/uploads\/2014\/11\/Solhof3-1024x676.jpg 1024w, https:\/\/lossburg-schoemberg.de\/wp-content\/uploads\/2014\/11\/Solhof3.jpg 1920w\" sizes=\"auto, (max-width: 320px) 100vw, 320px\" \/><\/a><\/td>\n<td style=\"text-align: center;\"><a href=\"http:\/\/lossburg-schoemberg.de\/wp-content\/uploads\/2014\/11\/Solhof1.jpg\"><img loading=\"lazy\" decoding=\"async\" class=\"aligncenter wp-image-3665\" src=\"http:\/\/lossburg-schoemberg.de\/wp-content\/uploads\/2014\/11\/Solhof1-300x177.jpg\" alt=\"\" width=\"320\" height=\"189\" srcset=\"https:\/\/lossburg-schoemberg.de\/wp-content\/uploads\/2014\/11\/Solhof1-300x177.jpg 300w, https:\/\/lossburg-schoemberg.de\/wp-content\/uploads\/2014\/11\/Solhof1-768x453.jpg 768w, https:\/\/lossburg-schoemberg.de\/wp-content\/uploads\/2014\/11\/Solhof1-1024x604.jpg 1024w, https:\/\/lossburg-schoemberg.de\/wp-content\/uploads\/2014\/11\/Solhof1.jpg 1920w\" sizes=\"auto, (max-width: 320px) 100vw, 320px\" \/><\/a><\/td>\n<\/tr>\n<tr>\n<td style=\"text-align: center;\"><a href=\"http:\/\/lossburg-schoemberg.de\/wp-content\/uploads\/2014\/11\/Solhof2.jpg\"><img loading=\"lazy\" decoding=\"async\" class=\"aligncenter wp-image-3666\" src=\"http:\/\/lossburg-schoemberg.de\/wp-content\/uploads\/2014\/11\/Solhof2-300x163.jpg\" alt=\"\" width=\"320\" height=\"174\" srcset=\"https:\/\/lossburg-schoemberg.de\/wp-content\/uploads\/2014\/11\/Solhof2-300x163.jpg 300w, https:\/\/lossburg-schoemberg.de\/wp-content\/uploads\/2014\/11\/Solhof2-768x418.jpg 768w, https:\/\/lossburg-schoemberg.de\/wp-content\/uploads\/2014\/11\/Solhof2-1024x557.jpg 1024w, https:\/\/lossburg-schoemberg.de\/wp-content\/uploads\/2014\/11\/Solhof2.jpg 1920w\" sizes=\"auto, (max-width: 320px) 100vw, 320px\" \/><\/a><\/td>\n<td style=\"text-align: center;\"><a href=\"http:\/\/lossburg-schoemberg.de\/wp-content\/uploads\/2014\/11\/Solhof5.jpg\"><img loading=\"lazy\" decoding=\"async\" class=\"aligncenter wp-image-3668\" src=\"http:\/\/lossburg-schoemberg.de\/wp-content\/uploads\/2014\/11\/Solhof5-300x169.jpg\" alt=\"\" width=\"320\" height=\"180\" srcset=\"https:\/\/lossburg-schoemberg.de\/wp-content\/uploads\/2014\/11\/Solhof5-300x169.jpg 300w, https:\/\/lossburg-schoemberg.de\/wp-content\/uploads\/2014\/11\/Solhof5-768x432.jpg 768w, https:\/\/lossburg-schoemberg.de\/wp-content\/uploads\/2014\/11\/Solhof5-1024x577.jpg 1024w, https:\/\/lossburg-schoemberg.de\/wp-content\/uploads\/2014\/11\/Solhof5.jpg 1920w\" sizes=\"auto, (max-width: 320px) 100vw, 320px\" \/><\/a><\/td>\n<\/tr>\n<\/tbody>\n<\/table>\n<p>&nbsp;<\/p>\n<p><a href=\"http:\/\/lossburg-schoemberg.de\/wp-content\/uploads\/2014\/11\/Luftbild-SchoembergSolhof.jpg\"><img loading=\"lazy\" decoding=\"async\" class=\"aligncenter wp-image-3662 size-large\" src=\"http:\/\/lossburg-schoemberg.de\/wp-content\/uploads\/2014\/11\/Luftbild-SchoembergSolhof-1024x683.jpg\" alt=\"\" width=\"1024\" height=\"683\" srcset=\"https:\/\/lossburg-schoemberg.de\/wp-content\/uploads\/2014\/11\/Luftbild-SchoembergSolhof-1024x683.jpg 1024w, https:\/\/lossburg-schoemberg.de\/wp-content\/uploads\/2014\/11\/Luftbild-SchoembergSolhof-300x200.jpg 300w, https:\/\/lossburg-schoemberg.de\/wp-content\/uploads\/2014\/11\/Luftbild-SchoembergSolhof-768x512.jpg 768w, https:\/\/lossburg-schoemberg.de\/wp-content\/uploads\/2014\/11\/Luftbild-SchoembergSolhof.jpg 1920w\" sizes=\"auto, (max-width: 1024px) 100vw, 1024px\" \/><\/a><\/p>\n<p>&nbsp;<\/p>\n","protected":false},"excerpt":{"rendered":"<p>Landgasthof Solhof Sch\u00f6mberg Lorin und Christian H\u00fcbner Sch\u00f6mberg Ortsstra\u00dfe 43 72290 Lo\u00dfburg Tel. 07446 1246 Solhof im Internet, in Facebook &nbsp; Herzlich willkommen im Gasthof Solhof in Sch\u00f6mberg Der Gasthof Solhof bietet Famili\u00e4re Atmosph\u00e4re Gem\u00fctliches Restaurant mit mehrfach ausgezeichneter K\u00fcche Sch\u00f6ner Biergarten Catering Behagliche Landhauszimmer mit Dusche, WC, TV und Balkon Aufzug im Haus Vielf\u00e4ltige &hellip; <\/p>\n<p><a class=\"more-link btn\" href=\"https:\/\/lossburg-schoemberg.de\/index.php\/gastronomie\/solhof\/\">Weiterlesen<\/a><\/p>\n","protected":false},"author":2,"featured_media":2719,"parent":16,"menu_order":4,"comment_status":"open","ping_status":"open","template":"","meta":{"footnotes":""},"class_list":["post-2722","page","type-page","status-publish","has-post-thumbnail","hentry","nodate","item-wrap"],"_links":{"self":[{"href":"https:\/\/lossburg-schoemberg.de\/index.php\/wp-json\/wp\/v2\/pages\/2722","targetHints":{"allow":["GET"]}}],"collection":[{"href":"https:\/\/lossburg-schoemberg.de\/index.php\/wp-json\/wp\/v2\/pages"}],"about":[{"href":"https:\/\/lossburg-schoemberg.de\/index.php\/wp-json\/wp\/v2\/types\/page"}],"author":[{"embeddable":true,"href":"https:\/\/lossburg-schoemberg.de\/index.php\/wp-json\/wp\/v2\/users\/2"}],"replies":[{"embeddable":true,"href":"https:\/\/lossburg-schoemberg.de\/index.php\/wp-json\/wp\/v2\/comments?post=2722"}],"version-history":[{"count":31,"href":"https:\/\/lossburg-schoemberg.de\/index.php\/wp-json\/wp\/v2\/pages\/2722\/revisions"}],"predecessor-version":[{"id":5191,"href":"https:\/\/lossburg-schoemberg.de\/index.php\/wp-json\/wp\/v2\/pages\/2722\/revisions\/5191"}],"up":[{"embeddable":true,"href":"https:\/\/lossburg-schoemberg.de\/index.php\/wp-json\/wp\/v2\/pages\/16"}],"wp:featuredmedia":[{"embeddable":true,"href":"https:\/\/lossburg-schoemberg.de\/index.php\/wp-json\/wp\/v2\/media\/2719"}],"wp:attachment":[{"href":"https:\/\/lossburg-schoemberg.de\/index.php\/wp-json\/wp\/v2\/media?parent=2722"}],"curies":[{"name":"wp","href":"https:\/\/api.w.org\/{rel}","templated":true}]}}