{"id":2653,"date":"2014-07-30T23:14:15","date_gmt":"2014-07-30T21:14:15","guid":{"rendered":"http:\/\/lossburg-schoemberg.de\/?page_id=2653"},"modified":"2016-12-16T21:33:20","modified_gmt":"2016-12-16T20:33:20","slug":"backhausfest","status":"publish","type":"page","link":"https:\/\/lossburg-schoemberg.de\/index.php\/rueckblick\/2014-2\/backhausfest\/","title":{"rendered":"Backhausfest 2014"},"content":{"rendered":"<h3><strong>Gelungenes Backhausfest auf dem Sch\u00f6mberg<\/strong><\/h3>\n<h4>\u2013 Der Einladung der Dorfgemeinschaft folgten viele Besucher-<\/h4>\n<p>Am Samstag, 10. August wurde f\u00fcr die Sch\u00f6mberger der Holzofen im alten Backh\u00e4usle in der Reinerzauer Stra\u00dfe angefeuert.<\/p>\n<p>Am Nachmittag war der Ofen zum Backen vorbereitet. Flei\u00dfige Helfer waren daf\u00fcr zust\u00e4ndig, die Hitze zu halten und gegebenenfalls Holz nachzulegen, sodass die Besucher frisch gebackenen Flammkuchen in s\u00fc\u00dfer und herzhafter Form genie\u00dfen konnten.<\/p>\n<p>Das Fest begann am Sp\u00e4tnachmittag. Bei knusprig Gebackenem, Hefezopf und Bowle lie\u00dfen es sich die gro\u00dfen und kleinen Festbesucher an diesem lauen Sommerabend bis sp\u00e4t in die Nacht gut gehen.<\/p>\n<p>Tatkr\u00e4ftige Unterst\u00fctzung hatte das Back- und Bewirtungsteam vom Nachwuchs der Dorfgemeinschaft. So wurde auch hier wieder einmal bewiesen: Die Dorfgemeinschaft Sch\u00f6mberg lebt!<\/p>\n<p>Ein herzlicher Dank an alle, die in irgendeiner Form zum Gelingen des Backhausfestes beigetragen haben!<\/p>\n<pre>Text und einige Bilder: Diana Armbruster<\/pre>\n<p>&nbsp;<\/p>\n<p>&nbsp;<\/p>\n<table>\n<tbody>\n<tr>\n<td>\n<p><div id=\"attachment_2654\" style=\"width: 400px\" class=\"wp-caption alignnone\"><a href=\"http:\/\/lossburg-schoemberg.de\/wp-content\/uploads\/2014\/07\/Backhaus.jpg\"><img loading=\"lazy\" decoding=\"async\" aria-describedby=\"caption-attachment-2654\" class=\"wp-image-2654\" src=\"http:\/\/lossburg-schoemberg.de\/wp-content\/uploads\/2014\/07\/Backhaus.jpg\" alt=\"Backhaus\" width=\"400\" height=\"300\" srcset=\"https:\/\/lossburg-schoemberg.de\/wp-content\/uploads\/2014\/07\/Backhaus.jpg 1024w, https:\/\/lossburg-schoemberg.de\/wp-content\/uploads\/2014\/07\/Backhaus-300x225.jpg 300w\" sizes=\"auto, (max-width: 400px) 100vw, 400px\" \/><\/a><p id=\"caption-attachment-2654\" class=\"wp-caption-text\">Das Sch\u00f6mberger Backh\u00e4usle, k\u00fcnstlerisch bemalt von Paul Klumpp, Freudenstadt. Links ist die fr\u00fchere Arrestzelle, rechts der Backraum<\/p><\/div><\/td>\n<td><img loading=\"lazy\" decoding=\"async\" class=\"alignleft wp-image-2655\" src=\"http:\/\/lossburg-schoemberg.de\/wp-content\/uploads\/2014\/07\/Backhausfest.jpg\" alt=\"Backhausfest\" width=\"250\" height=\"352\" srcset=\"https:\/\/lossburg-schoemberg.de\/wp-content\/uploads\/2014\/07\/Backhausfest.jpg 354w, https:\/\/lossburg-schoemberg.de\/wp-content\/uploads\/2014\/07\/Backhausfest-213x300.jpg 213w\" sizes=\"auto, (max-width: 250px) 100vw, 250px\" \/><\/td>\n<\/tr>\n<tr>\n<td><a href=\"http:\/\/lossburg-schoemberg.de\/wp-content\/uploads\/2014\/07\/Backhausfest14b.jpg\"><img loading=\"lazy\" decoding=\"async\" class=\"alignleft wp-image-2662\" src=\"http:\/\/lossburg-schoemberg.de\/wp-content\/uploads\/2014\/07\/Backhausfest14b.jpg\" alt=\"Backhausfest14b\" width=\"390\" height=\"279\" srcset=\"https:\/\/lossburg-schoemberg.de\/wp-content\/uploads\/2014\/07\/Backhausfest14b.jpg 1024w, https:\/\/lossburg-schoemberg.de\/wp-content\/uploads\/2014\/07\/Backhausfest14b-300x214.jpg 300w\" sizes=\"auto, (max-width: 390px) 100vw, 390px\" \/><\/a><\/td>\n<td><a href=\"http:\/\/lossburg-schoemberg.de\/wp-content\/uploads\/2014\/07\/Backhausfest14c.jpg\"><img loading=\"lazy\" decoding=\"async\" class=\"alignleft wp-image-2663\" src=\"http:\/\/lossburg-schoemberg.de\/wp-content\/uploads\/2014\/07\/Backhausfest14c.jpg\" alt=\"Backhausfest14c\" width=\"280\" height=\"319\" srcset=\"https:\/\/lossburg-schoemberg.de\/wp-content\/uploads\/2014\/07\/Backhausfest14c.jpg 800w, https:\/\/lossburg-schoemberg.de\/wp-content\/uploads\/2014\/07\/Backhausfest14c-263x300.jpg 263w\" sizes=\"auto, (max-width: 280px) 100vw, 280px\" \/><\/a><\/td>\n<\/tr>\n<tr>\n<td colspan=\"2\"><a href=\"http:\/\/lossburg-schoemberg.de\/wp-content\/uploads\/2014\/07\/Backhausfest14a.jpg\"><img loading=\"lazy\" decoding=\"async\" class=\"alignleft wp-image-2661\" src=\"http:\/\/lossburg-schoemberg.de\/wp-content\/uploads\/2014\/07\/Backhausfest14a.jpg\" alt=\"Backhausfest14a\" width=\"750\" height=\"336\" srcset=\"https:\/\/lossburg-schoemberg.de\/wp-content\/uploads\/2014\/07\/Backhausfest14a.jpg 1280w, https:\/\/lossburg-schoemberg.de\/wp-content\/uploads\/2014\/07\/Backhausfest14a-300x134.jpg 300w, https:\/\/lossburg-schoemberg.de\/wp-content\/uploads\/2014\/07\/Backhausfest14a-1024x458.jpg 1024w\" sizes=\"auto, (max-width: 750px) 100vw, 750px\" \/><\/a><\/td>\n<\/tr>\n<\/tbody>\n<\/table>\n","protected":false},"excerpt":{"rendered":"<p>Gelungenes Backhausfest auf dem Sch\u00f6mberg \u2013 Der Einladung der Dorfgemeinschaft folgten viele Besucher- Am Samstag, 10. August wurde f\u00fcr die Sch\u00f6mberger der Holzofen im alten Backh\u00e4usle in der Reinerzauer Stra\u00dfe angefeuert. Am Nachmittag war der Ofen zum Backen vorbereitet. Flei\u00dfige Helfer waren daf\u00fcr zust\u00e4ndig, die Hitze zu halten und gegebenenfalls Holz nachzulegen, sodass die Besucher &hellip; <\/p>\n<p><a class=\"more-link btn\" href=\"https:\/\/lossburg-schoemberg.de\/index.php\/rueckblick\/2014-2\/backhausfest\/\">Weiterlesen<\/a><\/p>\n","protected":false},"author":1,"featured_media":2655,"parent":2523,"menu_order":20,"comment_status":"open","ping_status":"open","template":"","meta":{"footnotes":""},"class_list":["post-2653","page","type-page","status-publish","has-post-thumbnail","hentry","nodate","item-wrap"],"_links":{"self":[{"href":"https:\/\/lossburg-schoemberg.de\/index.php\/wp-json\/wp\/v2\/pages\/2653","targetHints":{"allow":["GET"]}}],"collection":[{"href":"https:\/\/lossburg-schoemberg.de\/index.php\/wp-json\/wp\/v2\/pages"}],"about":[{"href":"https:\/\/lossburg-schoemberg.de\/index.php\/wp-json\/wp\/v2\/types\/page"}],"author":[{"embeddable":true,"href":"https:\/\/lossburg-schoemberg.de\/index.php\/wp-json\/wp\/v2\/users\/1"}],"replies":[{"embeddable":true,"href":"https:\/\/lossburg-schoemberg.de\/index.php\/wp-json\/wp\/v2\/comments?post=2653"}],"version-history":[{"count":7,"href":"https:\/\/lossburg-schoemberg.de\/index.php\/wp-json\/wp\/v2\/pages\/2653\/revisions"}],"predecessor-version":[{"id":2670,"href":"https:\/\/lossburg-schoemberg.de\/index.php\/wp-json\/wp\/v2\/pages\/2653\/revisions\/2670"}],"up":[{"embeddable":true,"href":"https:\/\/lossburg-schoemberg.de\/index.php\/wp-json\/wp\/v2\/pages\/2523"}],"wp:featuredmedia":[{"embeddable":true,"href":"https:\/\/lossburg-schoemberg.de\/index.php\/wp-json\/wp\/v2\/media\/2655"}],"wp:attachment":[{"href":"https:\/\/lossburg-schoemberg.de\/index.php\/wp-json\/wp\/v2\/media?parent=2653"}],"curies":[{"name":"wp","href":"https:\/\/api.w.org\/{rel}","templated":true}]}}