{"id":2557,"date":"2014-05-19T22:48:24","date_gmt":"2014-05-19T20:48:24","guid":{"rendered":"http:\/\/lossburg-schoemberg.de\/?page_id=2557"},"modified":"2016-12-16T21:38:31","modified_gmt":"2016-12-16T20:38:31","slug":"bauarbeiten-beginnen","status":"publish","type":"page","link":"https:\/\/lossburg-schoemberg.de\/index.php\/rueckblick\/2015-2\/bauarbeiten-beginnen\/","title":{"rendered":"Windenergieanlagen werden geplant"},"content":{"rendered":"<p>Auf dem H\u00f6henr\u00fccken zwischen Sch\u00f6mberg und Alpirsbach l\u00e4uft derzeit eine Planung f\u00fcr 6 gro\u00dfe Windr\u00e4der.<br \/>\nGeplante Anlagen: Enercon E115 mit 149m Nabenh\u00f6he, 115,7m Rotordurchmesser, 3000kW.<\/p>\n<p>Die Standorte sollen im Bereich Nonnenstein, Blassenbuch und Egte liegen.<\/p>\n<p>In n\u00e4chster Zeit wir von einem Gutachter das betroffene Waldgebiet untersucht auf das Vorkommen des hier vorhandenen roten Milans und auch darauf ob sicher kein Auerwild vorhanden ist.<br \/>\nWeiter soll im Wald eine gro\u00dfe Windmesseinrichtung aufgestellt werden, die \u00fcber ein Jahr hinweg die Windgeschwindigkeit misst.<\/p>\n<p>Wir Sch\u00f6mberger bef\u00fcrchten, dass ein Teil der Transporte zum Bau der Windr\u00e4der durch unseren gepflegten, mehrfach ausgezeichneten Ort rollen k\u00f6nnte.<\/p>\n","protected":false},"excerpt":{"rendered":"<p>Auf dem H\u00f6henr\u00fccken zwischen Sch\u00f6mberg und Alpirsbach l\u00e4uft derzeit eine Planung f\u00fcr 6 gro\u00dfe Windr\u00e4der. Geplante Anlagen: Enercon E115 mit 149m Nabenh\u00f6he, 115,7m Rotordurchmesser, 3000kW. Die Standorte sollen im Bereich Nonnenstein, Blassenbuch und Egte liegen. In n\u00e4chster Zeit wir von einem Gutachter das betroffene Waldgebiet untersucht auf das Vorkommen des hier vorhandenen roten Milans und &hellip; <\/p>\n<p><a class=\"more-link btn\" href=\"https:\/\/lossburg-schoemberg.de\/index.php\/rueckblick\/2015-2\/bauarbeiten-beginnen\/\">Weiterlesen<\/a><\/p>\n","protected":false},"author":1,"featured_media":0,"parent":3223,"menu_order":30,"comment_status":"open","ping_status":"open","template":"","meta":{"footnotes":""},"class_list":["post-2557","page","type-page","status-publish","hentry","nodate","item-wrap"],"_links":{"self":[{"href":"https:\/\/lossburg-schoemberg.de\/index.php\/wp-json\/wp\/v2\/pages\/2557","targetHints":{"allow":["GET"]}}],"collection":[{"href":"https:\/\/lossburg-schoemberg.de\/index.php\/wp-json\/wp\/v2\/pages"}],"about":[{"href":"https:\/\/lossburg-schoemberg.de\/index.php\/wp-json\/wp\/v2\/types\/page"}],"author":[{"embeddable":true,"href":"https:\/\/lossburg-schoemberg.de\/index.php\/wp-json\/wp\/v2\/users\/1"}],"replies":[{"embeddable":true,"href":"https:\/\/lossburg-schoemberg.de\/index.php\/wp-json\/wp\/v2\/comments?post=2557"}],"version-history":[{"count":6,"href":"https:\/\/lossburg-schoemberg.de\/index.php\/wp-json\/wp\/v2\/pages\/2557\/revisions"}],"predecessor-version":[{"id":2695,"href":"https:\/\/lossburg-schoemberg.de\/index.php\/wp-json\/wp\/v2\/pages\/2557\/revisions\/2695"}],"up":[{"embeddable":true,"href":"https:\/\/lossburg-schoemberg.de\/index.php\/wp-json\/wp\/v2\/pages\/3223"}],"wp:attachment":[{"href":"https:\/\/lossburg-schoemberg.de\/index.php\/wp-json\/wp\/v2\/media?parent=2557"}],"curies":[{"name":"wp","href":"https:\/\/api.w.org\/{rel}","templated":true}]}}