{"id":2544,"date":"2014-05-13T19:22:25","date_gmt":"2014-05-13T17:22:25","guid":{"rendered":"http:\/\/lossburg-schoemberg.de\/?page_id=2544"},"modified":"2016-12-16T21:32:08","modified_gmt":"2016-12-16T20:32:08","slug":"schutzhuette-oberer-wald","status":"publish","type":"page","link":"https:\/\/lossburg-schoemberg.de\/index.php\/rueckblick\/2014-2\/schutzhuette-oberer-wald\/","title":{"rendered":"Schutzh\u00fctte oberer Wald"},"content":{"rendered":"<h3>Startschuss f\u00fcr den Bau der neuen Schutzh\u00fctte war der Spatenstich, verbunden mit dem Abbruch der alten H\u00fctte.<\/h3>\n<p>Zum Spatenstich sind neben den Vertretern aus der Gemeindeverwaltung viele Sch\u00f6mberger gekommen. Trotz kaltem Wetter haben viele den Baubeginn verfolgt um sich anschlie\u00dfend zu einem Vesper zu treffen in der ehemaligen Pausenhalle.<\/p>\n<p>Vielen Dank an die Dorfgemeinschaft die f\u00fcr das Leibliche Wohl gesorgt hat und der Feuerwehr die sofort im Anschluss die alte H\u00fctte abgebrochen hat.<br \/>\nHier einige Bilder von -doch beteutenden-\u00a0 Ereignis f\u00fcr Sch\u00f6mberg.<\/p>\n<p>&nbsp;<\/p>\n<table class=\" aligncenter\">\n<tbody>\n<tr>\n<td style=\"width: 50%;\">\n<p><div id=\"attachment_2545\" style=\"width: 300px\" class=\"wp-caption alignnone\"><a href=\"http:\/\/lossburg-schoemberg.de\/wp-content\/uploads\/2014\/05\/Spatenstich2.jpg\"><img loading=\"lazy\" decoding=\"async\" aria-describedby=\"caption-attachment-2545\" class=\"wp-image-2545 size-medium\" src=\"http:\/\/lossburg-schoemberg.de\/wp-content\/uploads\/2014\/05\/Spatenstich2-300x171.jpg\" alt=\"Spatenstich2\" width=\"300\" height=\"171\" srcset=\"https:\/\/lossburg-schoemberg.de\/wp-content\/uploads\/2014\/05\/Spatenstich2-300x171.jpg 300w, https:\/\/lossburg-schoemberg.de\/wp-content\/uploads\/2014\/05\/Spatenstich2.jpg 1024w\" sizes=\"auto, (max-width: 300px) 100vw, 300px\" \/><\/a><p id=\"caption-attachment-2545\" class=\"wp-caption-text\">Festrede zum Spatenstich von der alten H\u00fctte aus<\/p><\/div><\/td>\n<td><a href=\"http:\/\/lossburg-schoemberg.de\/wp-content\/uploads\/2014\/05\/Abbruch0.jpg\"><img loading=\"lazy\" decoding=\"async\" class=\"aligncenter wp-image-2547 size-medium\" src=\"http:\/\/lossburg-schoemberg.de\/wp-content\/uploads\/2014\/05\/Abbruch0-300x262.jpg\" alt=\"Abbruch0\" width=\"300\" height=\"262\" srcset=\"https:\/\/lossburg-schoemberg.de\/wp-content\/uploads\/2014\/05\/Abbruch0-300x262.jpg 300w, https:\/\/lossburg-schoemberg.de\/wp-content\/uploads\/2014\/05\/Abbruch0.jpg 1024w\" sizes=\"auto, (max-width: 300px) 100vw, 300px\" \/><\/a><\/td>\n<\/tr>\n<tr>\n<td>\n<p><div id=\"attachment_2546\" style=\"width: 300px\" class=\"wp-caption aligncenter\"><a href=\"http:\/\/lossburg-schoemberg.de\/wp-content\/uploads\/2014\/05\/Spatenstich.jpg\"><img loading=\"lazy\" decoding=\"async\" aria-describedby=\"caption-attachment-2546\" class=\"wp-image-2546 size-medium\" src=\"http:\/\/lossburg-schoemberg.de\/wp-content\/uploads\/2014\/05\/Spatenstich-300x186.jpg\" alt=\"Spatenstich\" width=\"300\" height=\"186\" srcset=\"https:\/\/lossburg-schoemberg.de\/wp-content\/uploads\/2014\/05\/Spatenstich-300x186.jpg 300w, https:\/\/lossburg-schoemberg.de\/wp-content\/uploads\/2014\/05\/Spatenstich.jpg 1024w\" sizes=\"auto, (max-width: 300px) 100vw, 300px\" \/><\/a><p id=\"caption-attachment-2546\" class=\"wp-caption-text\">Von Links: Architekt Heinz Feuchter, Architektin Carmen Feuchter, Gemeindek\u00e4mmerer G\u00fcnther Muth, Bauamtsleiter Erich G\u00fcnther, Gemeinderat Rolf Kilgus, Vorsand der Dorfgemeinschaft Marco Eberhardt, Feuerwehrkommandant Uli Armbruster, Ortsvorsteher Kurt Winter, Stellvertretender B\u00fcrgermeister Manfred Hauser<\/p><\/div><\/td>\n<td>\n<p><div id=\"attachment_2548\" style=\"width: 300px\" class=\"wp-caption aligncenter\"><a href=\"http:\/\/lossburg-schoemberg.de\/wp-content\/uploads\/2014\/05\/Abbruch1.jpg\"><img loading=\"lazy\" decoding=\"async\" aria-describedby=\"caption-attachment-2548\" class=\"wp-image-2548 size-medium\" src=\"http:\/\/lossburg-schoemberg.de\/wp-content\/uploads\/2014\/05\/Abbruch1-300x210.jpg\" alt=\"Abbruch1\" width=\"300\" height=\"210\" srcset=\"https:\/\/lossburg-schoemberg.de\/wp-content\/uploads\/2014\/05\/Abbruch1-300x210.jpg 300w, https:\/\/lossburg-schoemberg.de\/wp-content\/uploads\/2014\/05\/Abbruch1.jpg 1024w\" sizes=\"auto, (max-width: 300px) 100vw, 300px\" \/><\/a><p id=\"caption-attachment-2548\" class=\"wp-caption-text\">Die Feuerwehr greift an &#8230;<\/p><\/div><\/td>\n<\/tr>\n<tr>\n<td><a href=\"http:\/\/lossburg-schoemberg.de\/wp-content\/uploads\/2014\/05\/Abbruch2.jpg\"><img loading=\"lazy\" decoding=\"async\" class=\"aligncenter wp-image-2549 size-medium\" src=\"http:\/\/lossburg-schoemberg.de\/wp-content\/uploads\/2014\/05\/Abbruch2-300x189.jpg\" alt=\"Abbruch2\" width=\"300\" height=\"189\" srcset=\"https:\/\/lossburg-schoemberg.de\/wp-content\/uploads\/2014\/05\/Abbruch2-300x189.jpg 300w, https:\/\/lossburg-schoemberg.de\/wp-content\/uploads\/2014\/05\/Abbruch2.jpg 1024w\" sizes=\"auto, (max-width: 300px) 100vw, 300px\" \/><\/a><\/td>\n<td><a href=\"http:\/\/lossburg-schoemberg.de\/wp-content\/uploads\/2014\/05\/Abbruch3.jpg\"><img loading=\"lazy\" decoding=\"async\" class=\"aligncenter wp-image-2550 size-medium\" src=\"http:\/\/lossburg-schoemberg.de\/wp-content\/uploads\/2014\/05\/Abbruch3-300x206.jpg\" alt=\"Abbruch3\" width=\"300\" height=\"206\" srcset=\"https:\/\/lossburg-schoemberg.de\/wp-content\/uploads\/2014\/05\/Abbruch3-300x206.jpg 300w, https:\/\/lossburg-schoemberg.de\/wp-content\/uploads\/2014\/05\/Abbruch3.jpg 1024w\" sizes=\"auto, (max-width: 300px) 100vw, 300px\" \/><\/a><\/td>\n<\/tr>\n<tr>\n<td><a href=\"http:\/\/lossburg-schoemberg.de\/wp-content\/uploads\/2014\/05\/Abbruch4.jpg\"><img loading=\"lazy\" decoding=\"async\" class=\"aligncenter wp-image-2551 size-medium\" src=\"http:\/\/lossburg-schoemberg.de\/wp-content\/uploads\/2014\/05\/Abbruch4-300x191.jpg\" alt=\"Abbruch4\" width=\"300\" height=\"191\" srcset=\"https:\/\/lossburg-schoemberg.de\/wp-content\/uploads\/2014\/05\/Abbruch4-300x191.jpg 300w, https:\/\/lossburg-schoemberg.de\/wp-content\/uploads\/2014\/05\/Abbruch4.jpg 1024w\" sizes=\"auto, (max-width: 300px) 100vw, 300px\" \/><\/a><\/td>\n<td><a href=\"http:\/\/lossburg-schoemberg.de\/wp-content\/uploads\/2014\/05\/Abbruch5.jpg\"><img loading=\"lazy\" decoding=\"async\" class=\"aligncenter wp-image-2552 size-medium\" src=\"http:\/\/lossburg-schoemberg.de\/wp-content\/uploads\/2014\/05\/Abbruch5-300x227.jpg\" alt=\"Abbruch5\" width=\"300\" height=\"227\" srcset=\"https:\/\/lossburg-schoemberg.de\/wp-content\/uploads\/2014\/05\/Abbruch5-300x227.jpg 300w, https:\/\/lossburg-schoemberg.de\/wp-content\/uploads\/2014\/05\/Abbruch5.jpg 1024w\" sizes=\"auto, (max-width: 300px) 100vw, 300px\" \/><\/a><\/td>\n<\/tr>\n<tr>\n<td><a href=\"http:\/\/lossburg-schoemberg.de\/wp-content\/uploads\/2014\/05\/Abbruch6.jpg\"><img loading=\"lazy\" decoding=\"async\" class=\"aligncenter wp-image-2553 size-medium\" src=\"http:\/\/lossburg-schoemberg.de\/wp-content\/uploads\/2014\/05\/Abbruch6-300x225.jpg\" alt=\"Abbruch6\" width=\"300\" height=\"225\" srcset=\"https:\/\/lossburg-schoemberg.de\/wp-content\/uploads\/2014\/05\/Abbruch6-300x225.jpg 300w, https:\/\/lossburg-schoemberg.de\/wp-content\/uploads\/2014\/05\/Abbruch6.jpg 1024w\" sizes=\"auto, (max-width: 300px) 100vw, 300px\" \/><\/a><\/td>\n<td>\n<p><div id=\"attachment_2554\" style=\"width: 300px\" class=\"wp-caption aligncenter\"><a href=\"http:\/\/lossburg-schoemberg.de\/wp-content\/uploads\/2014\/05\/Abbruch7.jpg\"><img loading=\"lazy\" decoding=\"async\" aria-describedby=\"caption-attachment-2554\" class=\"wp-image-2554 size-medium\" src=\"http:\/\/lossburg-schoemberg.de\/wp-content\/uploads\/2014\/05\/Abbruch7-300x216.jpg\" alt=\"Abbruch7\" width=\"300\" height=\"216\" srcset=\"https:\/\/lossburg-schoemberg.de\/wp-content\/uploads\/2014\/05\/Abbruch7-300x216.jpg 300w, https:\/\/lossburg-schoemberg.de\/wp-content\/uploads\/2014\/05\/Abbruch7.jpg 1024w\" sizes=\"auto, (max-width: 300px) 100vw, 300px\" \/><\/a><p id=\"caption-attachment-2554\" class=\"wp-caption-text\">&#8230; und erledigt die Arbeit am selben Nachmittag<\/p><\/div><\/td>\n<\/tr>\n<\/tbody>\n<\/table>\n","protected":false},"excerpt":{"rendered":"<p>Startschuss f\u00fcr den Bau der neuen Schutzh\u00fctte war der Spatenstich, verbunden mit dem Abbruch der alten H\u00fctte. Zum Spatenstich sind neben den Vertretern aus der Gemeindeverwaltung viele Sch\u00f6mberger gekommen. Trotz kaltem Wetter haben viele den Baubeginn verfolgt um sich anschlie\u00dfend zu einem Vesper zu treffen in der ehemaligen Pausenhalle. Vielen Dank an die Dorfgemeinschaft die &hellip; <\/p>\n<p><a class=\"more-link btn\" href=\"https:\/\/lossburg-schoemberg.de\/index.php\/rueckblick\/2014-2\/schutzhuette-oberer-wald\/\">Weiterlesen<\/a><\/p>\n","protected":false},"author":1,"featured_media":2546,"parent":2523,"menu_order":5,"comment_status":"open","ping_status":"open","template":"","meta":{"footnotes":""},"class_list":["post-2544","page","type-page","status-publish","has-post-thumbnail","hentry","nodate","item-wrap"],"_links":{"self":[{"href":"https:\/\/lossburg-schoemberg.de\/index.php\/wp-json\/wp\/v2\/pages\/2544","targetHints":{"allow":["GET"]}}],"collection":[{"href":"https:\/\/lossburg-schoemberg.de\/index.php\/wp-json\/wp\/v2\/pages"}],"about":[{"href":"https:\/\/lossburg-schoemberg.de\/index.php\/wp-json\/wp\/v2\/types\/page"}],"author":[{"embeddable":true,"href":"https:\/\/lossburg-schoemberg.de\/index.php\/wp-json\/wp\/v2\/users\/1"}],"replies":[{"embeddable":true,"href":"https:\/\/lossburg-schoemberg.de\/index.php\/wp-json\/wp\/v2\/comments?post=2544"}],"version-history":[{"count":9,"href":"https:\/\/lossburg-schoemberg.de\/index.php\/wp-json\/wp\/v2\/pages\/2544\/revisions"}],"predecessor-version":[{"id":2669,"href":"https:\/\/lossburg-schoemberg.de\/index.php\/wp-json\/wp\/v2\/pages\/2544\/revisions\/2669"}],"up":[{"embeddable":true,"href":"https:\/\/lossburg-schoemberg.de\/index.php\/wp-json\/wp\/v2\/pages\/2523"}],"wp:featuredmedia":[{"embeddable":true,"href":"https:\/\/lossburg-schoemberg.de\/index.php\/wp-json\/wp\/v2\/media\/2546"}],"wp:attachment":[{"href":"https:\/\/lossburg-schoemberg.de\/index.php\/wp-json\/wp\/v2\/media?parent=2544"}],"curies":[{"name":"wp","href":"https:\/\/api.w.org\/{rel}","templated":true}]}}