{"id":2533,"date":"2014-05-09T23:02:03","date_gmt":"2014-05-09T21:02:03","guid":{"rendered":"http:\/\/lossburg-schoemberg.de\/?page_id=2533"},"modified":"2016-12-16T21:33:45","modified_gmt":"2016-12-16T20:33:45","slug":"herbstausflug","status":"publish","type":"page","link":"https:\/\/lossburg-schoemberg.de\/index.php\/rueckblick\/2014-2\/herbstausflug\/","title":{"rendered":"Herbstausflug"},"content":{"rendered":"<h3>Bericht des Herbstausfluges in Gedichtform von Diana Armbruster<\/h3>\n<h4>Herbstausflug 2014<\/h4>\n<p>Wie immer am 3. Oktober \u2013 und so auch in diesem Jahr<br \/>\ntraf sich eine bunte Schar<br \/>\nvon Sch\u00f6mbergern morgens um halb 8,<br \/>\nund hat sich auf den Weg gemacht.<br \/>\n2 Tage ins Breisgau sollte es geh\u2019n<br \/>\nund die Vorfreude war allen anzuseh\u2019n.<\/p>\n<p>Wir fuhren nach Breisach zu Geldermanns Sektkellerei;<br \/>\ndie F\u00fchrung dort war einwandfrei<br \/>\nund auch die Sektprobe im Anschluss daran<br \/>\nkam bei allen richtig gut an.<br \/>\nOb trocken, lieblich, hell oder ros\u00e9,<br \/>\nnach ein paar Gl\u00e4sern war\u2019s richtig \u201eschee\u201c.<br \/>\nZwischendurch ein paar H\u00e4ppchen K\u00e4se und Brot,<br \/>\nda wurde so manches B\u00e4ckle rot.<br \/>\nNach diesem Genuss fuhren wir weiter.<br \/>\nDie Stimmung war ausgelassen und heiter.<\/p>\n<p>So checkten wir im Hotel gerne ein.<br \/>\nDer \u201eWindenreuter Hof\u201c ist super!<br \/>\n-So soll es auch sein!<\/p>\n<p>Nun ging es bei herrlichem Wetter zur Schifffahrt auf den Rhein.<br \/>\nBei einem Kaffee die Sonne genie\u00dfen \u2013 das war schon fein!<br \/>\n2 Stunden auf dem Schiff und 2 Mal durch die Schleuse;<br \/>\nzum Kapit\u00e4n durften nur die kleinen M\u00e4use.<\/p>\n<p>Wieder an Land und auf sicheren F\u00fc\u00dfen<br \/>\nwollten wir noch den Abend genie\u00dfen.<br \/>\nIn Burkheim war Weinfest \u2013 das hatten wir im Sinn<br \/>\nund so gingen wir alle zusammen dort hin.<br \/>\nBei Musik und Wein in gem\u00fctlicher Runde<br \/>\nverging so manche fr\u00f6hliche Stunde.<br \/>\nUnd wer nicht genug hatte vom Beisammensein<br \/>\nkehrte noch stundenlang in der Hotelbar ein.<\/p>\n<p>Am n\u00e4chsten Morgen nach einem tollen Fr\u00fchst\u00fccksbuffet<br \/>\nfuhren wir hinauf auf 1284 Meter H\u00f6h\u2018.<br \/>\nWo wir da waren? \u2013 Ihr k\u00f6nnt es erraten:<br \/>\nDer Schauinsland bei Freiburg war unser Ziel.<br \/>\nGesehen haben wir dort recht viel:<br \/>\nFeldberg, Belchen, Kandel und die Gegend am Rhein<br \/>\n-nach so viel Aussicht kehrten wir \u2013mal wieder- ein.<br \/>\nDas Gasthaus auf dem Berg lud zum Mittagessen.<br \/>\nJa: auch das leibliche Wohl wurde nicht vergessen.<\/p>\n<p>Noch ein paar Fotos, ein letzter Blick<br \/>\nund schon fuhren wir in die Heimat zur\u00fcck.<br \/>\nAm fr\u00fchen Abend waren wir wieder daheim<br \/>\nund kehrten noch in der \u201eSonne\u201c ein.<\/p>\n<p>Es waren sch\u00f6ne Tage.<br \/>\nEs hat allen Spa\u00df gemacht \u2013 ohne Frage!<br \/>\nDoch dieser Ausflug w\u00e4re nicht gewesen so sch\u00f6n<br \/>\nohne unseren Mario K\u00f6hn.<br \/>\nEr hat alles perfekt geplant und organisiert<br \/>\nund sehr, sehr viel Zeit daf\u00fcr investiert.<br \/>\nAn ihn geht unser aller Dank<br \/>\n-wir sind schon auf n\u00e4chstes Jahr gespannt \ud83d\ude09<br \/>\nEin Dank auch an Andy, er fuhr sicher und gekonnt<br \/>\nund wurde mit gro\u00dfem Beifall belohnt.<\/p>\n<p>So bleibt jetzt die Erinnerung an eine sch\u00f6ne Zeit<br \/>\n-auf die n\u00e4chsten Dorfgemeinschafts-Events freuen wir uns schon heut\u2018!<\/p>\n<table>\n<tbody>\n<tr>\n<td><a href=\"http:\/\/lossburg-schoemberg.de\/wp-content\/uploads\/2014\/05\/Ausflug2.jpg\"><img loading=\"lazy\" decoding=\"async\" class=\"alignleft wp-image-2701\" src=\"http:\/\/lossburg-schoemberg.de\/wp-content\/uploads\/2014\/05\/Ausflug2.jpg\" alt=\"Ausflug2\" width=\"300\" height=\"178\" srcset=\"https:\/\/lossburg-schoemberg.de\/wp-content\/uploads\/2014\/05\/Ausflug2.jpg 1024w, https:\/\/lossburg-schoemberg.de\/wp-content\/uploads\/2014\/05\/Ausflug2-300x178.jpg 300w\" sizes=\"auto, (max-width: 300px) 100vw, 300px\" \/><\/a><\/td>\n<td><a href=\"http:\/\/lossburg-schoemberg.de\/wp-content\/uploads\/2014\/05\/Ausflug1.jpg\"><img loading=\"lazy\" decoding=\"async\" class=\"alignleft wp-image-2700\" src=\"http:\/\/lossburg-schoemberg.de\/wp-content\/uploads\/2014\/05\/Ausflug1.jpg\" alt=\"Ausflug1\" width=\"300\" height=\"199\" srcset=\"https:\/\/lossburg-schoemberg.de\/wp-content\/uploads\/2014\/05\/Ausflug1.jpg 1024w, https:\/\/lossburg-schoemberg.de\/wp-content\/uploads\/2014\/05\/Ausflug1-300x198.jpg 300w\" sizes=\"auto, (max-width: 300px) 100vw, 300px\" \/><\/a><\/td>\n<\/tr>\n<tr>\n<td><a href=\"http:\/\/lossburg-schoemberg.de\/wp-content\/uploads\/2014\/05\/Ausflug3.jpg\"><img loading=\"lazy\" decoding=\"async\" class=\"alignleft wp-image-2702\" src=\"http:\/\/lossburg-schoemberg.de\/wp-content\/uploads\/2014\/05\/Ausflug3.jpg\" alt=\"Ausflug3\" width=\"300\" height=\"138\" srcset=\"https:\/\/lossburg-schoemberg.de\/wp-content\/uploads\/2014\/05\/Ausflug3.jpg 1024w, https:\/\/lossburg-schoemberg.de\/wp-content\/uploads\/2014\/05\/Ausflug3-300x137.jpg 300w\" sizes=\"auto, (max-width: 300px) 100vw, 300px\" \/><\/a><\/td>\n<td><a href=\"http:\/\/lossburg-schoemberg.de\/wp-content\/uploads\/2014\/05\/Geldermann.jpg\"><img loading=\"lazy\" decoding=\"async\" class=\"alignleft wp-image-2703\" src=\"http:\/\/lossburg-schoemberg.de\/wp-content\/uploads\/2014\/05\/Geldermann.jpg\" alt=\"Geldermann\" width=\"300\" height=\"159\" srcset=\"https:\/\/lossburg-schoemberg.de\/wp-content\/uploads\/2014\/05\/Geldermann.jpg 1024w, https:\/\/lossburg-schoemberg.de\/wp-content\/uploads\/2014\/05\/Geldermann-300x158.jpg 300w\" sizes=\"auto, (max-width: 300px) 100vw, 300px\" \/><\/a><\/td>\n<\/tr>\n<\/tbody>\n<\/table>\n","protected":false},"excerpt":{"rendered":"<p>Bericht des Herbstausfluges in Gedichtform von Diana Armbruster Herbstausflug 2014 Wie immer am 3. Oktober \u2013 und so auch in diesem Jahr traf sich eine bunte Schar von Sch\u00f6mbergern morgens um halb 8, und hat sich auf den Weg gemacht. 2 Tage ins Breisgau sollte es geh\u2019n und die Vorfreude war allen anzuseh\u2019n. Wir fuhren &hellip; <\/p>\n<p><a class=\"more-link btn\" href=\"https:\/\/lossburg-schoemberg.de\/index.php\/rueckblick\/2014-2\/herbstausflug\/\">Weiterlesen<\/a><\/p>\n","protected":false},"author":1,"featured_media":2701,"parent":2523,"menu_order":25,"comment_status":"open","ping_status":"open","template":"","meta":{"footnotes":""},"class_list":["post-2533","page","type-page","status-publish","has-post-thumbnail","hentry","nodate","item-wrap"],"_links":{"self":[{"href":"https:\/\/lossburg-schoemberg.de\/index.php\/wp-json\/wp\/v2\/pages\/2533","targetHints":{"allow":["GET"]}}],"collection":[{"href":"https:\/\/lossburg-schoemberg.de\/index.php\/wp-json\/wp\/v2\/pages"}],"about":[{"href":"https:\/\/lossburg-schoemberg.de\/index.php\/wp-json\/wp\/v2\/types\/page"}],"author":[{"embeddable":true,"href":"https:\/\/lossburg-schoemberg.de\/index.php\/wp-json\/wp\/v2\/users\/1"}],"replies":[{"embeddable":true,"href":"https:\/\/lossburg-schoemberg.de\/index.php\/wp-json\/wp\/v2\/comments?post=2533"}],"version-history":[{"count":6,"href":"https:\/\/lossburg-schoemberg.de\/index.php\/wp-json\/wp\/v2\/pages\/2533\/revisions"}],"predecessor-version":[{"id":3498,"href":"https:\/\/lossburg-schoemberg.de\/index.php\/wp-json\/wp\/v2\/pages\/2533\/revisions\/3498"}],"up":[{"embeddable":true,"href":"https:\/\/lossburg-schoemberg.de\/index.php\/wp-json\/wp\/v2\/pages\/2523"}],"wp:featuredmedia":[{"embeddable":true,"href":"https:\/\/lossburg-schoemberg.de\/index.php\/wp-json\/wp\/v2\/media\/2701"}],"wp:attachment":[{"href":"https:\/\/lossburg-schoemberg.de\/index.php\/wp-json\/wp\/v2\/media?parent=2533"}],"curies":[{"name":"wp","href":"https:\/\/api.w.org\/{rel}","templated":true}]}}