{"id":2469,"date":"2014-03-26T22:42:33","date_gmt":"2014-03-26T21:42:33","guid":{"rendered":"http:\/\/lossburg-schoemberg.de\/?page_id=2469"},"modified":"2016-12-16T21:36:44","modified_gmt":"2016-12-16T20:36:44","slug":"spatenstich-fuer-neue-huette-am-spielplatz","status":"publish","type":"page","link":"https:\/\/lossburg-schoemberg.de\/index.php\/rueckblick\/2015-2\/spatenstich-fuer-neue-huette-am-spielplatz\/","title":{"rendered":"Spatenstich f\u00fcr neue H\u00fctte am Spielplatz"},"content":{"rendered":"<h1>Start des H\u00fcttenbaus mit einem Spatenstich und Abbruchfest<\/h1>\n<h2>Am Sa. 03.Mai um 10:30 Uhr am Spielplatz oberer Wald<\/h2>\n<p>Nach dem Spatenstich Wei\u00dfwurstfr\u00fchst\u00fcck, bewirtet von der Dorfgemeinschaft.<\/p>\n<p>Nachmittag: Beginn des Abbruchs der alten H\u00fctte. Wer Lust zum Arbeiten hat, kann gerne mithelfen.<\/p>\n","protected":false},"excerpt":{"rendered":"<p>Start des H\u00fcttenbaus mit einem Spatenstich und Abbruchfest Am Sa. 03.Mai um 10:30 Uhr am Spielplatz oberer Wald Nach dem Spatenstich Wei\u00dfwurstfr\u00fchst\u00fcck, bewirtet von der Dorfgemeinschaft. Nachmittag: Beginn des Abbruchs der alten H\u00fctte. Wer Lust zum Arbeiten hat, kann gerne mithelfen.<\/p>\n","protected":false},"author":1,"featured_media":2470,"parent":3223,"menu_order":15,"comment_status":"open","ping_status":"open","template":"","meta":{"footnotes":""},"class_list":["post-2469","page","type-page","status-publish","has-post-thumbnail","hentry","nodate","item-wrap"],"_links":{"self":[{"href":"https:\/\/lossburg-schoemberg.de\/index.php\/wp-json\/wp\/v2\/pages\/2469","targetHints":{"allow":["GET"]}}],"collection":[{"href":"https:\/\/lossburg-schoemberg.de\/index.php\/wp-json\/wp\/v2\/pages"}],"about":[{"href":"https:\/\/lossburg-schoemberg.de\/index.php\/wp-json\/wp\/v2\/types\/page"}],"author":[{"embeddable":true,"href":"https:\/\/lossburg-schoemberg.de\/index.php\/wp-json\/wp\/v2\/users\/1"}],"replies":[{"embeddable":true,"href":"https:\/\/lossburg-schoemberg.de\/index.php\/wp-json\/wp\/v2\/comments?post=2469"}],"version-history":[{"count":1,"href":"https:\/\/lossburg-schoemberg.de\/index.php\/wp-json\/wp\/v2\/pages\/2469\/revisions"}],"predecessor-version":[{"id":2471,"href":"https:\/\/lossburg-schoemberg.de\/index.php\/wp-json\/wp\/v2\/pages\/2469\/revisions\/2471"}],"up":[{"embeddable":true,"href":"https:\/\/lossburg-schoemberg.de\/index.php\/wp-json\/wp\/v2\/pages\/3223"}],"wp:featuredmedia":[{"embeddable":true,"href":"https:\/\/lossburg-schoemberg.de\/index.php\/wp-json\/wp\/v2\/media\/2470"}],"wp:attachment":[{"href":"https:\/\/lossburg-schoemberg.de\/index.php\/wp-json\/wp\/v2\/media?parent=2469"}],"curies":[{"name":"wp","href":"https:\/\/api.w.org\/{rel}","templated":true}]}}