{"id":2395,"date":"2014-03-08T19:30:13","date_gmt":"2014-03-08T18:30:13","guid":{"rendered":"http:\/\/lossburg-schoemberg.de\/?page_id=2395"},"modified":"2022-01-12T19:33:46","modified_gmt":"2022-01-12T18:33:46","slug":"haus-mehnert","status":"publish","type":"page","link":"https:\/\/lossburg-schoemberg.de\/index.php\/gastgeber\/haus-mehnert\/","title":{"rendered":"Haus Mehnert"},"content":{"rendered":"<h2 style=\"text-align: left;\">Ferienwohnung und G\u00e4stezimmer im Haus Mehnert<\/h2>\n<p style=\"text-align: left;\">Das Haus Mehnert liegt etwas au\u00dferhalb von Sch\u00f6mberg im Gewann &#8222;Blumenhof&#8220;.<br \/>\nWie im Bild zu sehen, liegt der &#8222;Blumenhof&#8220; traumhaft sch\u00f6n am Rande der Hochfl\u00e4che mit einmaligem Blick ins Kinzigtal.<\/p>\n<ul>\n<li>Es gibt hier keinen Durchgangsverkehr. Direkt am Haus verl\u00e4uft ein Wanderweg, der f\u00fcr kleine Spazierg\u00e4nge als Rundweg begangen werden kann, man kann bequem zum Sch\u00f6mberger Spielplatz oder in der Ort gehen.<\/li>\n<li>Das Haus Mehnert bietet eine Ferienwohnung f\u00fcr 2 &#8211; 7 Personen. Alternativ k\u00f6nnen die Zimmer der Ferienwohnung auch als Einbettzimmer oder Doppelzimmer gemietet werden.<\/li>\n<\/ul>\n<ul>\n<li>Siehe auch <a title=\"Ferienland\" href=\"http:\/\/www.lossburg.de\/de\/ferienland\/unterkuenfte\/haus-mehnert-id_525\/\" target=\"_blank\" rel=\"noopener\">Lo\u00dfburger Ferienland: Gastgeber<\/a><\/li>\n<\/ul>\n<p style=\"text-align: left; padding-left: 90px;\">Kontakt:<\/p>\n<p style=\"text-align: left; padding-left: 90px;\">Haus Mehnert\u00a0\u00a0\u00a0\u00a0\u00a0\u00a0\u00a0\u00a0\u00a0\u00a0\u00a0\u00a0\u00a0\u00a0\u00a0\u00a0\u00a0\u00a0\u00a0\u00a0\u00a0\u00a0\u00a0\u00a0\u00a0\u00a0\u00a0\u00a0\u00a0\u00a0\u00a0\u00a0 <span style=\"font-size: small;\">Tel 0049 (0) 7446 2326<\/span><br \/>\nSch\u00f6mberg\u00a0\u00a0\u00a0\u00a0\u00a0\u00a0\u00a0\u00a0\u00a0\u00a0\u00a0\u00a0\u00a0\u00a0\u00a0\u00a0\u00a0\u00a0\u00a0\u00a0\u00a0\u00a0\u00a0\u00a0\u00a0\u00a0\u00a0\u00a0\u00a0\u00a0\u00a0\u00a0\u00a0\u00a0\u00a0\u00a0\u00a0 <span style=\"font-size: small;\">Fax 0049 (0) 7446 9560413<\/span><br \/>\nBlumenhofstr. 72\u00a0\u00a0\u00a0\u00a0\u00a0\u00a0\u00a0\u00a0\u00a0\u00a0\u00a0\u00a0\u00a0\u00a0\u00a0\u00a0\u00a0\u00a0\u00a0\u00a0\u00a0\u00a0\u00a0\u00a0\u00a0\u00a0\u00a0 mobil\u00a0 01781987892<br \/>\n72290 Lossburg\u00a0\u00a0\u00a0\u00a0\u00a0\u00a0\u00a0\u00a0\u00a0\u00a0\u00a0\u00a0\u00a0\u00a0\u00a0\u00a0\u00a0\u00a0\u00a0\u00a0\u00a0\u00a0\u00a0\u00a0\u00a0\u00a0\u00a0 <span style=\"font-size: small;\"><a target=\"_top\" rel=\"noopener\">margit.mehnert@freenet.de<\/a><\/span><\/p>\n<div id=\"attachment_2436\" style=\"width: 640px\" class=\"wp-caption aligncenter\"><a href=\"http:\/\/lossburg-schoemberg.de\/wp-content\/uploads\/2014\/03\/SchoembergMehnert2.jpg\"><img loading=\"lazy\" decoding=\"async\" aria-describedby=\"caption-attachment-2436\" class=\" wp-image-2436\" src=\"http:\/\/lossburg-schoemberg.de\/wp-content\/uploads\/2014\/03\/SchoembergMehnert2.jpg\" alt=\"SchoembergMehnert2\" width=\"640\" height=\"480\" \/><\/a><p id=\"caption-attachment-2436\" class=\"wp-caption-text\">Luftbild Karl Pfau<\/p><\/div>\n<div id=\"attachment_2398\" style=\"width: 640px\" class=\"wp-caption aligncenter\"><a href=\"http:\/\/lossburg-schoemberg.de\/wp-content\/uploads\/2014\/03\/Haus1.jpg\"><img loading=\"lazy\" decoding=\"async\" aria-describedby=\"caption-attachment-2398\" class=\"wp-image-2398 \" src=\"http:\/\/lossburg-schoemberg.de\/wp-content\/uploads\/2014\/03\/Haus1.jpg\" alt=\"Haus1\" width=\"640\" height=\"480\" srcset=\"https:\/\/lossburg-schoemberg.de\/wp-content\/uploads\/2014\/03\/Haus1.jpg 1200w, https:\/\/lossburg-schoemberg.de\/wp-content\/uploads\/2014\/03\/Haus1-300x225.jpg 300w, https:\/\/lossburg-schoemberg.de\/wp-content\/uploads\/2014\/03\/Haus1-1024x768.jpg 1024w\" sizes=\"auto, (max-width: 640px) 100vw, 640px\" \/><\/a><p id=\"caption-attachment-2398\" class=\"wp-caption-text\">Haus aus S\u00fcd-Westlicher Sicht<\/p><\/div>\n<table class=\" aligncenter\" border=\"0\">\n<tbody>\n<tr>\n<td>\n<p><div id=\"attachment_2448\" style=\"width: 320px\" class=\"wp-caption aligncenter\"><a href=\"http:\/\/lossburg-schoemberg.de\/wp-content\/uploads\/2014\/03\/Album-5.jpg\"><img loading=\"lazy\" decoding=\"async\" aria-describedby=\"caption-attachment-2448\" class=\"wp-image-2448 \" src=\"http:\/\/lossburg-schoemberg.de\/wp-content\/uploads\/2014\/03\/Album-5.jpg\" alt=\"Album (5)\" width=\"320\" height=\"240\" srcset=\"https:\/\/lossburg-schoemberg.de\/wp-content\/uploads\/2014\/03\/Album-5.jpg 640w, https:\/\/lossburg-schoemberg.de\/wp-content\/uploads\/2014\/03\/Album-5-300x225.jpg 300w\" sizes=\"auto, (max-width: 320px) 100vw, 320px\" \/><\/a><p id=\"caption-attachment-2448\" class=\"wp-caption-text\">Blick vom Haus \u00fcber die Wolken, die im Kinzigtal liegen<\/p><\/div><\/td>\n<td>\n<p><div id=\"attachment_2449\" style=\"width: 320px\" class=\"wp-caption aligncenter\"><a href=\"http:\/\/lossburg-schoemberg.de\/wp-content\/uploads\/2014\/03\/Album-6.jpg\"><img loading=\"lazy\" decoding=\"async\" aria-describedby=\"caption-attachment-2449\" class=\"wp-image-2449 \" src=\"http:\/\/lossburg-schoemberg.de\/wp-content\/uploads\/2014\/03\/Album-6.jpg\" alt=\"Album (6)\" width=\"320\" height=\"240\" srcset=\"https:\/\/lossburg-schoemberg.de\/wp-content\/uploads\/2014\/03\/Album-6.jpg 640w, https:\/\/lossburg-schoemberg.de\/wp-content\/uploads\/2014\/03\/Album-6-300x225.jpg 300w\" sizes=\"auto, (max-width: 320px) 100vw, 320px\" \/><\/a><p id=\"caption-attachment-2449\" class=\"wp-caption-text\">Der gleiche Blick im Winter<\/p><\/div><\/td>\n<\/tr>\n<tr>\n<td>\n<p><div id=\"attachment_2447\" style=\"width: 320px\" class=\"wp-caption aligncenter\"><a href=\"http:\/\/lossburg-schoemberg.de\/wp-content\/uploads\/2014\/03\/Album-3.jpg\"><img loading=\"lazy\" decoding=\"async\" aria-describedby=\"caption-attachment-2447\" class=\"wp-image-2447 \" src=\"http:\/\/lossburg-schoemberg.de\/wp-content\/uploads\/2014\/03\/Album-3.jpg\" alt=\"Album (3)\" width=\"320\" height=\"240\" srcset=\"https:\/\/lossburg-schoemberg.de\/wp-content\/uploads\/2014\/03\/Album-3.jpg 640w, https:\/\/lossburg-schoemberg.de\/wp-content\/uploads\/2014\/03\/Album-3-300x225.jpg 300w\" sizes=\"auto, (max-width: 320px) 100vw, 320px\" \/><\/a><p id=\"caption-attachment-2447\" class=\"wp-caption-text\">Eingang<\/p><\/div><\/td>\n<td>\n<p><div id=\"attachment_2451\" style=\"width: 320px\" class=\"wp-caption aligncenter\"><a href=\"http:\/\/lossburg-schoemberg.de\/wp-content\/uploads\/2014\/03\/Album-17.jpg\"><img loading=\"lazy\" decoding=\"async\" aria-describedby=\"caption-attachment-2451\" class=\"wp-image-2451 \" src=\"http:\/\/lossburg-schoemberg.de\/wp-content\/uploads\/2014\/03\/Album-17.jpg\" alt=\"Album (17)\" width=\"320\" height=\"240\" srcset=\"https:\/\/lossburg-schoemberg.de\/wp-content\/uploads\/2014\/03\/Album-17.jpg 640w, https:\/\/lossburg-schoemberg.de\/wp-content\/uploads\/2014\/03\/Album-17-300x225.jpg 300w\" sizes=\"auto, (max-width: 320px) 100vw, 320px\" \/><\/a><p id=\"caption-attachment-2451\" class=\"wp-caption-text\">Freisitz<\/p><\/div><\/td>\n<\/tr>\n<tr>\n<td>\n<p style=\"text-align: center;\"><a href=\"http:\/\/lossburg-schoemberg.de\/wp-content\/uploads\/2014\/03\/Album-12.jpg\"><img loading=\"lazy\" decoding=\"async\" class=\"wp-image-2450 aligncenter\" src=\"http:\/\/lossburg-schoemberg.de\/wp-content\/uploads\/2014\/03\/Album-12.jpg\" alt=\"Album (12)\" width=\"320\" height=\"240\" srcset=\"https:\/\/lossburg-schoemberg.de\/wp-content\/uploads\/2014\/03\/Album-12.jpg 640w, https:\/\/lossburg-schoemberg.de\/wp-content\/uploads\/2014\/03\/Album-12-300x225.jpg 300w\" sizes=\"auto, (max-width: 320px) 100vw, 320px\" \/><\/a><\/p>\n<\/td>\n<td><a href=\"http:\/\/lossburg-schoemberg.de\/wp-content\/uploads\/2014\/03\/Album-22.jpg\"><img loading=\"lazy\" decoding=\"async\" class=\"wp-image-2454 aligncenter\" src=\"http:\/\/lossburg-schoemberg.de\/wp-content\/uploads\/2014\/03\/Album-22.jpg\" alt=\"Album (22)\" width=\"320\" height=\"240\" srcset=\"https:\/\/lossburg-schoemberg.de\/wp-content\/uploads\/2014\/03\/Album-22.jpg 640w, https:\/\/lossburg-schoemberg.de\/wp-content\/uploads\/2014\/03\/Album-22-300x225.jpg 300w\" sizes=\"auto, (max-width: 320px) 100vw, 320px\" \/><\/a><\/td>\n<\/tr>\n<tr>\n<td><a href=\"http:\/\/lossburg-schoemberg.de\/wp-content\/uploads\/2014\/03\/Album-21.jpg\"><img loading=\"lazy\" decoding=\"async\" class=\"wp-image-2453 aligncenter\" src=\"http:\/\/lossburg-schoemberg.de\/wp-content\/uploads\/2014\/03\/Album-21.jpg\" alt=\"Album (21)\" width=\"320\" height=\"240\" srcset=\"https:\/\/lossburg-schoemberg.de\/wp-content\/uploads\/2014\/03\/Album-21.jpg 640w, https:\/\/lossburg-schoemberg.de\/wp-content\/uploads\/2014\/03\/Album-21-300x225.jpg 300w\" sizes=\"auto, (max-width: 320px) 100vw, 320px\" \/><\/a><\/td>\n<td><a href=\"http:\/\/lossburg-schoemberg.de\/wp-content\/uploads\/2014\/03\/Album-19.jpg\"><img loading=\"lazy\" decoding=\"async\" class=\" wp-image-2452 aligncenter\" src=\"http:\/\/lossburg-schoemberg.de\/wp-content\/uploads\/2014\/03\/Album-19.jpg\" alt=\"Album (19)\" width=\"320\" height=\"240\" srcset=\"https:\/\/lossburg-schoemberg.de\/wp-content\/uploads\/2014\/03\/Album-19.jpg 640w, https:\/\/lossburg-schoemberg.de\/wp-content\/uploads\/2014\/03\/Album-19-300x225.jpg 300w\" sizes=\"auto, (max-width: 320px) 100vw, 320px\" \/><\/a><\/td>\n<\/tr>\n<\/tbody>\n<\/table>\n<p style=\"text-align: center;\"><iframe loading=\"lazy\" src=\"https:\/\/maps.google.de\/maps?f=q&amp;source=embed&amp;hl=de&amp;geocode=&amp;q=Blumenhofstra%C3%9Fe+72,+72290,+Lo%C3%9Fburg&amp;aq=t&amp;sll=48.661847,9.003665&amp;sspn=7.279136,19.248047&amp;t=k&amp;ie=UTF8&amp;hq=&amp;hnear=Blumenhofstra%C3%9Fe+72,+Sch%C3%B6mberg+72290+Lo%C3%9Fburg,+Karlsruhe,+Baden-W%C3%BCrttemberg&amp;ll=48.389436,8.415573&amp;spn=0.014289,0.037594&amp;z=14&amp;iwloc=A&amp;output=embed\" width=\"640\" height=\"480\" frameborder=\"0\" marginwidth=\"0\" marginheight=\"0\" scrolling=\"no\"><\/iframe><br \/>\n<small><a style=\"color: #0000ff; text-align: left;\" href=\"https:\/\/maps.google.de\/maps?f=q&amp;source=embed&amp;hl=de&amp;geocode=&amp;q=Blumenhofstra%C3%9Fe+72,+72290,+Lo%C3%9Fburg&amp;aq=t&amp;sll=48.661847,9.003665&amp;sspn=7.279136,19.248047&amp;t=k&amp;ie=UTF8&amp;hq=&amp;hnear=Blumenhofstra%C3%9Fe+72,+Sch%C3%B6mberg+72290+Lo%C3%9Fburg,+Karlsruhe,+Baden-W%C3%BCrttemberg&amp;ll=48.389436,8.415573&amp;spn=0.014289,0.037594&amp;z=14&amp;iwloc=A\">Gr\u00f6\u00dfere Kartenansicht<\/a><\/small><\/p>\n","protected":false},"excerpt":{"rendered":"<p>Ferienwohnung und G\u00e4stezimmer im Haus Mehnert Das Haus Mehnert liegt etwas au\u00dferhalb von Sch\u00f6mberg im Gewann &#8222;Blumenhof&#8220;. Wie im Bild zu sehen, liegt der &#8222;Blumenhof&#8220; traumhaft sch\u00f6n am Rande der Hochfl\u00e4che mit einmaligem Blick ins Kinzigtal. Es gibt hier keinen Durchgangsverkehr. Direkt am Haus verl\u00e4uft ein Wanderweg, der f\u00fcr kleine Spazierg\u00e4nge als Rundweg begangen werden &hellip; <\/p>\n<p><a class=\"more-link btn\" href=\"https:\/\/lossburg-schoemberg.de\/index.php\/gastgeber\/haus-mehnert\/\">Weiterlesen<\/a><\/p>\n","protected":false},"author":1,"featured_media":0,"parent":14,"menu_order":0,"comment_status":"open","ping_status":"open","template":"","meta":{"footnotes":""},"class_list":["post-2395","page","type-page","status-publish","hentry","nodate","item-wrap"],"_links":{"self":[{"href":"https:\/\/lossburg-schoemberg.de\/index.php\/wp-json\/wp\/v2\/pages\/2395","targetHints":{"allow":["GET"]}}],"collection":[{"href":"https:\/\/lossburg-schoemberg.de\/index.php\/wp-json\/wp\/v2\/pages"}],"about":[{"href":"https:\/\/lossburg-schoemberg.de\/index.php\/wp-json\/wp\/v2\/types\/page"}],"author":[{"embeddable":true,"href":"https:\/\/lossburg-schoemberg.de\/index.php\/wp-json\/wp\/v2\/users\/1"}],"replies":[{"embeddable":true,"href":"https:\/\/lossburg-schoemberg.de\/index.php\/wp-json\/wp\/v2\/comments?post=2395"}],"version-history":[{"count":35,"href":"https:\/\/lossburg-schoemberg.de\/index.php\/wp-json\/wp\/v2\/pages\/2395\/revisions"}],"predecessor-version":[{"id":4732,"href":"https:\/\/lossburg-schoemberg.de\/index.php\/wp-json\/wp\/v2\/pages\/2395\/revisions\/4732"}],"up":[{"embeddable":true,"href":"https:\/\/lossburg-schoemberg.de\/index.php\/wp-json\/wp\/v2\/pages\/14"}],"wp:attachment":[{"href":"https:\/\/lossburg-schoemberg.de\/index.php\/wp-json\/wp\/v2\/media?parent=2395"}],"curies":[{"name":"wp","href":"https:\/\/api.w.org\/{rel}","templated":true}]}}