{"id":2391,"date":"2014-03-02T21:57:11","date_gmt":"2014-03-02T20:57:11","guid":{"rendered":"http:\/\/lossburg-schoemberg.de\/?page_id=2391"},"modified":"2016-12-16T21:36:21","modified_gmt":"2016-12-16T20:36:21","slug":"grillstelle-ist-abgebaut","status":"publish","type":"page","link":"https:\/\/lossburg-schoemberg.de\/index.php\/rueckblick\/2015-2\/grillstelle-ist-abgebaut\/","title":{"rendered":"Grillstelle ist abgebaut"},"content":{"rendered":"<p>Die ersten Vorbereitungen f\u00fcr den Bau der H\u00fctte am Spielplatz oberer Wald laufen an. Die Grillstelle, also der Grill und die umlaufenden B\u00e4nke um den Grill sind abgebaut. Es muss Platz geschaffen werden, um die alte H\u00fctte abzubrechen.<\/p>\n<p>Die Benutzung der Grillstelle und des Spielplatzes wird diesen Sommer daher nur sehr eingeschr\u00e4nkt m\u00f6glich sein.<\/p>\n<div id=\"attachment_2438\" style=\"width: 640px\" class=\"wp-caption aligncenter\"><a href=\"http:\/\/lossburg-schoemberg.de\/wp-content\/uploads\/2014\/03\/Spielplatz.jpg\"><img loading=\"lazy\" decoding=\"async\" aria-describedby=\"caption-attachment-2438\" class=\" wp-image-2438 \" src=\"http:\/\/lossburg-schoemberg.de\/wp-content\/uploads\/2014\/03\/Spielplatz-1024x682.jpg\" alt=\"Abgebaute Grillstelle\" width=\"640\" height=\"480\" \/><\/a><p id=\"caption-attachment-2438\" class=\"wp-caption-text\">Abgebaute Grillstelle<\/p><\/div>\n","protected":false},"excerpt":{"rendered":"<p>Die ersten Vorbereitungen f\u00fcr den Bau der H\u00fctte am Spielplatz oberer Wald laufen an. Die Grillstelle, also der Grill und die umlaufenden B\u00e4nke um den Grill sind abgebaut. Es muss Platz geschaffen werden, um die alte H\u00fctte abzubrechen. Die Benutzung der Grillstelle und des Spielplatzes wird diesen Sommer daher nur sehr eingeschr\u00e4nkt m\u00f6glich sein.<\/p>\n","protected":false},"author":1,"featured_media":2438,"parent":3223,"menu_order":5,"comment_status":"open","ping_status":"open","template":"","meta":{"footnotes":""},"class_list":["post-2391","page","type-page","status-publish","has-post-thumbnail","hentry","nodate","item-wrap"],"_links":{"self":[{"href":"https:\/\/lossburg-schoemberg.de\/index.php\/wp-json\/wp\/v2\/pages\/2391","targetHints":{"allow":["GET"]}}],"collection":[{"href":"https:\/\/lossburg-schoemberg.de\/index.php\/wp-json\/wp\/v2\/pages"}],"about":[{"href":"https:\/\/lossburg-schoemberg.de\/index.php\/wp-json\/wp\/v2\/types\/page"}],"author":[{"embeddable":true,"href":"https:\/\/lossburg-schoemberg.de\/index.php\/wp-json\/wp\/v2\/users\/1"}],"replies":[{"embeddable":true,"href":"https:\/\/lossburg-schoemberg.de\/index.php\/wp-json\/wp\/v2\/comments?post=2391"}],"version-history":[{"count":6,"href":"https:\/\/lossburg-schoemberg.de\/index.php\/wp-json\/wp\/v2\/pages\/2391\/revisions"}],"predecessor-version":[{"id":2667,"href":"https:\/\/lossburg-schoemberg.de\/index.php\/wp-json\/wp\/v2\/pages\/2391\/revisions\/2667"}],"up":[{"embeddable":true,"href":"https:\/\/lossburg-schoemberg.de\/index.php\/wp-json\/wp\/v2\/pages\/3223"}],"wp:featuredmedia":[{"embeddable":true,"href":"https:\/\/lossburg-schoemberg.de\/index.php\/wp-json\/wp\/v2\/media\/2438"}],"wp:attachment":[{"href":"https:\/\/lossburg-schoemberg.de\/index.php\/wp-json\/wp\/v2\/media?parent=2391"}],"curies":[{"name":"wp","href":"https:\/\/api.w.org\/{rel}","templated":true}]}}