{"id":2215,"date":"2013-08-30T10:53:09","date_gmt":"2013-08-30T08:53:09","guid":{"rendered":"http:\/\/beta.lossburg-schoemberg.de\/?page_id=2215"},"modified":"2013-10-05T19:25:38","modified_gmt":"2013-10-05T17:25:38","slug":"einweihung-neugestaltung-des-friedhofes","status":"publish","type":"page","link":"https:\/\/lossburg-schoemberg.de\/index.php\/rueckblick\/2013-2\/einweihung-neugestaltung-des-friedhofes\/","title":{"rendered":"Einweihung: Neugestaltung des Friedhofes"},"content":{"rendered":"<p>Der Ortschaftsrat und der Kirchengemeinderat von Sch\u00f6mberg konnten im September zusammen mit den Sch\u00f6mbergern den neu gestalteten Friedhof einweihen.<\/p>\n<p>Dei Einweihungsfeier hat in der Kirche begonnen mit einem Gottesdienst in dem Herr Pfarrer Frank die Bedeutung eines Friehofs herausgestellt hat.<\/p>\n<p>Bei einem Rundgang \u00fcber den Freidhof wurde durch Ortsvorteher Kurt Winter und Bauamtsleiter Erich G\u00fcnther die Anlage erkl\u00e4rt.<\/p>\n<p>Im Anschluss hat B\u00fcrgermeister Christoph Enderle im B\u00fcrgerhaus in Sch\u00f6mberg alle Beteiligten f\u00fcr die gute problemlose Arbeit und f\u00fcr die wirklich gelungene Gestaltung gelobt.<\/p>\n<p>Wir Sch\u00f6berger sind nun froh, f\u00fcr die n\u00e4chsten Jahrzehnte einen bedarfgerechten Frieghof zu haben.<\/p>\n","protected":false},"excerpt":{"rendered":"<p>Der Ortschaftsrat und der Kirchengemeinderat von Sch\u00f6mberg konnten im September zusammen mit den Sch\u00f6mbergern den neu gestalteten Friedhof einweihen. Dei Einweihungsfeier hat in der Kirche begonnen mit einem Gottesdienst in dem Herr Pfarrer Frank die Bedeutung eines Friehofs herausgestellt hat. Bei einem Rundgang \u00fcber den Freidhof wurde durch Ortsvorteher Kurt Winter und Bauamtsleiter Erich G\u00fcnther &hellip; <\/p>\n<p><a class=\"more-link btn\" href=\"https:\/\/lossburg-schoemberg.de\/index.php\/rueckblick\/2013-2\/einweihung-neugestaltung-des-friedhofes\/\">Weiterlesen<\/a><\/p>\n","protected":false},"author":1,"featured_media":0,"parent":2080,"menu_order":10,"comment_status":"open","ping_status":"open","template":"","meta":{"footnotes":""},"class_list":["post-2215","page","type-page","status-publish","hentry","nodate","item-wrap"],"_links":{"self":[{"href":"https:\/\/lossburg-schoemberg.de\/index.php\/wp-json\/wp\/v2\/pages\/2215","targetHints":{"allow":["GET"]}}],"collection":[{"href":"https:\/\/lossburg-schoemberg.de\/index.php\/wp-json\/wp\/v2\/pages"}],"about":[{"href":"https:\/\/lossburg-schoemberg.de\/index.php\/wp-json\/wp\/v2\/types\/page"}],"author":[{"embeddable":true,"href":"https:\/\/lossburg-schoemberg.de\/index.php\/wp-json\/wp\/v2\/users\/1"}],"replies":[{"embeddable":true,"href":"https:\/\/lossburg-schoemberg.de\/index.php\/wp-json\/wp\/v2\/comments?post=2215"}],"version-history":[{"count":4,"href":"https:\/\/lossburg-schoemberg.de\/index.php\/wp-json\/wp\/v2\/pages\/2215\/revisions"}],"predecessor-version":[{"id":2217,"href":"https:\/\/lossburg-schoemberg.de\/index.php\/wp-json\/wp\/v2\/pages\/2215\/revisions\/2217"}],"up":[{"embeddable":true,"href":"https:\/\/lossburg-schoemberg.de\/index.php\/wp-json\/wp\/v2\/pages\/2080"}],"wp:attachment":[{"href":"https:\/\/lossburg-schoemberg.de\/index.php\/wp-json\/wp\/v2\/media?parent=2215"}],"curies":[{"name":"wp","href":"https:\/\/api.w.org\/{rel}","templated":true}]}}