{"id":2164,"date":"2013-06-21T22:22:17","date_gmt":"2013-06-21T20:22:17","guid":{"rendered":"http:\/\/beta.lossburg-schoemberg.de\/?page_id=2164"},"modified":"2015-11-07T20:54:11","modified_gmt":"2015-11-07T19:54:11","slug":"zeltaufbau-zur-sonnwendfeier","status":"publish","type":"page","link":"https:\/\/lossburg-schoemberg.de\/index.php\/einrichtungen\/dorfgemeinschaft\/zeltaufbau-zur-sonnwendfeier\/","title":{"rendered":"Zeltaufbau zur Sonnwendfeier 2013"},"content":{"rendered":"<p style=\"text-align: left;\">Im Zuge der Vorbereitungen zum Sonnwendfeier 2013 haben viele Helfer das Zelt der Dorfgemeinschaft aufgebaut. Das bisherige Zelt wurde w\u00e4hrend des Aufbauens von einem Sturm zerst\u00f6rt. Nun hat die Dorfgemeinschaft Sch\u00f6mberg ein neues, richtig tolles Zelt.<br \/>\nIm Bild die Aufbaumannschaft. (Nicht auf dem Bild ist der Vorsitzende der Dorfgemeinschaft Marco Eberhardt)<a href=\"http:\/\/beta.lossburg-schoemberg.de\/wp-content\/uploads\/2013\/06\/Zeltaufbau.jpg\"><img loading=\"lazy\" decoding=\"async\" class=\"size-medium wp-image-2165\" src=\"http:\/\/beta.lossburg-schoemberg.de\/wp-content\/uploads\/2013\/06\/Zeltaufbau-300x185.jpg\" alt=\"Zeltaufbau\" width=\"300\" height=\"185\" srcset=\"https:\/\/lossburg-schoemberg.de\/wp-content\/uploads\/2013\/06\/Zeltaufbau-300x185.jpg 300w, https:\/\/lossburg-schoemberg.de\/wp-content\/uploads\/2013\/06\/Zeltaufbau.jpg 1024w\" sizes=\"auto, (max-width: 300px) 100vw, 300px\" \/><\/a><\/p>\n","protected":false},"excerpt":{"rendered":"<p>Im Zuge der Vorbereitungen zum Sonnwendfeier 2013 haben viele Helfer das Zelt der Dorfgemeinschaft aufgebaut. Das bisherige Zelt wurde w\u00e4hrend des Aufbauens von einem Sturm zerst\u00f6rt. Nun hat die Dorfgemeinschaft Sch\u00f6mberg ein neues, richtig tolles Zelt. Im Bild die Aufbaumannschaft. (Nicht auf dem Bild ist der Vorsitzende der Dorfgemeinschaft Marco Eberhardt)<\/p>\n","protected":false},"author":1,"featured_media":2165,"parent":352,"menu_order":36,"comment_status":"open","ping_status":"open","template":"","meta":{"footnotes":""},"class_list":["post-2164","page","type-page","status-publish","has-post-thumbnail","hentry","nodate","item-wrap"],"_links":{"self":[{"href":"https:\/\/lossburg-schoemberg.de\/index.php\/wp-json\/wp\/v2\/pages\/2164","targetHints":{"allow":["GET"]}}],"collection":[{"href":"https:\/\/lossburg-schoemberg.de\/index.php\/wp-json\/wp\/v2\/pages"}],"about":[{"href":"https:\/\/lossburg-schoemberg.de\/index.php\/wp-json\/wp\/v2\/types\/page"}],"author":[{"embeddable":true,"href":"https:\/\/lossburg-schoemberg.de\/index.php\/wp-json\/wp\/v2\/users\/1"}],"replies":[{"embeddable":true,"href":"https:\/\/lossburg-schoemberg.de\/index.php\/wp-json\/wp\/v2\/comments?post=2164"}],"version-history":[{"count":6,"href":"https:\/\/lossburg-schoemberg.de\/index.php\/wp-json\/wp\/v2\/pages\/2164\/revisions"}],"predecessor-version":[{"id":3101,"href":"https:\/\/lossburg-schoemberg.de\/index.php\/wp-json\/wp\/v2\/pages\/2164\/revisions\/3101"}],"up":[{"embeddable":true,"href":"https:\/\/lossburg-schoemberg.de\/index.php\/wp-json\/wp\/v2\/pages\/352"}],"wp:featuredmedia":[{"embeddable":true,"href":"https:\/\/lossburg-schoemberg.de\/index.php\/wp-json\/wp\/v2\/media\/2165"}],"wp:attachment":[{"href":"https:\/\/lossburg-schoemberg.de\/index.php\/wp-json\/wp\/v2\/media?parent=2164"}],"curies":[{"name":"wp","href":"https:\/\/api.w.org\/{rel}","templated":true}]}}