{"id":2073,"date":"2013-04-29T21:07:10","date_gmt":"2013-04-29T19:07:10","guid":{"rendered":"http:\/\/beta.lossburg-schoemberg.de\/?page_id=2073"},"modified":"2013-05-24T19:37:14","modified_gmt":"2013-05-24T17:37:14","slug":"distriktsgottesdienst-im-gruenen","status":"publish","type":"page","link":"https:\/\/lossburg-schoemberg.de\/index.php\/rueckblick\/2013-2\/distriktsgottesdienst-im-gruenen\/","title":{"rendered":"Distriktsgottesdienst im Gr\u00fcnen"},"content":{"rendered":"<h2>Gemeinsamer Gottesdienst im Gr\u00fcnen an Christi Himmelfahrt:<\/h2>\n<h3>Eine Erfahrung zum Anschauen und Anfassen: Das Netzwerk der Verbundenheit tr\u00e4gt<\/h3>\n<p>Die Kirchengemeinden Alprisbach I und Alpirsbach II (Reutin und R\u00f6tenbach), F\u00fcrnsal-Oberbr\u00e4ndi, Lo\u00dfburg, Wittendorf-Lombach und Sch\u00f6mberg-Reinerzau feierten an Christi Himmelfahrt einen gemeinsamen Gottesdienst als Distrikt. Ein stattlicher Posaunenchor mit Bl\u00e4serinnen und Bl\u00e4sern aus allen Gemeinden vereinigte sich mit den vielen Stimmen der gro\u00dfen Gemeinde, um Jesus Christus die Ehre zu geben.<\/p>\n<p>Schon bei der Begr\u00fc\u00dfung wurde deutlich, wie vielf\u00e4ltig dieser Distrikt ist, der sich geografisch weit erstreckt und in dem die Kirchengemeinden meist mehrere Orte oder Teilorte umfassen. In einem \u00fcberraschenden Einstieg rief der Sch\u00f6mberger Pfarrer Martin Frank die Heimatgemeinden der Versammelten auf. An allen Ecken und Enden meldeten sich Menschen mit ihrer Zugeh\u00f6rigkeit zu ihrer Herkunftsgemeinde. Bewegung kam in die Gemeinde, als Kinder symbolisch \u201eOrtsschilder\u201c an die Anwesenden verteilten, die sich jeweils per Handzeichen meldeten. Staunend nahm man wahr, dass zB die evangelischen Gemeindeglieder in Bettenhausen und Leinstetten zu F\u00fcrnsal geh\u00f6ren oder dass Oberehlenbogen zu Sch\u00f6mberg geh\u00f6rt. Auch die Kurg\u00e4ste wurden begr\u00fc\u00dft; die Spanne ihrer Herkunftsorte reichte von Berchtesgaden bis zur Ostsee.<\/p>\n<p>Die Freude der Pfarrerschaft an diesem gemeinsam entworfenen und gestalteten Gottesdienst war zu sp\u00fcren. Da gerade in diesem Distrikt durch lange Vakaturen einige Pfarrstellen l\u00e4nger nicht besetzt waren, war dieses erste gemeinsame Vorhaben von Horst Schmelzle, Heiko van der Lip, Florian Rochau, Hans-Peter Zakes, Martin Frank und Regina Stierlen auch ein Auftakt f\u00fcr die zuk\u00fcnftige Zusammenarbeit. Ein \u201eDistrikt\u201c ist keine kirchenrechtliche Gr\u00f6\u00dfe, sondern ein Teilgebiet eines Dekanats, in dem die Pfarrer und Kirchengemeinderatsgremien enger kooperieren. Diese lose Vereinbarung wird mit Leben gef\u00fcllt, wenn die Gemeinde auch gemeinsam feiern und einander begegnen. Gerade an Christi Himmelfahrt wurde offenkundig, dass Pfarrer und Gemeinden angewiesen sind auf die Verbundenheit mit Jesus Christus, der f\u00fcr sie eintritt und \u00fcber alle Grenzen hinweg gegenw\u00e4rtig ist.<\/p>\n<p>Die gemeinsam verantwortete und gestaltete Liturgie nahm in einer lebhaften Dialogpredigt von Florian Rochau und Heiko van der Lip den f\u00fcr Himmelfahrt vorgegebenen Predigttext auf: Das Gebet, das Jesus an seinen Vater im Himmel richtet, dass alle, die an ihn glauben, eins seien (Johannesevangelium, Kapitel 17, Vers 20-21).<\/p>\n<p>Es bleib nicht beim gemeinsamen H\u00f6ren. Nachdem die Pfarrer anschaulich demonstriert hatten, dass es einem Einzelnen nicht gelingt, einen Ball auf einer Schnur zu balancieren, wurde die Gemeinde aktiv. Schn\u00fcre wurden an die Gottesdienstteilnehmer verteilt und daraus ein Netz gekn\u00fcpft, auf dem ein gro\u00dfer Erd-Ball gemeinsam gehalten und in Bewegung gehalten wurde. \u201eFast wie ein kleiner Kirchentag\u201c, kommentierte beim Netzkn\u00fcpfen eine Frau das Regionaltreffen. Wie ein roter Faden zog sich die Dankbarkeit f\u00fcr die gegenseitige Verbundenheit und Tragkraft dieses Netzwerks durch den Gottesdienst. Es wurde sinnenf\u00e4llig: Was wir allein nicht k\u00f6nnen, gelingt uns, wenn wir gemeinsam den Glauben leben. Wir k\u00f6nnen aneinander ankn\u00fcpfen. Einheit und Verschiedenheit, Bewegung und Beteiligung, Anteile nehmen und Anteil geben geh\u00f6ren zum gemeinsamen Leben. Jede Gemeinde beh\u00e4lt ihr Profil, und doch empf\u00e4ngt sie die Einheit in Christus als wertvolle Gabe und Aufgabe.<\/p>\n<p>Da die Zusammengeh\u00f6rigkeit in der Gemeinde Jesu Christi nicht nur einen Distrikt, sondern die Welt umspannt, wurde das Gottesdienstopfer, 568,25 \u20ac f\u00fcr den Partnerkirchenbezirk Freudenstadts in Kamerun\/Afrika gegeben.<\/p>\n<p>Der Waldspielplatz in Sch\u00f6mberg lud zum Verweilen unter freiem Himmel ein. Viele Gottesdienstteilnehmer blieben in der wunderbaren Landschaft noch zum Mittagessen \u2013 vorbereitet von Lo\u00dfburger Gemeindegliedern &#8211; bei guten Gespr\u00e4chen beieinander und genossen die weite Aussicht. Wer die Freude an Gottes wunderbarer Sch\u00f6pfung nachklingen lassen wollte, machte sich zu Fu\u00df oder auf dem Fahrrad wieder auf den Heimweg. Die Einladung der gastfreundlichen Sch\u00f6mberger f\u00fcrs n\u00e4chste Jahr, wieder anzukn\u00fcpfen an diesem Netz, begleitet die Gemeinden im Distrikt weiter. Mancher nahm die Wanderkarte zur Hand, um die Teilorte zu suchen, die bei der Begr\u00fc\u00dfung genannt worden waren. So bleibt zu hoffen, dass dieser gemeinsame Gottesdienst zu weiteren Begegnungen f\u00fchrt. Diese Bewegung aufeinander zu ist keine rein menschliche Initiative. Sie hat Ursprung und Ziel in der Verhei\u00dfung des auferstandenen Christus, der verspricht: \u201eWenn ich erh\u00f6ht werde von der Erde, so will ich alle zu mir ziehen!\u201c (Johannes 12,32 \u2013 Tagesspruch zu Christi Himmelfahrt) (R.Stierlen)<\/p>\n<p>&nbsp;<\/p>\n<table style=\"width: 646px; height: 411px;\">\n<tbody>\n<tr>\n<td style=\"text-align: center;\" colspan=\"2\">Zum Vergr\u00f6\u00dfern auf die Bilder Klicken<\/td>\n<\/tr>\n<tr>\n<td><a href=\"http:\/\/beta.lossburg-schoemberg.de\/wp-content\/uploads\/2013\/04\/2013-04-Einladung_1.jpg\"><img loading=\"lazy\" decoding=\"async\" class=\"aligncenter size-medium wp-image-2074\" alt=\"Gottesdienst\" src=\"http:\/\/beta.lossburg-schoemberg.de\/wp-content\/uploads\/2013\/04\/2013-04-Einladung_1-206x300.jpg\" width=\"206\" height=\"300\" srcset=\"https:\/\/lossburg-schoemberg.de\/wp-content\/uploads\/2013\/04\/2013-04-Einladung_1-206x300.jpg 206w, https:\/\/lossburg-schoemberg.de\/wp-content\/uploads\/2013\/04\/2013-04-Einladung_1-703x1024.jpg 703w, https:\/\/lossburg-schoemberg.de\/wp-content\/uploads\/2013\/04\/2013-04-Einladung_1.jpg 1024w\" sizes=\"auto, (max-width: 206px) 100vw, 206px\" \/><\/a><\/td>\n<td><a href=\"http:\/\/beta.lossburg-schoemberg.de\/wp-content\/uploads\/2013\/04\/2013_GDimGruenen.jpg\"><img loading=\"lazy\" decoding=\"async\" class=\"alignnone size-medium wp-image-2140\" alt=\"Herzliche Einladung\" src=\"http:\/\/beta.lossburg-schoemberg.de\/wp-content\/uploads\/2013\/04\/2013_GDimGruenen-198x300.jpg\" width=\"198\" height=\"300\" srcset=\"https:\/\/lossburg-schoemberg.de\/wp-content\/uploads\/2013\/04\/2013_GDimGruenen-198x300.jpg 198w, https:\/\/lossburg-schoemberg.de\/wp-content\/uploads\/2013\/04\/2013_GDimGruenen-678x1024.jpg 678w, https:\/\/lossburg-schoemberg.de\/wp-content\/uploads\/2013\/04\/2013_GDimGruenen.jpg 1984w\" sizes=\"auto, (max-width: 198px) 100vw, 198px\" \/><\/a><\/td>\n<\/tr>\n<\/tbody>\n<\/table>\n<p>&nbsp;<\/p>\n<p>&nbsp;<\/p>\n<p style=\"text-align: center;\">F\u00fcr mehr Details schauen Sie sich bitte den Flyer an (einfach darauf klicken)! Wir freuen uns auf Ihren Besuch.<\/p>\n","protected":false},"excerpt":{"rendered":"<p>Gemeinsamer Gottesdienst im Gr\u00fcnen an Christi Himmelfahrt: Eine Erfahrung zum Anschauen und Anfassen: Das Netzwerk der Verbundenheit tr\u00e4gt Die Kirchengemeinden Alprisbach I und Alpirsbach II (Reutin und R\u00f6tenbach), F\u00fcrnsal-Oberbr\u00e4ndi, Lo\u00dfburg, Wittendorf-Lombach und Sch\u00f6mberg-Reinerzau feierten an Christi Himmelfahrt einen gemeinsamen Gottesdienst als Distrikt. Ein stattlicher Posaunenchor mit Bl\u00e4serinnen und Bl\u00e4sern aus allen Gemeinden vereinigte sich mit &hellip; <\/p>\n<p><a class=\"more-link btn\" href=\"https:\/\/lossburg-schoemberg.de\/index.php\/rueckblick\/2013-2\/distriktsgottesdienst-im-gruenen\/\">Weiterlesen<\/a><\/p>\n","protected":false},"author":2,"featured_media":2074,"parent":2080,"menu_order":8,"comment_status":"open","ping_status":"open","template":"","meta":{"footnotes":""},"class_list":["post-2073","page","type-page","status-publish","has-post-thumbnail","hentry","nodate","item-wrap"],"_links":{"self":[{"href":"https:\/\/lossburg-schoemberg.de\/index.php\/wp-json\/wp\/v2\/pages\/2073","targetHints":{"allow":["GET"]}}],"collection":[{"href":"https:\/\/lossburg-schoemberg.de\/index.php\/wp-json\/wp\/v2\/pages"}],"about":[{"href":"https:\/\/lossburg-schoemberg.de\/index.php\/wp-json\/wp\/v2\/types\/page"}],"author":[{"embeddable":true,"href":"https:\/\/lossburg-schoemberg.de\/index.php\/wp-json\/wp\/v2\/users\/2"}],"replies":[{"embeddable":true,"href":"https:\/\/lossburg-schoemberg.de\/index.php\/wp-json\/wp\/v2\/comments?post=2073"}],"version-history":[{"count":7,"href":"https:\/\/lossburg-schoemberg.de\/index.php\/wp-json\/wp\/v2\/pages\/2073\/revisions"}],"predecessor-version":[{"id":2102,"href":"https:\/\/lossburg-schoemberg.de\/index.php\/wp-json\/wp\/v2\/pages\/2073\/revisions\/2102"}],"up":[{"embeddable":true,"href":"https:\/\/lossburg-schoemberg.de\/index.php\/wp-json\/wp\/v2\/pages\/2080"}],"wp:featuredmedia":[{"embeddable":true,"href":"https:\/\/lossburg-schoemberg.de\/index.php\/wp-json\/wp\/v2\/media\/2074"}],"wp:attachment":[{"href":"https:\/\/lossburg-schoemberg.de\/index.php\/wp-json\/wp\/v2\/media?parent=2073"}],"curies":[{"name":"wp","href":"https:\/\/api.w.org\/{rel}","templated":true}]}}