{"id":1987,"date":"2013-03-25T16:29:24","date_gmt":"2013-03-25T15:29:24","guid":{"rendered":"http:\/\/beta.lossburg-schoemberg.de\/?page_id=1987"},"modified":"2013-04-29T22:09:42","modified_gmt":"2013-04-29T20:09:42","slug":"seniorennachmitag","status":"publish","type":"page","link":"https:\/\/lossburg-schoemberg.de\/index.php\/rueckblick\/2013-2\/seniorennachmitag\/","title":{"rendered":"April: Seniorennachmittag"},"content":{"rendered":"<h2>Einladung zum Seniorennachmittag<\/h2>\n<p>Die Hugo F. Zuber Stiftung hat, wie auch in den vergangenen Jahren alle \u00e4lteren Mitb\u00fcrgerinnen und Mitb\u00fcrger aus Sch\u00f6mberg und Reinerzau zu einem Seniorennachmittag eingeladen. Diesmal ins B\u00fcrgerhaus nach Sch\u00f6mberg.<br \/>\nEs ist eine gemeinsame Veranstaltung f\u00fcr die Senioren aus Sch\u00f6mberg und Reinerzau. Diese findet einmal im Jahr abwechselnd in Sch\u00f6mberg oder in Reierzau statt.<br \/>\nOrganisiert wird die Feier von den Ortschaftverwaltungen.<br \/>\nDer Zuspruch ist gro\u00df, diesmal hatten sich \u00fcber 80 Senioren bei Kaffee, Kuchen und guter Unterhaltung getroffen.<\/p>\n","protected":false},"excerpt":{"rendered":"<p>Einladung zum Seniorennachmittag Die Hugo F. Zuber Stiftung hat, wie auch in den vergangenen Jahren alle \u00e4lteren Mitb\u00fcrgerinnen und Mitb\u00fcrger aus Sch\u00f6mberg und Reinerzau zu einem Seniorennachmittag eingeladen. Diesmal ins B\u00fcrgerhaus nach Sch\u00f6mberg. Es ist eine gemeinsame Veranstaltung f\u00fcr die Senioren aus Sch\u00f6mberg und Reinerzau. Diese findet einmal im Jahr abwechselnd in Sch\u00f6mberg oder in &hellip; <\/p>\n<p><a class=\"more-link btn\" href=\"https:\/\/lossburg-schoemberg.de\/index.php\/rueckblick\/2013-2\/seniorennachmitag\/\">Weiterlesen<\/a><\/p>\n","protected":false},"author":1,"featured_media":1990,"parent":2080,"menu_order":6,"comment_status":"open","ping_status":"open","template":"","meta":{"footnotes":""},"class_list":["post-1987","page","type-page","status-publish","has-post-thumbnail","hentry","nodate","item-wrap"],"_links":{"self":[{"href":"https:\/\/lossburg-schoemberg.de\/index.php\/wp-json\/wp\/v2\/pages\/1987","targetHints":{"allow":["GET"]}}],"collection":[{"href":"https:\/\/lossburg-schoemberg.de\/index.php\/wp-json\/wp\/v2\/pages"}],"about":[{"href":"https:\/\/lossburg-schoemberg.de\/index.php\/wp-json\/wp\/v2\/types\/page"}],"author":[{"embeddable":true,"href":"https:\/\/lossburg-schoemberg.de\/index.php\/wp-json\/wp\/v2\/users\/1"}],"replies":[{"embeddable":true,"href":"https:\/\/lossburg-schoemberg.de\/index.php\/wp-json\/wp\/v2\/comments?post=1987"}],"version-history":[{"count":12,"href":"https:\/\/lossburg-schoemberg.de\/index.php\/wp-json\/wp\/v2\/pages\/1987\/revisions"}],"predecessor-version":[{"id":2100,"href":"https:\/\/lossburg-schoemberg.de\/index.php\/wp-json\/wp\/v2\/pages\/1987\/revisions\/2100"}],"up":[{"embeddable":true,"href":"https:\/\/lossburg-schoemberg.de\/index.php\/wp-json\/wp\/v2\/pages\/2080"}],"wp:featuredmedia":[{"embeddable":true,"href":"https:\/\/lossburg-schoemberg.de\/index.php\/wp-json\/wp\/v2\/media\/1990"}],"wp:attachment":[{"href":"https:\/\/lossburg-schoemberg.de\/index.php\/wp-json\/wp\/v2\/media?parent=1987"}],"curies":[{"name":"wp","href":"https:\/\/api.w.org\/{rel}","templated":true}]}}