{"id":1883,"date":"2013-02-05T16:53:59","date_gmt":"2013-02-05T15:53:59","guid":{"rendered":"http:\/\/beta.lossburg-schoemberg.de\/?page_id=1883"},"modified":"2014-04-25T21:36:21","modified_gmt":"2014-04-25T19:36:21","slug":"die-verleihung-des-sportabzeichens-fuer-2009","status":"publish","type":"page","link":"https:\/\/lossburg-schoemberg.de\/index.php\/einrichtungen\/jugendsportgruppe\/die-verleihung-des-sportabzeichens-fuer-2009\/","title":{"rendered":"Die Verleihung der Sportabzeichen f\u00fcr 2009"},"content":{"rendered":"<p>Im Jahr 2009 haben in der Jugendsportgruppe Sch\u00f6mberg 23 Kinder und 7 Erwachsene die Bedingungen f\u00fcr das Sportzeichen erf\u00fcllt. (Es gab auch wenige, die es nicht geschafft haben)<\/p>\n<p>F\u00fcr die relativ kleine Ortschaft Sch\u00f6mberg nicht nur eine gute Quote, sondern die beste Quote im Landkreis Freudenstadt.<\/p>\n<p>Auf dem Bild die Sportler die das Sportabzeichen in Bronze, Silber oder Gold und die Sportler die die Mehrkampfnadel des WLV (W\u00fcrttembergischer Leichtathletik Verband) erhalten haben.<\/p>\n<div id=\"attachment_1884\" style=\"width: 560px\" class=\"wp-caption aligncenter\"><a href=\"http:\/\/beta.lossburg-schoemberg.de\/wp-content\/uploads\/2013\/02\/Sportabz09.jpg\"><img loading=\"lazy\" decoding=\"async\" aria-describedby=\"caption-attachment-1884\" class=\" wp-image-1884 \" src=\"http:\/\/beta.lossburg-schoemberg.de\/wp-content\/uploads\/2013\/02\/Sportabz09.jpg\" alt=\"Links im Bild: Ortsvorsteher Kurt Winter, Referent des Sportkreises Freudenstadt Uwe Beyer, rechts Jugendleiterin Anja Eberhardt.\" width=\"560\" height=\"376\" srcset=\"https:\/\/lossburg-schoemberg.de\/wp-content\/uploads\/2013\/02\/Sportabz09.jpg 800w, https:\/\/lossburg-schoemberg.de\/wp-content\/uploads\/2013\/02\/Sportabz09-300x201.jpg 300w\" sizes=\"auto, (max-width: 560px) 100vw, 560px\" \/><\/a><p id=\"caption-attachment-1884\" class=\"wp-caption-text\">Links im Bild: Ortsvorsteher Kurt Winter, Referent des Sportkreises Freudenstadt Uwe Beyer, rechts Jugendleiterin Anja Eberhardt.<\/p><\/div>\n","protected":false},"excerpt":{"rendered":"<p>Im Jahr 2009 haben in der Jugendsportgruppe Sch\u00f6mberg 23 Kinder und 7 Erwachsene die Bedingungen f\u00fcr das Sportzeichen erf\u00fcllt. (Es gab auch wenige, die es nicht geschafft haben) F\u00fcr die relativ kleine Ortschaft Sch\u00f6mberg nicht nur eine gute Quote, sondern die beste Quote im Landkreis Freudenstadt. Auf dem Bild die Sportler die das Sportabzeichen in &hellip; <\/p>\n<p><a class=\"more-link btn\" href=\"https:\/\/lossburg-schoemberg.de\/index.php\/einrichtungen\/jugendsportgruppe\/die-verleihung-des-sportabzeichens-fuer-2009\/\">Weiterlesen<\/a><\/p>\n","protected":false},"author":2,"featured_media":1884,"parent":354,"menu_order":44,"comment_status":"open","ping_status":"closed","template":"","meta":{"footnotes":""},"class_list":["post-1883","page","type-page","status-publish","has-post-thumbnail","hentry","nodate","item-wrap"],"_links":{"self":[{"href":"https:\/\/lossburg-schoemberg.de\/index.php\/wp-json\/wp\/v2\/pages\/1883","targetHints":{"allow":["GET"]}}],"collection":[{"href":"https:\/\/lossburg-schoemberg.de\/index.php\/wp-json\/wp\/v2\/pages"}],"about":[{"href":"https:\/\/lossburg-schoemberg.de\/index.php\/wp-json\/wp\/v2\/types\/page"}],"author":[{"embeddable":true,"href":"https:\/\/lossburg-schoemberg.de\/index.php\/wp-json\/wp\/v2\/users\/2"}],"replies":[{"embeddable":true,"href":"https:\/\/lossburg-schoemberg.de\/index.php\/wp-json\/wp\/v2\/comments?post=1883"}],"version-history":[{"count":7,"href":"https:\/\/lossburg-schoemberg.de\/index.php\/wp-json\/wp\/v2\/pages\/1883\/revisions"}],"predecessor-version":[{"id":2506,"href":"https:\/\/lossburg-schoemberg.de\/index.php\/wp-json\/wp\/v2\/pages\/1883\/revisions\/2506"}],"up":[{"embeddable":true,"href":"https:\/\/lossburg-schoemberg.de\/index.php\/wp-json\/wp\/v2\/pages\/354"}],"wp:featuredmedia":[{"embeddable":true,"href":"https:\/\/lossburg-schoemberg.de\/index.php\/wp-json\/wp\/v2\/media\/1884"}],"wp:attachment":[{"href":"https:\/\/lossburg-schoemberg.de\/index.php\/wp-json\/wp\/v2\/media?parent=1883"}],"curies":[{"name":"wp","href":"https:\/\/api.w.org\/{rel}","templated":true}]}}