{"id":1877,"date":"2013-02-05T16:46:53","date_gmt":"2013-02-05T15:46:53","guid":{"rendered":"http:\/\/beta.lossburg-schoemberg.de\/?page_id=1877"},"modified":"2014-04-25T21:37:15","modified_gmt":"2014-04-25T19:37:15","slug":"10-jaehriges-bestehen-der-jugendsportgruppe","status":"publish","type":"page","link":"https:\/\/lossburg-schoemberg.de\/index.php\/einrichtungen\/jugendsportgruppe\/10-jaehriges-bestehen-der-jugendsportgruppe\/","title":{"rendered":"10-j\u00e4hriges Bestehen der Jugendsportgruppe"},"content":{"rendered":"<h3 style=\"text-align: center;\"><span style=\"font-size: large;\"><b>10-j\u00e4hriges Bestehen der Jugendsportgruppe unter der Leitung von Anja Eberhardt.<\/b><\/span><\/h3>\n<p>Anja Eberhard ist nun 10 Jahre Leiterin der Jugendsportgruppe.<\/p>\n<p>Sie hat mit vielen Jugendlichen (und Erwachsenen) Trainiert und ihnen den Weg zum Sportabzeichen erm\u00f6glicht.<\/p>\n<p>Bei der Verleihung der Sportabzeichen 2010 dankte ihr unser Ortsvorsteher Kurt Winter f\u00fcr ihren Einsatz.<\/p>\n<p>Er bedankte sich auch bei der Stadt Freudenstadt f\u00fcr die M\u00f6glichkeit die dortigen Sportanlagen benutzen zu k\u00f6nnen.<\/p>\n<p>Von der Ortschaft Sch\u00f6mberg bekam Anja Eberhard Blumen und ein Geschenk \u00fcberreicht.<\/p>\n<p>Stellvertretend f\u00fcr die Teilnehmer hat sich Diana Armbruster bedankt und ein passendes Gedicht vorgetragen.<\/p>\n<p><a href=\"http:\/\/beta.lossburg-schoemberg.de\/wp-content\/uploads\/2013\/02\/Sportabz10_2.jpg\"><img loading=\"lazy\" decoding=\"async\" class=\"aligncenter size-medium wp-image-1878\" src=\"http:\/\/beta.lossburg-schoemberg.de\/wp-content\/uploads\/2013\/02\/Sportabz10_2-300x300.jpg\" alt=\"Sportabz10_2\" width=\"300\" height=\"300\" srcset=\"https:\/\/lossburg-schoemberg.de\/wp-content\/uploads\/2013\/02\/Sportabz10_2-300x300.jpg 300w, https:\/\/lossburg-schoemberg.de\/wp-content\/uploads\/2013\/02\/Sportabz10_2-125x125.jpg 125w, https:\/\/lossburg-schoemberg.de\/wp-content\/uploads\/2013\/02\/Sportabz10_2.jpg 400w\" sizes=\"auto, (max-width: 300px) 100vw, 300px\" \/><\/a><\/p>\n","protected":false},"excerpt":{"rendered":"<p>10-j\u00e4hriges Bestehen der Jugendsportgruppe unter der Leitung von Anja Eberhardt. Anja Eberhard ist nun 10 Jahre Leiterin der Jugendsportgruppe. Sie hat mit vielen Jugendlichen (und Erwachsenen) Trainiert und ihnen den Weg zum Sportabzeichen erm\u00f6glicht. Bei der Verleihung der Sportabzeichen 2010 dankte ihr unser Ortsvorsteher Kurt Winter f\u00fcr ihren Einsatz. Er bedankte sich auch bei der &hellip; <\/p>\n<p><a class=\"more-link btn\" href=\"https:\/\/lossburg-schoemberg.de\/index.php\/einrichtungen\/jugendsportgruppe\/10-jaehriges-bestehen-der-jugendsportgruppe\/\">Weiterlesen<\/a><\/p>\n","protected":false},"author":2,"featured_media":1878,"parent":354,"menu_order":40,"comment_status":"open","ping_status":"closed","template":"","meta":{"footnotes":""},"class_list":["post-1877","page","type-page","status-publish","has-post-thumbnail","hentry","nodate","item-wrap"],"_links":{"self":[{"href":"https:\/\/lossburg-schoemberg.de\/index.php\/wp-json\/wp\/v2\/pages\/1877","targetHints":{"allow":["GET"]}}],"collection":[{"href":"https:\/\/lossburg-schoemberg.de\/index.php\/wp-json\/wp\/v2\/pages"}],"about":[{"href":"https:\/\/lossburg-schoemberg.de\/index.php\/wp-json\/wp\/v2\/types\/page"}],"author":[{"embeddable":true,"href":"https:\/\/lossburg-schoemberg.de\/index.php\/wp-json\/wp\/v2\/users\/2"}],"replies":[{"embeddable":true,"href":"https:\/\/lossburg-schoemberg.de\/index.php\/wp-json\/wp\/v2\/comments?post=1877"}],"version-history":[{"count":4,"href":"https:\/\/lossburg-schoemberg.de\/index.php\/wp-json\/wp\/v2\/pages\/1877\/revisions"}],"predecessor-version":[{"id":2507,"href":"https:\/\/lossburg-schoemberg.de\/index.php\/wp-json\/wp\/v2\/pages\/1877\/revisions\/2507"}],"up":[{"embeddable":true,"href":"https:\/\/lossburg-schoemberg.de\/index.php\/wp-json\/wp\/v2\/pages\/354"}],"wp:featuredmedia":[{"embeddable":true,"href":"https:\/\/lossburg-schoemberg.de\/index.php\/wp-json\/wp\/v2\/media\/1878"}],"wp:attachment":[{"href":"https:\/\/lossburg-schoemberg.de\/index.php\/wp-json\/wp\/v2\/media?parent=1877"}],"curies":[{"name":"wp","href":"https:\/\/api.w.org\/{rel}","templated":true}]}}