{"id":1873,"date":"2013-02-05T16:42:53","date_gmt":"2013-02-05T15:42:53","guid":{"rendered":"http:\/\/beta.lossburg-schoemberg.de\/?page_id=1873"},"modified":"2014-04-25T21:37:52","modified_gmt":"2014-04-25T19:37:52","slug":"die-verleihung-der-sportabzeichen-fuer-2010","status":"publish","type":"page","link":"https:\/\/lossburg-schoemberg.de\/index.php\/einrichtungen\/jugendsportgruppe\/die-verleihung-der-sportabzeichen-fuer-2010\/","title":{"rendered":"Die Verleihung der Sportabzeichen f\u00fcr 2010"},"content":{"rendered":"<p>Auch 2010 habe viele Sch\u00f6mberger Sportabzeichen in Bronze, Silber oder Gold und die die Mehrkampfnadel des W\u00fcrttembergischen Leichtathletik Verbandes erhalten.<\/p>\n<div id=\"attachment_1874\" style=\"width: 560px\" class=\"wp-caption aligncenter\"><a href=\"http:\/\/beta.lossburg-schoemberg.de\/wp-content\/uploads\/2013\/02\/Sportabz10_1.jpg\"><img loading=\"lazy\" decoding=\"async\" aria-describedby=\"caption-attachment-1874\" class=\" wp-image-1874 \" src=\"http:\/\/beta.lossburg-schoemberg.de\/wp-content\/uploads\/2013\/02\/Sportabz10_1.jpg\" alt=\"Links im Bild: Anja Eberhardt, Leiterin der Jugendsportgruppe Sch\u00f6mberg, rechts: Ortsvorsteher Kurt Winter\" width=\"560\" height=\"373\" srcset=\"https:\/\/lossburg-schoemberg.de\/wp-content\/uploads\/2013\/02\/Sportabz10_1.jpg 800w, https:\/\/lossburg-schoemberg.de\/wp-content\/uploads\/2013\/02\/Sportabz10_1-300x199.jpg 300w\" sizes=\"auto, (max-width: 560px) 100vw, 560px\" \/><\/a><p id=\"caption-attachment-1874\" class=\"wp-caption-text\">Links im Bild: Anja Eberhardt, Leiterin der Jugendsportgruppe Sch\u00f6mberg, rechts: Ortsvorsteher Kurt Winter<\/p><\/div>\n","protected":false},"excerpt":{"rendered":"<p>Auch 2010 habe viele Sch\u00f6mberger Sportabzeichen in Bronze, Silber oder Gold und die die Mehrkampfnadel des W\u00fcrttembergischen Leichtathletik Verbandes erhalten.<\/p>\n","protected":false},"author":2,"featured_media":1874,"parent":354,"menu_order":38,"comment_status":"open","ping_status":"closed","template":"","meta":{"footnotes":""},"class_list":["post-1873","page","type-page","status-publish","has-post-thumbnail","hentry","nodate","item-wrap"],"_links":{"self":[{"href":"https:\/\/lossburg-schoemberg.de\/index.php\/wp-json\/wp\/v2\/pages\/1873","targetHints":{"allow":["GET"]}}],"collection":[{"href":"https:\/\/lossburg-schoemberg.de\/index.php\/wp-json\/wp\/v2\/pages"}],"about":[{"href":"https:\/\/lossburg-schoemberg.de\/index.php\/wp-json\/wp\/v2\/types\/page"}],"author":[{"embeddable":true,"href":"https:\/\/lossburg-schoemberg.de\/index.php\/wp-json\/wp\/v2\/users\/2"}],"replies":[{"embeddable":true,"href":"https:\/\/lossburg-schoemberg.de\/index.php\/wp-json\/wp\/v2\/comments?post=1873"}],"version-history":[{"count":3,"href":"https:\/\/lossburg-schoemberg.de\/index.php\/wp-json\/wp\/v2\/pages\/1873\/revisions"}],"predecessor-version":[{"id":2508,"href":"https:\/\/lossburg-schoemberg.de\/index.php\/wp-json\/wp\/v2\/pages\/1873\/revisions\/2508"}],"up":[{"embeddable":true,"href":"https:\/\/lossburg-schoemberg.de\/index.php\/wp-json\/wp\/v2\/pages\/354"}],"wp:featuredmedia":[{"embeddable":true,"href":"https:\/\/lossburg-schoemberg.de\/index.php\/wp-json\/wp\/v2\/media\/1874"}],"wp:attachment":[{"href":"https:\/\/lossburg-schoemberg.de\/index.php\/wp-json\/wp\/v2\/media?parent=1873"}],"curies":[{"name":"wp","href":"https:\/\/api.w.org\/{rel}","templated":true}]}}