{"id":1864,"date":"2013-02-05T16:33:27","date_gmt":"2013-02-05T15:33:27","guid":{"rendered":"http:\/\/beta.lossburg-schoemberg.de\/?page_id=1864"},"modified":"2014-04-25T21:38:26","modified_gmt":"2014-04-25T19:38:26","slug":"verleihung-der-sportabzeichen-2011","status":"publish","type":"page","link":"https:\/\/lossburg-schoemberg.de\/index.php\/einrichtungen\/jugendsportgruppe\/verleihung-der-sportabzeichen-2011\/","title":{"rendered":"Verleihung der Sportabzeichen f\u00fcr 2011"},"content":{"rendered":"<p>Im Jahr 2011 haben von den Trainingsteilnehmern 24 Personen Sportabzeichen in Bronze, Silber oder Gold, das deutsche Sportzeichen in Bronze und Gold und das deutsche Familien Sportabzeichen erhalten.<\/p>\n<div id=\"attachment_1865\" style=\"width: 595px\" class=\"wp-caption aligncenter\"><a href=\"http:\/\/beta.lossburg-schoemberg.de\/wp-content\/uploads\/2013\/02\/Sportabz11_1.jpg\"><img loading=\"lazy\" decoding=\"async\" aria-describedby=\"caption-attachment-1865\" class=\" wp-image-1865 \" src=\"http:\/\/beta.lossburg-schoemberg.de\/wp-content\/uploads\/2013\/02\/Sportabz11_1.jpg\" alt=\"Verleihung der Sportabzeichen 2011 Links im Bild: Uwe Beyer, Referent des Sportkreises Freudenstadt, dritter von links Kurt Winter, Ortsvorsteher von Sch\u00f6mberg, vierte von links Anja Eberhardt, Leiterin der Jugendsportgruppe Sch\u00f6mberg.\" width=\"595\" height=\"305\" srcset=\"https:\/\/lossburg-schoemberg.de\/wp-content\/uploads\/2013\/02\/Sportabz11_1.jpg 850w, https:\/\/lossburg-schoemberg.de\/wp-content\/uploads\/2013\/02\/Sportabz11_1-300x153.jpg 300w\" sizes=\"auto, (max-width: 595px) 100vw, 595px\" \/><\/a><p id=\"caption-attachment-1865\" class=\"wp-caption-text\">Verleihung der Sportabzeichen 2011 Links im Bild: Uwe Beyer, Referent des Sportkreises Freudenstadt, dritter von links Kurt Winter, Ortsvorsteher von Sch\u00f6mberg, vierte von links Anja Eberhardt, Leiterin der Jugendsportgruppe Sch\u00f6mberg.<\/p><\/div>\n<table border=\"0\">\n<tbody>\n<tr>\n<td valign=\"top\">\n<h4>Feierliche \u00dcbergabe der Sportabzeichen<\/h4>\n<p>Auch im Jahr 2011 kam Uwe Beyer, Referent des Sportkreises Freudenstadt auf den Sch\u00f6mberg um den erfolgreichen Teilnehmern die Sportabzeichen zu verleihen.<\/p>\n<p>Wie immer war alles bestens vorbereitet von Anja Eberhardt.<\/p>\n<p>Hier die \u00dcbergabe des goldenen Sportabzeichens an Anja Eberhardt, die zum 21-zigsten mal das goldene Sportabzeichen in Empfang nehmen konnte.<\/p>\n<p>Ortsvorsteher Kurt Winter dankte Anja Eberhardt f\u00fcr ihre Arbeit mit der Jugendsportgruppe Sch\u00f6mberg die sie nun im elften Jahr in Folge leitet und vielen, besonders jugendlichen Teilnehmern aus Sch\u00f6mberg Trainingsstunden bietet mit dem Abnehmen der Sportabzeichen in den verschiedenen Disziplinen bietet.<\/td>\n<td style=\"width: 50%;\"><a href=\"http:\/\/beta.lossburg-schoemberg.de\/wp-content\/uploads\/2013\/02\/Sportabz11_2.jpg\"><img loading=\"lazy\" decoding=\"async\" class=\"aligncenter size-medium wp-image-1868\" src=\"http:\/\/beta.lossburg-schoemberg.de\/wp-content\/uploads\/2013\/02\/Sportabz11_2-275x300.jpg\" alt=\"Sportabz11_2\" width=\"275\" height=\"300\" srcset=\"https:\/\/lossburg-schoemberg.de\/wp-content\/uploads\/2013\/02\/Sportabz11_2-275x300.jpg 275w, https:\/\/lossburg-schoemberg.de\/wp-content\/uploads\/2013\/02\/Sportabz11_2.jpg 500w\" sizes=\"auto, (max-width: 275px) 100vw, 275px\" \/><\/a><\/td>\n<\/tr>\n<tr>\n<td valign=\"top\">\n<h4>Das Deutsche Familien Sportabzeichen<\/h4>\n<p>hat die Familie Dieterle aus Sch\u00f6mberg zum zehnten mal erhalten.<\/p>\n<p>Zehn mal nacheinander das Familien Sportabzeichen zu erhalten ist wirklich eine besondere Leistung.<\/p>\n<p>Im Bild in der Mitte die Familie Dieterle, links Uwe Beyer, rechts Anja Eberhardt.<\/p>\n<p>Wir von der Ortschaft Sch\u00f6mberg w\u00fcnschen der Familie Dieterle weiterhin gemeinsame sportliche Erfolge.<\/td>\n<td><a href=\"http:\/\/beta.lossburg-schoemberg.de\/wp-content\/uploads\/2013\/02\/Sportabz11_3.jpg\"><img loading=\"lazy\" decoding=\"async\" class=\"aligncenter size-medium wp-image-1870\" src=\"http:\/\/beta.lossburg-schoemberg.de\/wp-content\/uploads\/2013\/02\/Sportabz11_3-300x234.jpg\" alt=\"Sportabz11_3\" width=\"300\" height=\"234\" srcset=\"https:\/\/lossburg-schoemberg.de\/wp-content\/uploads\/2013\/02\/Sportabz11_3-300x234.jpg 300w, https:\/\/lossburg-schoemberg.de\/wp-content\/uploads\/2013\/02\/Sportabz11_3.jpg 500w\" sizes=\"auto, (max-width: 300px) 100vw, 300px\" \/><\/a><\/td>\n<\/tr>\n<\/tbody>\n<\/table>\n","protected":false},"excerpt":{"rendered":"<p>Im Jahr 2011 haben von den Trainingsteilnehmern 24 Personen Sportabzeichen in Bronze, Silber oder Gold, das deutsche Sportzeichen in Bronze und Gold und das deutsche Familien Sportabzeichen erhalten. Feierliche \u00dcbergabe der Sportabzeichen Auch im Jahr 2011 kam Uwe Beyer, Referent des Sportkreises Freudenstadt auf den Sch\u00f6mberg um den erfolgreichen Teilnehmern die Sportabzeichen zu verleihen. Wie &hellip; <\/p>\n<p><a class=\"more-link btn\" href=\"https:\/\/lossburg-schoemberg.de\/index.php\/einrichtungen\/jugendsportgruppe\/verleihung-der-sportabzeichen-2011\/\">Weiterlesen<\/a><\/p>\n","protected":false},"author":2,"featured_media":1865,"parent":354,"menu_order":36,"comment_status":"open","ping_status":"open","template":"","meta":{"footnotes":""},"class_list":["post-1864","page","type-page","status-publish","has-post-thumbnail","hentry","nodate","item-wrap"],"_links":{"self":[{"href":"https:\/\/lossburg-schoemberg.de\/index.php\/wp-json\/wp\/v2\/pages\/1864","targetHints":{"allow":["GET"]}}],"collection":[{"href":"https:\/\/lossburg-schoemberg.de\/index.php\/wp-json\/wp\/v2\/pages"}],"about":[{"href":"https:\/\/lossburg-schoemberg.de\/index.php\/wp-json\/wp\/v2\/types\/page"}],"author":[{"embeddable":true,"href":"https:\/\/lossburg-schoemberg.de\/index.php\/wp-json\/wp\/v2\/users\/2"}],"replies":[{"embeddable":true,"href":"https:\/\/lossburg-schoemberg.de\/index.php\/wp-json\/wp\/v2\/comments?post=1864"}],"version-history":[{"count":6,"href":"https:\/\/lossburg-schoemberg.de\/index.php\/wp-json\/wp\/v2\/pages\/1864\/revisions"}],"predecessor-version":[{"id":2510,"href":"https:\/\/lossburg-schoemberg.de\/index.php\/wp-json\/wp\/v2\/pages\/1864\/revisions\/2510"}],"up":[{"embeddable":true,"href":"https:\/\/lossburg-schoemberg.de\/index.php\/wp-json\/wp\/v2\/pages\/354"}],"wp:featuredmedia":[{"embeddable":true,"href":"https:\/\/lossburg-schoemberg.de\/index.php\/wp-json\/wp\/v2\/media\/1865"}],"wp:attachment":[{"href":"https:\/\/lossburg-schoemberg.de\/index.php\/wp-json\/wp\/v2\/media?parent=1864"}],"curies":[{"name":"wp","href":"https:\/\/api.w.org\/{rel}","templated":true}]}}