{"id":1810,"date":"2013-02-04T22:16:07","date_gmt":"2013-02-04T21:16:07","guid":{"rendered":"http:\/\/beta.lossburg-schoemberg.de\/?page_id=1810"},"modified":"2015-11-07T20:51:12","modified_gmt":"2015-11-07T19:51:12","slug":"herbstausflug-der-dorfgemeinschaft-schoemberg-im-oktober-2007","status":"publish","type":"page","link":"https:\/\/lossburg-schoemberg.de\/index.php\/einrichtungen\/dorfgemeinschaft\/herbstausflug-der-dorfgemeinschaft-schoemberg-im-oktober-2007\/","title":{"rendered":"Herbstausflug im Oktober 2007"},"content":{"rendered":"<table>\n<tbody>\n<tr>\n<td colspan=\"3\">\n<h3 style=\"text-align: center;\"><b>Herbstausflug der Dorfgemeinschaft Sch\u00f6mberg 3. Oktober 2007<\/b><\/h3>\n<\/td>\n<\/tr>\n<tr>\n<td style=\"width: 50%;\">Am 3.Oktober \u2013 wie jedes Jahr \u2013<br \/>\nWar wieder unser Herbstausflug \u2013 das war ja klar.<br \/>\n40 Sch\u00f6mberger wollten den Tag miteinander verbringen<br \/>\nund vielleicht auch das ein oder andere Liedle singen.<br \/>\nUm 8.00 Uhr morgens ging die Reise los<br \/>\nUnd die Vorfreude war bei allen gro\u00df.<br \/>\n\u00dcber die Schwarzwaldhochstra\u00dfe hinab ins Tal f\u00fchrte die Tour;<br \/>\nIn Frankreich sagten wir kurz \u201eBonjour!\u201c,<br \/>\ndann fuhren wir wieder nach Deutschland ein<br \/>\nund kamen in die Pfalz \u2013 so sollte es sein.<br \/>\nIn Kandel machten wir beim \u201eAdamshof\u201c Rast<br \/>\nUnd meinten, wir w\u00e4ren auf dem Was\u2019n zu Gast.<br \/>\nEin kleiner Fr\u00fchschoppen in Volksfest-Manier<br \/>\nDa trank man doch gerne mal eine Ma\u00df Bier.<br \/>\nBald setzten wir unseren Ausflug fort<br \/>\nUnd kamen nach Rhodt \u2013 so hie\u00df der Ort.<br \/>\nDie Rietburg war unser n\u00e4chstes Ziel,<br \/>\ndoch davon sahen wir zun\u00e4chst \u2013vor lauter Nebel- nicht viel.<br \/>\nDavon lie\u00dfen wir uns aber nicht abschrecken<br \/>\nUnd griffen zu den Wanderst\u00f6cken.<br \/>\nZur Burg hinauf: \u201eDa gibt es dann Essen \u2013<br \/>\nUnd (vielleicht) einen sch\u00f6nen Ausblick nicht zu vergessen!\u201c<br \/>\nAls wir dann oben angekommen<br \/>\n(mancher hatte auch die Seilbahn genommen)<br \/>\nkonnten wir nicht in die Ferne seh\u2019n,<br \/>\ndoch es war dort oben trotzdem sch\u00f6n.Ein gutes Essen, ein gem\u00fctlicher Schwatz<br \/>\nUnd die Kinder hielt\u2019s nicht auf ihrem Platz,<br \/>\nals sie h\u00f6rten, dass es dort oben ein Wildgehege gibt<br \/>\nund jeder Hirsch gef\u00fcttert zu werden liebt.<br \/>\nWie im Flug verging die Zeit<br \/>\nUnd wir machten uns zum Aufbruch bereit.<br \/>\nNun ging\u2019s wieder abw\u00e4rts \u2013 gem\u00fctlich liefen wir nach Rhodt,<br \/>\ndas uns einen vertr\u00e4umt sch\u00f6nen Anblick bot.<br \/>\nIn einer der vielen Besenwirtschaften kehrten wir ein<br \/>\nUnd probierten den Pf\u00e4lzer Wein.<br \/>\nEs war ganz lustig \u2013 es wurde dann doch noch gesungen<br \/>\nUnd man kann sagen, der Tag war gelungen.<br \/>\nAbends um 6.00 Uhr ging\u2019s dann wieder heim<br \/>\n&#8211; wer wollte, kehrte dann noch im Sch\u00f6mberger \u201eBesen\u201c ein.<br \/>\nUnd so hat man mal wieder geseh\u2019n:<br \/>\nDer Sch\u00f6mberger Herbstausflug ist einfach sch\u00f6n!<\/td>\n<td style=\"text-align: center; width: 50%;\" colspan=\"2\"><a href=\"http:\/\/beta.lossburg-schoemberg.de\/wp-content\/uploads\/2012\/07\/Dorfgem3Okt07.jpg\"><img loading=\"lazy\" decoding=\"async\" class=\"aligncenter size-medium wp-image-1551\" src=\"http:\/\/beta.lossburg-schoemberg.de\/wp-content\/uploads\/2012\/07\/Dorfgem3Okt07-300x171.jpg\" alt=\"Dorfgem3Okt07\" width=\"300\" height=\"171\" srcset=\"https:\/\/lossburg-schoemberg.de\/wp-content\/uploads\/2012\/07\/Dorfgem3Okt07-300x171.jpg 300w, https:\/\/lossburg-schoemberg.de\/wp-content\/uploads\/2012\/07\/Dorfgem3Okt07.jpg 600w\" sizes=\"auto, (max-width: 300px) 100vw, 300px\" \/><\/a> <a href=\"http:\/\/beta.lossburg-schoemberg.de\/wp-content\/uploads\/2012\/07\/Dorfgem3Okt073.jpg\"><img loading=\"lazy\" decoding=\"async\" class=\"aligncenter size-medium wp-image-1550\" src=\"http:\/\/beta.lossburg-schoemberg.de\/wp-content\/uploads\/2012\/07\/Dorfgem3Okt073-300x233.jpg\" alt=\"Dorfgem3Okt073\" width=\"300\" height=\"233\" srcset=\"https:\/\/lossburg-schoemberg.de\/wp-content\/uploads\/2012\/07\/Dorfgem3Okt073-300x233.jpg 300w, https:\/\/lossburg-schoemberg.de\/wp-content\/uploads\/2012\/07\/Dorfgem3Okt073.jpg 600w\" sizes=\"auto, (max-width: 300px) 100vw, 300px\" \/><\/a> <a href=\"http:\/\/beta.lossburg-schoemberg.de\/wp-content\/uploads\/2012\/07\/Dorfgem3Okt072.jpg\"><br \/>\n<img loading=\"lazy\" decoding=\"async\" class=\"aligncenter size-medium wp-image-1549\" src=\"http:\/\/beta.lossburg-schoemberg.de\/wp-content\/uploads\/2012\/07\/Dorfgem3Okt072-300x164.jpg\" alt=\"Dorfgem3Okt072\" width=\"300\" height=\"164\" srcset=\"https:\/\/lossburg-schoemberg.de\/wp-content\/uploads\/2012\/07\/Dorfgem3Okt072-300x164.jpg 300w, https:\/\/lossburg-schoemberg.de\/wp-content\/uploads\/2012\/07\/Dorfgem3Okt072.jpg 600w\" sizes=\"auto, (max-width: 300px) 100vw, 300px\" \/><\/a><\/p>\n<address>Gedicht: von Diana Armbruster, Sch\u00f6mberg<\/address>\n<address>Bilder: Karl Pfau, Sch\u00f6mberg<\/address>\n<\/td>\n<\/tr>\n<\/tbody>\n<\/table>\n","protected":false},"excerpt":{"rendered":"<p>Herbstausflug der Dorfgemeinschaft Sch\u00f6mberg 3. Oktober 2007 Am 3.Oktober \u2013 wie jedes Jahr \u2013 War wieder unser Herbstausflug \u2013 das war ja klar. 40 Sch\u00f6mberger wollten den Tag miteinander verbringen und vielleicht auch das ein oder andere Liedle singen. Um 8.00 Uhr morgens ging die Reise los Und die Vorfreude war bei allen gro\u00df. \u00dcber &hellip; <\/p>\n<p><a class=\"more-link btn\" href=\"https:\/\/lossburg-schoemberg.de\/index.php\/einrichtungen\/dorfgemeinschaft\/herbstausflug-der-dorfgemeinschaft-schoemberg-im-oktober-2007\/\">Weiterlesen<\/a><\/p>\n","protected":false},"author":2,"featured_media":1551,"parent":352,"menu_order":48,"comment_status":"open","ping_status":"closed","template":"","meta":{"footnotes":""},"class_list":["post-1810","page","type-page","status-publish","has-post-thumbnail","hentry","nodate","item-wrap"],"_links":{"self":[{"href":"https:\/\/lossburg-schoemberg.de\/index.php\/wp-json\/wp\/v2\/pages\/1810","targetHints":{"allow":["GET"]}}],"collection":[{"href":"https:\/\/lossburg-schoemberg.de\/index.php\/wp-json\/wp\/v2\/pages"}],"about":[{"href":"https:\/\/lossburg-schoemberg.de\/index.php\/wp-json\/wp\/v2\/types\/page"}],"author":[{"embeddable":true,"href":"https:\/\/lossburg-schoemberg.de\/index.php\/wp-json\/wp\/v2\/users\/2"}],"replies":[{"embeddable":true,"href":"https:\/\/lossburg-schoemberg.de\/index.php\/wp-json\/wp\/v2\/comments?post=1810"}],"version-history":[{"count":9,"href":"https:\/\/lossburg-schoemberg.de\/index.php\/wp-json\/wp\/v2\/pages\/1810\/revisions"}],"predecessor-version":[{"id":3095,"href":"https:\/\/lossburg-schoemberg.de\/index.php\/wp-json\/wp\/v2\/pages\/1810\/revisions\/3095"}],"up":[{"embeddable":true,"href":"https:\/\/lossburg-schoemberg.de\/index.php\/wp-json\/wp\/v2\/pages\/352"}],"wp:featuredmedia":[{"embeddable":true,"href":"https:\/\/lossburg-schoemberg.de\/index.php\/wp-json\/wp\/v2\/media\/1551"}],"wp:attachment":[{"href":"https:\/\/lossburg-schoemberg.de\/index.php\/wp-json\/wp\/v2\/media?parent=1810"}],"curies":[{"name":"wp","href":"https:\/\/api.w.org\/{rel}","templated":true}]}}