{"id":1804,"date":"2013-02-04T22:12:07","date_gmt":"2013-02-04T21:12:07","guid":{"rendered":"http:\/\/beta.lossburg-schoemberg.de\/?page_id=1804"},"modified":"2015-11-07T20:51:47","modified_gmt":"2015-11-07T19:51:47","slug":"herbstausflug-der-dorfgemeinschaft-schoemberg-im-oktober-2009","status":"publish","type":"page","link":"https:\/\/lossburg-schoemberg.de\/index.php\/einrichtungen\/dorfgemeinschaft\/herbstausflug-der-dorfgemeinschaft-schoemberg-im-oktober-2009\/","title":{"rendered":"Herbstausflug im Oktober 2009"},"content":{"rendered":"<table>\n<tbody>\n<tr>\n<td style=\"text-align: center;\" colspan=\"3\">\n<h3>Herbstausflug der Dorfgemeinschaft Sch\u00f6mberg am 3. Oktober 2009<\/h3>\n<\/td>\n<\/tr>\n<tr>\n<td style=\"width: 50%;\">Einen abwechslungsreichen sch\u00f6nen Tag erlebte die Dorfgemeinschaft Sch\u00f6mberg bei ihrem diesj\u00e4hrigen Herbstausflug, der in die Bodenseeregion f\u00fchrte.<br \/>\nMorgens um 07.45 Uhr ging es los. Ein eindrucksvoller Sonnenaufgang lie\u00df uns hier bereits auf einen sehr sch\u00f6nen Tag hoffen- wir wurden nicht entt\u00e4uscht. Chauffiert von unserem Dorfgemeinschaftsmitglied Andreas Forberg f\u00fchrte uns die Route \u00fcber die Bodenseeautobahn A 81 zun\u00e4chst ins Hegau. Bei der gleichnamigen Rastst\u00e4tte wurde eine erste Pause eingelegt inmitten herrlichen Sonnenscheins.<br \/>\nDie Fahrt f\u00fchrte weiter \u00fcber Stockach, Ludwigshafen und dann am Bodensee entlang nach Unteruhldingen. Im dort gelegenen Reptilienhaus konnten wir mit allerhand angenehmen und auch etwas weniger angenehmen Zeitgenossen Bekanntschaft machen. Die gro\u00dfe Artenvielfalt an Echsen, Schlangen und Spinnen beeindruckte uns alle sehr. Der H\u00f6hepunkt f\u00fcr Klein und Gro\u00df war sicherlich das \u201eStreicheln\u201c einer lebenden Python, die das alles auch sehr geduldig \u00fcber sich ergehen lie\u00df.<br \/>\nIm Anschluss f\u00fchrte uns eine kurzweilige Wanderung nach Ober-uhldingen zum Gasthaus \u201eStorchen\u201c, wo wir zum Mittagessen gemeldet waren.<br \/>\nNach einem reichhaltigen Mittagessen ging es \u00fcber Meersburg und Friedrichshafen weiter nach Meckenbeuren, immer in Begleitung des Zeppelins, der \u00fcber unseren K\u00f6pfen am blauen Himmel seine Bahnen drehte.<br \/>\nDirekt neben dem \u201eRavensburger Spieleland\u201c liegt das \u201eMinimundus\u201c, ein sehr sch\u00f6n angelegter Park, in dem die ein-drucksvollsten Bauwerke unseres Planeten im Ma\u00dfstab 1:25 nachgebaut sind.<br \/>\nVon thail\u00e4ndischen Tempelanlagen \u00fcber die Pyramiden von Gizeh, der Tower-Bridge in London, der untergehenden Titanic und der Freiheitsstatue von New York, bis hin zu den ber\u00fchmten Niagara- Wasserf\u00e4llen konnten wir sozusagen innerhalb kurzer Zeit staunend einmal die gesamte Erde umkreisen.<br \/>\nAuch das ber\u00fchmte sehr markante Hotel Burj al Arab, aus Dubai war hier nachgebaut worden. Es ist trotz des Ma\u00dfstabs 1:25 mit ann\u00e4hrend 13 Meter H\u00f6he das h\u00f6chste Bauwerk des gesamten Parks- ein eindrucksvolles Fotomotiv.<br \/>\nEin faszinierendes 4D- Kino, ein Spielplatz f\u00fcr die Kinder und eine nette Cafeteria direkt am Wasser mit Blick auf die Niagara- Wasserf\u00e4lle rundeten den Besuch im Minimundus ab.<br \/>\nBegleitet von einem fantastischen Sonnenuntergang ging die Heimreise schlie\u00dflich \u00fcber Friedrichshafen- nochmals am sch\u00f6nen Schw\u00e4bischen Meer entlang zur\u00fcck auf unseren Sch\u00f6mberg. Bei einem gem\u00fctlichen Abschluss im Gasthaus Sonne lie\u00dfen wir diesen sch\u00f6nen Tag ausklingen.<br \/>\nEin herzliches Dankesch\u00f6n an unseren Busfahrer Andreas Forberg und unseren Wanderwart Mario K\u00f6hn f\u00fcr die Planung und Organisation eines tollen Herbstausflugs.<\/td>\n<td style=\"width: 50%;\" colspan=\"2\"><a style=\"line-height: 18px;\" href=\"http:\/\/beta.lossburg-schoemberg.de\/wp-content\/uploads\/2012\/07\/Okt091.jpg\"><img loading=\"lazy\" decoding=\"async\" class=\"aligncenter size-medium wp-image-1556\" src=\"http:\/\/beta.lossburg-schoemberg.de\/wp-content\/uploads\/2012\/07\/Okt091-300x192.jpg\" alt=\"Okt09\" width=\"300\" height=\"192\" srcset=\"https:\/\/lossburg-schoemberg.de\/wp-content\/uploads\/2012\/07\/Okt091-300x192.jpg 300w, https:\/\/lossburg-schoemberg.de\/wp-content\/uploads\/2012\/07\/Okt091.jpg 640w\" sizes=\"auto, (max-width: 300px) 100vw, 300px\" \/><\/a><a href=\"http:\/\/beta.lossburg-schoemberg.de\/wp-content\/uploads\/2012\/07\/Okt092.jpg\"><img loading=\"lazy\" decoding=\"async\" class=\"aligncenter size-medium wp-image-1555\" src=\"http:\/\/beta.lossburg-schoemberg.de\/wp-content\/uploads\/2012\/07\/Okt092-300x185.jpg\" alt=\"Okt09\" width=\"300\" height=\"185\" srcset=\"https:\/\/lossburg-schoemberg.de\/wp-content\/uploads\/2012\/07\/Okt092-300x185.jpg 300w, https:\/\/lossburg-schoemberg.de\/wp-content\/uploads\/2012\/07\/Okt092.jpg 640w\" sizes=\"auto, (max-width: 300px) 100vw, 300px\" \/><\/a><\/p>\n<address style=\"text-align: center;\"><a href=\"http:\/\/beta.lossburg-schoemberg.de\/wp-content\/uploads\/2012\/07\/Okt092.jpg\">I<\/a>n Bildmitte die mini Tower-Bridge<a href=\"http:\/\/beta.lossburg-schoemberg.de\/wp-content\/uploads\/2012\/07\/Okt093.jpg\"><img loading=\"lazy\" decoding=\"async\" class=\"aligncenter size-medium wp-image-1554\" src=\"http:\/\/beta.lossburg-schoemberg.de\/wp-content\/uploads\/2012\/07\/Okt093-300x191.jpg\" alt=\"Okt09\" width=\"300\" height=\"191\" srcset=\"https:\/\/lossburg-schoemberg.de\/wp-content\/uploads\/2012\/07\/Okt093-300x191.jpg 300w, https:\/\/lossburg-schoemberg.de\/wp-content\/uploads\/2012\/07\/Okt093.jpg 640w\" sizes=\"auto, (max-width: 300px) 100vw, 300px\" \/><\/a><\/address>\n<p>&nbsp;<\/p>\n<p>&nbsp;<\/p>\n<p>&nbsp;<\/p>\n<p>&nbsp;<\/p>\n<p>&nbsp;<\/p>\n<p>&nbsp;<\/td>\n<\/tr>\n<\/tbody>\n<\/table>\n","protected":false},"excerpt":{"rendered":"<p>Herbstausflug der Dorfgemeinschaft Sch\u00f6mberg am 3. Oktober 2009 Einen abwechslungsreichen sch\u00f6nen Tag erlebte die Dorfgemeinschaft Sch\u00f6mberg bei ihrem diesj\u00e4hrigen Herbstausflug, der in die Bodenseeregion f\u00fchrte. Morgens um 07.45 Uhr ging es los. Ein eindrucksvoller Sonnenaufgang lie\u00df uns hier bereits auf einen sehr sch\u00f6nen Tag hoffen- wir wurden nicht entt\u00e4uscht. Chauffiert von unserem Dorfgemeinschaftsmitglied Andreas Forberg &hellip; <\/p>\n<p><a class=\"more-link btn\" href=\"https:\/\/lossburg-schoemberg.de\/index.php\/einrichtungen\/dorfgemeinschaft\/herbstausflug-der-dorfgemeinschaft-schoemberg-im-oktober-2009\/\">Weiterlesen<\/a><\/p>\n","protected":false},"author":2,"featured_media":1556,"parent":352,"menu_order":46,"comment_status":"open","ping_status":"closed","template":"","meta":{"footnotes":""},"class_list":["post-1804","page","type-page","status-publish","has-post-thumbnail","hentry","nodate","item-wrap"],"_links":{"self":[{"href":"https:\/\/lossburg-schoemberg.de\/index.php\/wp-json\/wp\/v2\/pages\/1804","targetHints":{"allow":["GET"]}}],"collection":[{"href":"https:\/\/lossburg-schoemberg.de\/index.php\/wp-json\/wp\/v2\/pages"}],"about":[{"href":"https:\/\/lossburg-schoemberg.de\/index.php\/wp-json\/wp\/v2\/types\/page"}],"author":[{"embeddable":true,"href":"https:\/\/lossburg-schoemberg.de\/index.php\/wp-json\/wp\/v2\/users\/2"}],"replies":[{"embeddable":true,"href":"https:\/\/lossburg-schoemberg.de\/index.php\/wp-json\/wp\/v2\/comments?post=1804"}],"version-history":[{"count":9,"href":"https:\/\/lossburg-schoemberg.de\/index.php\/wp-json\/wp\/v2\/pages\/1804\/revisions"}],"predecessor-version":[{"id":3097,"href":"https:\/\/lossburg-schoemberg.de\/index.php\/wp-json\/wp\/v2\/pages\/1804\/revisions\/3097"}],"up":[{"embeddable":true,"href":"https:\/\/lossburg-schoemberg.de\/index.php\/wp-json\/wp\/v2\/pages\/352"}],"wp:featuredmedia":[{"embeddable":true,"href":"https:\/\/lossburg-schoemberg.de\/index.php\/wp-json\/wp\/v2\/media\/1556"}],"wp:attachment":[{"href":"https:\/\/lossburg-schoemberg.de\/index.php\/wp-json\/wp\/v2\/media?parent=1804"}],"curies":[{"name":"wp","href":"https:\/\/api.w.org\/{rel}","templated":true}]}}