{"id":1796,"date":"2013-02-04T22:06:13","date_gmt":"2013-02-04T21:06:13","guid":{"rendered":"http:\/\/beta.lossburg-schoemberg.de\/?page_id=1796"},"modified":"2015-11-07T20:52:24","modified_gmt":"2015-11-07T19:52:24","slug":"herbstausflug-der-dorfgemeinschaft-schoemberg-im-oktober-2010","status":"publish","type":"page","link":"https:\/\/lossburg-schoemberg.de\/index.php\/einrichtungen\/dorfgemeinschaft\/herbstausflug-der-dorfgemeinschaft-schoemberg-im-oktober-2010\/","title":{"rendered":"Herbstausflug im Oktober 2010"},"content":{"rendered":"<table>\n<tbody>\n<tr>\n<td colspan=\"3\">\n<h3 style=\"text-align: center;\"><strong>Herbstausflug der Dorfgemeinschaft Sch\u00f6mberg am 2. Oktober 2010<\/strong><\/h3>\n<p><a href=\"http:\/\/beta.lossburg-schoemberg.de\/wp-content\/uploads\/2012\/07\/Okt101.jpg\"><span style=\"line-height: 18px;\" data-mce-mark=\"1\"><img loading=\"lazy\" decoding=\"async\" class=\"aligncenter wp-image-1559\" src=\"http:\/\/beta.lossburg-schoemberg.de\/wp-content\/uploads\/2012\/07\/Okt101.jpg\" alt=\"Oktober11\" width=\"613\" height=\"262\" srcset=\"https:\/\/lossburg-schoemberg.de\/wp-content\/uploads\/2012\/07\/Okt101.jpg 929w, https:\/\/lossburg-schoemberg.de\/wp-content\/uploads\/2012\/07\/Okt101-300x127.jpg 300w\" sizes=\"auto, (max-width: 613px) 100vw, 613px\" \/><\/span><\/a>Fr\u00fchmorgens um 8.00 Uhr startete eine gut gelaunte und bunt gemischte Gruppe mit dem Bus in Richtung S\u00fcdbaden. Bevor wir in Badenweiler die r\u00f6mische Badruine und die historische Festung besichtigten, genehmigten wir uns ein leckeres Sekt- und Brezelfr\u00fchst\u00fcck an der Autobahnrastst\u00e4tte \u201eSchauinsland\u201c. Nachdem wir also auf den Spuren der R\u00f6mer gewandelt waren und auch die herrliche Aussicht von der Burgruine aus ins Breisgau genossen hatten, war es Zeit Mittag zu essen. Im Gasthaus \u201eSonne\u201c in Schweighof lie\u00dfen wir es uns schmecken. Weil (fast) alle aufgegessen hatten, lie\u00df sich nun auch die Sonne blicken und begleitete uns auf den \u201eBelchen\u201c. Mit der Gondel ging es bergauf dem Gipfel entgegen. Oben angekommen, genossen wir die traumhafte Fernsicht und \u00fcberlegten bei Kaffee und Kuchen, welche der Schweizer Berge, die man so klar sehen konnte, \u201eEiger\u201c, \u201eM\u00f6nch\u201c, und \u201eJungfrau\u201c sind. Die Sportlicheren unter uns erklommen zu Fu\u00df das Gipfelkreuz und wurden mit einem berauschenden Blick ins Rheintal belohnt.<\/p>\n<p>Nachdem alle wieder die Talstation erreicht hatten, fuhren wir nach Gallenweiler in die Strau\u00dfenwirtschaft \u201eBelchenblick\u201c, wo wir den wundersch\u00f6nen Tag bei Zwiebelkuchen und neuem Wein gem\u00fctlich ausklingen lie\u00dfen.<br \/>\nAuch wenn wir erst sp\u00e4t nach Hause kamen (einige Durstige gingen noch in den Sch\u00f6mberger \u201eBesen\u201c), waren wir uns doch alle einig, dass es ein gelungener Ausflug war und uns noch einige Zeit in Erinnerung bleiben wird.<br \/>\nF\u00fcr die tolle Organisation danken wir ganz herzlich unserem Mario (wir freuen uns aufs n\u00e4chste Jahr \ud83d\ude09 ).<\/td>\n<\/tr>\n<tr>\n<td><a href=\"http:\/\/beta.lossburg-schoemberg.de\/wp-content\/uploads\/2012\/07\/Okt102.jpg\"><img loading=\"lazy\" decoding=\"async\" class=\"aligncenter size-medium wp-image-1558\" src=\"http:\/\/beta.lossburg-schoemberg.de\/wp-content\/uploads\/2012\/07\/Okt102-300x291.jpg\" alt=\"Okt10\" width=\"300\" height=\"291\" srcset=\"https:\/\/lossburg-schoemberg.de\/wp-content\/uploads\/2012\/07\/Okt102-300x291.jpg 300w, https:\/\/lossburg-schoemberg.de\/wp-content\/uploads\/2012\/07\/Okt102.jpg 600w\" sizes=\"auto, (max-width: 300px) 100vw, 300px\" \/><\/a><\/td>\n<td colspan=\"2\"><a style=\"line-height: 18px;\" href=\"http:\/\/beta.lossburg-schoemberg.de\/wp-content\/uploads\/2012\/07\/Okt103.jpg\"><img loading=\"lazy\" decoding=\"async\" class=\"aligncenter size-medium wp-image-1557\" src=\"http:\/\/beta.lossburg-schoemberg.de\/wp-content\/uploads\/2012\/07\/Okt103-300x286.jpg\" alt=\"Okt10\" width=\"300\" height=\"286\" srcset=\"https:\/\/lossburg-schoemberg.de\/wp-content\/uploads\/2012\/07\/Okt103-300x286.jpg 300w, https:\/\/lossburg-schoemberg.de\/wp-content\/uploads\/2012\/07\/Okt103.jpg 600w\" sizes=\"auto, (max-width: 300px) 100vw, 300px\" \/><\/a><\/td>\n<\/tr>\n<\/tbody>\n<\/table>\n","protected":false},"excerpt":{"rendered":"<p>Herbstausflug der Dorfgemeinschaft Sch\u00f6mberg am 2. Oktober 2010 Fr\u00fchmorgens um 8.00 Uhr startete eine gut gelaunte und bunt gemischte Gruppe mit dem Bus in Richtung S\u00fcdbaden. Bevor wir in Badenweiler die r\u00f6mische Badruine und die historische Festung besichtigten, genehmigten wir uns ein leckeres Sekt- und Brezelfr\u00fchst\u00fcck an der Autobahnrastst\u00e4tte \u201eSchauinsland\u201c. Nachdem wir also auf den &hellip; <\/p>\n<p><a class=\"more-link btn\" href=\"https:\/\/lossburg-schoemberg.de\/index.php\/einrichtungen\/dorfgemeinschaft\/herbstausflug-der-dorfgemeinschaft-schoemberg-im-oktober-2010\/\">Weiterlesen<\/a><\/p>\n","protected":false},"author":2,"featured_media":1557,"parent":352,"menu_order":44,"comment_status":"open","ping_status":"closed","template":"","meta":{"footnotes":""},"class_list":["post-1796","page","type-page","status-publish","has-post-thumbnail","hentry","nodate","item-wrap"],"_links":{"self":[{"href":"https:\/\/lossburg-schoemberg.de\/index.php\/wp-json\/wp\/v2\/pages\/1796","targetHints":{"allow":["GET"]}}],"collection":[{"href":"https:\/\/lossburg-schoemberg.de\/index.php\/wp-json\/wp\/v2\/pages"}],"about":[{"href":"https:\/\/lossburg-schoemberg.de\/index.php\/wp-json\/wp\/v2\/types\/page"}],"author":[{"embeddable":true,"href":"https:\/\/lossburg-schoemberg.de\/index.php\/wp-json\/wp\/v2\/users\/2"}],"replies":[{"embeddable":true,"href":"https:\/\/lossburg-schoemberg.de\/index.php\/wp-json\/wp\/v2\/comments?post=1796"}],"version-history":[{"count":8,"href":"https:\/\/lossburg-schoemberg.de\/index.php\/wp-json\/wp\/v2\/pages\/1796\/revisions"}],"predecessor-version":[{"id":3098,"href":"https:\/\/lossburg-schoemberg.de\/index.php\/wp-json\/wp\/v2\/pages\/1796\/revisions\/3098"}],"up":[{"embeddable":true,"href":"https:\/\/lossburg-schoemberg.de\/index.php\/wp-json\/wp\/v2\/pages\/352"}],"wp:featuredmedia":[{"embeddable":true,"href":"https:\/\/lossburg-schoemberg.de\/index.php\/wp-json\/wp\/v2\/media\/1557"}],"wp:attachment":[{"href":"https:\/\/lossburg-schoemberg.de\/index.php\/wp-json\/wp\/v2\/media?parent=1796"}],"curies":[{"name":"wp","href":"https:\/\/api.w.org\/{rel}","templated":true}]}}