{"id":1783,"date":"2013-02-04T21:55:49","date_gmt":"2013-02-04T20:55:49","guid":{"rendered":"http:\/\/beta.lossburg-schoemberg.de\/?page_id=1783"},"modified":"2015-11-07T20:53:34","modified_gmt":"2015-11-07T19:53:34","slug":"herbstausflug-der-dorfgemeinschaft-schoemberg-im-oktober-2012","status":"publish","type":"page","link":"https:\/\/lossburg-schoemberg.de\/index.php\/einrichtungen\/dorfgemeinschaft\/herbstausflug-der-dorfgemeinschaft-schoemberg-im-oktober-2012\/","title":{"rendered":"Herbstausflug im Oktober 2012"},"content":{"rendered":"<table>\n<tbody>\n<tr>\n<td colspan=\"3\">\n<h3 style=\"text-align: center;\"><span style=\"font-size: large;\" data-mce-mark=\"1\"><strong>Herbstausflug der Dorfgemeinschaft Sch\u00f6mberg am 6. + 7. Oktober 2012<\/strong><\/span><\/h3>\n<p style=\"text-align: center;\">Zwei unvergessliche Tage\u2026<\/p>\n<\/td>\n<\/tr>\n<tr>\n<td style=\"text-align: center; width: 50%;\" colspan=\"3\">\n<address><a href=\"http:\/\/beta.lossburg-schoemberg.de\/wp-content\/uploads\/2012\/07\/Herbst121.jpg\"><img loading=\"lazy\" decoding=\"async\" class=\"aligncenter wp-image-1596\" src=\"http:\/\/beta.lossburg-schoemberg.de\/wp-content\/uploads\/2012\/07\/Herbst121.jpg\" alt=\"Herbst12\" width=\"614\" height=\"302\" srcset=\"https:\/\/lossburg-schoemberg.de\/wp-content\/uploads\/2012\/07\/Herbst121.jpg 1024w, https:\/\/lossburg-schoemberg.de\/wp-content\/uploads\/2012\/07\/Herbst121-300x147.jpg 300w\" sizes=\"auto, (max-width: 614px) 100vw, 614px\" \/><\/a>Zwei unvergessliche Tage erlebte die Dorfgemeinschaft Sch\u00f6mberg am ersten Oktoberwochenende. Wie in jedem Jahr traf man sich zum traditionellen Jahresausflug. Bereits um 7.30 Uhr ging die Reise los in Richtung Pfalz.<\/address>\n<\/td>\n<\/tr>\n<tr>\n<td style=\"width: 50%;\">Die Stimmung im Bus war bereits zu Beginn recht ausgelassen, was beide Tage \u00fcber so bleiben sollte. Nach einem kleinen Sektfr\u00fchst\u00fcck an der Autobahn kam die Reisegruppe am sp\u00e4ten Vormittag in Speyer am \u201eTechnik Museum\u201c an. Flugzeuge, Lokomotiven, Schiffe, U-Boote und sonstige mechanische Errungenschaften der Neuzeit wurden bestaunt und teilweise auch ausprobiert. Wie es war, den ersten Schritt auf dem Mond zu tun, konnte man im I-Max-Kino des Museums auf einer kuppelartigen Projektionsfl\u00e4che in riesigem Ausma\u00df nachsp\u00fcren.Wer noch weiter in der Zeit zur\u00fcckgehen wollte, besuchte den fast 1000 Jahre alten Dom und die Altstadt von Speyer.Bei sch\u00f6nem Herbstwetter war ein Eisbecher in der Oktobersonne ein voller Genuss, der einen sofort wieder ins Hier und Jetzt zur\u00fcckbrachte.Am Abend fuhr die Gruppe zum Weinfest nach Neustadt a. d. Weinstra\u00dfe. Bei Wein und gutem Essen wurde das Sch\u00f6mberger Lied zum Besten gegeben. In fr\u00f6hlicher Stimmung ging es am sp\u00e4ten Abend wieder zur\u00fcck zum \u201eHotel am Technik Museum\u201c.Nach einer (teilweise) kurzen Nacht und einem leckeren und ausgiebigen Fr\u00fchst\u00fcck wurde das n\u00e4chste Ausflugsziel anvisiert: die Schiffshebeanlage in Arzviller (Elsass).Die 1969 erbaute Anlage ersetzt 17 Schleusen und ist Teil des Rhein-Marne-Kanals. Dieses m\u00e4chtige Bauwerk ist ein Zeichen ausgekl\u00fcgelter Ingenieurskunst. Davon konnten sich die Sch\u00f6mberger direkt \u00fcberzeugen. Bei einer kleinen Bootstour wurde das Prinzip der Anlage erkl\u00e4rt. Nat\u00fcrlich durfte auch der Transport auf der schiefen Ebene nicht fehlen.Die 1969 erbaute Anlage ersetzt 17 Schleusen und ist Teil des Rhein-Marne-Kanals. Dieses m\u00e4chtige Bauwerk ist ein Zeichen ausgekl\u00fcgelter Ingenieurskunst. Davon konnten sich die Sch\u00f6mberger direkt \u00fcberzeugen. Bei einer kleinen Bootstour wurde das Prinzip der Anlage erkl\u00e4rt. Nat\u00fcrlich durfte auch der Transport auf der schiefen Ebene nicht fehlen.<\/td>\n<td colspan=\"2\"><a href=\"http:\/\/beta.lossburg-schoemberg.de\/wp-content\/uploads\/2012\/07\/HerbstSpeyer1.jpg\"><img loading=\"lazy\" decoding=\"async\" class=\"aligncenter size-medium wp-image-1598\" src=\"http:\/\/beta.lossburg-schoemberg.de\/wp-content\/uploads\/2012\/07\/HerbstSpeyer1-300x293.jpg\" alt=\"HerbstSpeyer\" width=\"300\" height=\"293\" srcset=\"https:\/\/lossburg-schoemberg.de\/wp-content\/uploads\/2012\/07\/HerbstSpeyer1-300x293.jpg 300w, https:\/\/lossburg-schoemberg.de\/wp-content\/uploads\/2012\/07\/HerbstSpeyer1.jpg 641w\" sizes=\"auto, (max-width: 300px) 100vw, 300px\" \/><\/a><a href=\"http:\/\/beta.lossburg-schoemberg.de\/wp-content\/uploads\/2012\/07\/Herbst12Hebewerk.jpg\"><img loading=\"lazy\" decoding=\"async\" class=\"aligncenter size-medium wp-image-1597\" src=\"http:\/\/beta.lossburg-schoemberg.de\/wp-content\/uploads\/2012\/07\/Herbst12Hebewerk-300x201.jpg\" alt=\"Herbst12Hebewerk\" width=\"300\" height=\"201\" srcset=\"https:\/\/lossburg-schoemberg.de\/wp-content\/uploads\/2012\/07\/Herbst12Hebewerk-300x201.jpg 300w, https:\/\/lossburg-schoemberg.de\/wp-content\/uploads\/2012\/07\/Herbst12Hebewerk.jpg 640w\" sizes=\"auto, (max-width: 300px) 100vw, 300px\" \/><\/a><\/td>\n<\/tr>\n<\/tbody>\n<\/table>\n","protected":false},"excerpt":{"rendered":"<p>Herbstausflug der Dorfgemeinschaft Sch\u00f6mberg am 6. + 7. Oktober 2012 Zwei unvergessliche Tage\u2026 Zwei unvergessliche Tage erlebte die Dorfgemeinschaft Sch\u00f6mberg am ersten Oktoberwochenende. Wie in jedem Jahr traf man sich zum traditionellen Jahresausflug. Bereits um 7.30 Uhr ging die Reise los in Richtung Pfalz. Die Stimmung im Bus war bereits zu Beginn recht ausgelassen, was &hellip; <\/p>\n<p><a class=\"more-link btn\" href=\"https:\/\/lossburg-schoemberg.de\/index.php\/einrichtungen\/dorfgemeinschaft\/herbstausflug-der-dorfgemeinschaft-schoemberg-im-oktober-2012\/\">Weiterlesen<\/a><\/p>\n","protected":false},"author":2,"featured_media":1596,"parent":352,"menu_order":38,"comment_status":"open","ping_status":"closed","template":"","meta":{"footnotes":""},"class_list":["post-1783","page","type-page","status-publish","has-post-thumbnail","hentry","nodate","item-wrap"],"_links":{"self":[{"href":"https:\/\/lossburg-schoemberg.de\/index.php\/wp-json\/wp\/v2\/pages\/1783","targetHints":{"allow":["GET"]}}],"collection":[{"href":"https:\/\/lossburg-schoemberg.de\/index.php\/wp-json\/wp\/v2\/pages"}],"about":[{"href":"https:\/\/lossburg-schoemberg.de\/index.php\/wp-json\/wp\/v2\/types\/page"}],"author":[{"embeddable":true,"href":"https:\/\/lossburg-schoemberg.de\/index.php\/wp-json\/wp\/v2\/users\/2"}],"replies":[{"embeddable":true,"href":"https:\/\/lossburg-schoemberg.de\/index.php\/wp-json\/wp\/v2\/comments?post=1783"}],"version-history":[{"count":14,"href":"https:\/\/lossburg-schoemberg.de\/index.php\/wp-json\/wp\/v2\/pages\/1783\/revisions"}],"predecessor-version":[{"id":3100,"href":"https:\/\/lossburg-schoemberg.de\/index.php\/wp-json\/wp\/v2\/pages\/1783\/revisions\/3100"}],"up":[{"embeddable":true,"href":"https:\/\/lossburg-schoemberg.de\/index.php\/wp-json\/wp\/v2\/pages\/352"}],"wp:featuredmedia":[{"embeddable":true,"href":"https:\/\/lossburg-schoemberg.de\/index.php\/wp-json\/wp\/v2\/media\/1596"}],"wp:attachment":[{"href":"https:\/\/lossburg-schoemberg.de\/index.php\/wp-json\/wp\/v2\/media?parent=1783"}],"curies":[{"name":"wp","href":"https:\/\/api.w.org\/{rel}","templated":true}]}}