{"id":1754,"date":"2013-02-04T21:14:05","date_gmt":"2013-02-04T20:14:05","guid":{"rendered":"http:\/\/beta.lossburg-schoemberg.de\/?page_id=1754"},"modified":"2025-02-22T12:54:15","modified_gmt":"2025-02-22T11:54:15","slug":"geschichte","status":"publish","type":"page","link":"https:\/\/lossburg-schoemberg.de\/index.php\/einrichtungen\/feuerwehr\/geschichte\/","title":{"rendered":"Geschichte"},"content":{"rendered":"<h3 style=\"text-align: center;\">Geschichtliches der Feuerwehr Sch\u00f6mberg<\/h3>\n<div id=\"attachment_1759\" style=\"width: 448px\" class=\"wp-caption aligncenter\"><a href=\"http:\/\/beta.lossburg-schoemberg.de\/wp-content\/uploads\/2013\/02\/Alpirsbach.jpg\"><img loading=\"lazy\" decoding=\"async\" aria-describedby=\"caption-attachment-1759\" class=\" wp-image-1759 \" src=\"http:\/\/beta.lossburg-schoemberg.de\/wp-content\/uploads\/2013\/02\/Alpirsbach.jpg\" alt=\"Bild vom Festumzug durch Alpirsbach. Am Steuer: Ernst Killgu\u00df. Dahinter: Georg Schwenk\" width=\"448\" height=\"306\" srcset=\"https:\/\/lossburg-schoemberg.de\/wp-content\/uploads\/2013\/02\/Alpirsbach.jpg 640w, https:\/\/lossburg-schoemberg.de\/wp-content\/uploads\/2013\/02\/Alpirsbach-300x204.jpg 300w\" sizes=\"auto, (max-width: 448px) 100vw, 448px\" \/><\/a><p id=\"caption-attachment-1759\" class=\"wp-caption-text\">Bild vom Festumzug durch Alpirsbach. Am Steuer: Ernst Killgu\u00df. Dahinter: Georg Schwenk<\/p><\/div>\n<h3 style=\"text-align: center;\">Historische Entwicklung der Feuerwehr<\/h3>\n<address style=\"text-align: center;\">Zusammengestellt von Volkhardt Schmid, Sch\u00f6mberg<\/address>\n<address style=\"text-align: center;\">\u00a0<\/address>\n<h3 style=\"text-align: center;\">Auszug aus dem Protokollbuch 1821-1854 der Gemeinde Sch\u00f6mberg:<\/h3>\n<table border=\"0\">\n<tbody>\n<tr>\n<td valign=\"top\">01.03.1830<\/td>\n<td>Verf\u00fcgung \u00fcber Anstellung einer Nachtwache (1 Mann f\u00fcr Vormitternacht, 1 Mann f\u00fcr Nachmitternacht)<\/td>\n<\/tr>\n<tr>\n<td valign=\"top\">18.04.1830<\/td>\n<td>Verf\u00fcgung \u00fcber die Bestellung eines Rottenmeisters f\u00fcr die Brandbek\u00e4mpfung.<\/p>\n<ul>\n<li>f\u00fcr die Ledigen Christian Heinzelmann<\/li>\n<li>f\u00fcr die Verheirateten Andreas Schwenk<\/li>\n<\/ul>\n<p>Ferner wurden ein Spritzenmeister (Friedrich Hezel) und Gehilfen f\u00fcr die Spritze bestellt.<br \/>\n\u201eEin jeder von den Obigen hat sogleich vom Sturmschlag beim Spritzenhaus ohne angek\u00fcndigt zu erscheinen.\u201c<\/td>\n<\/tr>\n<tr>\n<td valign=\"top\">01.02.1840<\/td>\n<td>Festlegung, wer bei einem Brand im Gemeinderat und bei den Rotten was zu tun hatte. (Rettung der Amtsregistratur, welche Mannschaft beim Brand gehen muss)<\/td>\n<\/tr>\n<tr>\n<td valign=\"top\">16.07.1847<\/td>\n<td>Beschluss des Gemeinderats, dem Spritzenmeister f\u00fcr das Schmieren der Feuerspritze f\u00fcr \u00d6l und sonstigen Zeitverlust eine j\u00e4hrliche Entlohnung von 5 hfl. zu zahlen.<\/td>\n<\/tr>\n<tr>\n<td valign=\"top\">05.05.1848<\/td>\n<td>Der Gemeinderat versammelt sich zur 1. Organisierung der B\u00fcrgerwehr. Die Gesch\u00e4fte f\u00fcr die hierzu anwesenden 12 B\u00fcrger soll der Metzger Wilhelm Schmid besorgen, da er schon Soldat war.<\/td>\n<\/tr>\n<tr>\n<td valign=\"top\">09.10.1848<\/td>\n<td>Bestimmung des Organisationskomitees und listenm\u00e4\u00dfige Aufstellung der nach Artikel 15 des B\u00fcrgerwehr-Pflichtgesetzes aufzustellenden Mannschaft (22 Mann)<\/p>\n<ul>\n<li>Hauptmann: Matth. Schillinger<\/li>\n<li>Leutnant: Schulmeister Girrbach.<\/li>\n<\/ul>\n<\/td>\n<\/tr>\n<tr>\n<td valign=\"top\">21.02.1851<\/td>\n<td>Neuverpflichtung der zur Brandbek\u00e4mpfung geh\u00f6renden Mannschaft durch den Gemeinderat<\/td>\n<\/tr>\n<tr>\n<td valign=\"top\">27.04.1937<\/td>\n<td><strong>Gr\u00fcndung der FFW Feuerwehr Sch\u00f6mberg<\/strong><\/p>\n<address>Gr\u00fcndungsversammlung am 27.04.1937:<\/address>\n<p>Anwesend waren:<\/p>\n<ul>\n<li>Ortspolizeiverwalter Schwenk<\/li>\n<li>Kreisfeuerwehrf\u00fchrer M\u00fcller, Freudenstadt<\/li>\n<li>Kommandant der Pflichtfeuerwehr Schatz<\/li>\n<li>Zugf\u00fchrer Ziegler<\/li>\n<li>Zugf\u00fchrer Winter<\/li>\n<li>Brandmeister wurde Wilhelm Winter seither Zugf\u00fchrer<\/li>\n<li>1. L\u00f6schmeister und stellv. Brandmeister wurde Otto Beilharz<\/li>\n<li>2. L\u00f6schmeister wurde Hans Weigold<\/li>\n<li>Schriftwart: Karl Weigold<\/li>\n<li>Kassenwart: Karl Eberhardt<\/li>\n<li>Ger\u00e4tewart: Fritz Kopp<\/li>\n<\/ul>\n<\/td>\n<\/tr>\n<tr>\n<td valign=\"top\">09.05.1937<\/td>\n<td><strong>Feuerwehrkameraden in der FFW Sch\u00f6mberg<\/strong><\/p>\n<address>Stand: 9.Mai 1937<\/address>\n<p>Einteilung:<\/p>\n<p><strong>Brandmeister Winter, Wilhelm, B\u00e4ckermeister<\/strong><\/p>\n<ul>\n<li><strong>Erster L\u00f6schmeister und stellv. Brandmeister Beilharz Otto<\/strong><\/li>\n<\/ul>\n<p style=\"padding-left: 30px;\">1. Feuerwehrmann: Bauer, Adam<\/p>\n<p style=\"padding-left: 30px;\">2. Feuerwehrmann: Eberhardt, Ernst<\/p>\n<p style=\"padding-left: 30px;\">3. Feuerwehrmann: Eberhardt, Hermann<\/p>\n<p style=\"padding-left: 30px;\">4. Feuerwehrmann: Eckstein, Wilhelm<\/p>\n<p style=\"padding-left: 30px;\">5. Feuerwehrmann: Hehr, Johannes<\/p>\n<p style=\"padding-left: 30px;\">6. Feuerwehrmann: Killguss, Ernst<\/p>\n<p style=\"padding-left: 30px;\">7. Feuerwehrmann: Kopp, Fritz<\/p>\n<p style=\"padding-left: 30px;\">8. Feuerwehrmann: Schatz, Georg<\/p>\n<p style=\"padding-left: 30px;\">9. Feuerwehrmann: Weigold, Karl<\/p>\n<p style=\"padding-left: 30px;\">10. Feuerwehrmann: Winter, Wilhelm II<\/p>\n<ul>\n<li><strong>Zweiter L\u00f6schmeister Weigold Hans<\/strong><\/li>\n<\/ul>\n<p style=\"padding-left: 30px;\">1. Feuerwehrmann: Armbruster, Hans<\/p>\n<p style=\"padding-left: 30px;\">2. Feuerwehrmann: Burger, Andreas<\/p>\n<p style=\"padding-left: 30px;\">3. Feuerwehrmann: Eckstein, Emil<\/p>\n<p style=\"padding-left: 30px;\">4. Feuerwehrmann: Eberhardt Karl<\/p>\n<p style=\"padding-left: 30px;\">5. Feuerwehrmann: Gro\u00df, Hans<\/p>\n<p style=\"padding-left: 30px;\">6. Feuerwehrmann: Kaufmann, Wilhelm<\/p>\n<p style=\"padding-left: 30px;\">7. Feuerwehrmann: M\u00fcller, Christian<\/p>\n<p style=\"padding-left: 30px;\">8. Feuerwehrmann: Pfau, Ernst<\/p>\n<p style=\"padding-left: 30px;\">9. Feuerwehrmann: Schwarzw\u00e4lder, Karl<\/p>\n<p style=\"padding-left: 30px;\">10. Feuerwehrmann: Wenz, Karl , Steinwald<\/p>\n<p style=\"padding-left: 30px;\">11. Feuerwehrmann: Stockburger, Georg<\/p>\n<p style=\"padding-left: 30px;\">12. Feuerwehrmann: M\u00fcller, Georg<\/p>\n<p style=\"padding-left: 30px;\">13. Feuerwehrmann: Schillinger, Ernst<\/p>\n<p style=\"padding-left: 30px;\">14. Feuerwehrmann: Schatz, Wilhelm<\/p>\n<\/td>\n<\/tr>\n<tr>\n<td valign=\"top\">\u00a0seit 1937<\/td>\n<td><strong>Feuerwehrkommandanten seit 1937:<\/strong><\/p>\n<p style=\"padding-left: 30px;\">1937 &#8211; 1945 Wilhelm Winter<\/p>\n<p style=\"padding-left: 30px;\">1956 Wilhelm Heinzelmann<\/p>\n<p style=\"padding-left: 30px;\">1964 Erwin Armbruster<\/p>\n<p style=\"padding-left: 30px;\">1969 Hans Burger<\/p>\n<p style=\"padding-left: 30px;\">1980 Hans-Joachim Rother<\/p>\n<p style=\"padding-left: 30px;\">1990 Richard Weigold<\/p>\n<p style=\"padding-left: 30px;\">1996 Volkhard Schmid<\/p>\n<p style=\"padding-left: 30px;\">seit\u00a02006 Uli Armbruster<\/p>\n<\/td>\n<\/tr>\n<\/tbody>\n<\/table>\n<p>&nbsp;<\/p>\n<div id=\"attachment_1676\" style=\"width: 300px\" class=\"wp-caption aligncenter\"><a href=\"http:\/\/beta.lossburg-schoemberg.de\/wp-content\/uploads\/2012\/07\/Feuerwehr_Wappen.jpg\"><img loading=\"lazy\" decoding=\"async\" aria-describedby=\"caption-attachment-1676\" class=\"size-medium wp-image-1676\" src=\"http:\/\/beta.lossburg-schoemberg.de\/wp-content\/uploads\/2012\/07\/Feuerwehr_Wappen-300x137.jpg\" alt=\"Wappen der Feuerwehr Sch\u00f6mberg\" width=\"300\" height=\"137\" srcset=\"https:\/\/lossburg-schoemberg.de\/wp-content\/uploads\/2012\/07\/Feuerwehr_Wappen-300x137.jpg 300w, https:\/\/lossburg-schoemberg.de\/wp-content\/uploads\/2012\/07\/Feuerwehr_Wappen.jpg 400w\" sizes=\"auto, (max-width: 300px) 100vw, 300px\" \/><\/a><p id=\"caption-attachment-1676\" class=\"wp-caption-text\">Wappen der Feuerwehr Sch\u00f6mberg<\/p><\/div>\n","protected":false},"excerpt":{"rendered":"<p>Geschichtliches der Feuerwehr Sch\u00f6mberg Historische Entwicklung der Feuerwehr Zusammengestellt von Volkhardt Schmid, Sch\u00f6mberg \u00a0 Auszug aus dem Protokollbuch 1821-1854 der Gemeinde Sch\u00f6mberg: 01.03.1830 Verf\u00fcgung \u00fcber Anstellung einer Nachtwache (1 Mann f\u00fcr Vormitternacht, 1 Mann f\u00fcr Nachmitternacht) 18.04.1830 Verf\u00fcgung \u00fcber die Bestellung eines Rottenmeisters f\u00fcr die Brandbek\u00e4mpfung. f\u00fcr die Ledigen Christian Heinzelmann f\u00fcr die Verheirateten Andreas &hellip; <\/p>\n<p><a class=\"more-link btn\" href=\"https:\/\/lossburg-schoemberg.de\/index.php\/einrichtungen\/feuerwehr\/geschichte\/\">Weiterlesen<\/a><\/p>\n","protected":false},"author":2,"featured_media":1759,"parent":350,"menu_order":50,"comment_status":"open","ping_status":"open","template":"","meta":{"footnotes":""},"class_list":["post-1754","page","type-page","status-publish","has-post-thumbnail","hentry","nodate","item-wrap"],"_links":{"self":[{"href":"https:\/\/lossburg-schoemberg.de\/index.php\/wp-json\/wp\/v2\/pages\/1754","targetHints":{"allow":["GET"]}}],"collection":[{"href":"https:\/\/lossburg-schoemberg.de\/index.php\/wp-json\/wp\/v2\/pages"}],"about":[{"href":"https:\/\/lossburg-schoemberg.de\/index.php\/wp-json\/wp\/v2\/types\/page"}],"author":[{"embeddable":true,"href":"https:\/\/lossburg-schoemberg.de\/index.php\/wp-json\/wp\/v2\/users\/2"}],"replies":[{"embeddable":true,"href":"https:\/\/lossburg-schoemberg.de\/index.php\/wp-json\/wp\/v2\/comments?post=1754"}],"version-history":[{"count":29,"href":"https:\/\/lossburg-schoemberg.de\/index.php\/wp-json\/wp\/v2\/pages\/1754\/revisions"}],"predecessor-version":[{"id":5274,"href":"https:\/\/lossburg-schoemberg.de\/index.php\/wp-json\/wp\/v2\/pages\/1754\/revisions\/5274"}],"up":[{"embeddable":true,"href":"https:\/\/lossburg-schoemberg.de\/index.php\/wp-json\/wp\/v2\/pages\/350"}],"wp:featuredmedia":[{"embeddable":true,"href":"https:\/\/lossburg-schoemberg.de\/index.php\/wp-json\/wp\/v2\/media\/1759"}],"wp:attachment":[{"href":"https:\/\/lossburg-schoemberg.de\/index.php\/wp-json\/wp\/v2\/media?parent=1754"}],"curies":[{"name":"wp","href":"https:\/\/api.w.org\/{rel}","templated":true}]}}