{"id":1731,"date":"2013-02-04T17:57:11","date_gmt":"2013-02-04T16:57:11","guid":{"rendered":"http:\/\/beta.lossburg-schoemberg.de\/?page_id=1731"},"modified":"2025-02-23T17:09:21","modified_gmt":"2025-02-23T16:09:21","slug":"aktivitaeten","status":"publish","type":"page","link":"https:\/\/lossburg-schoemberg.de\/index.php\/einrichtungen\/feuerwehr\/aktivitaeten\/","title":{"rendered":"Aktivit\u00e4ten"},"content":{"rendered":"<table border=\"0\">\n<tbody>\n<tr>\n<td style=\"text-align: center;\" colspan=\"2\">\n<h3>Aktivit\u00e4ten<\/h3>\n<p>Neben den Feuerwehraktivit\u00e4ten nimmt die Freiwillige Feuerwehr Sch\u00f6mberg des \u00d6fteren an regionalen sportlichen Veranstaltungen teil, ist selbst Veranstalter f\u00fcr gr\u00f6\u00dfere (und in der Gemeinde sehr popul\u00e4re) Feste und\u00a0unternimmt diverse Ausfl\u00fcge.<\/td>\n<\/tr>\n<tr>\n<td>Jugendfeuerwehr Lo\u00dfburg, Abteilung Sch\u00f6mberg holt sich den ersten Platz beim 1. Baden-W\u00fcrttembergischen Feuerwehr- Duathlon-Wettbewerb 2005 in Bruchsal. Unter dem Motto \u201eFit For Fire Fighting\u201c stand der am 2. Juli 2005 erstmals durchgef\u00fchrte Duathlon mit dem Ziel, die Fitness der Feuerwehrangeh\u00f6rigen im Lande zu sichern.Knapp 4000 Feuerwehr-Sportlerinnen und \u2013Sportlern gingen in Bruchsal an den Start. Hier im Bild rechts die Teilnehmer des Wettbewerbs. Auch im Jahr 2006 hat Feuerwehr Sch\u00f6mberg und die Jugendfeuerwehr Sch\u00f6mberg wieder in Bruchsal beim 2. Duathlon Wettbewerb &#8222;Fit For Fire Fighting&#8220; teilgenommen. Auch Eltern der Feuerwehrjugend sind begeistert mitgelaufen und mitgefahren.<\/td>\n<td><a href=\"http:\/\/beta.lossburg-schoemberg.de\/wp-content\/uploads\/2012\/07\/Feuerwehr_Ju_05.jpg\"><img loading=\"lazy\" decoding=\"async\" class=\"aligncenter size-medium wp-image-1698\" src=\"http:\/\/beta.lossburg-schoemberg.de\/wp-content\/uploads\/2012\/07\/Feuerwehr_Ju_05-300x242.jpg\" alt=\"Feuerwehr_Ju_05\" width=\"300\" height=\"242\" srcset=\"https:\/\/lossburg-schoemberg.de\/wp-content\/uploads\/2012\/07\/Feuerwehr_Ju_05-300x242.jpg 300w, https:\/\/lossburg-schoemberg.de\/wp-content\/uploads\/2012\/07\/Feuerwehr_Ju_05.jpg 350w\" sizes=\"auto, (max-width: 300px) 100vw, 300px\" \/><\/a><\/td>\n<\/tr>\n<tr>\n<td>\n<p><div id=\"attachment_1699\" style=\"width: 300px\" class=\"wp-caption aligncenter\"><a href=\"http:\/\/beta.lossburg-schoemberg.de\/wp-content\/uploads\/2012\/07\/Feuerwehr_Maibaum1.jpg\"><img loading=\"lazy\" decoding=\"async\" aria-describedby=\"caption-attachment-1699\" class=\"size-full wp-image-1699\" src=\"http:\/\/beta.lossburg-schoemberg.de\/wp-content\/uploads\/2012\/07\/Feuerwehr_Maibaum1.jpg\" alt=\"Maibaumstellen - Traditionell wird von der Feuerwehr jedes Jahr der Maibaum aufgestellt\" width=\"300\" height=\"203\" \/><\/a><p id=\"caption-attachment-1699\" class=\"wp-caption-text\">Maibaumstellen &#8211; Traditionell wird von der Feuerwehr jedes Jahr der Maibaum aufgestellt<\/p><\/div><\/td>\n<td>\n<p><div id=\"attachment_1700\" style=\"width: 300px\" class=\"wp-caption aligncenter\"><a href=\"http:\/\/beta.lossburg-schoemberg.de\/wp-content\/uploads\/2012\/07\/Feuerwehr_Maibaum2.jpg\"><img loading=\"lazy\" decoding=\"async\" aria-describedby=\"caption-attachment-1700\" class=\"size-medium wp-image-1700\" src=\"http:\/\/beta.lossburg-schoemberg.de\/wp-content\/uploads\/2012\/07\/Feuerwehr_Maibaum2-300x189.jpg\" alt=\"Mitten in der Arbeit\" width=\"300\" height=\"189\" srcset=\"https:\/\/lossburg-schoemberg.de\/wp-content\/uploads\/2012\/07\/Feuerwehr_Maibaum2-300x189.jpg 300w, https:\/\/lossburg-schoemberg.de\/wp-content\/uploads\/2012\/07\/Feuerwehr_Maibaum2.jpg 400w\" sizes=\"auto, (max-width: 300px) 100vw, 300px\" \/><\/a><p id=\"caption-attachment-1700\" class=\"wp-caption-text\">Mitten in der Arbeit<\/p><\/div><\/td>\n<\/tr>\n<tr>\n<td>\n<p><div id=\"attachment_1703\" style=\"width: 300px\" class=\"wp-caption aligncenter\"><a href=\"http:\/\/beta.lossburg-schoemberg.de\/wp-content\/uploads\/2012\/07\/Feuerwehr_Wasser.jpg\"><img loading=\"lazy\" decoding=\"async\" aria-describedby=\"caption-attachment-1703\" class=\"size-full wp-image-1703\" src=\"http:\/\/beta.lossburg-schoemberg.de\/wp-content\/uploads\/2012\/07\/Feuerwehr_Wasser.jpg\" alt=\"Jugendfeuerwehr - Einweisung in die Wasserentnahme beim Unterflurhydrant\" width=\"300\" height=\"240\" \/><\/a><p id=\"caption-attachment-1703\" class=\"wp-caption-text\">Jugendfeuerwehr &#8211; Einweisung in die Wasserentnahme beim Unterflurhydrant<\/p><\/div><\/td>\n<td>\n<p><div id=\"attachment_1704\" style=\"width: 300px\" class=\"wp-caption aligncenter\"><a href=\"http:\/\/beta.lossburg-schoemberg.de\/wp-content\/uploads\/2012\/07\/Feuerwehr_Jugend.jpg\"><img loading=\"lazy\" decoding=\"async\" aria-describedby=\"caption-attachment-1704\" class=\"size-full wp-image-1704\" src=\"http:\/\/beta.lossburg-schoemberg.de\/wp-content\/uploads\/2012\/07\/Feuerwehr_Jugend.jpg\" alt=\"Die Jugend bei L\u00f6sch\u00fcbungen\" width=\"300\" height=\"225\" \/><\/a><p id=\"caption-attachment-1704\" class=\"wp-caption-text\">Die Jugend bei L\u00f6sch\u00fcbungen<\/p><\/div><\/td>\n<\/tr>\n<tr>\n<td>\n<p><div id=\"attachment_1705\" style=\"width: 300px\" class=\"wp-caption aligncenter\"><a href=\"http:\/\/beta.lossburg-schoemberg.de\/wp-content\/uploads\/2012\/07\/Feuerwehr1_7.jpg\"><img loading=\"lazy\" decoding=\"async\" aria-describedby=\"caption-attachment-1705\" class=\"size-full wp-image-1705\" src=\"http:\/\/beta.lossburg-schoemberg.de\/wp-content\/uploads\/2012\/07\/Feuerwehr1_7.jpg\" alt=\"Schauml\u00f6sch\u00fcbung mit dem Verfahren one\/seven\" width=\"300\" height=\"243\" \/><\/a><p id=\"caption-attachment-1705\" class=\"wp-caption-text\">Schauml\u00f6sch\u00fcbung mit dem Verfahren one\/seven<\/p><\/div><\/td>\n<td>\n<p><div id=\"attachment_1706\" style=\"width: 300px\" class=\"wp-caption aligncenter\"><a href=\"http:\/\/beta.lossburg-schoemberg.de\/wp-content\/uploads\/2012\/07\/Feuerwehr_Mostfest.jpg\"><img loading=\"lazy\" decoding=\"async\" aria-describedby=\"caption-attachment-1706\" class=\"size-medium wp-image-1706\" src=\"http:\/\/beta.lossburg-schoemberg.de\/wp-content\/uploads\/2012\/07\/Feuerwehr_Mostfest-300x225.jpg\" alt=\"Vorbereitung f\u00fcr das Mostfest\" width=\"300\" height=\"225\" srcset=\"https:\/\/lossburg-schoemberg.de\/wp-content\/uploads\/2012\/07\/Feuerwehr_Mostfest-300x225.jpg 300w, https:\/\/lossburg-schoemberg.de\/wp-content\/uploads\/2012\/07\/Feuerwehr_Mostfest.jpg 400w\" sizes=\"auto, (max-width: 300px) 100vw, 300px\" \/><\/a><p id=\"caption-attachment-1706\" class=\"wp-caption-text\">Vorbereitung f\u00fcr das Mostfest<\/p><\/div><\/td>\n<\/tr>\n<\/tbody>\n<\/table>\n","protected":false},"excerpt":{"rendered":"<p>Aktivit\u00e4ten Neben den Feuerwehraktivit\u00e4ten nimmt die Freiwillige Feuerwehr Sch\u00f6mberg des \u00d6fteren an regionalen sportlichen Veranstaltungen teil, ist selbst Veranstalter f\u00fcr gr\u00f6\u00dfere (und in der Gemeinde sehr popul\u00e4re) Feste und\u00a0unternimmt diverse Ausfl\u00fcge. Jugendfeuerwehr Lo\u00dfburg, Abteilung Sch\u00f6mberg holt sich den ersten Platz beim 1. Baden-W\u00fcrttembergischen Feuerwehr- Duathlon-Wettbewerb 2005 in Bruchsal. Unter dem Motto \u201eFit For Fire Fighting\u201c &hellip; <\/p>\n<p><a class=\"more-link btn\" href=\"https:\/\/lossburg-schoemberg.de\/index.php\/einrichtungen\/feuerwehr\/aktivitaeten\/\">Weiterlesen<\/a><\/p>\n","protected":false},"author":2,"featured_media":1716,"parent":350,"menu_order":49,"comment_status":"open","ping_status":"open","template":"","meta":{"footnotes":""},"class_list":["post-1731","page","type-page","status-publish","has-post-thumbnail","hentry","nodate","item-wrap"],"_links":{"self":[{"href":"https:\/\/lossburg-schoemberg.de\/index.php\/wp-json\/wp\/v2\/pages\/1731","targetHints":{"allow":["GET"]}}],"collection":[{"href":"https:\/\/lossburg-schoemberg.de\/index.php\/wp-json\/wp\/v2\/pages"}],"about":[{"href":"https:\/\/lossburg-schoemberg.de\/index.php\/wp-json\/wp\/v2\/types\/page"}],"author":[{"embeddable":true,"href":"https:\/\/lossburg-schoemberg.de\/index.php\/wp-json\/wp\/v2\/users\/2"}],"replies":[{"embeddable":true,"href":"https:\/\/lossburg-schoemberg.de\/index.php\/wp-json\/wp\/v2\/comments?post=1731"}],"version-history":[{"count":10,"href":"https:\/\/lossburg-schoemberg.de\/index.php\/wp-json\/wp\/v2\/pages\/1731\/revisions"}],"predecessor-version":[{"id":5284,"href":"https:\/\/lossburg-schoemberg.de\/index.php\/wp-json\/wp\/v2\/pages\/1731\/revisions\/5284"}],"up":[{"embeddable":true,"href":"https:\/\/lossburg-schoemberg.de\/index.php\/wp-json\/wp\/v2\/pages\/350"}],"wp:featuredmedia":[{"embeddable":true,"href":"https:\/\/lossburg-schoemberg.de\/index.php\/wp-json\/wp\/v2\/media\/1716"}],"wp:attachment":[{"href":"https:\/\/lossburg-schoemberg.de\/index.php\/wp-json\/wp\/v2\/media?parent=1731"}],"curies":[{"name":"wp","href":"https:\/\/api.w.org\/{rel}","templated":true}]}}