{"id":1609,"date":"2013-02-02T12:12:41","date_gmt":"2013-02-02T11:12:41","guid":{"rendered":"http:\/\/beta.lossburg-schoemberg.de\/?page_id=1609"},"modified":"2013-04-29T22:10:48","modified_gmt":"2013-04-29T20:10:48","slug":"don-kosaken-in-schoemberg","status":"publish","type":"page","link":"https:\/\/lossburg-schoemberg.de\/index.php\/rueckblick\/2013-2\/don-kosaken-in-schoemberg\/","title":{"rendered":"Januar: Don Kosaken in Sch\u00f6mberg"},"content":{"rendered":"<h1 style=\"text-align: center;\">Don Kosaken in der Kirche in Sch\u00f6mberg<\/h1>\n<table>\n<tbody>\n<tr>\n<td style=\"width: 50%;\" valign=\"top\">\n<h2>Die stimmgewaltigen Don Kosaken<br \/>\nbeeindruckten die Zuh\u00f6rer<\/h2>\n<p>&nbsp;<\/p>\n<p>Der reine Klang der russischen S\u00e4nger kam in der Sch\u00f6mberger Kirche voll zum Ausdruck.<br \/>\nDer siebenk\u00f6pfige M\u00e4nnerchor unter der Leitung von Viacheslav Yeromin erf\u00fcllte die Sch\u00f6mberger Kirche mit russischen Kl\u00e4ngen<\/td>\n<td>\u00a0<a href=\"http:\/\/beta.lossburg-schoemberg.de\/wp-content\/uploads\/2013\/02\/Don-Kosaken.jpg\"><img loading=\"lazy\" decoding=\"async\" class=\"aligncenter size-medium wp-image-1661\" alt=\"Don Kosaken\" src=\"http:\/\/beta.lossburg-schoemberg.de\/wp-content\/uploads\/2013\/02\/Don-Kosaken-300x298.jpg\" width=\"300\" height=\"298\" srcset=\"https:\/\/lossburg-schoemberg.de\/wp-content\/uploads\/2013\/02\/Don-Kosaken-300x298.jpg 300w, https:\/\/lossburg-schoemberg.de\/wp-content\/uploads\/2013\/02\/Don-Kosaken-125x125.jpg 125w, https:\/\/lossburg-schoemberg.de\/wp-content\/uploads\/2013\/02\/Don-Kosaken.jpg 640w\" sizes=\"auto, (max-width: 300px) 100vw, 300px\" \/><\/a><\/td>\n<\/tr>\n<tr>\n<td style=\"width: 50%;\" colspan=\"2\" valign=\"top\">\n<p><div id=\"attachment_1940\" style=\"width: 648px\" class=\"wp-caption aligncenter\"><img loading=\"lazy\" decoding=\"async\" aria-describedby=\"caption-attachment-1940\" class=\"wp-image-1940 \" alt=\"Die Don Kosaken in der Kirche in Sch\u00f6mberg\" src=\"http:\/\/beta.lossburg-schoemberg.de\/wp-content\/uploads\/2013\/02\/Don-Kosaken1.jpg\" width=\"648\" height=\"506\" srcset=\"https:\/\/lossburg-schoemberg.de\/wp-content\/uploads\/2013\/02\/Don-Kosaken1.jpg 800w, https:\/\/lossburg-schoemberg.de\/wp-content\/uploads\/2013\/02\/Don-Kosaken1-300x234.jpg 300w\" sizes=\"auto, (max-width: 648px) 100vw, 648px\" \/><p id=\"caption-attachment-1940\" class=\"wp-caption-text\">Die Don Kosaken in der Kirche in Sch\u00f6mberg<\/p><\/div><\/td>\n<\/tr>\n<\/tbody>\n<\/table>\n","protected":false},"excerpt":{"rendered":"<p>Don Kosaken in der Kirche in Sch\u00f6mberg Die stimmgewaltigen Don Kosaken beeindruckten die Zuh\u00f6rer &nbsp; Der reine Klang der russischen S\u00e4nger kam in der Sch\u00f6mberger Kirche voll zum Ausdruck. Der siebenk\u00f6pfige M\u00e4nnerchor unter der Leitung von Viacheslav Yeromin erf\u00fcllte die Sch\u00f6mberger Kirche mit russischen Kl\u00e4ngen \u00a0<\/p>\n","protected":false},"author":1,"featured_media":1661,"parent":2080,"menu_order":2,"comment_status":"open","ping_status":"open","template":"","meta":{"footnotes":""},"class_list":["post-1609","page","type-page","status-publish","has-post-thumbnail","hentry","nodate","item-wrap"],"_links":{"self":[{"href":"https:\/\/lossburg-schoemberg.de\/index.php\/wp-json\/wp\/v2\/pages\/1609","targetHints":{"allow":["GET"]}}],"collection":[{"href":"https:\/\/lossburg-schoemberg.de\/index.php\/wp-json\/wp\/v2\/pages"}],"about":[{"href":"https:\/\/lossburg-schoemberg.de\/index.php\/wp-json\/wp\/v2\/types\/page"}],"author":[{"embeddable":true,"href":"https:\/\/lossburg-schoemberg.de\/index.php\/wp-json\/wp\/v2\/users\/1"}],"replies":[{"embeddable":true,"href":"https:\/\/lossburg-schoemberg.de\/index.php\/wp-json\/wp\/v2\/comments?post=1609"}],"version-history":[{"count":14,"href":"https:\/\/lossburg-schoemberg.de\/index.php\/wp-json\/wp\/v2\/pages\/1609\/revisions"}],"predecessor-version":[{"id":1611,"href":"https:\/\/lossburg-schoemberg.de\/index.php\/wp-json\/wp\/v2\/pages\/1609\/revisions\/1611"}],"up":[{"embeddable":true,"href":"https:\/\/lossburg-schoemberg.de\/index.php\/wp-json\/wp\/v2\/pages\/2080"}],"wp:featuredmedia":[{"embeddable":true,"href":"https:\/\/lossburg-schoemberg.de\/index.php\/wp-json\/wp\/v2\/media\/1661"}],"wp:attachment":[{"href":"https:\/\/lossburg-schoemberg.de\/index.php\/wp-json\/wp\/v2\/media?parent=1609"}],"curies":[{"name":"wp","href":"https:\/\/api.w.org\/{rel}","templated":true}]}}