{"id":1247,"date":"2012-12-29T12:59:14","date_gmt":"2012-12-29T11:59:14","guid":{"rendered":"http:\/\/beta.lossburg-schoemberg.de\/?page_id=1247"},"modified":"2012-12-29T13:10:48","modified_gmt":"2012-12-29T12:10:48","slug":"brunnenplatz","status":"publish","type":"page","link":"https:\/\/lossburg-schoemberg.de\/index.php\/ort\/sehenswuerdigkeiten\/brunnenplatz\/","title":{"rendered":"Brunnenplatz"},"content":{"rendered":"<table align=\"center\">\n<tbody>\n<tr>\n<td style=\"text-align: center;\"><a href=\"http:\/\/beta.lossburg-schoemberg.de\/wp-content\/uploads\/2012\/12\/brunnenanlage.jpg\"><img loading=\"lazy\" decoding=\"async\" class=\"alignleft size-medium wp-image-1253\" alt=\"brunnenanlage\" src=\"http:\/\/beta.lossburg-schoemberg.de\/wp-content\/uploads\/2012\/12\/brunnenanlage-300x227.jpg\" width=\"300\" height=\"227\" srcset=\"https:\/\/lossburg-schoemberg.de\/wp-content\/uploads\/2012\/12\/brunnenanlage-300x227.jpg 300w, https:\/\/lossburg-schoemberg.de\/wp-content\/uploads\/2012\/12\/brunnenanlage.jpg 350w\" sizes=\"auto, (max-width: 300px) 100vw, 300px\" \/><\/a><\/td>\n<td style=\"text-align: center;\">Diese kleine Parkanlage wurde im Zuge der Erneuerung der Ortsdurchfahrt angelegt. Der Brunnen liefert Trinkwasser, die Bank wird umrahmt von gem\u00fctlichen Pollerleuchten.<\/td>\n<\/tr>\n<tr>\n<td style=\"text-align: center;\">Dieser Brunnen, freigelegt bei der Stra\u00dfenerneuerung, wurde gr\u00f6\u00dftenteils in Eigenarbeit von Sch\u00f6mberger B\u00fcrgern bis zu einer Tiefe von 10m gereinigt, ausgebaut, mit einer Natursteinmauer eingefasst und mit einem h\u00fcbschen Dach versehen. Er ist ein Schmuckst\u00fcck im Dorf.<\/td>\n<td style=\"text-align: center;\"><a href=\"http:\/\/beta.lossburg-schoemberg.de\/wp-content\/uploads\/2012\/12\/brunnen.jpg\"><img loading=\"lazy\" decoding=\"async\" class=\"alignleft size-medium wp-image-1250\" alt=\"brunnen\" src=\"http:\/\/beta.lossburg-schoemberg.de\/wp-content\/uploads\/2012\/12\/brunnen-300x226.jpg\" width=\"300\" height=\"226\" srcset=\"https:\/\/lossburg-schoemberg.de\/wp-content\/uploads\/2012\/12\/brunnen-300x226.jpg 300w, https:\/\/lossburg-schoemberg.de\/wp-content\/uploads\/2012\/12\/brunnen.jpg 350w\" sizes=\"auto, (max-width: 300px) 100vw, 300px\" \/><\/a><\/td>\n<\/tr>\n<tr>\n<td style=\"text-align: center;\"><a href=\"http:\/\/beta.lossburg-schoemberg.de\/wp-content\/uploads\/2012\/12\/brunnen_abend.jpg\"><img loading=\"lazy\" decoding=\"async\" class=\"alignleft size-medium wp-image-1251\" alt=\"brunnen_abend\" src=\"http:\/\/beta.lossburg-schoemberg.de\/wp-content\/uploads\/2012\/12\/brunnen_abend-300x227.jpg\" width=\"300\" height=\"227\" srcset=\"https:\/\/lossburg-schoemberg.de\/wp-content\/uploads\/2012\/12\/brunnen_abend-300x227.jpg 300w, https:\/\/lossburg-schoemberg.de\/wp-content\/uploads\/2012\/12\/brunnen_abend.jpg 350w\" sizes=\"auto, (max-width: 300px) 100vw, 300px\" \/><\/a><\/td>\n<td style=\"text-align: center;\">\n<address>Sonnenuntergang\u00a0<\/address>\n<\/td>\n<\/tr>\n<\/tbody>\n<\/table>\n","protected":false},"excerpt":{"rendered":"<p>Diese kleine Parkanlage wurde im Zuge der Erneuerung der Ortsdurchfahrt angelegt. Der Brunnen liefert Trinkwasser, die Bank wird umrahmt von gem\u00fctlichen Pollerleuchten. Dieser Brunnen, freigelegt bei der Stra\u00dfenerneuerung, wurde gr\u00f6\u00dftenteils in Eigenarbeit von Sch\u00f6mberger B\u00fcrgern bis zu einer Tiefe von 10m gereinigt, ausgebaut, mit einer Natursteinmauer eingefasst und mit einem h\u00fcbschen Dach versehen. Er ist &hellip; <\/p>\n<p><a class=\"more-link btn\" href=\"https:\/\/lossburg-schoemberg.de\/index.php\/ort\/sehenswuerdigkeiten\/brunnenplatz\/\">Weiterlesen<\/a><\/p>\n","protected":false},"author":2,"featured_media":0,"parent":314,"menu_order":2,"comment_status":"open","ping_status":"open","template":"","meta":{"footnotes":""},"class_list":["post-1247","page","type-page","status-publish","hentry","nodate","item-wrap"],"_links":{"self":[{"href":"https:\/\/lossburg-schoemberg.de\/index.php\/wp-json\/wp\/v2\/pages\/1247","targetHints":{"allow":["GET"]}}],"collection":[{"href":"https:\/\/lossburg-schoemberg.de\/index.php\/wp-json\/wp\/v2\/pages"}],"about":[{"href":"https:\/\/lossburg-schoemberg.de\/index.php\/wp-json\/wp\/v2\/types\/page"}],"author":[{"embeddable":true,"href":"https:\/\/lossburg-schoemberg.de\/index.php\/wp-json\/wp\/v2\/users\/2"}],"replies":[{"embeddable":true,"href":"https:\/\/lossburg-schoemberg.de\/index.php\/wp-json\/wp\/v2\/comments?post=1247"}],"version-history":[{"count":5,"href":"https:\/\/lossburg-schoemberg.de\/index.php\/wp-json\/wp\/v2\/pages\/1247\/revisions"}],"predecessor-version":[{"id":1257,"href":"https:\/\/lossburg-schoemberg.de\/index.php\/wp-json\/wp\/v2\/pages\/1247\/revisions\/1257"}],"up":[{"embeddable":true,"href":"https:\/\/lossburg-schoemberg.de\/index.php\/wp-json\/wp\/v2\/pages\/314"}],"wp:attachment":[{"href":"https:\/\/lossburg-schoemberg.de\/index.php\/wp-json\/wp\/v2\/media?parent=1247"}],"curies":[{"name":"wp","href":"https:\/\/api.w.org\/{rel}","templated":true}]}}