{"id":1245,"date":"2012-12-29T12:58:44","date_gmt":"2012-12-29T11:58:44","guid":{"rendered":"http:\/\/beta.lossburg-schoemberg.de\/?page_id=1245"},"modified":"2012-12-29T13:16:34","modified_gmt":"2012-12-29T12:16:34","slug":"backhaus","status":"publish","type":"page","link":"https:\/\/lossburg-schoemberg.de\/index.php\/ort\/sehenswuerdigkeiten\/backhaus\/","title":{"rendered":"Backhaus"},"content":{"rendered":"<table align=\"center\">\n<tbody>\n<tr>\n<td><a href=\"http:\/\/beta.lossburg-schoemberg.de\/wp-content\/uploads\/2012\/12\/backhaus.jpg\"><img loading=\"lazy\" decoding=\"async\" class=\"alignleft size-medium wp-image-1258\" alt=\"backhaus\" src=\"http:\/\/beta.lossburg-schoemberg.de\/wp-content\/uploads\/2012\/12\/backhaus-300x225.jpg\" width=\"300\" height=\"225\" srcset=\"https:\/\/lossburg-schoemberg.de\/wp-content\/uploads\/2012\/12\/backhaus-300x225.jpg 300w, https:\/\/lossburg-schoemberg.de\/wp-content\/uploads\/2012\/12\/backhaus.jpg 350w\" sizes=\"auto, (max-width: 300px) 100vw, 300px\" \/><\/a><\/td>\n<td style=\"text-align: center;\">Das Backhaus, bis 2006 mit kleinem Vordach. Au\u00dfen gerichtet wurde es durch Mitglieder der Dorfgemeinschaft. Das Backhaus ist funktionsf\u00e4hig und wird von einigen Sch\u00f6mbergern heute noch zum Backen genutzt. In fr\u00fcheren Jahren wurde der linke Teil des Geb\u00e4udes als &#8222;Karzer&#8220; (Arrestzelle) genutzt.<\/td>\n<\/tr>\n<tr>\n<td style=\"text-align: center;\">Arbeitseinsatz:<\/p>\n<p>Mitglieder der Dorfgemeinschaft befestigen den Vorplatz des Backhauses.<\/td>\n<td><a href=\"http:\/\/beta.lossburg-schoemberg.de\/wp-content\/uploads\/2012\/12\/BackhausArb.jpg\"><img loading=\"lazy\" decoding=\"async\" class=\"alignleft size-full wp-image-1261\" alt=\"BackhausArb\" src=\"http:\/\/beta.lossburg-schoemberg.de\/wp-content\/uploads\/2012\/12\/BackhausArb.jpg\" width=\"300\" height=\"227\" \/><\/a><\/td>\n<\/tr>\n<tr>\n<td><a href=\"http:\/\/beta.lossburg-schoemberg.de\/wp-content\/uploads\/2012\/12\/Backhaus2.jpg\"><img loading=\"lazy\" decoding=\"async\" class=\"alignleft size-full wp-image-1259\" alt=\"Backhaus2\" src=\"http:\/\/beta.lossburg-schoemberg.de\/wp-content\/uploads\/2012\/12\/Backhaus2.jpg\" width=\"350\" height=\"277\" srcset=\"https:\/\/lossburg-schoemberg.de\/wp-content\/uploads\/2012\/12\/Backhaus2.jpg 350w, https:\/\/lossburg-schoemberg.de\/wp-content\/uploads\/2012\/12\/Backhaus2-300x237.jpg 300w\" sizes=\"auto, (max-width: 350px) 100vw, 350px\" \/><\/a><\/td>\n<td style=\"text-align: center;\">Das Backhaus mit neuem Dach.Im Jahr 2006 wurde das Dach etwas weiter vorgezogen, um die Fassade besser vor dem Wetter zu sch\u00fctzen und um den Betreibern eine Unterstandm\u00f6glichkeit zu bieten.<\/td>\n<\/tr>\n<tr>\n<td>\n<p style=\"text-align: center;\">Das Backhaus mit Wandbild.<\/p>\n<p style=\"text-align: center;\">Im August 2007 wird von Paul Klumpp auf die Vorderwand ein Bild gemalt. Es zeigt eine typische alte Backszene und bringt die fr\u00fchere Bedeutung der Arrestzelle zum Ausdruck.<\/p>\n<\/td>\n<td><a href=\"http:\/\/beta.lossburg-schoemberg.de\/wp-content\/uploads\/2012\/12\/Backhaus3.jpg\"><img loading=\"lazy\" decoding=\"async\" class=\"alignleft size-medium wp-image-1260\" alt=\"Backhaus3\" src=\"http:\/\/beta.lossburg-schoemberg.de\/wp-content\/uploads\/2012\/12\/Backhaus3-300x204.jpg\" width=\"300\" height=\"204\" srcset=\"https:\/\/lossburg-schoemberg.de\/wp-content\/uploads\/2012\/12\/Backhaus3-300x204.jpg 300w, https:\/\/lossburg-schoemberg.de\/wp-content\/uploads\/2012\/12\/Backhaus3.jpg 600w\" sizes=\"auto, (max-width: 300px) 100vw, 300px\" \/><\/a><\/td>\n<\/tr>\n<\/tbody>\n<\/table>\n","protected":false},"excerpt":{"rendered":"<p>Das Backhaus, bis 2006 mit kleinem Vordach. Au\u00dfen gerichtet wurde es durch Mitglieder der Dorfgemeinschaft. Das Backhaus ist funktionsf\u00e4hig und wird von einigen Sch\u00f6mbergern heute noch zum Backen genutzt. In fr\u00fcheren Jahren wurde der linke Teil des Geb\u00e4udes als &#8222;Karzer&#8220; (Arrestzelle) genutzt. Arbeitseinsatz: Mitglieder der Dorfgemeinschaft befestigen den Vorplatz des Backhauses. Das Backhaus mit neuem &hellip; <\/p>\n<p><a class=\"more-link btn\" href=\"https:\/\/lossburg-schoemberg.de\/index.php\/ort\/sehenswuerdigkeiten\/backhaus\/\">Weiterlesen<\/a><\/p>\n","protected":false},"author":2,"featured_media":1260,"parent":314,"menu_order":1,"comment_status":"open","ping_status":"open","template":"","meta":{"footnotes":""},"class_list":["post-1245","page","type-page","status-publish","has-post-thumbnail","hentry","nodate","item-wrap"],"_links":{"self":[{"href":"https:\/\/lossburg-schoemberg.de\/index.php\/wp-json\/wp\/v2\/pages\/1245","targetHints":{"allow":["GET"]}}],"collection":[{"href":"https:\/\/lossburg-schoemberg.de\/index.php\/wp-json\/wp\/v2\/pages"}],"about":[{"href":"https:\/\/lossburg-schoemberg.de\/index.php\/wp-json\/wp\/v2\/types\/page"}],"author":[{"embeddable":true,"href":"https:\/\/lossburg-schoemberg.de\/index.php\/wp-json\/wp\/v2\/users\/2"}],"replies":[{"embeddable":true,"href":"https:\/\/lossburg-schoemberg.de\/index.php\/wp-json\/wp\/v2\/comments?post=1245"}],"version-history":[{"count":3,"href":"https:\/\/lossburg-schoemberg.de\/index.php\/wp-json\/wp\/v2\/pages\/1245\/revisions"}],"predecessor-version":[{"id":1262,"href":"https:\/\/lossburg-schoemberg.de\/index.php\/wp-json\/wp\/v2\/pages\/1245\/revisions\/1262"}],"up":[{"embeddable":true,"href":"https:\/\/lossburg-schoemberg.de\/index.php\/wp-json\/wp\/v2\/pages\/314"}],"wp:featuredmedia":[{"embeddable":true,"href":"https:\/\/lossburg-schoemberg.de\/index.php\/wp-json\/wp\/v2\/media\/1260"}],"wp:attachment":[{"href":"https:\/\/lossburg-schoemberg.de\/index.php\/wp-json\/wp\/v2\/media?parent=1245"}],"curies":[{"name":"wp","href":"https:\/\/api.w.org\/{rel}","templated":true}]}}