{"id":1234,"date":"2012-12-29T12:41:58","date_gmt":"2012-12-29T11:41:58","guid":{"rendered":"http:\/\/beta.lossburg-schoemberg.de\/?page_id=1234"},"modified":"2012-12-29T15:03:01","modified_gmt":"2012-12-29T14:03:01","slug":"bauernhoefe","status":"publish","type":"page","link":"https:\/\/lossburg-schoemberg.de\/index.php\/ort\/sehenswuerdigkeiten\/bauernhoefe\/","title":{"rendered":"Bauernh\u00f6fe"},"content":{"rendered":"<table>\n<tbody>\n<tr>\n<td style=\"width: 50%;\"><strong>Hof<\/strong><strong>bauernhof<\/strong><br \/>\n<strong><br \/>\n<\/strong><span style=\"background-color: #3399ff;\" data-mce-mark=\"1\">Der aus vorreformatorischer Zeit stammende Hofbauernhof als ehemals\u00a0gr\u00f6\u00dfter Gutshof im Dorf wird nach einer l\u00e4ngeren Zeit als Pensionsbetrieb mit bis zu 30 G\u00e4sten nun schon seit \u00fcber 20 Jahren biologisch-dynamisch bewirtschaftet. Auf 27 ha Weide- und Ackerland werden von einer 6-k\u00f6pfigen Hofgemeinschaft ca. 20 verschiedene Gem\u00fcsesorten, Getreide und Kartoffeln angebaut. Dazu grast eine das Dorfbild pr\u00e4gende Rinderherde samt Mutterk\u00fchen und K\u00e4lbern auf den Wiesen und Weiden des Hofes. Auch 15 ha Wald und drei Streuobstwiesen werden von der Hofgemeinschaft gepflegt und unterhalten. Das Getreide wird der kleinen, aber feinen Hofbackstube zu leckerem Brot, Br\u00f6tchen, Seelen, Kleingeb\u00e4ck und freitags zu Hofcaf\u00e9-\u00d6ffnungszeiten auch zu k\u00f6stlichen Kuchen verarbeitet. Regionalit\u00e4t und die Zusammenarbeit mit umliegenden H\u00f6fen steht im Vordergrund.Au\u00dferdem wird auf dem Hofbauernhof insbesondere Kindern und Jugendlichen erm\u00f6glicht, Einblicke in die b\u00e4uerliche Arbeit und in elementare Naturzusammenh\u00e4nge zu bekommen. Hierzu werden Erlebnistage auf dem Hof und im Wald veranstaltet, Unterrichtseinheiten f\u00fcr\u00a0Schulklassen angeboten und zu Ernteaktionen eingeladen. Falls sie den Hofladen besuchen m\u00f6chten oder dem Melker im Stall einmal \u00fcber die Schulter schauen wollen, k\u00f6nnen sie dies Freitags von 15 bis 18.30 Uhr gerne tun. <\/span><span style=\"background-color: #3399ff;\" data-mce-mark=\"1\">Ein Klick auf den Link:\u00a0<\/span><a href=\"http:\/\/www.seelentransport.de\/\" target=\"_blank\">Hofbauernhof\u00a0<\/a><span style=\"background-color: #3399ff;\" data-mce-mark=\"1\">lohnt sich!<\/span><\/td>\n<td><strong><a href=\"http:\/\/beta.lossburg-schoemberg.de\/wp-content\/uploads\/2012\/12\/Hofbauernhof2.jpg\"><img loading=\"lazy\" decoding=\"async\" class=\"aligncenter size-medium wp-image-1271\" alt=\"Hofbauernhof\" src=\"http:\/\/beta.lossburg-schoemberg.de\/wp-content\/uploads\/2012\/12\/Hofbauernhof2-300x189.jpg\" width=\"300\" height=\"189\" srcset=\"https:\/\/lossburg-schoemberg.de\/wp-content\/uploads\/2012\/12\/Hofbauernhof2-300x189.jpg 300w, https:\/\/lossburg-schoemberg.de\/wp-content\/uploads\/2012\/12\/Hofbauernhof2.jpg 500w\" sizes=\"auto, (max-width: 300px) 100vw, 300px\" \/><\/a><\/strong><a href=\"http:\/\/beta.lossburg-schoemberg.de\/wp-content\/uploads\/2012\/12\/Hofbauernhof_mitLaden.jpg\"><img loading=\"lazy\" decoding=\"async\" class=\"aligncenter size-medium wp-image-1270\" alt=\"Hofbauernhof_mitLaden\" src=\"http:\/\/beta.lossburg-schoemberg.de\/wp-content\/uploads\/2012\/12\/Hofbauernhof_mitLaden-300x225.jpg\" width=\"300\" height=\"225\" srcset=\"https:\/\/lossburg-schoemberg.de\/wp-content\/uploads\/2012\/12\/Hofbauernhof_mitLaden-300x225.jpg 300w, https:\/\/lossburg-schoemberg.de\/wp-content\/uploads\/2012\/12\/Hofbauernhof_mitLaden.jpg 600w\" sizes=\"auto, (max-width: 300px) 100vw, 300px\" \/><\/a><\/td>\n<\/tr>\n<tr>\n<td><strong><strong>Desenbauer<\/strong><\/strong><\/p>\n<p>Wurde fr\u00fcher von den Nachkommen der Solhoffamilie Pfau bewirtschaftet. Heutiger Besitzer ist Roland Armbruster. Die Familie Armbruster betreibt Landwirtschaft und hat einen \u00e4u\u00dferst modern eingerichteten\u00a0<a href=\"http:\/\/www.armbruster-forst.de\/\" target=\"_blank\">Forstbetrieb<\/a>.<\/td>\n<td><a href=\"http:\/\/beta.lossburg-schoemberg.de\/wp-content\/uploads\/2012\/12\/Desenbauer1.jpg\"><img loading=\"lazy\" decoding=\"async\" class=\"aligncenter size-medium wp-image-1268\" alt=\"Desenbauer\" src=\"http:\/\/beta.lossburg-schoemberg.de\/wp-content\/uploads\/2012\/12\/Desenbauer1-300x141.jpg\" width=\"300\" height=\"141\" srcset=\"https:\/\/lossburg-schoemberg.de\/wp-content\/uploads\/2012\/12\/Desenbauer1-300x141.jpg 300w, https:\/\/lossburg-schoemberg.de\/wp-content\/uploads\/2012\/12\/Desenbauer1.jpg 350w\" sizes=\"auto, (max-width: 300px) 100vw, 300px\" \/><\/a><\/td>\n<\/tr>\n<tr>\n<td><strong><strong>Hof Altenburg<\/strong><\/strong><\/p>\n<p>Laut Stammbaum bewirtschaftet die Familie Killgu\u00df den Hof seit etwa 1600. Er ist sicher am l\u00e4ngsten im Besitz einer Familie. Erster Hofbauer war Johannes Killgu\u00df, geboren\u00a01587. Jetziger Besitzer ist Ernst-Gottfried Killgu\u00df.<\/td>\n<td><a href=\"http:\/\/beta.lossburg-schoemberg.de\/wp-content\/uploads\/2012\/12\/altenburgSommer.jpg\"><img loading=\"lazy\" decoding=\"async\" class=\"aligncenter size-full wp-image-1267\" alt=\"Altenburg\" src=\"http:\/\/beta.lossburg-schoemberg.de\/wp-content\/uploads\/2012\/12\/altenburgSommer.jpg\" width=\"300\" height=\"183\" \/><\/a><\/td>\n<\/tr>\n<tr>\n<td><strong><strong><strong>Blumenhof und Hardt<\/strong><\/strong><\/strong><\/p>\n<p>sind nach Aufzeichnungen die \u00e4ltesten H\u00f6fe im Ort.Die zwei Blumenh\u00f6fe, die von den Familien Armbruster und Eberhardt bewirtschaftet werden, betreiben beide noch Landwirtschaft. Der Hof der Familie Eberhardt beherbergt auch Ferieng\u00e4ste.<\/td>\n<td><a href=\"http:\/\/beta.lossburg-schoemberg.de\/wp-content\/uploads\/2012\/12\/BlumenhofBr.jpg\"><img loading=\"lazy\" decoding=\"async\" class=\"aligncenter size-medium wp-image-1274\" alt=\"Blumenhof\" src=\"http:\/\/beta.lossburg-schoemberg.de\/wp-content\/uploads\/2012\/12\/BlumenhofBr-300x194.jpg\" width=\"300\" height=\"194\" srcset=\"https:\/\/lossburg-schoemberg.de\/wp-content\/uploads\/2012\/12\/BlumenhofBr-300x194.jpg 300w, https:\/\/lossburg-schoemberg.de\/wp-content\/uploads\/2012\/12\/BlumenhofBr.jpg 400w\" sizes=\"auto, (max-width: 300px) 100vw, 300px\" \/><\/a><\/td>\n<\/tr>\n<tr>\n<td><strong><strong><strong>Zieglerhof<\/strong><\/strong><\/strong><\/p>\n<p>Der Zieglerhof wurde 1836 erbaut als Gutshof, vor allen Dingen zur Waldbewirtschaftung. Bis 2006 wurde dort auch Landwirtschaft betrieben. Der jetzige Besitzer, J\u00f6rg Schwenk, bietet Brennholz zum Verkauf an.<\/td>\n<td><a href=\"http:\/\/beta.lossburg-schoemberg.de\/wp-content\/uploads\/2012\/12\/Zieglerhof.jpg\"><img loading=\"lazy\" decoding=\"async\" class=\"aligncenter size-medium wp-image-1275\" alt=\"Zieglerhof\" src=\"http:\/\/beta.lossburg-schoemberg.de\/wp-content\/uploads\/2012\/12\/Zieglerhof-300x164.jpg\" width=\"300\" height=\"164\" srcset=\"https:\/\/lossburg-schoemberg.de\/wp-content\/uploads\/2012\/12\/Zieglerhof-300x164.jpg 300w, https:\/\/lossburg-schoemberg.de\/wp-content\/uploads\/2012\/12\/Zieglerhof.jpg 350w\" sizes=\"auto, (max-width: 300px) 100vw, 300px\" \/><\/a><\/td>\n<\/tr>\n<tr>\n<td><strong><strong>Solhof<\/strong><\/strong><\/p>\n<p>Der<a href=\"http:\/\/www.solhof-schoemberg.de\/\" target=\"_blank\">\u00a0Solhof<\/a>\u00a0in Sch\u00f6mberg ist ein sehr traditionsreiches Haus. So sind seit \u00fcber 400 Jahren die Familien bekannt, die den Bauernhof und Gasthof bewirtschaftet haben. Ab 1530 sind es 5 Generationen Pfau bis 1756, danach 4 Generationen Adrion bis 1856 und seitdem bis jetzt 4 Generationen Killgus.Im Jahr 1985 ist der Hof abgebrannt. Er wurde wieder aufgebaut, jedoch ohne Landwirtschaft, und wird heute als Pension Solhof betrieben.Im Nebenhaus ist eine Kegelbahn.<\/td>\n<td><a href=\"http:\/\/beta.lossburg-schoemberg.de\/wp-content\/uploads\/2012\/12\/Solwinter.jpg\"><img loading=\"lazy\" decoding=\"async\" class=\"aligncenter size-medium wp-image-1272\" alt=\"Solwinter\" src=\"http:\/\/beta.lossburg-schoemberg.de\/wp-content\/uploads\/2012\/12\/Solwinter-300x183.jpg\" width=\"300\" height=\"183\" srcset=\"https:\/\/lossburg-schoemberg.de\/wp-content\/uploads\/2012\/12\/Solwinter-300x183.jpg 300w, https:\/\/lossburg-schoemberg.de\/wp-content\/uploads\/2012\/12\/Solwinter.jpg 357w\" sizes=\"auto, (max-width: 300px) 100vw, 300px\" \/><\/a><\/td>\n<\/tr>\n<tr>\n<td><strong>Gutshof Armbruster Hinterr\u00f6tenberg<\/strong><\/p>\n<p>Der\u00a0<a href=\"http:\/\/www.gutshof-armbruster.de\/\" target=\"_blank\">Gutshof Armbruster<\/a>\u00a0ist der \u00e4ltere der beiden Gutsh\u00f6fe in Hinterr\u00f6tenberg. Er wird von der Familie Armbruster bewirtschaftet.Der Hof bietet eine gro\u00dfe Vielfalt an Aktivit\u00e4ten<\/p>\n<ul>\n<li>&#8211; Moderner Forstbetrieb<\/li>\n<li>&#8211; Eigene Jagd<\/li>\n<li>&#8211; Landwirtschaft mit \u00f6kologischem Landbau<\/li>\n<li>&#8211; Verkauf von selbst erzeugtem Rindfleisch<\/li>\n<li>&#8211; Ferien auf dem Bauernhof mit 4-Sterne Ferienwohnungen\u00a0und neu, das zur 5-Sterne Ferienwohnung umgebaute historische Backhaus<\/li>\n<\/ul>\n<p><a href=\"http:\/\/www.gemeinde-lossburg.de\/ceasy\/modules\/cms\/main.php5?cPageId=150&amp;view=publish&amp;item=lodgingHost&amp;id=37\" target=\"_blank\">Zur Seite &#8222;Lo\u00dfburger Ferienland&#8220; Gutshof Armbruster<\/a><\/td>\n<td><a href=\"http:\/\/beta.lossburg-schoemberg.de\/wp-content\/uploads\/2012\/12\/hofarmbruster.jpg\"><img loading=\"lazy\" decoding=\"async\" class=\"aligncenter size-medium wp-image-1269\" alt=\"hofarmbruster\" src=\"http:\/\/beta.lossburg-schoemberg.de\/wp-content\/uploads\/2012\/12\/hofarmbruster-300x205.jpg\" width=\"300\" height=\"205\" srcset=\"https:\/\/lossburg-schoemberg.de\/wp-content\/uploads\/2012\/12\/hofarmbruster-300x205.jpg 300w, https:\/\/lossburg-schoemberg.de\/wp-content\/uploads\/2012\/12\/hofarmbruster.jpg 350w\" sizes=\"auto, (max-width: 300px) 100vw, 300px\" \/><\/a><\/td>\n<\/tr>\n<tr>\n<td><strong>Walterhof Hinterr\u00f6tenberg<\/strong><\/p>\n<p>Der\u00a0<a href=\"http:\/\/www.walterhof.de\/\" target=\"_blank\">Walterhof<\/a>\u00a0ist der j\u00fcngere der beiden H\u00f6fe in Hinterr\u00f6tenberg. Er wurde 1985 besucht vom damaligen Bundeskanzler Dr. Helmut Kohl mit Delegation. Herr Dr. Kohl und ein Jahr sp\u00e4ter Ministerpr\u00e4sident Johannes Rau folgten einer Einladung des Hofbesitzers Wilhelm Walter, um sich ein Bild zu machen vom Waldsterben im Schwarzwald.Der Hof bietet eine gro\u00dfe Vielfalt an Aktivit\u00e4ten z.B.:<\/p>\n<ul>\n<li>&#8211; Moderner Forstbetrieb<\/li>\n<li>&#8211; Eigene Jagd<\/li>\n<li>&#8211; moderne Pferde-Offenstallhaltung<\/li>\n<li>&#8211; Landwirtschaft<\/li>\n<li>&#8211; Ferien auf dem Bauernhof mit vielen Qualit\u00e4tsauszeichnungen<\/li>\n<li>&#8211; Ferienwohnungen mit 4 und mit 5-Sternen<\/li>\n<li>&#8211; Schnapsbrennerei mit echten Spezialit\u00e4ten<\/li>\n<li>&#8211; Sammlung alter Forstwerkzeuge und Forstger\u00e4te<\/li>\n<\/ul>\n<p><a href=\"http:\/\/www.gemeinde-lossburg.de\/ceasy\/modules\/cms\/main.php5?cPageId=150&amp;view=publish&amp;item=lodgingHost&amp;id=41\" target=\"_blank\">Zur Seite &#8222;Lo\u00dfburger Ferienland&#8220; Walterhof<\/a><\/td>\n<td><a href=\"http:\/\/beta.lossburg-schoemberg.de\/wp-content\/uploads\/2012\/12\/Walterhof.jpg\"><img loading=\"lazy\" decoding=\"async\" class=\"aligncenter size-medium wp-image-1273\" alt=\"Walterhof\" src=\"http:\/\/beta.lossburg-schoemberg.de\/wp-content\/uploads\/2012\/12\/Walterhof-300x237.jpg\" width=\"300\" height=\"237\" srcset=\"https:\/\/lossburg-schoemberg.de\/wp-content\/uploads\/2012\/12\/Walterhof-300x237.jpg 300w, https:\/\/lossburg-schoemberg.de\/wp-content\/uploads\/2012\/12\/Walterhof.jpg 400w\" sizes=\"auto, (max-width: 300px) 100vw, 300px\" \/><\/a><\/td>\n<\/tr>\n<\/tbody>\n<\/table>\n","protected":false},"excerpt":{"rendered":"<p>Hofbauernhof Der aus vorreformatorischer Zeit stammende Hofbauernhof als ehemals\u00a0gr\u00f6\u00dfter Gutshof im Dorf wird nach einer l\u00e4ngeren Zeit als Pensionsbetrieb mit bis zu 30 G\u00e4sten nun schon seit \u00fcber 20 Jahren biologisch-dynamisch bewirtschaftet. Auf 27 ha Weide- und Ackerland werden von einer 6-k\u00f6pfigen Hofgemeinschaft ca. 20 verschiedene Gem\u00fcsesorten, Getreide und Kartoffeln angebaut. Dazu grast eine das &hellip; <\/p>\n<p><a class=\"more-link btn\" href=\"https:\/\/lossburg-schoemberg.de\/index.php\/ort\/sehenswuerdigkeiten\/bauernhoefe\/\">Weiterlesen<\/a><\/p>\n","protected":false},"author":2,"featured_media":1267,"parent":314,"menu_order":0,"comment_status":"open","ping_status":"open","template":"","meta":{"footnotes":""},"class_list":["post-1234","page","type-page","status-publish","has-post-thumbnail","hentry","nodate","item-wrap"],"_links":{"self":[{"href":"https:\/\/lossburg-schoemberg.de\/index.php\/wp-json\/wp\/v2\/pages\/1234","targetHints":{"allow":["GET"]}}],"collection":[{"href":"https:\/\/lossburg-schoemberg.de\/index.php\/wp-json\/wp\/v2\/pages"}],"about":[{"href":"https:\/\/lossburg-schoemberg.de\/index.php\/wp-json\/wp\/v2\/types\/page"}],"author":[{"embeddable":true,"href":"https:\/\/lossburg-schoemberg.de\/index.php\/wp-json\/wp\/v2\/users\/2"}],"replies":[{"embeddable":true,"href":"https:\/\/lossburg-schoemberg.de\/index.php\/wp-json\/wp\/v2\/comments?post=1234"}],"version-history":[{"count":74,"href":"https:\/\/lossburg-schoemberg.de\/index.php\/wp-json\/wp\/v2\/pages\/1234\/revisions"}],"predecessor-version":[{"id":1266,"href":"https:\/\/lossburg-schoemberg.de\/index.php\/wp-json\/wp\/v2\/pages\/1234\/revisions\/1266"}],"up":[{"embeddable":true,"href":"https:\/\/lossburg-schoemberg.de\/index.php\/wp-json\/wp\/v2\/pages\/314"}],"wp:featuredmedia":[{"embeddable":true,"href":"https:\/\/lossburg-schoemberg.de\/index.php\/wp-json\/wp\/v2\/media\/1267"}],"wp:attachment":[{"href":"https:\/\/lossburg-schoemberg.de\/index.php\/wp-json\/wp\/v2\/media?parent=1234"}],"curies":[{"name":"wp","href":"https:\/\/api.w.org\/{rel}","templated":true}]}}