{"id":1095,"date":"2012-08-29T12:33:52","date_gmt":"2012-08-29T10:33:52","guid":{"rendered":"http:\/\/beta.lossburg-schoemberg.de\/?page_id=1095"},"modified":"2021-01-18T21:33:43","modified_gmt":"2021-01-18T20:33:43","slug":"2000-heute","status":"publish","type":"page","link":"https:\/\/lossburg-schoemberg.de\/index.php\/ort\/geschichte\/2000-heute\/","title":{"rendered":"2000-2009"},"content":{"rendered":"<table style=\"width: 100%;\" border=\"0\">\n<tbody>\n<tr valign=\"top\">\n<td style=\"width: 8%;\" valign=\"top\"><strong>2000<br \/>\n<\/strong><\/td>\n<td style=\"width: 91.8667%;\">\n<ul>\n<li>Bau einer neuen Ortsdurchfahrt durch ganz Sch\u00f6mberg mit Kreisverkehr. In diesem Zusammenhang wurden Wasser- und Abwasserleitungen saniert, eine neue Stra\u00dfenbeleuchtung gebaut und die Freileitungen der Stromversorgung verkabelt.<br \/>\nDie Ortsdurchfahrt wurde in 3 Bauabschnitten innerhalb von 3 Jahren gebaut.<\/li>\n<\/ul>\n<p style=\"padding-left: 30px;\"><a href=\"http:\/\/beta.lossburg-schoemberg.de\/wp-content\/uploads\/2012\/08\/Kreisverkehr.jpg\"><img loading=\"lazy\" decoding=\"async\" class=\"wp-image-1123\" title=\"Kreisverkehr\" src=\"http:\/\/beta.lossburg-schoemberg.de\/wp-content\/uploads\/2012\/08\/Kreisverkehr.jpg\" alt=\"\" width=\"368\" height=\"277\" srcset=\"https:\/\/lossburg-schoemberg.de\/wp-content\/uploads\/2012\/08\/Kreisverkehr.jpg 1024w, https:\/\/lossburg-schoemberg.de\/wp-content\/uploads\/2012\/08\/Kreisverkehr-300x225.jpg 300w\" sizes=\"auto, (max-width: 368px) 100vw, 368px\" \/><\/a><\/p>\n<\/td>\n<\/tr>\n<tr>\n<td style=\"width: 8%;\" valign=\"top\"><strong>2004<\/strong><\/td>\n<td style=\"width: 91.8667%;\">\n<ul>\n<li>Die Ortschaftsr\u00e4te erneuern die Fassade des Rathauses.<br \/>\nVom Bauhof der Gemeinde Lo\u00dfburg wurden die Arbeiten organisiert und das Material geliefert. Jochen Ge\u00dfler vom Bauhof hat mitgeholfen und die Ortschaftsr\u00e4te fachlich angeleitet.<\/li>\n<\/ul>\n<p style=\"padding-left: 30px;\"><a href=\"http:\/\/beta.lossburg-schoemberg.de\/wp-content\/uploads\/2012\/08\/RathausRenovierung.jpg\"><img loading=\"lazy\" decoding=\"async\" class=\"alignnone wp-image-1125\" title=\"RathausRenovierung\" src=\"http:\/\/beta.lossburg-schoemberg.de\/wp-content\/uploads\/2012\/08\/RathausRenovierung.jpg\" alt=\"\" width=\"368\" height=\"276\" srcset=\"https:\/\/lossburg-schoemberg.de\/wp-content\/uploads\/2012\/08\/RathausRenovierung.jpg 1024w, https:\/\/lossburg-schoemberg.de\/wp-content\/uploads\/2012\/08\/RathausRenovierung-300x224.jpg 300w\" sizes=\"auto, (max-width: 368px) 100vw, 368px\" \/><\/a><\/p>\n<ul>\n<li>Eine Gruppe Sch\u00f6mberger B\u00fcrger richtet einen beim Stra\u00dfenbau freigelegten Brunnen her, der sich als Schmuckst\u00fcck entpuppt. Er wird mit Sandsteinen eingefasst und bekommt ein schickes, kleines Dach.<\/li>\n<\/ul>\n<p style=\"padding-left: 30px;\"><a href=\"http:\/\/beta.lossburg-schoemberg.de\/wp-content\/uploads\/2012\/08\/Ziehbrunnen.jpg\"><img loading=\"lazy\" decoding=\"async\" class=\"alignnone wp-image-1152\" title=\"Ziehbrunnen\" src=\"http:\/\/beta.lossburg-schoemberg.de\/wp-content\/uploads\/2012\/08\/Ziehbrunnen.jpg\" alt=\"\" width=\"381\" height=\"257\" srcset=\"https:\/\/lossburg-schoemberg.de\/wp-content\/uploads\/2012\/08\/Ziehbrunnen.jpg 705w, https:\/\/lossburg-schoemberg.de\/wp-content\/uploads\/2012\/08\/Ziehbrunnen-300x202.jpg 300w\" sizes=\"auto, (max-width: 381px) 100vw, 381px\" \/><\/a><\/p>\n<ul>\n<li>Die Dorfgemeinschaft saniert das Backh\u00e4uschen. Sp\u00e4ter wird es dann noch bemalt.<\/li>\n<\/ul>\n<p style=\"padding-left: 30px;\"><a href=\"http:\/\/beta.lossburg-schoemberg.de\/wp-content\/uploads\/2012\/08\/Backhaus2.jpg\"><img loading=\"lazy\" decoding=\"async\" class=\"alignnone wp-image-1153\" title=\"Backhaus2\" src=\"http:\/\/beta.lossburg-schoemberg.de\/wp-content\/uploads\/2012\/08\/Backhaus2.jpg\" alt=\"\" width=\"360\" height=\"284\" srcset=\"https:\/\/lossburg-schoemberg.de\/wp-content\/uploads\/2012\/08\/Backhaus2.jpg 600w, https:\/\/lossburg-schoemberg.de\/wp-content\/uploads\/2012\/08\/Backhaus2-300x237.jpg 300w\" sizes=\"auto, (max-width: 360px) 100vw, 360px\" \/><\/a><\/p>\n<p>\u00a0\u00a0\u00a0\u00a0\u00a0\u00a0\u00a0 <a href=\"http:\/\/lossburg-schoemberg.de\/wp-content\/uploads\/2021\/01\/Backhaus1-scaled.jpg\"><img loading=\"lazy\" decoding=\"async\" class=\"alignnone wp-image-4522\" src=\"http:\/\/lossburg-schoemberg.de\/wp-content\/uploads\/2021\/01\/Backhaus1-1024x768.jpg\" alt=\"\" width=\"372\" height=\"279\" srcset=\"https:\/\/lossburg-schoemberg.de\/wp-content\/uploads\/2021\/01\/Backhaus1-1024x768.jpg 1024w, https:\/\/lossburg-schoemberg.de\/wp-content\/uploads\/2021\/01\/Backhaus1-300x225.jpg 300w, https:\/\/lossburg-schoemberg.de\/wp-content\/uploads\/2021\/01\/Backhaus1-768x576.jpg 768w, https:\/\/lossburg-schoemberg.de\/wp-content\/uploads\/2021\/01\/Backhaus1-1536x1152.jpg 1536w, https:\/\/lossburg-schoemberg.de\/wp-content\/uploads\/2021\/01\/Backhaus1-2048x1536.jpg 2048w\" sizes=\"auto, (max-width: 372px) 100vw, 372px\" \/><\/a><\/td>\n<\/tr>\n<tr>\n<td style=\"width: 8%;\" valign=\"top\"><strong>\u00a02005<\/strong><\/td>\n<td style=\"width: 91.8667%;\">\n<ul>\n<li>Teilnahme am Wettbewerb des Landkreises: \u201eUnser Dorf hat Zukunft\u201c, Ergebnis: Nur ganz knapp den ersten Platz verpasst.<\/li>\n<li>In Sch\u00f6mberg ist der schnelle DSL-Internetzugang verf\u00fcgbar.<\/li>\n<li>Von Mitte November 05 bis Ende M\u00e4rz 06 liegt durchgehend Schnee, so lange, wie schon lange nicht mehr.<\/li>\n<\/ul>\n<\/td>\n<\/tr>\n<tr>\n<td style=\"width: 8%;\" valign=\"top\"><strong>\u00a02006<\/strong><\/td>\n<td style=\"width: 91.8667%;\">\n<ul>\n<li>Die erste Sch\u00f6mberger Homepage entsteht.<\/li>\n<li>Teilnahme am Bezirksentscheid: \u201eUnser Dorf hat Zukunft &#8211; unser Dorf soll sch\u00f6ner werden\u201c.<\/li>\n<li>Sch\u00f6mberg erreicht einen der ersten drei Pl\u00e4tze und bewirbt sich f\u00fcr den Landesentscheid.<\/li>\n<li>Die Dorfgemeinschaft, unterst\u00fctzt von der Gemeinde, erneuert das Dach des Backhauses und saniert die Fassade des<br \/>\nB\u00fcrger- und G\u00e4stehauses.<\/li>\n<li>\u00a0Im Landesentscheid erreicht Sch\u00f6mberg eine Goldmedaille und geh\u00f6rt damit zu den sch\u00f6nsten Orten im Land Baden-W\u00fcrttemberg.<\/li>\n<\/ul>\n<\/td>\n<\/tr>\n<tr>\n<td style=\"width: 8%;\" valign=\"top\"><strong>\u00a02007<\/strong><\/td>\n<td style=\"width: 91.8667%;\">\n<ul>\n<li>Sch\u00f6mberg nimmt Teil am Bundesentscheid innerhalb des Dorfwettbewerbs\u00a0 \u201eUnser Dorf hat Zukunft &#8211; unser Dorf soll sch\u00f6ner werden\u201c. Sch\u00f6mberg wird f\u00fcr eine Silbermedaille nominiert.<\/li>\n<li>Von Sch\u00f6mbergern werden Begr\u00fc\u00dfungsschilder an den Ortseing\u00e4ngen aufgestellt.<br \/>\nHier, wie auch in allen anderen Sch\u00f6mbergern Projekten hat sich Jochen Ge\u00dfler vom Bauhof Lo\u00dfburg eingebracht.<br \/>\nEr hat die Holzkonstruktion entworfen, gebaut, und das ganze zusammen mit den Sch\u00f6mbergern aufgestellt.<\/li>\n<\/ul>\n<p style=\"padding-left: 30px;\"><a href=\"http:\/\/beta.lossburg-schoemberg.de\/wp-content\/uploads\/2012\/08\/OEBegruessung.jpg\"><img loading=\"lazy\" decoding=\"async\" class=\"alignnone wp-image-1154\" title=\"OEBegruessung\" src=\"http:\/\/beta.lossburg-schoemberg.de\/wp-content\/uploads\/2012\/08\/OEBegruessung.jpg\" alt=\"\" width=\"368\" height=\"277\" srcset=\"https:\/\/lossburg-schoemberg.de\/wp-content\/uploads\/2012\/08\/OEBegruessung.jpg 1024w, https:\/\/lossburg-schoemberg.de\/wp-content\/uploads\/2012\/08\/OEBegruessung-300x225.jpg 300w\" sizes=\"auto, (max-width: 368px) 100vw, 368px\" \/><\/a><\/p>\n<ul>\n<li>Vom &#8222;Bundesministerium f\u00fcr Ern\u00e4hrung, Landwirtschaft und Verbraucherschutz&#8220; bekommt Sch\u00f6mberg einen Standplatz auf der Messe &#8222;Internationale Gr\u00fcne Woche&#8220; in Berlin angeboten. Sch\u00f6mberg nimmt an und bereitet mit Lo\u00dfburg und Freudenstadt die Messe vor.<\/li>\n<li>Von Stiftungswald der Gemeindestiftung kommt der Weihnachtsbaum f\u00fcr das Bundeskanzleramt.<br \/>\nUnter reger Beteiligung vieler Sch\u00f6mberger wurde der Baum im Stiftungswald geschlagen, nach Berlin gebracht, im<br \/>\nBundeskanzleramt aufgestellt, geschm\u00fcckt und in einer feierlichen Stunde an Bundeskanzlerin Angela Merkel \u00fcbergeben.<\/li>\n<\/ul>\n<p style=\"padding-left: 30px;\"><a href=\"http:\/\/beta.lossburg-schoemberg.de\/wp-content\/uploads\/2012\/08\/Kanzlertanne1.jpg\"><img loading=\"lazy\" decoding=\"async\" class=\"alignnone wp-image-1156\" title=\"Kanzlertanne\" src=\"http:\/\/beta.lossburg-schoemberg.de\/wp-content\/uploads\/2012\/08\/Kanzlertanne1.jpg\" alt=\"\" width=\"345\" height=\"259\" srcset=\"https:\/\/lossburg-schoemberg.de\/wp-content\/uploads\/2012\/08\/Kanzlertanne1.jpg 575w, https:\/\/lossburg-schoemberg.de\/wp-content\/uploads\/2012\/08\/Kanzlertanne1-300x224.jpg 300w\" sizes=\"auto, (max-width: 345px) 100vw, 345px\" \/><\/a><\/p>\n<\/td>\n<\/tr>\n<tr>\n<td style=\"width: 8%;\" valign=\"top\"><strong>\u00a02008<\/strong><\/td>\n<td style=\"width: 91.8667%;\">\n<ul>\n<li>Innerhalb der Messe &#8222;Internationale Gr\u00fcne Woche&#8220;, Berlin findet der Messestand gro\u00dfen Zuspruch. Eine Gruppe von ca. 50 Personen reist nach Berlin, um die Auszeichnung f\u00fcr ihren Ort in Empfang zu nehmen.<\/li>\n<li>Im ICC in Berlin erhalten wir in einer riesigen festlichen Veranstaltung aus den H\u00e4nden vom damaligen Bundesminister f\u00fcr Ern\u00e4hrung, Landwirtschaft und Verbraucherschutz Herrn Horst Seehofer die Silbermedaille vom Bundeswettbewerb:<br \/>\n&#8222;Unser Dorf hat Zukunft 2008&#8220;<\/li>\n<\/ul>\n<p style=\"padding-left: 30px;\"><a href=\"http:\/\/beta.lossburg-schoemberg.de\/wp-content\/uploads\/2012\/08\/BerlinWordpress.jpg\"><img loading=\"lazy\" decoding=\"async\" class=\"alignnone wp-image-1160\" title=\"BerlinWordpress\" src=\"http:\/\/beta.lossburg-schoemberg.de\/wp-content\/uploads\/2012\/08\/BerlinWordpress.jpg\" alt=\"\" width=\"368\" height=\"246\" srcset=\"https:\/\/lossburg-schoemberg.de\/wp-content\/uploads\/2012\/08\/BerlinWordpress.jpg 1024w, https:\/\/lossburg-schoemberg.de\/wp-content\/uploads\/2012\/08\/BerlinWordpress-300x200.jpg 300w\" sizes=\"auto, (max-width: 368px) 100vw, 368px\" \/><\/a><\/p>\n<\/td>\n<\/tr>\n<tr>\n<td style=\"width: 8%;\" valign=\"top\"><strong>\u00a02009<\/strong><\/td>\n<td style=\"width: 91.8667%;\">\n<ul>\n<li>Die &#8222;Dorfgemeinschaft Sch\u00f6mberg&#8220; feiert 30-j\u00e4hriges Bestehen.<\/li>\n<li>Eine Gruppe von knapp 50 Personen reist f\u00fcr 4 Tage nach Dresden. Unser ev. Pfarrer Gottfried A. B\u00fchrer hat die Reise perfekt organisiert. Neben der Frauenkirche konnten wir viele besondere Sehensw\u00fcrdigkeiten entdecken wie z.B. die Semperoper, das Terrassenufer an der Elbe, Pilnitz, das Elbsandsteingebirge mit der Bastei usw.<\/li>\n<li>Unser Pfarrer, Herr B\u00fchrer wechselt in die Kirchengemeinde Bad Teinach-Zavelstein.<\/li>\n<\/ul>\n<\/td>\n<\/tr>\n<\/tbody>\n<\/table>\n<p>&nbsp;<\/p>\n","protected":false},"excerpt":{"rendered":"<p>2000 Bau einer neuen Ortsdurchfahrt durch ganz Sch\u00f6mberg mit Kreisverkehr. In diesem Zusammenhang wurden Wasser- und Abwasserleitungen saniert, eine neue Stra\u00dfenbeleuchtung gebaut und die Freileitungen der Stromversorgung verkabelt. Die Ortsdurchfahrt wurde in 3 Bauabschnitten innerhalb von 3 Jahren gebaut. 2004 Die Ortschaftsr\u00e4te erneuern die Fassade des Rathauses. Vom Bauhof der Gemeinde Lo\u00dfburg wurden die Arbeiten &hellip; <\/p>\n<p><a class=\"more-link btn\" href=\"https:\/\/lossburg-schoemberg.de\/index.php\/ort\/geschichte\/2000-heute\/\">Weiterlesen<\/a><\/p>\n","protected":false},"author":1,"featured_media":0,"parent":23,"menu_order":2,"comment_status":"open","ping_status":"open","template":"","meta":{"footnotes":""},"class_list":["post-1095","page","type-page","status-publish","hentry","nodate","item-wrap"],"_links":{"self":[{"href":"https:\/\/lossburg-schoemberg.de\/index.php\/wp-json\/wp\/v2\/pages\/1095","targetHints":{"allow":["GET"]}}],"collection":[{"href":"https:\/\/lossburg-schoemberg.de\/index.php\/wp-json\/wp\/v2\/pages"}],"about":[{"href":"https:\/\/lossburg-schoemberg.de\/index.php\/wp-json\/wp\/v2\/types\/page"}],"author":[{"embeddable":true,"href":"https:\/\/lossburg-schoemberg.de\/index.php\/wp-json\/wp\/v2\/users\/1"}],"replies":[{"embeddable":true,"href":"https:\/\/lossburg-schoemberg.de\/index.php\/wp-json\/wp\/v2\/comments?post=1095"}],"version-history":[{"count":54,"href":"https:\/\/lossburg-schoemberg.de\/index.php\/wp-json\/wp\/v2\/pages\/1095\/revisions"}],"predecessor-version":[{"id":4529,"href":"https:\/\/lossburg-schoemberg.de\/index.php\/wp-json\/wp\/v2\/pages\/1095\/revisions\/4529"}],"up":[{"embeddable":true,"href":"https:\/\/lossburg-schoemberg.de\/index.php\/wp-json\/wp\/v2\/pages\/23"}],"wp:attachment":[{"href":"https:\/\/lossburg-schoemberg.de\/index.php\/wp-json\/wp\/v2\/media?parent=1095"}],"curies":[{"name":"wp","href":"https:\/\/api.w.org\/{rel}","templated":true}]}}