{"id":1034,"date":"2012-08-04T16:40:46","date_gmt":"2012-08-04T14:40:46","guid":{"rendered":"http:\/\/beta.lossburg-schoemberg.de\/?page_id=1034"},"modified":"2013-08-06T20:21:15","modified_gmt":"2013-08-06T18:21:15","slug":"oktober-herbstausflug-der-dorfgemeinschaft-schoemberg","status":"publish","type":"page","link":"https:\/\/lossburg-schoemberg.de\/index.php\/rueckblick\/2012-2\/oktober-herbstausflug-der-dorfgemeinschaft-schoemberg\/","title":{"rendered":"Oktober: Herbstausflug der Dorfgemeinschaft"},"content":{"rendered":"<table border=\"0\" align=\"right\">\n<tbody>\n<tr>\n<td><a href=\"http:\/\/beta.lossburg-schoemberg.de\/wp-content\/uploads\/2012\/08\/Sinsheim.jpg\"><img loading=\"lazy\" decoding=\"async\" class=\" wp-image-1035 aligncenter\" title=\"Sinsheim\" alt=\"\" src=\"http:\/\/beta.lossburg-schoemberg.de\/wp-content\/uploads\/2012\/08\/Sinsheim.jpg\" width=\"342\" height=\"180\" \/><\/a><\/td>\n<\/tr>\n<tr>\n<td>\n<address style=\"text-align: center;\">Foto: Technikmuseum Sinsheim<\/address>\n<\/td>\n<\/tr>\n<\/tbody>\n<\/table>\n<h4><strong>Herbstausflug der Dorfgemeinschaft Sch\u00f6mberg<\/strong><\/h4>\n<p>am 06.-07. Oktober 2012<\/p>\n<p>Ziel: Pfalz \/ Elsass<br \/>\nDie Dorfgemeinschaft Sch\u00f6mberg plant f\u00fcr dieses Jahr einen<\/p>\n<p>2-t\u00e4gigen Herbstausflug in die Pfalz und das Elsass.<\/p>\n<p>Am 06. Oktober um 7.30 Uhr fahren wir am am Rathaus ab. Mit dem Bus geht es \u00fcbers Murgtal und Karlsruhe nach Speyer. Selbstverst\u00e4ndlich wird es unterwegs auch wieder unser allseits beliebtes Sektfr\u00fchst\u00fcck geben. In Speyer angekommen,<\/p>\n<p>Gegen 18.30 Uhr ist dann Abfahrt zum Weinlesefest nach Neustadt a.d. Weinstra\u00dfe. Dort werden wir in geselliger Runde den ersten Tag ausklingen lassen.werden wir ausgiebig Zeit haben, uns das dortige Technikmuseum inklusive dem IMAX Kino, das hei\u00dft exklusive Filme auf einer riesigen Kuppelleinwand projektiert, anzuschauen. Im Anschluss daran checken wir im Hotel direkt am Technikmuseum ein.<\/p>\n<p>Am Sonntag nach dem Fr\u00fchst\u00fcck f\u00fchrt uns der Weg auf der franz\u00f6sischen Rheintalautobahn nach S\u00fcden bis ins els\u00e4ssische Saint-Louis \u2013 Arzviller. Dort befindet sich das europ\u00e4isch wohl einzigartige Schiffshebewerk. Wir werden auf einem Ausflugsschiff im Rahmen einer 90-min\u00fctigen Kanalschifffahrt sowohl eine Berg-, als auch eine Talfahrt durch dieses eindrucksvolle Bauwerk erleben. Nach einer abschlie\u00dfenden Kaffee- oder Flammkuchenpause wird die Heimreise angetreten.<\/p>\n","protected":false},"excerpt":{"rendered":"<p>Foto: Technikmuseum Sinsheim Herbstausflug der Dorfgemeinschaft Sch\u00f6mberg am 06.-07. Oktober 2012 Ziel: Pfalz \/ Elsass Die Dorfgemeinschaft Sch\u00f6mberg plant f\u00fcr dieses Jahr einen 2-t\u00e4gigen Herbstausflug in die Pfalz und das Elsass. Am 06. Oktober um 7.30 Uhr fahren wir am am Rathaus ab. Mit dem Bus geht es \u00fcbers Murgtal und Karlsruhe nach Speyer. Selbstverst\u00e4ndlich &hellip; <\/p>\n<p><a class=\"more-link btn\" href=\"https:\/\/lossburg-schoemberg.de\/index.php\/rueckblick\/2012-2\/oktober-herbstausflug-der-dorfgemeinschaft-schoemberg\/\">Weiterlesen<\/a><\/p>\n","protected":false},"author":1,"featured_media":1035,"parent":498,"menu_order":20,"comment_status":"open","ping_status":"closed","template":"","meta":{"footnotes":""},"class_list":["post-1034","page","type-page","status-publish","has-post-thumbnail","hentry","nodate","item-wrap"],"_links":{"self":[{"href":"https:\/\/lossburg-schoemberg.de\/index.php\/wp-json\/wp\/v2\/pages\/1034","targetHints":{"allow":["GET"]}}],"collection":[{"href":"https:\/\/lossburg-schoemberg.de\/index.php\/wp-json\/wp\/v2\/pages"}],"about":[{"href":"https:\/\/lossburg-schoemberg.de\/index.php\/wp-json\/wp\/v2\/types\/page"}],"author":[{"embeddable":true,"href":"https:\/\/lossburg-schoemberg.de\/index.php\/wp-json\/wp\/v2\/users\/1"}],"replies":[{"embeddable":true,"href":"https:\/\/lossburg-schoemberg.de\/index.php\/wp-json\/wp\/v2\/comments?post=1034"}],"version-history":[{"count":12,"href":"https:\/\/lossburg-schoemberg.de\/index.php\/wp-json\/wp\/v2\/pages\/1034\/revisions"}],"predecessor-version":[{"id":1039,"href":"https:\/\/lossburg-schoemberg.de\/index.php\/wp-json\/wp\/v2\/pages\/1034\/revisions\/1039"}],"up":[{"embeddable":true,"href":"https:\/\/lossburg-schoemberg.de\/index.php\/wp-json\/wp\/v2\/pages\/498"}],"wp:featuredmedia":[{"embeddable":true,"href":"https:\/\/lossburg-schoemberg.de\/index.php\/wp-json\/wp\/v2\/media\/1035"}],"wp:attachment":[{"href":"https:\/\/lossburg-schoemberg.de\/index.php\/wp-json\/wp\/v2\/media?parent=1034"}],"curies":[{"name":"wp","href":"https:\/\/api.w.org\/{rel}","templated":true}]}}