{"id":1022,"date":"2012-07-31T18:59:50","date_gmt":"2012-07-31T16:59:50","guid":{"rendered":"http:\/\/beta.lossburg-schoemberg.de\/?page_id=1022"},"modified":"2016-12-13T23:03:26","modified_gmt":"2016-12-13T22:03:26","slug":"juni-bewertungskommission-zu-besuch","status":"publish","type":"page","link":"https:\/\/lossburg-schoemberg.de\/index.php\/rueckblick\/2006-2\/juni-bewertungskommission-zu-besuch\/","title":{"rendered":"Juni: Bewertungskommission zu Besuch"},"content":{"rendered":"<p>Am 22.06.06 besuchte uns die Bewertungskommission der Aktion &#8222;Unser Dorf hat Zukunft &#8211; Unser Dorf soll sch\u00f6ner werden&#8220;<br \/>\nBeeindruckend viele Sch\u00f6mberger waren da, um die Besucher zu begr\u00fc\u00dfen und gemeinsam einen Rundgang\/Rundfahrt durch das Dorf zu machen.<\/p>\n<p><a href=\"http:\/\/beta.lossburg-schoemberg.de\/wp-content\/uploads\/2012\/07\/KommBesuch1.jpg\"><img loading=\"lazy\" decoding=\"async\" class=\"aligncenter size-full wp-image-1023\" title=\"KommBesuch1\" src=\"http:\/\/beta.lossburg-schoemberg.de\/wp-content\/uploads\/2012\/07\/KommBesuch1.jpg\" alt=\"\" width=\"600\" height=\"265\" \/><\/a><\/p>\n","protected":false},"excerpt":{"rendered":"<p>Am 22.06.06 besuchte uns die Bewertungskommission der Aktion &#8222;Unser Dorf hat Zukunft &#8211; Unser Dorf soll sch\u00f6ner werden&#8220; Beeindruckend viele Sch\u00f6mberger waren da, um die Besucher zu begr\u00fc\u00dfen und gemeinsam einen Rundgang\/Rundfahrt durch das Dorf zu machen.<\/p>\n","protected":false},"author":1,"featured_media":1023,"parent":383,"menu_order":5,"comment_status":"open","ping_status":"open","template":"","meta":{"footnotes":""},"class_list":["post-1022","page","type-page","status-publish","has-post-thumbnail","hentry","nodate","item-wrap"],"_links":{"self":[{"href":"https:\/\/lossburg-schoemberg.de\/index.php\/wp-json\/wp\/v2\/pages\/1022","targetHints":{"allow":["GET"]}}],"collection":[{"href":"https:\/\/lossburg-schoemberg.de\/index.php\/wp-json\/wp\/v2\/pages"}],"about":[{"href":"https:\/\/lossburg-schoemberg.de\/index.php\/wp-json\/wp\/v2\/types\/page"}],"author":[{"embeddable":true,"href":"https:\/\/lossburg-schoemberg.de\/index.php\/wp-json\/wp\/v2\/users\/1"}],"replies":[{"embeddable":true,"href":"https:\/\/lossburg-schoemberg.de\/index.php\/wp-json\/wp\/v2\/comments?post=1022"}],"version-history":[{"count":2,"href":"https:\/\/lossburg-schoemberg.de\/index.php\/wp-json\/wp\/v2\/pages\/1022\/revisions"}],"predecessor-version":[{"id":3416,"href":"https:\/\/lossburg-schoemberg.de\/index.php\/wp-json\/wp\/v2\/pages\/1022\/revisions\/3416"}],"up":[{"embeddable":true,"href":"https:\/\/lossburg-schoemberg.de\/index.php\/wp-json\/wp\/v2\/pages\/383"}],"wp:featuredmedia":[{"embeddable":true,"href":"https:\/\/lossburg-schoemberg.de\/index.php\/wp-json\/wp\/v2\/media\/1023"}],"wp:attachment":[{"href":"https:\/\/lossburg-schoemberg.de\/index.php\/wp-json\/wp\/v2\/media?parent=1022"}],"curies":[{"name":"wp","href":"https:\/\/api.w.org\/{rel}","templated":true}]}}