{"id":1020,"date":"2012-07-31T18:57:58","date_gmt":"2012-07-31T16:57:58","guid":{"rendered":"http:\/\/beta.lossburg-schoemberg.de\/?page_id=1020"},"modified":"2016-12-13T23:09:46","modified_gmt":"2016-12-13T22:09:46","slug":"juli-schoemberg-bei-dorfwettbewerb-im-sieger-trio","status":"publish","type":"page","link":"https:\/\/lossburg-schoemberg.de\/index.php\/rueckblick\/2006-2\/juli-schoemberg-bei-dorfwettbewerb-im-sieger-trio\/","title":{"rendered":"Juli: Sch\u00f6mberg bei Dorfwettbewerb im Sieger-Trio"},"content":{"rendered":"<p>Die Vorbereitungen und das gemeinsame B\u00fcrgerschaftliche Engagement haben sich gelohnt.<\/p>\n<p>Zitat aus dem &#8222;Schwarzw\u00e4lder Boten&#8220; vom 8.07.2006:<\/p>\n<p>Sch\u00f6mberg bei Dorfwettbewerb im Sieger-Trio<\/p>\n<p>Beim Bezirksentscheid des Regierungspr\u00e4sidiums Karlsruhe hat Sch\u00f6mberg einen der ersten drei Pl\u00e4tze bei neun teilnehmenden Orten erreicht.<\/p>\n<p>Damit wird Sch\u00f6mberg zum Landesentscheid weitergemeldet und hat somit die Chance am landesweiten Wettbewerb teilzunehmen.<\/p>\n<p>Wir Sch\u00f6mberger freuen uns riesig.<\/p>\n<p>Der Ortsvorsteher Kurt Winter und der Ortschaftsrat bedankt sich bei allen Helfern und Mitwirkenden.<\/p>\n","protected":false},"excerpt":{"rendered":"<p>Die Vorbereitungen und das gemeinsame B\u00fcrgerschaftliche Engagement haben sich gelohnt. Zitat aus dem &#8222;Schwarzw\u00e4lder Boten&#8220; vom 8.07.2006: Sch\u00f6mberg bei Dorfwettbewerb im Sieger-Trio Beim Bezirksentscheid des Regierungspr\u00e4sidiums Karlsruhe hat Sch\u00f6mberg einen der ersten drei Pl\u00e4tze bei neun teilnehmenden Orten erreicht. Damit wird Sch\u00f6mberg zum Landesentscheid weitergemeldet und hat somit die Chance am landesweiten Wettbewerb teilzunehmen. Wir &hellip; <\/p>\n<p><a class=\"more-link btn\" href=\"https:\/\/lossburg-schoemberg.de\/index.php\/rueckblick\/2006-2\/juli-schoemberg-bei-dorfwettbewerb-im-sieger-trio\/\">Weiterlesen<\/a><\/p>\n","protected":false},"author":1,"featured_media":0,"parent":383,"menu_order":20,"comment_status":"open","ping_status":"open","template":"","meta":{"footnotes":""},"class_list":["post-1020","page","type-page","status-publish","hentry","nodate","item-wrap"],"_links":{"self":[{"href":"https:\/\/lossburg-schoemberg.de\/index.php\/wp-json\/wp\/v2\/pages\/1020","targetHints":{"allow":["GET"]}}],"collection":[{"href":"https:\/\/lossburg-schoemberg.de\/index.php\/wp-json\/wp\/v2\/pages"}],"about":[{"href":"https:\/\/lossburg-schoemberg.de\/index.php\/wp-json\/wp\/v2\/types\/page"}],"author":[{"embeddable":true,"href":"https:\/\/lossburg-schoemberg.de\/index.php\/wp-json\/wp\/v2\/users\/1"}],"replies":[{"embeddable":true,"href":"https:\/\/lossburg-schoemberg.de\/index.php\/wp-json\/wp\/v2\/comments?post=1020"}],"version-history":[{"count":2,"href":"https:\/\/lossburg-schoemberg.de\/index.php\/wp-json\/wp\/v2\/pages\/1020\/revisions"}],"predecessor-version":[{"id":3447,"href":"https:\/\/lossburg-schoemberg.de\/index.php\/wp-json\/wp\/v2\/pages\/1020\/revisions\/3447"}],"up":[{"embeddable":true,"href":"https:\/\/lossburg-schoemberg.de\/index.php\/wp-json\/wp\/v2\/pages\/383"}],"wp:attachment":[{"href":"https:\/\/lossburg-schoemberg.de\/index.php\/wp-json\/wp\/v2\/media?parent=1020"}],"curies":[{"name":"wp","href":"https:\/\/api.w.org\/{rel}","templated":true}]}}