{"id":1016,"date":"2012-07-31T18:57:00","date_gmt":"2012-07-31T16:57:00","guid":{"rendered":"http:\/\/beta.lossburg-schoemberg.de\/?page_id=1016"},"modified":"2016-12-13T23:09:12","modified_gmt":"2016-12-13T22:09:12","slug":"juli-sommerfest-beim-buerger-und-gaestehaus","status":"publish","type":"page","link":"https:\/\/lossburg-schoemberg.de\/index.php\/rueckblick\/2006-2\/juli-sommerfest-beim-buerger-und-gaestehaus\/","title":{"rendered":"Juli: Sommerfest beim B\u00fcrger- und G\u00e4stehaus"},"content":{"rendered":"<p>Ausgerichtet von der Dorfgemeinschaft fand das diesj\u00e4hrige Sch\u00f6mberger Sommerfest statt:<\/p>\n<p>Bei sch\u00f6nstem Wetter konnten Sch\u00f6mberger und G\u00e4ste feiern, ihre Kr\u00e4fte messen und die Kinder bei Spielen ihre Geschicklichkeit beweisen.<\/p>\n<p>Nach einem Gottesdienst im Gr\u00fcnen gab es unter anderem: Fr\u00fchschoppen, Blasmusik, Mittagessen, Mitfahren mit dem Feuerwehrauto, Spa\u00df auf der Gass mit Tauziehwettbewerb &#8222;Schmalzgass gegen Zigeunergass&#8220;.<\/p>\n<p>Knapp gewonnen hat die Mannschaft: Zigeunergass.<\/p>\n<table border=\"0\" align=\"center\">\n<tbody>\n<tr>\n<td><a href=\"http:\/\/beta.lossburg-schoemberg.de\/wp-content\/uploads\/2012\/07\/Tauzieh1.jpg\"><img loading=\"lazy\" decoding=\"async\" class=\"aligncenter size-full wp-image-1017\" title=\"Tauzieh1\" src=\"http:\/\/beta.lossburg-schoemberg.de\/wp-content\/uploads\/2012\/07\/Tauzieh1.jpg\" alt=\"\" width=\"300\" height=\"225\" \/><\/a><\/td>\n<td><a href=\"http:\/\/beta.lossburg-schoemberg.de\/wp-content\/uploads\/2012\/07\/Tauzieh2.jpg\"><img loading=\"lazy\" decoding=\"async\" class=\"aligncenter size-full wp-image-1018\" title=\"Tauzieh2\" src=\"http:\/\/beta.lossburg-schoemberg.de\/wp-content\/uploads\/2012\/07\/Tauzieh2.jpg\" alt=\"\" width=\"300\" height=\"225\" \/><\/a><\/td>\n<\/tr>\n<\/tbody>\n<\/table>\n","protected":false},"excerpt":{"rendered":"<p>Ausgerichtet von der Dorfgemeinschaft fand das diesj\u00e4hrige Sch\u00f6mberger Sommerfest statt: Bei sch\u00f6nstem Wetter konnten Sch\u00f6mberger und G\u00e4ste feiern, ihre Kr\u00e4fte messen und die Kinder bei Spielen ihre Geschicklichkeit beweisen. Nach einem Gottesdienst im Gr\u00fcnen gab es unter anderem: Fr\u00fchschoppen, Blasmusik, Mittagessen, Mitfahren mit dem Feuerwehrauto, Spa\u00df auf der Gass mit Tauziehwettbewerb &#8222;Schmalzgass gegen Zigeunergass&#8220;. Knapp &hellip; <\/p>\n<p><a class=\"more-link btn\" href=\"https:\/\/lossburg-schoemberg.de\/index.php\/rueckblick\/2006-2\/juli-sommerfest-beim-buerger-und-gaestehaus\/\">Weiterlesen<\/a><\/p>\n","protected":false},"author":1,"featured_media":1017,"parent":383,"menu_order":25,"comment_status":"open","ping_status":"open","template":"","meta":{"footnotes":""},"class_list":["post-1016","page","type-page","status-publish","has-post-thumbnail","hentry","nodate","item-wrap"],"_links":{"self":[{"href":"https:\/\/lossburg-schoemberg.de\/index.php\/wp-json\/wp\/v2\/pages\/1016","targetHints":{"allow":["GET"]}}],"collection":[{"href":"https:\/\/lossburg-schoemberg.de\/index.php\/wp-json\/wp\/v2\/pages"}],"about":[{"href":"https:\/\/lossburg-schoemberg.de\/index.php\/wp-json\/wp\/v2\/types\/page"}],"author":[{"embeddable":true,"href":"https:\/\/lossburg-schoemberg.de\/index.php\/wp-json\/wp\/v2\/users\/1"}],"replies":[{"embeddable":true,"href":"https:\/\/lossburg-schoemberg.de\/index.php\/wp-json\/wp\/v2\/comments?post=1016"}],"version-history":[{"count":2,"href":"https:\/\/lossburg-schoemberg.de\/index.php\/wp-json\/wp\/v2\/pages\/1016\/revisions"}],"predecessor-version":[{"id":2543,"href":"https:\/\/lossburg-schoemberg.de\/index.php\/wp-json\/wp\/v2\/pages\/1016\/revisions\/2543"}],"up":[{"embeddable":true,"href":"https:\/\/lossburg-schoemberg.de\/index.php\/wp-json\/wp\/v2\/pages\/383"}],"wp:featuredmedia":[{"embeddable":true,"href":"https:\/\/lossburg-schoemberg.de\/index.php\/wp-json\/wp\/v2\/media\/1017"}],"wp:attachment":[{"href":"https:\/\/lossburg-schoemberg.de\/index.php\/wp-json\/wp\/v2\/media?parent=1016"}],"curies":[{"name":"wp","href":"https:\/\/api.w.org\/{rel}","templated":true}]}}