{"id":1009,"date":"2012-07-31T18:54:35","date_gmt":"2012-07-31T16:54:35","guid":{"rendered":"http:\/\/beta.lossburg-schoemberg.de\/?page_id=1009"},"modified":"2016-12-13T23:08:33","modified_gmt":"2016-12-13T22:08:33","slug":"september-besuch-der-bewertungskommission-fuer-den-landesentscheid","status":"publish","type":"page","link":"https:\/\/lossburg-schoemberg.de\/index.php\/rueckblick\/2006-2\/september-besuch-der-bewertungskommission-fuer-den-landesentscheid\/","title":{"rendered":"September: Besuch der Bewertungskommission f\u00fcr den Landesentscheid"},"content":{"rendered":"<p>Im Landeswettbewerb &#8222;Unser Dorf hat Zukunft- unser Dorf soll sch\u00f6ner werden&#8220; hat es Sch\u00f6mberg unter die ersten 10 Orte geschafft, bei 147 zum Wettbewerb angetretenen Orten in Baden-W\u00fcrttemberg.<\/p>\n<p>Am 14.09.06 hat sich die Ortschaft vielf\u00e4ltig und farbig vor der Jury Pr\u00e4sentiert.<\/p>\n<table border=\"0\">\n<tbody>\n<tr>\n<td rowspan=\"2\"><a href=\"http:\/\/beta.lossburg-schoemberg.de\/wp-content\/uploads\/2012\/07\/LKomm2.jpg\"><img loading=\"lazy\" decoding=\"async\" class=\"aligncenter wp-image-1010\" title=\"LKomm2\" src=\"http:\/\/beta.lossburg-schoemberg.de\/wp-content\/uploads\/2012\/07\/LKomm2-640x333.jpg\" alt=\"\" width=\"346\" height=\"180\" srcset=\"https:\/\/lossburg-schoemberg.de\/wp-content\/uploads\/2012\/07\/LKomm2-640x333.jpg 640w, https:\/\/lossburg-schoemberg.de\/wp-content\/uploads\/2012\/07\/LKomm2.jpg 800w\" sizes=\"auto, (max-width: 346px) 100vw, 346px\" \/><\/a><\/p>\n<p style=\"text-align: center;\"><a href=\"http:\/\/beta.lossburg-schoemberg.de\/wp-content\/uploads\/2012\/07\/LKomm4.jpg\"><img loading=\"lazy\" decoding=\"async\" class=\"aligncenter wp-image-1012\" title=\"LKomm4\" src=\"http:\/\/beta.lossburg-schoemberg.de\/wp-content\/uploads\/2012\/07\/LKomm4-640x365.jpg\" alt=\"\" width=\"346\" height=\"197\" srcset=\"https:\/\/lossburg-schoemberg.de\/wp-content\/uploads\/2012\/07\/LKomm4-640x365.jpg 640w, https:\/\/lossburg-schoemberg.de\/wp-content\/uploads\/2012\/07\/LKomm4.jpg 800w\" sizes=\"auto, (max-width: 346px) 100vw, 346px\" \/><\/a><\/p>\n<\/td>\n<td rowspan=\"2\"><a href=\"http:\/\/beta.lossburg-schoemberg.de\/wp-content\/uploads\/2012\/07\/LKomm3.jpg\"><img loading=\"lazy\" decoding=\"async\" class=\"aligncenter wp-image-1011\" title=\"LKomm3\" src=\"http:\/\/beta.lossburg-schoemberg.de\/wp-content\/uploads\/2012\/07\/LKomm3-640x372.jpg\" alt=\"\" width=\"338\" height=\"196\" srcset=\"https:\/\/lossburg-schoemberg.de\/wp-content\/uploads\/2012\/07\/LKomm3-640x372.jpg 640w, https:\/\/lossburg-schoemberg.de\/wp-content\/uploads\/2012\/07\/LKomm3.jpg 800w\" sizes=\"auto, (max-width: 338px) 100vw, 338px\" \/><\/a><\/p>\n<p style=\"text-align: center;\"><a href=\"http:\/\/beta.lossburg-schoemberg.de\/wp-content\/uploads\/2012\/07\/LKomm5.jpg\"><img loading=\"lazy\" decoding=\"async\" class=\"aligncenter wp-image-1013\" title=\"LKomm5\" src=\"http:\/\/beta.lossburg-schoemberg.de\/wp-content\/uploads\/2012\/07\/LKomm5-640x371.jpg\" alt=\"\" width=\"338\" height=\"196\" srcset=\"https:\/\/lossburg-schoemberg.de\/wp-content\/uploads\/2012\/07\/LKomm5-640x371.jpg 640w, https:\/\/lossburg-schoemberg.de\/wp-content\/uploads\/2012\/07\/LKomm5.jpg 800w\" sizes=\"auto, (max-width: 338px) 100vw, 338px\" \/><\/a><\/p>\n<\/td>\n<\/tr>\n<\/tbody>\n<\/table>\n<p>Zum Abschluss bedankte sich Ingrid Bisinger von der Landskommission und sagte zu uns Sch\u00f6mbergern:<br \/>\n&#8222;Sie haben sich kr\u00e4ftig f\u00fcr ihr Dorf eingesetzt&#8220;<\/p>\n","protected":false},"excerpt":{"rendered":"<p>Im Landeswettbewerb &#8222;Unser Dorf hat Zukunft- unser Dorf soll sch\u00f6ner werden&#8220; hat es Sch\u00f6mberg unter die ersten 10 Orte geschafft, bei 147 zum Wettbewerb angetretenen Orten in Baden-W\u00fcrttemberg. Am 14.09.06 hat sich die Ortschaft vielf\u00e4ltig und farbig vor der Jury Pr\u00e4sentiert. Zum Abschluss bedankte sich Ingrid Bisinger von der Landskommission und sagte zu uns Sch\u00f6mbergern: &hellip; <\/p>\n<p><a class=\"more-link btn\" href=\"https:\/\/lossburg-schoemberg.de\/index.php\/rueckblick\/2006-2\/september-besuch-der-bewertungskommission-fuer-den-landesentscheid\/\">Weiterlesen<\/a><\/p>\n","protected":false},"author":1,"featured_media":1010,"parent":383,"menu_order":30,"comment_status":"open","ping_status":"open","template":"","meta":{"footnotes":""},"class_list":["post-1009","page","type-page","status-publish","has-post-thumbnail","hentry","nodate","item-wrap"],"_links":{"self":[{"href":"https:\/\/lossburg-schoemberg.de\/index.php\/wp-json\/wp\/v2\/pages\/1009","targetHints":{"allow":["GET"]}}],"collection":[{"href":"https:\/\/lossburg-schoemberg.de\/index.php\/wp-json\/wp\/v2\/pages"}],"about":[{"href":"https:\/\/lossburg-schoemberg.de\/index.php\/wp-json\/wp\/v2\/types\/page"}],"author":[{"embeddable":true,"href":"https:\/\/lossburg-schoemberg.de\/index.php\/wp-json\/wp\/v2\/users\/1"}],"replies":[{"embeddable":true,"href":"https:\/\/lossburg-schoemberg.de\/index.php\/wp-json\/wp\/v2\/comments?post=1009"}],"version-history":[{"count":3,"href":"https:\/\/lossburg-schoemberg.de\/index.php\/wp-json\/wp\/v2\/pages\/1009\/revisions"}],"predecessor-version":[{"id":3446,"href":"https:\/\/lossburg-schoemberg.de\/index.php\/wp-json\/wp\/v2\/pages\/1009\/revisions\/3446"}],"up":[{"embeddable":true,"href":"https:\/\/lossburg-schoemberg.de\/index.php\/wp-json\/wp\/v2\/pages\/383"}],"wp:featuredmedia":[{"embeddable":true,"href":"https:\/\/lossburg-schoemberg.de\/index.php\/wp-json\/wp\/v2\/media\/1010"}],"wp:attachment":[{"href":"https:\/\/lossburg-schoemberg.de\/index.php\/wp-json\/wp\/v2\/media?parent=1009"}],"curies":[{"name":"wp","href":"https:\/\/api.w.org\/{rel}","templated":true}]}}