{"id":1007,"date":"2012-07-31T18:50:22","date_gmt":"2012-07-31T16:50:22","guid":{"rendered":"http:\/\/beta.lossburg-schoemberg.de\/?page_id=1007"},"modified":"2016-12-13T23:07:35","modified_gmt":"2016-12-13T22:07:35","slug":"september-schoemberg-erhaelt-eine-goldmedaille","status":"publish","type":"page","link":"https:\/\/lossburg-schoemberg.de\/index.php\/rueckblick\/2006-2\/september-schoemberg-erhaelt-eine-goldmedaille\/","title":{"rendered":"September: Sch\u00f6mberg erh\u00e4lt eine Goldmedaille"},"content":{"rendered":"<p>Ergebnis im Landeswettbewerb &#8222;Unser Dorf hat Zukunft- unser Dorf soll sch\u00f6ner werden&#8220; :<\/p>\n<p>Sch\u00f6mberg erh\u00e4lt eine Goldmedaille<\/p>\n<p>Von der Landeskommission in Stuttgart wird Sch\u00f6mberg weitergemeldet nach Berlin zur Teilnahme am Bundesentscheid im August\/September 2007.<\/p>\n<p>Wir Sch\u00f6mberger sind begeistert vom Ergebnis und damit vom Erfolg unserer Bem\u00fchungen.<\/p>\n<p>Wir sind Stolz auf unseren Ort.<\/p>\n","protected":false},"excerpt":{"rendered":"<p>Ergebnis im Landeswettbewerb &#8222;Unser Dorf hat Zukunft- unser Dorf soll sch\u00f6ner werden&#8220; : Sch\u00f6mberg erh\u00e4lt eine Goldmedaille Von der Landeskommission in Stuttgart wird Sch\u00f6mberg weitergemeldet nach Berlin zur Teilnahme am Bundesentscheid im August\/September 2007. Wir Sch\u00f6mberger sind begeistert vom Ergebnis und damit vom Erfolg unserer Bem\u00fchungen. Wir sind Stolz auf unseren Ort.<\/p>\n","protected":false},"author":1,"featured_media":0,"parent":383,"menu_order":35,"comment_status":"open","ping_status":"open","template":"","meta":{"footnotes":""},"class_list":["post-1007","page","type-page","status-publish","hentry","nodate","item-wrap"],"_links":{"self":[{"href":"https:\/\/lossburg-schoemberg.de\/index.php\/wp-json\/wp\/v2\/pages\/1007","targetHints":{"allow":["GET"]}}],"collection":[{"href":"https:\/\/lossburg-schoemberg.de\/index.php\/wp-json\/wp\/v2\/pages"}],"about":[{"href":"https:\/\/lossburg-schoemberg.de\/index.php\/wp-json\/wp\/v2\/types\/page"}],"author":[{"embeddable":true,"href":"https:\/\/lossburg-schoemberg.de\/index.php\/wp-json\/wp\/v2\/users\/1"}],"replies":[{"embeddable":true,"href":"https:\/\/lossburg-schoemberg.de\/index.php\/wp-json\/wp\/v2\/comments?post=1007"}],"version-history":[{"count":2,"href":"https:\/\/lossburg-schoemberg.de\/index.php\/wp-json\/wp\/v2\/pages\/1007\/revisions"}],"predecessor-version":[{"id":3445,"href":"https:\/\/lossburg-schoemberg.de\/index.php\/wp-json\/wp\/v2\/pages\/1007\/revisions\/3445"}],"up":[{"embeddable":true,"href":"https:\/\/lossburg-schoemberg.de\/index.php\/wp-json\/wp\/v2\/pages\/383"}],"wp:attachment":[{"href":"https:\/\/lossburg-schoemberg.de\/index.php\/wp-json\/wp\/v2\/media?parent=1007"}],"curies":[{"name":"wp","href":"https:\/\/api.w.org\/{rel}","templated":true}]}}