{"id":1002,"date":"2012-07-31T18:48:23","date_gmt":"2012-07-31T16:48:23","guid":{"rendered":"http:\/\/beta.lossburg-schoemberg.de\/?page_id=1002"},"modified":"2016-12-13T23:05:15","modified_gmt":"2016-12-13T22:05:15","slug":"november-konzert-auf-dem-hofbauernhof","status":"publish","type":"page","link":"https:\/\/lossburg-schoemberg.de\/index.php\/rueckblick\/2006-2\/november-konzert-auf-dem-hofbauernhof\/","title":{"rendered":"November: Konzert auf dem Hofbauernhof"},"content":{"rendered":"<p><span style=\"font-size: large;\">Alfiresli\u00a0 &#8222;Lieder f\u00fcr Knie und Vieh&#8220;<\/span><\/p>\n<p>Im absolut vollbesetzten Packraum des Hofbauernhofs spielten und sangen Gabi Fischer, D\u00e9sir\u00e9e Senn, Albert den Dekker und Andreas Deola aus Schaffhausen in der Schweiz. Ein musikalischer Hochgenuss in vielen Sprachen und Sprachvarianten.<\/p>\n","protected":false},"excerpt":{"rendered":"<p>Alfiresli\u00a0 &#8222;Lieder f\u00fcr Knie und Vieh&#8220; Im absolut vollbesetzten Packraum des Hofbauernhofs spielten und sangen Gabi Fischer, D\u00e9sir\u00e9e Senn, Albert den Dekker und Andreas Deola aus Schaffhausen in der Schweiz. Ein musikalischer Hochgenuss in vielen Sprachen und Sprachvarianten.<\/p>\n","protected":false},"author":1,"featured_media":0,"parent":383,"menu_order":45,"comment_status":"open","ping_status":"open","template":"","meta":{"footnotes":""},"class_list":["post-1002","page","type-page","status-publish","hentry","nodate","item-wrap"],"_links":{"self":[{"href":"https:\/\/lossburg-schoemberg.de\/index.php\/wp-json\/wp\/v2\/pages\/1002","targetHints":{"allow":["GET"]}}],"collection":[{"href":"https:\/\/lossburg-schoemberg.de\/index.php\/wp-json\/wp\/v2\/pages"}],"about":[{"href":"https:\/\/lossburg-schoemberg.de\/index.php\/wp-json\/wp\/v2\/types\/page"}],"author":[{"embeddable":true,"href":"https:\/\/lossburg-schoemberg.de\/index.php\/wp-json\/wp\/v2\/users\/1"}],"replies":[{"embeddable":true,"href":"https:\/\/lossburg-schoemberg.de\/index.php\/wp-json\/wp\/v2\/comments?post=1002"}],"version-history":[{"count":2,"href":"https:\/\/lossburg-schoemberg.de\/index.php\/wp-json\/wp\/v2\/pages\/1002\/revisions"}],"predecessor-version":[{"id":3444,"href":"https:\/\/lossburg-schoemberg.de\/index.php\/wp-json\/wp\/v2\/pages\/1002\/revisions\/3444"}],"up":[{"embeddable":true,"href":"https:\/\/lossburg-schoemberg.de\/index.php\/wp-json\/wp\/v2\/pages\/383"}],"wp:attachment":[{"href":"https:\/\/lossburg-schoemberg.de\/index.php\/wp-json\/wp\/v2\/media?parent=1002"}],"curies":[{"name":"wp","href":"https:\/\/api.w.org\/{rel}","templated":true}]}}