{"id":426,"date":"2012-07-11T20:42:54","date_gmt":"2012-07-11T18:42:54","guid":{"rendered":"http:\/\/beta.lossburg-schoemberg.de\/?page_id=426"},"modified":"2018-02-18T22:46:32","modified_gmt":"2018-02-18T21:46:32","slug":"gasthof-sonne","status":"publish","type":"page","link":"https:\/\/lossburg-schoemberg.de\/index.php\/gastronomie\/gasthof-sonne\/","title":{"rendered":"Gasthof Sonne"},"content":{"rendered":"<h4><img loading=\"lazy\" decoding=\"async\" class=\"alignleft size-full wp-image-2117\" src=\"http:\/\/beta.lossburg-schoemberg.de\/wp-content\/uploads\/2012\/07\/sonne_schriftzug.jpg\" alt=\"sonne_schriftzug\" width=\"200\" height=\"150\" \/><img loading=\"lazy\" decoding=\"async\" class=\"alignright size-full wp-image-2126\" src=\"http:\/\/beta.lossburg-schoemberg.de\/wp-content\/uploads\/2012\/07\/sonne_logo.jpg\" alt=\"sonne_logo\" width=\"150\" height=\"150\" srcset=\"https:\/\/lossburg-schoemberg.de\/wp-content\/uploads\/2012\/07\/sonne_logo.jpg 150w, https:\/\/lossburg-schoemberg.de\/wp-content\/uploads\/2012\/07\/sonne_logo-125x125.jpg 125w\" sizes=\"auto, (max-width: 150px) 100vw, 150px\" \/><\/h4>\n<h4 style=\"text-align: center;\">Gasthof Pension Sonne<\/h4>\n<p style=\"text-align: center;\">Karl-Friedrich Wenz<br \/>\nSch\u00f6mberg<br \/>\nOrtsstra\u00dfe 6<br \/>\n72290 Lo\u00dfburg<br \/>\nTel. 07446 2319<\/p>\n<p style=\"text-align: center;\">\u00a0<a href=\"http:\/\/www.sonne-schoemberg.de\" target=\"_blank\" rel=\"noopener\">Internet Seite, Gasthof Pension Sonne<\/a><\/p>\n<p style=\"text-align: center;\">\u00a0<a href=\"https:\/\/www.lossburg.de\/de\/ferienland\/gastronomie\/gasthof-pension-sonne-id_522\/\" target=\"_blank\" rel=\"noopener\">Seite: &#8222;Lo\u00dfburger Ferienland&#8220; Gasthof Pension Sonne<\/a><\/p>\n<h3 style=\"text-align: center;\">Herzlich willkommen im Gasthof &#8211; Pension Sonne in Sch\u00f6mberg!<\/h3>\n<p>Der Gasthof Sonne bewirtet Sie\u00a0mit kalten und warmen Speisen aus marktfrischen, heimischen K\u00f6stlichkeiten, mit zartem\u00a0Fleich aus eigener Schlachtung\u00a0und selbstgebackenem Brot.<\/p>\n<p>Eine reichhaltige Getr\u00e4nkeauswahl verschiedener Biersorten und feine Weine, einschlie\u00dflich alkoholfreie Getr\u00e4nke stehen zur Wahl.\u00a0F\u00fcr Familienfeiern und Festlichkeiten aller Art, bietet der Gasthof Platz f\u00fcr bis zu 80 Personen.<\/p>\n<p>Der Gasthof \u00a0Sonne beliefert auch Ihre Feier andernorts mit\u00a0warmen und kalten Speisen, wie auch mit Kuchen und Torten aus eigener Herstellung.<\/p>\n<p><strong>Desweiteren bietet die zur Sonne geh\u00f6rende Pension komfortable G\u00e4stezimmer in ruhiger Lage.<\/strong><\/p>\n<p><strong>Mehr unter\u00a0<a title=\"Gasthof Sonne\" href=\"http:\/\/beta.lossburg-schoemberg.de\/index.php\/gastgeber\/gasthof-sonne\/\">Gastgeber\u00a0&gt; Gasthof Sonne<\/a><\/strong><\/p>\n<p style=\"text-align: center;\"><strong>\u00d6ffnungszeiten:<\/strong><\/p>\n<p style=\"text-align: center;\"><strong>Warme K\u00fcche von 11:30 Uhr &#8211; 13:30 Uhr und 17:00 Uhr &#8211; 20:00 Uhr<\/strong><\/p>\n<p style=\"text-align: center;\"><em><strong>Donnerstags ist Ruhetag<\/strong><\/em><\/p>\n<p><a href=\"http:\/\/lossburg-schoemberg.de\/wp-content\/uploads\/2012\/07\/Sonne-1.jpg\"><img loading=\"lazy\" decoding=\"async\" class=\"aligncenter wp-image-3351 size-medium\" src=\"http:\/\/lossburg-schoemberg.de\/wp-content\/uploads\/2012\/07\/Sonne-1-300x150.jpg\" width=\"300\" height=\"150\" srcset=\"https:\/\/lossburg-schoemberg.de\/wp-content\/uploads\/2012\/07\/Sonne-1-300x150.jpg 300w, https:\/\/lossburg-schoemberg.de\/wp-content\/uploads\/2012\/07\/Sonne-1-768x384.jpg 768w, https:\/\/lossburg-schoemberg.de\/wp-content\/uploads\/2012\/07\/Sonne-1-1024x512.jpg 1024w, https:\/\/lossburg-schoemberg.de\/wp-content\/uploads\/2012\/07\/Sonne-1.jpg 1110w\" sizes=\"auto, (max-width: 300px) 100vw, 300px\" \/><\/a><\/p>\n<div id=\"attachment_2300\" style=\"width: 300px\" class=\"wp-caption alignleft\"><a href=\"http:\/\/beta.lossburg-schoemberg.de\/wp-content\/uploads\/2012\/07\/gasthof_3.jpg\"><img loading=\"lazy\" decoding=\"async\" aria-describedby=\"caption-attachment-2300\" class=\"size-medium wp-image-2300\" src=\"http:\/\/beta.lossburg-schoemberg.de\/wp-content\/uploads\/2012\/07\/gasthof_3-300x225.jpg\" alt=\"Gasthof Sonne\" width=\"300\" height=\"225\" srcset=\"https:\/\/lossburg-schoemberg.de\/wp-content\/uploads\/2012\/07\/gasthof_3-300x225.jpg 300w, https:\/\/lossburg-schoemberg.de\/wp-content\/uploads\/2012\/07\/gasthof_3.jpg 600w\" sizes=\"auto, (max-width: 300px) 100vw, 300px\" \/><\/a><p id=\"caption-attachment-2300\" class=\"wp-caption-text\">Gem\u00fctlich am Kachelofen verweilen<\/p><\/div>\n<div id=\"attachment_3354\" style=\"width: 350px\" class=\"wp-caption alignright\"><a href=\"http:\/\/lossburg-schoemberg.de\/wp-content\/uploads\/2012\/07\/gasthof_2.jpg\"><img loading=\"lazy\" decoding=\"async\" aria-describedby=\"caption-attachment-3354\" class=\"wp-image-3354\" src=\"http:\/\/lossburg-schoemberg.de\/wp-content\/uploads\/2012\/07\/gasthof_2-300x150.jpg\" width=\"350\" height=\"175\" srcset=\"https:\/\/lossburg-schoemberg.de\/wp-content\/uploads\/2012\/07\/gasthof_2-300x150.jpg 300w, https:\/\/lossburg-schoemberg.de\/wp-content\/uploads\/2012\/07\/gasthof_2-768x384.jpg 768w, https:\/\/lossburg-schoemberg.de\/wp-content\/uploads\/2012\/07\/gasthof_2-1024x512.jpg 1024w, https:\/\/lossburg-schoemberg.de\/wp-content\/uploads\/2012\/07\/gasthof_2.jpg 1110w\" sizes=\"auto, (max-width: 350px) 100vw, 350px\" \/><\/a><p id=\"caption-attachment-3354\" class=\"wp-caption-text\">Ausreichend Platz f\u00fcr Ihr Event<\/p><\/div>\n<p>&nbsp;<\/p>\n<p>&nbsp;<\/p>\n<p>&nbsp;<\/p>\n<p>&nbsp;<\/p>\n<p>&nbsp;<\/p>\n<p>&nbsp;<\/p>\n<p>&nbsp;<\/p>\n<p>&nbsp;<\/p>\n<p>&nbsp;<\/p>\n<p>&nbsp;<\/p>\n<p>&nbsp;<\/p>\n<p>&nbsp;<\/p>\n<p style=\"text-align: center;\">Lage:<\/p>\n<p style=\"text-align: center;\"><iframe loading=\"lazy\" src=\"https:\/\/maps.google.de\/maps?f=q&amp;source=s_q&amp;hl=de&amp;geocode=&amp;q=72290+Sch%C3%B6mberg+Ortsstra%C3%9Fe+6&amp;aq=&amp;sll=48.392218,8.404981&amp;sspn=0.00639,0.016512&amp;t=h&amp;ie=UTF8&amp;hq=&amp;hnear=Ortsstra%C3%9Fe+6,+Sch%C3%B6mberg+72290+Lo%C3%9Fburg,+Karlsruhe,+Baden-W%C3%BCrttemberg&amp;ll=48.396628,8.407416&amp;spn=0.006839,0.013711&amp;z=16&amp;iwloc=A&amp;output=embed\" width=\"640\" height=\"480\" frameborder=\"0\" marginwidth=\"0\" marginheight=\"0\" scrolling=\"no\"><\/iframe><\/p>\n<p style=\"text-align: center;\"><small><a style=\"color: #0000ff; text-align: left;\" href=\"https:\/\/maps.google.de\/maps?f=q&amp;source=embed&amp;hl=de&amp;geocode=&amp;q=72290+Sch%C3%B6mberg+Ortsstra%C3%9Fe+6&amp;aq=&amp;sll=48.392218,8.404981&amp;sspn=0.00639,0.016512&amp;t=h&amp;ie=UTF8&amp;hq=&amp;hnear=Ortsstra%C3%9Fe+6,+Sch%C3%B6mberg+72290+Lo%C3%9Fburg,+Karlsruhe,+Baden-W%C3%BCrttemberg&amp;ll=48.396628,8.407416&amp;spn=0.006839,0.013711&amp;z=16&amp;iwloc=A\">Gr\u00f6\u00dfere Kartenansicht<\/a><\/small><\/p>\n","protected":false},"excerpt":{"rendered":"<p>Gasthof Pension Sonne Karl-Friedrich Wenz Sch\u00f6mberg Ortsstra\u00dfe 6 72290 Lo\u00dfburg Tel. 07446 2319 \u00a0Internet Seite, Gasthof Pension Sonne \u00a0Seite: &#8222;Lo\u00dfburger Ferienland&#8220; Gasthof Pension Sonne Herzlich willkommen im Gasthof &#8211; Pension Sonne in Sch\u00f6mberg! Der Gasthof Sonne bewirtet Sie\u00a0mit kalten und warmen Speisen aus marktfrischen, heimischen K\u00f6stlichkeiten, mit zartem\u00a0Fleich aus eigener Schlachtung\u00a0und selbstgebackenem Brot. Eine reichhaltige &hellip; <\/p>\n<p><a class=\"more-link btn\" href=\"https:\/\/lossburg-schoemberg.de\/index.php\/gastronomie\/gasthof-sonne\/\">Weiterlesen<\/a><\/p>\n","protected":false},"author":1,"featured_media":3351,"parent":16,"menu_order":1,"comment_status":"open","ping_status":"open","template":"","meta":{"footnotes":""},"class_list":["post-426","page","type-page","status-publish","has-post-thumbnail","hentry","nodate","item-wrap"],"_links":{"self":[{"href":"https:\/\/lossburg-schoemberg.de\/index.php\/wp-json\/wp\/v2\/pages\/426","targetHints":{"allow":["GET"]}}],"collection":[{"href":"https:\/\/lossburg-schoemberg.de\/index.php\/wp-json\/wp\/v2\/pages"}],"about":[{"href":"https:\/\/lossburg-schoemberg.de\/index.php\/wp-json\/wp\/v2\/types\/page"}],"author":[{"embeddable":true,"href":"https:\/\/lossburg-schoemberg.de\/index.php\/wp-json\/wp\/v2\/users\/1"}],"replies":[{"embeddable":true,"href":"https:\/\/lossburg-schoemberg.de\/index.php\/wp-json\/wp\/v2\/comments?post=426"}],"version-history":[{"count":28,"href":"https:\/\/lossburg-schoemberg.de\/index.php\/wp-json\/wp\/v2\/pages\/426\/revisions"}],"predecessor-version":[{"id":3743,"href":"https:\/\/lossburg-schoemberg.de\/index.php\/wp-json\/wp\/v2\/pages\/426\/revisions\/3743"}],"up":[{"embeddable":true,"href":"https:\/\/lossburg-schoemberg.de\/index.php\/wp-json\/wp\/v2\/pages\/16"}],"wp:featuredmedia":[{"embeddable":true,"href":"https:\/\/lossburg-schoemberg.de\/index.php\/wp-json\/wp\/v2\/media\/3351"}],"wp:attachment":[{"href":"https:\/\/lossburg-schoemberg.de\/index.php\/wp-json\/wp\/v2\/media?parent=426"}],"curies":[{"name":"wp","href":"https:\/\/api.w.org\/{rel}","templated":true}]}}