{"id":418,"date":"2012-07-11T20:40:08","date_gmt":"2012-07-11T18:40:08","guid":{"rendered":"http:\/\/beta.lossburg-schoemberg.de\/?page_id=418"},"modified":"2025-01-10T12:51:47","modified_gmt":"2025-01-10T11:51:47","slug":"gasthof-sonne","status":"publish","type":"page","link":"https:\/\/lossburg-schoemberg.de\/index.php\/gastgeber\/gasthof-sonne\/","title":{"rendered":"Gasthof Sonne"},"content":{"rendered":"<h4 style=\"text-align: center;\">Gasthof Pension Sonne<\/h4>\n<p style=\"text-align: center;\">Karl-Friedrich Wenz<br \/>\nSch\u00f6mberg<br \/>\nOrtsstra\u00dfe 6<br \/>\n72290 Lo\u00dfburg<br \/>\nTel. 07446 2319<\/p>\n<p style=\"text-align: center;\">\u00a0<a href=\"http:\/\/www.sonne-schoemberg.de\" target=\"_blank\" rel=\"noopener\">Internet Seite, Gasthof Pension Sonne<\/a><\/p>\n<p style=\"text-align: center;\">\u00a0<a href=\"https:\/\/www.lossburg.de\/de\/ferienland\/gastronomie\/gasthof-pension-sonne-id_522\/\" target=\"_blank\" rel=\"noopener\">Seite: &#8222;Lo\u00dfburger Ferienland&#8220; Gasthof Pension Sonne<\/a><\/p>\n<h3 style=\"text-align: center;\">Herzlich willkommen im Gasthof &#8211; Pension Sonne in Sch\u00f6mberg!<\/h3>\n<p>Mitten im Erholungsort Sch\u00f6mberg finden Sie den gem\u00fctlichen Gasthof mit G\u00e4stehaus in ruhiger Ferienlage. Die G\u00e4stezimmer sind komfortabel, die Atmosph\u00e4re ist famili\u00e4r.<\/p>\n<p>Fahrrad- und Motorradfahrer sind\u00a0in der Sonne\u00a0nat\u00fcrlich willkommen! Das Haus eignet sich ideal f\u00fcr sch\u00f6ne Touren durch den Schwarzwald, oder als Etappenziel f\u00fcr Durchreisende. Nach Absprache kann auch eine Garage f\u00fcr Ihre Zweir\u00e4der angeboten werden.<\/p>\n<p><strong>Der Gasthof Sonne l\u00e4dt zuz\u00fcglich\u00a0zum Essen und Verweilen ein. Es werden unter anderem K\u00f6stlichkeiten der regionalen K\u00fcche angeboten mit Fleisch aus eigener Schlachtung. Mehr unter <a title=\"Gasthof Sonne\" href=\"http:\/\/beta.lossburg-schoemberg.de\/index.php\/gastronomie\/gasthof-sonne\/\">Gastronomie &gt; Gasthof Sonne<\/a><\/strong><\/p>\n<table border=\"0\" align=\"center\">\n<tbody>\n<tr>\n<td><a href=\"http:\/\/beta.lossburg-schoemberg.de\/wp-content\/uploads\/2012\/07\/sonne_gaestehaus_5.jpg\"><img loading=\"lazy\" decoding=\"async\" class=\"alignnone size-medium wp-image-2123\" src=\"http:\/\/beta.lossburg-schoemberg.de\/wp-content\/uploads\/2012\/07\/sonne_gaestehaus_5-300x225.jpg\" alt=\"sonne_gaestehaus_5\" width=\"300\" height=\"225\" srcset=\"https:\/\/lossburg-schoemberg.de\/wp-content\/uploads\/2012\/07\/sonne_gaestehaus_5-300x225.jpg 300w, https:\/\/lossburg-schoemberg.de\/wp-content\/uploads\/2012\/07\/sonne_gaestehaus_5.jpg 600w\" sizes=\"auto, (max-width: 300px) 100vw, 300px\" \/><\/a><\/td>\n<td><a href=\"http:\/\/beta.lossburg-schoemberg.de\/wp-content\/uploads\/2012\/07\/sonne_gaestehaus_1.jpg\"><img loading=\"lazy\" decoding=\"async\" class=\"alignnone size-medium wp-image-2125\" src=\"http:\/\/beta.lossburg-schoemberg.de\/wp-content\/uploads\/2012\/07\/sonne_gaestehaus_1-300x225.jpg\" alt=\"sonne_gaestehaus_1\" width=\"300\" height=\"225\" srcset=\"https:\/\/lossburg-schoemberg.de\/wp-content\/uploads\/2012\/07\/sonne_gaestehaus_1-300x225.jpg 300w, https:\/\/lossburg-schoemberg.de\/wp-content\/uploads\/2012\/07\/sonne_gaestehaus_1.jpg 600w\" sizes=\"auto, (max-width: 300px) 100vw, 300px\" \/><\/a><\/td>\n<\/tr>\n<tr>\n<td><a href=\"http:\/\/beta.lossburg-schoemberg.de\/wp-content\/uploads\/2012\/07\/sonne_gaestehaus_4.jpg\"><img loading=\"lazy\" decoding=\"async\" class=\"alignnone size-medium wp-image-2124\" src=\"http:\/\/beta.lossburg-schoemberg.de\/wp-content\/uploads\/2012\/07\/sonne_gaestehaus_4-300x225.jpg\" alt=\"sonne_gaestehaus_4\" width=\"300\" height=\"225\" srcset=\"https:\/\/lossburg-schoemberg.de\/wp-content\/uploads\/2012\/07\/sonne_gaestehaus_4-300x225.jpg 300w, https:\/\/lossburg-schoemberg.de\/wp-content\/uploads\/2012\/07\/sonne_gaestehaus_4.jpg 600w\" sizes=\"auto, (max-width: 300px) 100vw, 300px\" \/><\/a><\/td>\n<td><a href=\"http:\/\/beta.lossburg-schoemberg.de\/wp-content\/uploads\/2012\/07\/sonne_gaestehaus_2.jpg\"><img loading=\"lazy\" decoding=\"async\" class=\"alignnone size-medium wp-image-2118\" src=\"http:\/\/beta.lossburg-schoemberg.de\/wp-content\/uploads\/2012\/07\/sonne_gaestehaus_2-300x225.jpg\" alt=\"sonne_gaestehaus_2\" width=\"300\" height=\"225\" srcset=\"https:\/\/lossburg-schoemberg.de\/wp-content\/uploads\/2012\/07\/sonne_gaestehaus_2-300x225.jpg 300w, https:\/\/lossburg-schoemberg.de\/wp-content\/uploads\/2012\/07\/sonne_gaestehaus_2.jpg 600w\" sizes=\"auto, (max-width: 300px) 100vw, 300px\" \/><\/a><\/td>\n<\/tr>\n<tr>\n<td><a href=\"http:\/\/beta.lossburg-schoemberg.de\/wp-content\/uploads\/2012\/07\/sonne_gaestehaus_6.jpg\"><img loading=\"lazy\" decoding=\"async\" class=\"alignnone size-medium wp-image-2122\" src=\"http:\/\/beta.lossburg-schoemberg.de\/wp-content\/uploads\/2012\/07\/sonne_gaestehaus_6-300x225.jpg\" alt=\"sonne_gaestehaus_6\" width=\"300\" height=\"225\" srcset=\"https:\/\/lossburg-schoemberg.de\/wp-content\/uploads\/2012\/07\/sonne_gaestehaus_6-300x225.jpg 300w, https:\/\/lossburg-schoemberg.de\/wp-content\/uploads\/2012\/07\/sonne_gaestehaus_6.jpg 600w\" sizes=\"auto, (max-width: 300px) 100vw, 300px\" \/><\/a><\/td>\n<td><a href=\"http:\/\/beta.lossburg-schoemberg.de\/wp-content\/uploads\/2012\/07\/sonne_gaestehaus_7.jpg\"><img loading=\"lazy\" decoding=\"async\" class=\"alignnone size-medium wp-image-2121\" src=\"http:\/\/beta.lossburg-schoemberg.de\/wp-content\/uploads\/2012\/07\/sonne_gaestehaus_7-300x225.jpg\" alt=\"sonne_gaestehaus_7\" width=\"300\" height=\"225\" srcset=\"https:\/\/lossburg-schoemberg.de\/wp-content\/uploads\/2012\/07\/sonne_gaestehaus_7-300x225.jpg 300w, https:\/\/lossburg-schoemberg.de\/wp-content\/uploads\/2012\/07\/sonne_gaestehaus_7.jpg 600w\" sizes=\"auto, (max-width: 300px) 100vw, 300px\" \/><\/a><\/td>\n<\/tr>\n<tr>\n<td><a href=\"http:\/\/beta.lossburg-schoemberg.de\/wp-content\/uploads\/2012\/07\/sonne_gaestehaus_8.jpg\"><img loading=\"lazy\" decoding=\"async\" class=\"alignnone size-medium wp-image-2120\" src=\"http:\/\/beta.lossburg-schoemberg.de\/wp-content\/uploads\/2012\/07\/sonne_gaestehaus_8-300x225.jpg\" alt=\"sonne_gaestehaus_8\" width=\"300\" height=\"225\" srcset=\"https:\/\/lossburg-schoemberg.de\/wp-content\/uploads\/2012\/07\/sonne_gaestehaus_8-300x225.jpg 300w, https:\/\/lossburg-schoemberg.de\/wp-content\/uploads\/2012\/07\/sonne_gaestehaus_8.jpg 600w\" sizes=\"auto, (max-width: 300px) 100vw, 300px\" \/><\/a><\/td>\n<td><a href=\"http:\/\/beta.lossburg-schoemberg.de\/wp-content\/uploads\/2012\/07\/sonne_gaestehaus_9.jpg\"><img loading=\"lazy\" decoding=\"async\" class=\"alignnone size-medium wp-image-2119\" src=\"http:\/\/beta.lossburg-schoemberg.de\/wp-content\/uploads\/2012\/07\/sonne_gaestehaus_9-300x225.jpg\" alt=\"sonne_gaestehaus_9\" width=\"300\" height=\"225\" srcset=\"https:\/\/lossburg-schoemberg.de\/wp-content\/uploads\/2012\/07\/sonne_gaestehaus_9-300x225.jpg 300w, https:\/\/lossburg-schoemberg.de\/wp-content\/uploads\/2012\/07\/sonne_gaestehaus_9.jpg 600w\" sizes=\"auto, (max-width: 300px) 100vw, 300px\" \/><\/a><\/td>\n<\/tr>\n<\/tbody>\n<\/table>\n<p style=\"text-align: center;\"><iframe loading=\"lazy\" src=\"https:\/\/maps.google.de\/maps?f=q&amp;source=s_q&amp;hl=de&amp;geocode=&amp;q=72290+Sch%C3%B6mberg+Ortsstra%C3%9Fe+6&amp;aq=&amp;sll=48.392218,8.404981&amp;sspn=0.00639,0.016512&amp;t=h&amp;ie=UTF8&amp;hq=&amp;hnear=Ortsstra%C3%9Fe+6,+Sch%C3%B6mberg+72290+Lo%C3%9Fburg,+Karlsruhe,+Baden-W%C3%BCrttemberg&amp;ll=48.396628,8.407416&amp;spn=0.006839,0.013711&amp;z=16&amp;iwloc=A&amp;output=embed\" width=\"640\" height=\"480\" frameborder=\"0\" marginwidth=\"0\" marginheight=\"0\" scrolling=\"no\"><\/iframe><br \/>\n<small><a style=\"color: #0000ff; text-align: left;\" href=\"https:\/\/maps.google.de\/maps?f=q&amp;source=embed&amp;hl=de&amp;geocode=&amp;q=72290+Sch%C3%B6mberg+Ortsstra%C3%9Fe+6&amp;aq=&amp;sll=48.392218,8.404981&amp;sspn=0.00639,0.016512&amp;t=h&amp;ie=UTF8&amp;hq=&amp;hnear=Ortsstra%C3%9Fe+6,+Sch%C3%B6mberg+72290+Lo%C3%9Fburg,+Karlsruhe,+Baden-W%C3%BCrttemberg&amp;ll=48.396628,8.407416&amp;spn=0.006839,0.013711&amp;z=16&amp;iwloc=A\">Gr\u00f6\u00dfere Kartenansicht<\/a><\/small><\/p>\n","protected":false},"excerpt":{"rendered":"<p>Gasthof Pension Sonne Karl-Friedrich Wenz Sch\u00f6mberg Ortsstra\u00dfe 6 72290 Lo\u00dfburg Tel. 07446 2319 \u00a0Internet Seite, Gasthof Pension Sonne \u00a0Seite: &#8222;Lo\u00dfburger Ferienland&#8220; Gasthof Pension Sonne Herzlich willkommen im Gasthof &#8211; Pension Sonne in Sch\u00f6mberg! Mitten im Erholungsort Sch\u00f6mberg finden Sie den gem\u00fctlichen Gasthof mit G\u00e4stehaus in ruhiger Ferienlage. Die G\u00e4stezimmer sind komfortabel, die Atmosph\u00e4re ist famili\u00e4r. &hellip; <\/p>\n<p><a class=\"more-link btn\" href=\"https:\/\/lossburg-schoemberg.de\/index.php\/gastgeber\/gasthof-sonne\/\">Weiterlesen<\/a><\/p>\n","protected":false},"author":1,"featured_media":3351,"parent":14,"menu_order":2,"comment_status":"closed","ping_status":"closed","template":"template-twocolumnsleft.php","meta":{"footnotes":""},"class_list":["post-418","page","type-page","status-publish","has-post-thumbnail","hentry","nodate","item-wrap"],"_links":{"self":[{"href":"https:\/\/lossburg-schoemberg.de\/index.php\/wp-json\/wp\/v2\/pages\/418","targetHints":{"allow":["GET"]}}],"collection":[{"href":"https:\/\/lossburg-schoemberg.de\/index.php\/wp-json\/wp\/v2\/pages"}],"about":[{"href":"https:\/\/lossburg-schoemberg.de\/index.php\/wp-json\/wp\/v2\/types\/page"}],"author":[{"embeddable":true,"href":"https:\/\/lossburg-schoemberg.de\/index.php\/wp-json\/wp\/v2\/users\/1"}],"replies":[{"embeddable":true,"href":"https:\/\/lossburg-schoemberg.de\/index.php\/wp-json\/wp\/v2\/comments?post=418"}],"version-history":[{"count":18,"href":"https:\/\/lossburg-schoemberg.de\/index.php\/wp-json\/wp\/v2\/pages\/418\/revisions"}],"predecessor-version":[{"id":5262,"href":"https:\/\/lossburg-schoemberg.de\/index.php\/wp-json\/wp\/v2\/pages\/418\/revisions\/5262"}],"up":[{"embeddable":true,"href":"https:\/\/lossburg-schoemberg.de\/index.php\/wp-json\/wp\/v2\/pages\/14"}],"wp:featuredmedia":[{"embeddable":true,"href":"https:\/\/lossburg-schoemberg.de\/index.php\/wp-json\/wp\/v2\/media\/3351"}],"wp:attachment":[{"href":"https:\/\/lossburg-schoemberg.de\/index.php\/wp-json\/wp\/v2\/media?parent=418"}],"curies":[{"name":"wp","href":"https:\/\/api.w.org\/{rel}","templated":true}]}}