{"id":333,"date":"2012-07-11T18:38:16","date_gmt":"2012-07-11T16:38:16","guid":{"rendered":"http:\/\/beta.lossburg-schoemberg.de\/?page_id=333"},"modified":"2012-12-29T16:53:00","modified_gmt":"2012-12-29T15:53:00","slug":"beruehmte-buerger","status":"publish","type":"page","link":"https:\/\/lossburg-schoemberg.de\/index.php\/ort\/beruehmte-buerger\/","title":{"rendered":"Ber\u00fchmte B\u00fcrger"},"content":{"rendered":"<table>\n<tbody>\n<tr>\n<td style=\"width: 50%;\"><strong><strong>Professor Dr. Klaus Mehnert<\/strong><\/strong><\/p>\n<p>* am 10. Oktober 1906 in Moskau, \u2020 am 2.Januar 1984 in Freudenstadt<\/p>\n<p>Experte f\u00fcr den fernen Osten, besonders China.<\/p>\n<p>Klaus Mehnert hat jeweils nach seinen Reisen in fast alle Teileder Welt zuerst hier vor seinen Sch\u00f6mberger Mitb\u00fcrgern Vortr\u00e4ge gehalten.<\/p>\n<p>Hier ein Auszug der bekanntesten B\u00fccher:<\/p>\n<ul>\n<li><a href=\"http:\/\/www.gegenstandpunkt.com\/msz\/html\/84\/84_2\/mehnert.htm\">Der Sowjetmensch<\/a>\u00a0(1958, Neuauflage 1981)<\/li>\n<li>Peking und Moskau (1962)<\/li>\n<li>Maos zweite Revolution (1966)<\/li>\n<li><a href=\"http:\/\/de.wikipedia.org\/wiki\/Klaus_Mehnert#Der_deutsche_Standort_und_politische_Auffassungen\">Der deutsche Standort<\/a>\u00a0(1967)<\/li>\n<li>Peking und die Neue Linke &#8211; in China und im Ausland (1969)<\/li>\n<li>China nach dem Sturm (1971)<\/li>\n<li>Moskau und die Neue Linke (1973)<\/li>\n<li>Jugend im Zeitbruch (1976)<\/li>\n<li>Kampf um Maos Erbe (1977)<\/li>\n<li>Maos Erben machens anders (1979)<\/li>\n<li>Ein Deutscher in der Welt, Erinnerungen (1981) (Autobiographie)<\/li>\n<\/ul>\n<\/td>\n<td><a href=\"http:\/\/beta.lossburg-schoemberg.de\/wp-content\/uploads\/2012\/07\/mehnert.jpg\"><img loading=\"lazy\" decoding=\"async\" class=\"size-full wp-image-1362 aligncenter\" alt=\"Mehnert\" src=\"http:\/\/beta.lossburg-schoemberg.de\/wp-content\/uploads\/2012\/07\/mehnert.jpg\" width=\"140\" height=\"200\" \/><\/a><\/p>\n<table>\n<tbody>\n<tr>\n<td><img loading=\"lazy\" decoding=\"async\" class=\"aligncenter  wp-image-1471\" alt=\"Mehnert_derSowjet\" src=\"http:\/\/beta.lossburg-schoemberg.de\/wp-content\/uploads\/2012\/07\/Mehnert_derSowjet.jpg\" width=\"75\" height=\"113\" \/><\/td>\n<td><img loading=\"lazy\" decoding=\"async\" class=\"size-full wp-image-1470 alignleft\" alt=\"Mehnert_derDeutscheSt\" src=\"http:\/\/beta.lossburg-schoemberg.de\/wp-content\/uploads\/2012\/07\/Mehnert_derDeutscheSt.jpg\" width=\"62\" height=\"99\" \/><\/td>\n<td><img loading=\"lazy\" decoding=\"async\" class=\"size-full wp-image-1469 alignleft\" alt=\"Mehnert_einDeutscher_in\" src=\"http:\/\/beta.lossburg-schoemberg.de\/wp-content\/uploads\/2012\/07\/Mehnert_einDeutscher_in.jpg\" width=\"65\" height=\"99\" \/><\/td>\n<td><img loading=\"lazy\" decoding=\"async\" class=\"size-full wp-image-1468 alignleft\" alt=\"Mehnert_China\" src=\"http:\/\/beta.lossburg-schoemberg.de\/wp-content\/uploads\/2012\/07\/Mehnert_China.jpg\" width=\"62\" height=\"99\" \/><\/td>\n<\/tr>\n<\/tbody>\n<\/table>\n<p>&nbsp;<\/p>\n<p>&nbsp;<\/td>\n<\/tr>\n<tr>\n<td><strong>Professor Dr. Ing. Fritz Leonhardt<\/strong><\/p>\n<p>* am 17.07.1909 in Stuttgart, \u2020 am 30.12.1999 in Stuttgart<\/p>\n<p>Bestimmt der bekannteste T\u00fcrme- und Br\u00fcckenbauer in Deutschland.<\/p>\n<p>Er hat viele Jahrzehnte in Sch\u00f6mberg gelebt.<\/p>\n<p>Fritz Leonhardt war nicht nur der Urvater des Fernsehturms in Stuttgart, er hat im Anschluss f\u00fcr viele Fernseht\u00fcrme weltweit die Planung und Statik gemacht.<\/p>\n<p><a href=\"http:\/\/www.lap-consult.com\/\">Fritz Leonhardt<\/a>\u00a0war nicht nur der Urvater des\u00a0<a href=\"http:\/\/www.fernsehturm-stuttgart.com\/\">Fernsehturms in Stuttgart<\/a>, er hat im Anschluss f\u00fcr viele Fernseht\u00fcrme weltweit die Planung und Statik gemacht.<\/p>\n<p>Auch das Dach des\u00a0<a href=\"http:\/\/www.olympiapark-muenchen.de\/index.php?id=olympiapark\">Olympiastadions<\/a>\u00a0in M\u00fcnchen hat Fritz Leonhardt entwickelt.<\/p>\n<p>Weltweit hat er hunderte gro\u00dfe Br\u00fccken gebaut. Auch das Taktschiebeverfahren stammt von ihm.<\/p>\n<p>In Spanien hat er ein Aufwindkraftwerk gebaut.<\/p>\n<p>Der Erhalt des schiefen Turms in Pisa ist ihm auch zu verdanken.<\/td>\n<td><a href=\"http:\/\/beta.lossburg-schoemberg.de\/wp-content\/uploads\/2012\/07\/leonhardt_1.jpg\"><img loading=\"lazy\" decoding=\"async\" class=\"size-full wp-image-1370 alignleft\" alt=\"leonhardt_1\" src=\"http:\/\/beta.lossburg-schoemberg.de\/wp-content\/uploads\/2012\/07\/leonhardt_1.jpg\" width=\"137\" height=\"203\" \/><\/a><a href=\"http:\/\/beta.lossburg-schoemberg.de\/wp-content\/uploads\/2012\/07\/Fernsehturm1.jpg\"><img loading=\"lazy\" decoding=\"async\" class=\" wp-image-1467 alignright\" alt=\"Fernsehturm1\" src=\"http:\/\/beta.lossburg-schoemberg.de\/wp-content\/uploads\/2012\/07\/Fernsehturm1.jpg\" width=\"180\" height=\"360\" srcset=\"https:\/\/lossburg-schoemberg.de\/wp-content\/uploads\/2012\/07\/Fernsehturm1.jpg 200w, https:\/\/lossburg-schoemberg.de\/wp-content\/uploads\/2012\/07\/Fernsehturm1-150x300.jpg 150w\" sizes=\"auto, (max-width: 180px) 100vw, 180px\" \/><\/a><a href=\"http:\/\/beta.lossburg-schoemberg.de\/wp-content\/uploads\/2012\/07\/DusseldorfBrucke.jpg\"><img loading=\"lazy\" decoding=\"async\" class=\"aligncenter size-medium wp-image-1476\" alt=\"Knie-Br\u00fccke, D\u00fcsseldorf, Tyskland\" src=\"http:\/\/beta.lossburg-schoemberg.de\/wp-content\/uploads\/2012\/07\/DusseldorfBrucke-300x225.jpg\" width=\"300\" height=\"225\" srcset=\"https:\/\/lossburg-schoemberg.de\/wp-content\/uploads\/2012\/07\/DusseldorfBrucke-300x225.jpg 300w, https:\/\/lossburg-schoemberg.de\/wp-content\/uploads\/2012\/07\/DusseldorfBrucke.jpg 400w\" sizes=\"auto, (max-width: 300px) 100vw, 300px\" \/><\/a><\/td>\n<\/tr>\n<\/tbody>\n<\/table>\n","protected":false},"excerpt":{"rendered":"<p>Professor Dr. Klaus Mehnert * am 10. Oktober 1906 in Moskau, \u2020 am 2.Januar 1984 in Freudenstadt Experte f\u00fcr den fernen Osten, besonders China. Klaus Mehnert hat jeweils nach seinen Reisen in fast alle Teileder Welt zuerst hier vor seinen Sch\u00f6mberger Mitb\u00fcrgern Vortr\u00e4ge gehalten. Hier ein Auszug der bekanntesten B\u00fccher: Der Sowjetmensch\u00a0(1958, Neuauflage 1981) Peking &hellip; <\/p>\n<p><a class=\"more-link btn\" href=\"https:\/\/lossburg-schoemberg.de\/index.php\/ort\/beruehmte-buerger\/\">Weiterlesen<\/a><\/p>\n","protected":false},"author":1,"featured_media":0,"parent":7,"menu_order":10,"comment_status":"open","ping_status":"closed","template":"","meta":{"footnotes":""},"class_list":["post-333","page","type-page","status-publish","hentry","nodate","item-wrap"],"_links":{"self":[{"href":"https:\/\/lossburg-schoemberg.de\/index.php\/wp-json\/wp\/v2\/pages\/333","targetHints":{"allow":["GET"]}}],"collection":[{"href":"https:\/\/lossburg-schoemberg.de\/index.php\/wp-json\/wp\/v2\/pages"}],"about":[{"href":"https:\/\/lossburg-schoemberg.de\/index.php\/wp-json\/wp\/v2\/types\/page"}],"author":[{"embeddable":true,"href":"https:\/\/lossburg-schoemberg.de\/index.php\/wp-json\/wp\/v2\/users\/1"}],"replies":[{"embeddable":true,"href":"https:\/\/lossburg-schoemberg.de\/index.php\/wp-json\/wp\/v2\/comments?post=333"}],"version-history":[{"count":20,"href":"https:\/\/lossburg-schoemberg.de\/index.php\/wp-json\/wp\/v2\/pages\/333\/revisions"}],"predecessor-version":[{"id":1482,"href":"https:\/\/lossburg-schoemberg.de\/index.php\/wp-json\/wp\/v2\/pages\/333\/revisions\/1482"}],"up":[{"embeddable":true,"href":"https:\/\/lossburg-schoemberg.de\/index.php\/wp-json\/wp\/v2\/pages\/7"}],"wp:attachment":[{"href":"https:\/\/lossburg-schoemberg.de\/index.php\/wp-json\/wp\/v2\/media?parent=333"}],"curies":[{"name":"wp","href":"https:\/\/api.w.org\/{rel}","templated":true}]}}